{"id":196,"date":"2023-11-28T12:43:54","date_gmt":"2023-11-28T15:43:54","guid":{"rendered":"https:\/\/wp.ufpel.edu.br\/prograufaurb\/?page_id=196"},"modified":"2025-12-22T11:13:47","modified_gmt":"2025-12-22T14:13:47","slug":"bolsas","status":"publish","type":"page","link":"https:\/\/wp.ufpel.edu.br\/prograufaurb\/bolsas\/","title":{"rendered":"bolsas"},"content":{"rendered":"<p><span style=\"color: #ff9900;\"><strong>Bolsas de Demanda Social \u2013 CAPES<\/strong><\/span><\/p>\n<p><span style=\"font-weight: 400;\">O PROGRAU possui Bolsas de Demanda Social da CAPES dispon\u00edveis a mestrandos\u00a0 (valor de R$ 2.100,00 mensais, durante 24 meses) e doutorado (valor de R$ 3.100,00 mensais, durante 40 meses). Veja se voc\u00ea \u00e9 eleg\u00edvel acessando os links:<\/span><\/p>\n<p><a href=\"https:\/\/wp.ufpel.edu.br\/prograufaurb\/files\/2023\/12\/Resolucao-PRPPG-sobre-acumulo-de-bolsas-e-atividades-remuneradas.pdf\"><strong><span style=\"color: #ff9900;\">Resolu\u00e7\u00e3o PRPPG sobre ac\u00famulo de bolsas e atividades remuneradas<\/span><\/strong><\/a><\/p>\n<p><strong><span style=\"color: #ff9900;\"><a style=\"color: #ff9900;\" href=\"https:\/\/wp.ufpel.edu.br\/prograufaurb\/files\/2023\/12\/SP0RJa.pdf\">Portaria N\u00ba 76, de 14 de Abril de 2010<\/a><\/span><\/strong><\/p>\n","protected":false},"excerpt":{"rendered":"<p>Bolsas de Demanda Social \u2013 CAPES O PROGRAU possui Bolsas de Demanda Social da CAPES dispon\u00edveis a mestrandos\u00a0 (valor de R$ 2.100,00 mensais, durante 24 meses) e doutorado (valor de R$ 3.100,00 mensais, durante 40 meses). Veja se voc\u00ea \u00e9 eleg\u00edvel acessando os links: Resolu\u00e7\u00e3o PRPPG sobre ac\u00famulo de bolsas e atividades remuneradas Portaria N\u00ba [&hellip;]<\/p>\n","protected":false},"author":1345,"featured_media":0,"parent":0,"menu_order":0,"comment_status":"closed","ping_status":"closed","template":"","meta":{"footnotes":""},"class_list":["post-196","page","type-page","status-publish","hentry"],"_links":{"self":[{"href":"https:\/\/wp.ufpel.edu.br\/prograufaurb\/wp-json\/wp\/v2\/pages\/196","targetHints":{"allow":["GET"]}}],"collection":[{"href":"https:\/\/wp.ufpel.edu.br\/prograufaurb\/wp-json\/wp\/v2\/pages"}],"about":[{"href":"https:\/\/wp.ufpel.edu.br\/prograufaurb\/wp-json\/wp\/v2\/types\/page"}],"author":[{"embeddable":true,"href":"https:\/\/wp.ufpel.edu.br\/prograufaurb\/wp-json\/wp\/v2\/users\/1345"}],"replies":[{"embeddable":true,"href":"https:\/\/wp.ufpel.edu.br\/prograufaurb\/wp-json\/wp\/v2\/comments?post=196"}],"version-history":[{"count":3,"href":"https:\/\/wp.ufpel.edu.br\/prograufaurb\/wp-json\/wp\/v2\/pages\/196\/revisions"}],"predecessor-version":[{"id":3198,"href":"https:\/\/wp.ufpel.edu.br\/prograufaurb\/wp-json\/wp\/v2\/pages\/196\/revisions\/3198"}],"wp:attachment":[{"href":"https:\/\/wp.ufpel.edu.br\/prograufaurb\/wp-json\/wp\/v2\/media?parent=196"}],"curies":[{"name":"wp","href":"https:\/\/api.w.org\/{rel}","templated":true}]}}