{"id":195,"date":"2023-11-28T12:43:54","date_gmt":"2023-11-28T15:43:54","guid":{"rendered":"https:\/\/wp.ufpel.edu.br\/prograufaurb\/?page_id=195"},"modified":"2024-02-16T08:17:19","modified_gmt":"2024-02-16T11:17:19","slug":"aluno-especial","status":"publish","type":"page","link":"https:\/\/wp.ufpel.edu.br\/prograufaurb\/aluno-especial\/","title":{"rendered":"alun@s especiais"},"content":{"rendered":"<p><strong>Conforme o <span style=\"color: #ff9900;\"><a style=\"color: #ff9900;\" href=\"https:\/\/wp.ufpel.edu.br\/prograufaurb\/files\/2023\/12\/SEI_UFPel-2424581-Novo-Regimento-do-PROGRAU-1.pdf\">Novo Regimento do PROGRAU<\/a><\/span>:\u00a0<\/strong><\/p>\n<p class=\"p1\"><b>Art. 28. <\/b>A crit\u00e9rio do Colegiado, e independentemente do processo seletivo regular, poder\u00e3o ser matriculados em disciplinas, alunos emcategoria especial.<\/p>\n<p class=\"p1\">\u00a7 1\u00ba O aluno especial dever\u00e1 ser graduado em curso superior e atender \u00e0s condi\u00e7\u00f5es previstas no Artigo 21;<\/p>\n<p class=\"p1\">\u00a7 2\u00ba Poder\u00e3o ser aceitos pedidos de inscri\u00e7\u00e3o de alunos de cursos de gradua\u00e7\u00e3o da UFPEL em at\u00e9 duas (2) disciplinas do Programa deMestrado, sendo que os cr\u00e9ditos referentes a estas disciplinas s\u00f3 poder\u00e3o ser computados se o aluno, ap\u00f3s a diploma\u00e7\u00e3o, efetivar seu ingresso ao programa eobtiver aprova\u00e7\u00e3o nas mesmas;<\/p>\n<p class=\"p1\">\u00a7 3\u00ba A solicita\u00e7\u00e3o dever\u00e1 ser feita em per\u00edodo pr\u00f3prio, definido pela Coordena\u00e7\u00e3o do Programa, a cada semestre;<\/p>\n<p class=\"p1\">\u00a7 4\u00ba Somente ser\u00e3o aceitos alunos especiais nas disciplinas eletivas. Nesse caso, o n\u00famero de vagas e seu preenchimento ser\u00e3o decididos peloregente, com aprova\u00e7\u00e3o do Colegiado;<\/p>\n<p class=\"p1\">\u00a7 5\u00ba A aceita\u00e7\u00e3o de matr\u00edcula de aluno especial n\u00e3o implica a condi\u00e7\u00e3o de aluno regular do Programa, n\u00e3o d\u00e1 direito \u00e0 integraliza\u00e7\u00e3o decr\u00e9ditos, exame de qualifica\u00e7\u00e3o e apresenta\u00e7\u00e3o de disserta\u00e7\u00e3o de Mestrado;<\/p>\n<p class=\"p1\">\u00a7 6\u00ba O aluno especial fica sujeito aos mesmos deveres dos alunos regulares, previstos neste Regimento.<\/p>\n","protected":false},"excerpt":{"rendered":"<p>Conforme o Novo Regimento do PROGRAU:\u00a0 Art. 28. A crit\u00e9rio do Colegiado, e independentemente do processo seletivo regular, poder\u00e3o ser matriculados em disciplinas, alunos emcategoria especial. \u00a7 1\u00ba O aluno especial dever\u00e1 ser graduado em curso superior e atender \u00e0s condi\u00e7\u00f5es previstas no Artigo 21; \u00a7 2\u00ba Poder\u00e3o ser aceitos pedidos de inscri\u00e7\u00e3o de alunos [&hellip;]<\/p>\n","protected":false},"author":1345,"featured_media":0,"parent":0,"menu_order":0,"comment_status":"closed","ping_status":"closed","template":"","meta":{"footnotes":""},"class_list":["post-195","page","type-page","status-publish","hentry"],"_links":{"self":[{"href":"https:\/\/wp.ufpel.edu.br\/prograufaurb\/wp-json\/wp\/v2\/pages\/195","targetHints":{"allow":["GET"]}}],"collection":[{"href":"https:\/\/wp.ufpel.edu.br\/prograufaurb\/wp-json\/wp\/v2\/pages"}],"about":[{"href":"https:\/\/wp.ufpel.edu.br\/prograufaurb\/wp-json\/wp\/v2\/types\/page"}],"author":[{"embeddable":true,"href":"https:\/\/wp.ufpel.edu.br\/prograufaurb\/wp-json\/wp\/v2\/users\/1345"}],"replies":[{"embeddable":true,"href":"https:\/\/wp.ufpel.edu.br\/prograufaurb\/wp-json\/wp\/v2\/comments?post=195"}],"version-history":[{"count":4,"href":"https:\/\/wp.ufpel.edu.br\/prograufaurb\/wp-json\/wp\/v2\/pages\/195\/revisions"}],"predecessor-version":[{"id":1458,"href":"https:\/\/wp.ufpel.edu.br\/prograufaurb\/wp-json\/wp\/v2\/pages\/195\/revisions\/1458"}],"wp:attachment":[{"href":"https:\/\/wp.ufpel.edu.br\/prograufaurb\/wp-json\/wp\/v2\/media?parent=195"}],"curies":[{"name":"wp","href":"https:\/\/api.w.org\/{rel}","templated":true}]}}