{"id":1882,"date":"2024-09-12T08:24:34","date_gmt":"2024-09-12T11:24:34","guid":{"rendered":"https:\/\/wp.ufpel.edu.br\/prograufaurb\/?page_id=1882"},"modified":"2025-02-26T14:44:49","modified_gmt":"2025-02-26T17:44:49","slug":"selecao-de-aluno-especial-1-2025","status":"publish","type":"page","link":"https:\/\/wp.ufpel.edu.br\/prograufaurb\/selecao-de-aluno-especial-1-2025\/","title":{"rendered":"2025-1\/especial\/mestrado e doutorado"},"content":{"rendered":"<p><img loading=\"lazy\" decoding=\"async\" class=\"alignnone size-medium wp-image-2301 aligncenter\" src=\"https:\/\/wp.ufpel.edu.br\/prograufaurb\/files\/2025\/02\/WhatsApp-Image-2025-02-26-at-11.03.55-320x400.jpeg\" alt=\"\" width=\"320\" height=\"400\" srcset=\"https:\/\/wp.ufpel.edu.br\/prograufaurb\/files\/2025\/02\/WhatsApp-Image-2025-02-26-at-11.03.55-320x400.jpeg 320w, https:\/\/wp.ufpel.edu.br\/prograufaurb\/files\/2025\/02\/WhatsApp-Image-2025-02-26-at-11.03.55-819x1024.jpeg 819w, https:\/\/wp.ufpel.edu.br\/prograufaurb\/files\/2025\/02\/WhatsApp-Image-2025-02-26-at-11.03.55-768x960.jpeg 768w, https:\/\/wp.ufpel.edu.br\/prograufaurb\/files\/2025\/02\/WhatsApp-Image-2025-02-26-at-11.03.55.jpeg 1080w\" sizes=\"auto, (max-width: 320px) 100vw, 320px\" \/><\/p>\n<p style=\"text-align: center;\"><span style=\"color: #ff9900; font-family: arial, helvetica, sans-serif; font-size: 18pt;\"><strong>EDITAL: <a href=\"https:\/\/wp.ufpel.edu.br\/prograufaurb\/files\/2025\/02\/SEI_2963438_Edital_de_selecao_PRPPG_36-1.pdf\" target=\"_blank\" rel=\"noopener\">SEI_2963438_Edital_de_selecao_PRPPG_36<\/a><\/strong><\/span><\/p>\n<p style=\"text-align: center;\"><span style=\"font-size: 18pt;\"><a href=\"https:\/\/wp.ufpel.edu.br\/prograufaurb\/files\/2024\/09\/FORMULARIO-DE-INSCRICAO-ATUALIZADO-1-1-2.doc\" target=\"_blank\" rel=\"noopener\"><span style=\"color: #ff9900; font-family: arial, helvetica, sans-serif;\"><strong>FORMUL\u00c1RIO DE INSCRI\u00c7\u00c3O<\/strong><\/span><\/a><\/span><\/p>\n<p style=\"text-align: center;\"><span style=\"font-size: 18pt;\"><a href=\"https:\/\/wp.ufpel.edu.br\/prograufaurb\/files\/2025\/02\/Ficha-de-Matricula-Aluno-Especial-1.docx\" target=\"_blank\" rel=\"noopener\"><span style=\"color: #ff9900; font-family: arial, helvetica, sans-serif;\"><strong>FORMUL\u00c1RIO DE MATR\u00cdCULA<\/strong><\/span><\/a><\/span><\/p>\n","protected":false},"excerpt":{"rendered":"<p>EDITAL: SEI_2963438_Edital_de_selecao_PRPPG_36 FORMUL\u00c1RIO DE INSCRI\u00c7\u00c3O FORMUL\u00c1RIO DE MATR\u00cdCULA<\/p>\n","protected":false},"author":1345,"featured_media":2301,"parent":0,"menu_order":0,"comment_status":"closed","ping_status":"closed","template":"","meta":{"footnotes":""},"class_list":["post-1882","page","type-page","status-publish","has-post-thumbnail","hentry"],"_links":{"self":[{"href":"https:\/\/wp.ufpel.edu.br\/prograufaurb\/wp-json\/wp\/v2\/pages\/1882","targetHints":{"allow":["GET"]}}],"collection":[{"href":"https:\/\/wp.ufpel.edu.br\/prograufaurb\/wp-json\/wp\/v2\/pages"}],"about":[{"href":"https:\/\/wp.ufpel.edu.br\/prograufaurb\/wp-json\/wp\/v2\/types\/page"}],"author":[{"embeddable":true,"href":"https:\/\/wp.ufpel.edu.br\/prograufaurb\/wp-json\/wp\/v2\/users\/1345"}],"replies":[{"embeddable":true,"href":"https:\/\/wp.ufpel.edu.br\/prograufaurb\/wp-json\/wp\/v2\/comments?post=1882"}],"version-history":[{"count":11,"href":"https:\/\/wp.ufpel.edu.br\/prograufaurb\/wp-json\/wp\/v2\/pages\/1882\/revisions"}],"predecessor-version":[{"id":2310,"href":"https:\/\/wp.ufpel.edu.br\/prograufaurb\/wp-json\/wp\/v2\/pages\/1882\/revisions\/2310"}],"wp:featuredmedia":[{"embeddable":true,"href":"https:\/\/wp.ufpel.edu.br\/prograufaurb\/wp-json\/wp\/v2\/media\/2301"}],"wp:attachment":[{"href":"https:\/\/wp.ufpel.edu.br\/prograufaurb\/wp-json\/wp\/v2\/media?parent=1882"}],"curies":[{"name":"wp","href":"https:\/\/api.w.org\/{rel}","templated":true}]}}