{"id":1767,"date":"2024-07-31T10:20:00","date_gmt":"2024-07-31T13:20:00","guid":{"rendered":"https:\/\/wp.ufpel.edu.br\/prograufaurb\/?page_id=1767"},"modified":"2024-07-31T10:20:00","modified_gmt":"2024-07-31T13:20:00","slug":"edital-no-120-2024-selecao-de-estudante-regular-com-bolsa-cnpq","status":"publish","type":"page","link":"https:\/\/wp.ufpel.edu.br\/prograufaurb\/edital-no-120-2024-selecao-de-estudante-regular-com-bolsa-cnpq\/","title":{"rendered":"EDITAL N\u00ba 120\/2024 SELE\u00c7\u00c3O DE ESTUDANTE REGULAR COM BOLSA CNPQ"},"content":{"rendered":"<p><strong>EDITAL N\u00ba 120\/2024 \u2013 SELE\u00c7\u00c3O DE ALUNO REGULAR COM BOLSA CNPQ \u2013 PROJETO DE PESQUISA INTERDISCIPLINAR \u201cCidade, Mem\u00f3ria e Sustentabilidade\u201d<\/strong><\/p>\n<p><a href=\"https:\/\/wp.ufpel.edu.br\/ppgmp\/files\/2024\/07\/SEI_UFPel-2675814-Edital-de-selecao-PRPPG-PAPIN-Sidney.pdf\">Edital 120\/2024<\/a><\/p>\n<p><a href=\"https:\/\/wp.ufpel.edu.br\/ppgmp\/files\/2024\/07\/FORMULARIO-DE-INSCRICAO-1.doc\">Formul\u00e1rio de inscri\u00e7\u00e3o<\/a><\/p>\n<p><a href=\"https:\/\/wp.ufpel.edu.br\/ppgmp\/files\/2024\/07\/PLANILHA-DE-CURRI%CC%81CULO-ANEXO-I.xlsx\">PLANILHA-ANEXO-I<\/a><\/p>\n<p><a href=\"https:\/\/wp.ufpel.edu.br\/ppgmp\/files\/2024\/07\/Declaracao-de-Etnia-editavel-1.docx\">Declara\u00e7\u00e3o de Etnia<\/a><\/p>\n<p><a href=\"https:\/\/wp.ufpel.edu.br\/ppgmp\/files\/2024\/07\/Autodeclaracao-Deficiencia.docx\">Autodeclara\u00e7\u00e3o de Defici\u00eancia<\/a><\/p>\n<p><a href=\"https:\/\/wp.ufpel.edu.br\/ppgmp\/files\/2024\/07\/Autodeclaracao-de-Identidade-de-Genero.docx\">Autodeclara\u00e7\u00e3o de Identidade de G\u00eanero<\/a><\/p>\n<p><a href=\"https:\/\/wp.ufpel.edu.br\/ppgmp\/files\/2024\/07\/declaracao_vulnerabilidade_economica_pos_graduacao_2023.docx\">Declara\u00e7\u00e3o vulnerabilidade econ\u00f4mica<\/a><\/p>\n<p><a href=\"https:\/\/wp.ufpel.edu.br\/ppgmp\/files\/2024\/07\/Cidade_Memoria_Sustentabilidade_Projeto_Papin_2024.pdf\">Projeto Cidade Mem\u00f3ria Sustentabilidade<\/a><\/p>\n","protected":false},"excerpt":{"rendered":"<p>EDITAL N\u00ba 120\/2024 \u2013 SELE\u00c7\u00c3O DE ALUNO REGULAR COM BOLSA CNPQ \u2013 PROJETO DE PESQUISA INTERDISCIPLINAR \u201cCidade, Mem\u00f3ria e Sustentabilidade\u201d Edital 120\/2024 Formul\u00e1rio de inscri\u00e7\u00e3o PLANILHA-ANEXO-I Declara\u00e7\u00e3o de Etnia Autodeclara\u00e7\u00e3o de Defici\u00eancia Autodeclara\u00e7\u00e3o de Identidade de G\u00eanero Declara\u00e7\u00e3o vulnerabilidade econ\u00f4mica Projeto Cidade Mem\u00f3ria Sustentabilidade<\/p>\n","protected":false},"author":1345,"featured_media":0,"parent":0,"menu_order":0,"comment_status":"closed","ping_status":"closed","template":"","meta":{"footnotes":""},"class_list":["post-1767","page","type-page","status-publish","hentry"],"_links":{"self":[{"href":"https:\/\/wp.ufpel.edu.br\/prograufaurb\/wp-json\/wp\/v2\/pages\/1767","targetHints":{"allow":["GET"]}}],"collection":[{"href":"https:\/\/wp.ufpel.edu.br\/prograufaurb\/wp-json\/wp\/v2\/pages"}],"about":[{"href":"https:\/\/wp.ufpel.edu.br\/prograufaurb\/wp-json\/wp\/v2\/types\/page"}],"author":[{"embeddable":true,"href":"https:\/\/wp.ufpel.edu.br\/prograufaurb\/wp-json\/wp\/v2\/users\/1345"}],"replies":[{"embeddable":true,"href":"https:\/\/wp.ufpel.edu.br\/prograufaurb\/wp-json\/wp\/v2\/comments?post=1767"}],"version-history":[{"count":1,"href":"https:\/\/wp.ufpel.edu.br\/prograufaurb\/wp-json\/wp\/v2\/pages\/1767\/revisions"}],"predecessor-version":[{"id":1769,"href":"https:\/\/wp.ufpel.edu.br\/prograufaurb\/wp-json\/wp\/v2\/pages\/1767\/revisions\/1769"}],"wp:attachment":[{"href":"https:\/\/wp.ufpel.edu.br\/prograufaurb\/wp-json\/wp\/v2\/media?parent=1767"}],"curies":[{"name":"wp","href":"https:\/\/api.w.org\/{rel}","templated":true}]}}