{"id":176,"date":"2023-11-28T12:40:12","date_gmt":"2023-11-28T15:40:12","guid":{"rendered":"https:\/\/wp.ufpel.edu.br\/prograufaurb\/?page_id=176"},"modified":"2023-12-29T14:14:50","modified_gmt":"2023-12-29T17:14:50","slug":"convenios-e-intercambios","status":"publish","type":"page","link":"https:\/\/wp.ufpel.edu.br\/prograufaurb\/convenios-e-intercambios\/","title":{"rendered":"conv\u00eanios e interc\u00e2mbios"},"content":{"rendered":"<p><span style=\"font-family: arial, helvetica, sans-serif; font-size: 12pt; color: #000000;\">Nos \u00faltimos anos, o PROGRAU tem ampliado seus conv\u00eanios e interc\u00e2mbios nacionais e internacionais. A meta para este quadri\u00eanio \u00e9 consolidar e ampliar essas parcerias, com uma \u00eanfase especial nos interc\u00e2mbios nacionais e latino-americanos. Abaixo citamos os principais conv\u00eanios e interc\u00e2mbios realizados:<\/span><\/p>\n<p><span style=\"color: #000000;\"><strong><span style=\"font-family: arial, helvetica, sans-serif; font-size: 12pt;\">Interc\u00e2mbios Internacionais<\/span><\/strong><\/span><\/p>\n<p><span style=\"color: #ff9900;\"><b>Arizona State University (EUA)<\/b><\/span><\/p>\n<p><span style=\"color: #ff9900;\"><b>Heriot-Watt University (Reino Unido)<\/b><\/span><\/p>\n<p><span style=\"color: #ff9900;\"><b>Instituto Superior de Engenharia do Porto<\/b><b> (Portugal)<\/b><\/span><\/p>\n<p><span style=\"color: #ff9900;\"><b>Instituto Tecnol\u00f3gico de Monterrey<\/b><b> (M\u00e9xico)<\/b><\/span><\/p>\n<p><span style=\"color: #ff9900;\"><b>Katholieke Universiteit Leuven <\/b><b>(B\u00e9lgica)<\/b><\/span><\/p>\n<p><span style=\"color: #ff9900;\"><b>Lund University (Su\u00e9cia)<\/b><\/span><\/p>\n<p><span style=\"color: #ff9900;\"><b>Minist\u00e9rio de Energia do Jap\u00e3o (Jap\u00e3o)<\/b><\/span><\/p>\n<p><span style=\"color: #ff9900;\"><b>New Jersey Institute of Technology (EUA)<\/b><\/span><\/p>\n<p><span style=\"color: #ff9900;\"><b>Oxford Brookes University (Reino Unido)<\/b><\/span><\/p>\n<p><span style=\"color: #ff9900;\"><b>Red Universitaria Nacional (Chile)<\/b><\/span><\/p>\n<p><span style=\"color: #ff9900;\"><b>Rede Patrim\u00f4nio Hist\u00f3rico + Cultural Iberoamericano (REDE PHI)<\/b><\/span><\/p>\n<p><span style=\"color: #ff9900;\"><b>SPoly (Finl\u00e2ndia)<\/b><\/span><\/p>\n<p><span style=\"color: #ff9900;\"><strong>Sunshine Coast University (Austr\u00e1lia)<\/strong><\/span><\/p>\n<p><span style=\"color: #ff9900;\"><b>Technische Hochschule W\u00fcrzburg-Schweinfurt (Alemanha)<\/b><\/span><\/p>\n<p><span style=\"color: #ff9900;\"><b>Universidad Cat\u00f3lica Argentina<\/b><b> (Argentina)<\/b><\/span><\/p>\n<p><span style=\"color: #ff9900;\"><b>Universidad Complutense de Madrid (Espanha)<\/b><\/span><\/p>\n<p><span style=\"color: #ff9900;\"><b>Universidad de la Rep\u00fablica (Uruguai)<\/b><\/span><\/p>\n<p><span style=\"color: #ff9900;\"><b>Universidad de Vigo (Espanha)<\/b><\/span><\/p>\n<p><span style=\"color: #ff9900;\"><b>Universidad de Zaragoza (Espanha)<\/b><\/span><\/p>\n<p><span style=\"color: #ff9900;\"><b>Universidad del B\u00edo B\u00edo (Chile)<\/b><\/span><\/p>\n<p><span style=\"color: #ff9900;\"><b>Universidad Nacional de La Patagonia San Juan Bosco (Argentina)<\/b><\/span><\/p>\n<p><span style=\"color: #ff9900;\"><b>Universidad Nacional de San Luis <\/b><b>(Argentina)<\/b><\/span><\/p>\n<p><span style=\"color: #ff9900;\"><b>Universidad Polit\u00e9cnica de Madrid (Espanha)<\/b><\/span><\/p>\n<p><span style=\"color: #ff9900;\"><b>Universidade de Aveiro (Portugal)<\/b><\/span><\/p>\n<p><span style=\"color: #ff9900;\"><b>Universidade de Belgrano<\/b><b> (Argentina)<\/b><\/span><\/p>\n<p><span style=\"color: #ff9900;\"><b>Universidade P\u00fablica de Navarra<\/b><b> (Espanha)<\/b><\/span><\/p>\n<p><span style=\"color: #ff9900;\"><b>Universit\u00e0 degli Studi Roma Tre (Italia)<\/b><\/span><\/p>\n<p><span style=\"color: #ff9900;\"><b>Universitat Polit\u00e8cnica de Catalunya (Espanha)<\/b><\/span><\/p>\n<p><span style=\"color: #ff9900;\"><b>Universit\u00e9 Nice Anthipolis (Fran\u00e7a)<\/b><\/span><\/p>\n<p><span style=\"color: #ff9900;\"><b>University of Calgary (Canad\u00e1)<\/b><\/span><\/p>\n<p><span style=\"color: #ff9900;\"><b>USCS (Bol\u00edvia)<\/b><\/span><\/p>\n<p><span style=\"color: #ff9900;\"><b>USPS (Honduras)<\/b><\/span><\/p>\n<p><b>Interc\u00e2mbios Nacionais<\/b><\/p>\n<p><span style=\"color: #ff9900;\"><b>ELETROBRAS\/FUNPEC<\/b><\/span><\/p>\n<p><span style=\"color: #ff9900;\"><b>Grupo de Estudos Etnogr\u00e1ficos Urbanos<\/b><span style=\"font-weight: 400;\">\u00a0<\/span><\/span><\/p>\n<p><span style=\"color: #ff9900;\"><b>Instituto Federal de Educa\u00e7\u00e3o, Ci\u00eancia e Tecnologia Sul-rio-grandense \u2013 Campus Avan\u00e7ado Jaguar\u00e3o<\/b><\/span><\/p>\n<p><span style=\"color: #ff9900;\"><b>Prefeitura Municipal de Herval\/RS\u00a0<\/b><\/span><\/p>\n<p><span style=\"color: #ff9900;\"><b>Universidade Cat\u00f3lica de Pelotas<\/b><\/span><\/p>\n<p><span style=\"color: #ff9900;\"><b>Universidade de S\u00e3o Paulo<\/b><\/span><\/p>\n<p><span style=\"color: #ff9900;\"><b>Universidade Federal de Bras\u00edlia<\/b><span style=\"font-weight: 400;\">\u00a0<\/span><\/span><\/p>\n<p><span style=\"color: #ff9900;\"><b>Universidade Federal de Minas Gerais\u00a0<\/b><\/span><\/p>\n<p><span style=\"color: #ff9900;\"><b>Universidade Federal de Santa Catarina<\/b><\/span><\/p>\n<p><span style=\"color: #ff9900;\"><b>Universidade Federal do Rio de Janeiro<\/b><\/span><\/p>\n<p><span style=\"color: #ff9900;\"><b>Universidade Federal do Rio Grande<\/b><b>\u00a0<\/b><\/span><\/p>\n<p><span style=\"color: #ff9900;\"><b>Universidade Federal do Rio Grande do Sul<\/b><\/span><\/p>\n<p><span style=\"color: #ff9900;\"><b>Universidade Federal do Sul e Sudeste do Par\u00e1<\/b><\/span><\/p>\n","protected":false},"excerpt":{"rendered":"<p>Nos \u00faltimos anos, o PROGRAU tem ampliado seus conv\u00eanios e interc\u00e2mbios nacionais e internacionais. A meta para este quadri\u00eanio \u00e9 consolidar e ampliar essas parcerias, com uma \u00eanfase especial nos interc\u00e2mbios nacionais e latino-americanos. Abaixo citamos os principais conv\u00eanios e interc\u00e2mbios realizados: Interc\u00e2mbios Internacionais Arizona State University (EUA) Heriot-Watt University (Reino Unido) Instituto Superior de [&hellip;]<\/p>\n","protected":false},"author":1345,"featured_media":0,"parent":0,"menu_order":0,"comment_status":"closed","ping_status":"closed","template":"","meta":{"footnotes":""},"class_list":["post-176","page","type-page","status-publish","hentry"],"_links":{"self":[{"href":"https:\/\/wp.ufpel.edu.br\/prograufaurb\/wp-json\/wp\/v2\/pages\/176","targetHints":{"allow":["GET"]}}],"collection":[{"href":"https:\/\/wp.ufpel.edu.br\/prograufaurb\/wp-json\/wp\/v2\/pages"}],"about":[{"href":"https:\/\/wp.ufpel.edu.br\/prograufaurb\/wp-json\/wp\/v2\/types\/page"}],"author":[{"embeddable":true,"href":"https:\/\/wp.ufpel.edu.br\/prograufaurb\/wp-json\/wp\/v2\/users\/1345"}],"replies":[{"embeddable":true,"href":"https:\/\/wp.ufpel.edu.br\/prograufaurb\/wp-json\/wp\/v2\/comments?post=176"}],"version-history":[{"count":38,"href":"https:\/\/wp.ufpel.edu.br\/prograufaurb\/wp-json\/wp\/v2\/pages\/176\/revisions"}],"predecessor-version":[{"id":1437,"href":"https:\/\/wp.ufpel.edu.br\/prograufaurb\/wp-json\/wp\/v2\/pages\/176\/revisions\/1437"}],"wp:attachment":[{"href":"https:\/\/wp.ufpel.edu.br\/prograufaurb\/wp-json\/wp\/v2\/media?parent=176"}],"curies":[{"name":"wp","href":"https:\/\/api.w.org\/{rel}","templated":true}]}}