{"id":174,"date":"2023-11-28T12:40:12","date_gmt":"2023-11-28T15:40:12","guid":{"rendered":"https:\/\/wp.ufpel.edu.br\/prograufaurb\/?page_id=174"},"modified":"2026-03-04T12:24:08","modified_gmt":"2026-03-04T15:24:08","slug":"regulamentos-e-regimentos","status":"publish","type":"page","link":"https:\/\/wp.ufpel.edu.br\/prograufaurb\/regulamentos-e-regimentos\/","title":{"rendered":"regulamentos e regimentos"},"content":{"rendered":"<table style=\"border-collapse: collapse; width: 100%;\" border=\"0\">\n<tbody>\n<tr>\n<td style=\"width: 100%;\">\n<p><a href=\"https:\/\/wp.ufpel.edu.br\/prograufaurb\/files\/2026\/03\/Regimento-PROGRAU_2026.pdf\"><span style=\"font-family: arial, helvetica, sans-serif;\"><span style=\"font-size: 12pt; color: #ff9900;\"><strong>NOVO Regimento do PROGRAU [MESTRADO+DOUTORADO]<\/strong><\/span><\/span><\/a><\/p>\n<p><span style=\"font-family: arial, helvetica, sans-serif; font-size: 12pt;\">V\u00e1lido para ingressantes a partir de 2026.<\/span><\/p>\n<p>&nbsp;<\/p>\n<p><a href=\"https:\/\/wp.ufpel.edu.br\/prograufaurb\/files\/2024\/04\/Regimento-PROGRAU-1.pdf\" target=\"_blank\" rel=\"noopener\"><span style=\"font-family: arial, helvetica, sans-serif;\"><span style=\"font-size: 12pt; color: #ff9900;\"><strong>Regimento do PROGRAU [MESTRADO+DOUTORADO]<\/strong><\/span><\/span><\/a><\/p>\n<p><span style=\"font-family: arial, helvetica, sans-serif; font-size: 12pt;\">V\u00e1lido para ingressantes a partir de 2024.<\/span><\/td>\n<\/tr>\n<tr>\n<td style=\"width: 100%;\"><\/td>\n<\/tr>\n<tr>\n<td style=\"width: 100%;\">\n<p><span style=\"color: #ff9900; font-size: 14pt;\"><strong><span style=\"font-family: arial, helvetica, sans-serif;\"><a style=\"color: #ff9900;\" href=\"https:\/\/wp.ufpel.edu.br\/prograufaurb\/files\/2024\/08\/Regimento-Mestrado_V_Final-2019.pdf\" target=\"_blank\" rel=\"noopener\">Regimento PROGRAU 2019<\/a><\/span><\/strong><\/span><\/p>\n<p><span style=\"font-family: arial, helvetica, sans-serif; font-size: 12pt;\">V\u00e1lido para alunos que ingressaram at\u00e9 2023.<\/span><\/td>\n<\/tr>\n<tr>\n<td style=\"width: 100%;\"><\/td>\n<\/tr>\n<tr>\n<td style=\"width: 100%;\"><span style=\"color: #ff9900;\"><a style=\"color: #ff9900;\" href=\"https:\/\/wp.ufpel.edu.br\/prppg\/files\/2025\/02\/Resolucao-no89-2024.-Novo-Regimento-da-Pos-Graduacao.pdf\"><span style=\"font-family: arial, helvetica, sans-serif; font-size: 12pt;\"><b>Regimento Geral dos Cursos de P\u00f3s-Gradua\u00e7\u00e3o <em>Stricto Sensu<\/em> da <\/b><b>UFPel<\/b><\/span><\/a><\/span><\/p>\n<p class=\"p1\"><span style=\"font-family: arial, helvetica, sans-serif; font-size: 12pt;\">Aprovado pelo COCEPE em 12\/12\/2024.<\/span><\/p>\n<\/td>\n<\/tr>\n<tr>\n<td style=\"width: 100%;\"><\/td>\n<\/tr>\n<\/tbody>\n<\/table>\n<p class=\"p1\">\n","protected":false},"excerpt":{"rendered":"<p>NOVO Regimento do PROGRAU [MESTRADO+DOUTORADO] V\u00e1lido para ingressantes a partir de 2026. &nbsp; Regimento do PROGRAU [MESTRADO+DOUTORADO] V\u00e1lido para ingressantes a partir de 2024. Regimento PROGRAU 2019 V\u00e1lido para alunos que ingressaram at\u00e9 2023. Regimento Geral dos Cursos de P\u00f3s-Gradua\u00e7\u00e3o Stricto Sensu da UFPel Aprovado pelo COCEPE em 12\/12\/2024.<\/p>\n","protected":false},"author":1345,"featured_media":0,"parent":0,"menu_order":0,"comment_status":"closed","ping_status":"closed","template":"","meta":{"footnotes":""},"class_list":["post-174","page","type-page","status-publish","hentry"],"_links":{"self":[{"href":"https:\/\/wp.ufpel.edu.br\/prograufaurb\/wp-json\/wp\/v2\/pages\/174","targetHints":{"allow":["GET"]}}],"collection":[{"href":"https:\/\/wp.ufpel.edu.br\/prograufaurb\/wp-json\/wp\/v2\/pages"}],"about":[{"href":"https:\/\/wp.ufpel.edu.br\/prograufaurb\/wp-json\/wp\/v2\/types\/page"}],"author":[{"embeddable":true,"href":"https:\/\/wp.ufpel.edu.br\/prograufaurb\/wp-json\/wp\/v2\/users\/1345"}],"replies":[{"embeddable":true,"href":"https:\/\/wp.ufpel.edu.br\/prograufaurb\/wp-json\/wp\/v2\/comments?post=174"}],"version-history":[{"count":4,"href":"https:\/\/wp.ufpel.edu.br\/prograufaurb\/wp-json\/wp\/v2\/pages\/174\/revisions"}],"predecessor-version":[{"id":3351,"href":"https:\/\/wp.ufpel.edu.br\/prograufaurb\/wp-json\/wp\/v2\/pages\/174\/revisions\/3351"}],"wp:attachment":[{"href":"https:\/\/wp.ufpel.edu.br\/prograufaurb\/wp-json\/wp\/v2\/media?parent=174"}],"curies":[{"name":"wp","href":"https:\/\/api.w.org\/{rel}","templated":true}]}}