{"id":163,"date":"2023-11-28T12:36:13","date_gmt":"2023-11-28T15:36:13","guid":{"rendered":"https:\/\/wp.ufpel.edu.br\/prograufaurb\/?page_id=163"},"modified":"2024-04-29T15:41:40","modified_gmt":"2024-04-29T18:41:40","slug":"biblioteca","status":"publish","type":"page","link":"https:\/\/wp.ufpel.edu.br\/prograufaurb\/biblioteca\/","title":{"rendered":"biblioteca"},"content":{"rendered":"<table style=\"border-collapse: collapse; width: 100%;\" border=\"0\">\n<tbody>\n<tr>\n<td style=\"width: 100%;\">\n<h4 style=\"text-align: left;\"><span style=\"font-size: 12pt;\"><a href=\"https:\/\/pergamum.ufpel.edu.br\/\"><img loading=\"lazy\" decoding=\"async\" class=\"alignnone wp-image-580\" src=\"https:\/\/wp.ufpel.edu.br\/prograufaurb\/files\/2023\/12\/35-400x400.jpg\" alt=\"\" width=\"160\" height=\"160\" srcset=\"https:\/\/wp.ufpel.edu.br\/prograufaurb\/files\/2023\/12\/35-400x400.jpg 400w, https:\/\/wp.ufpel.edu.br\/prograufaurb\/files\/2023\/12\/35-1024x1024.jpg 1024w, https:\/\/wp.ufpel.edu.br\/prograufaurb\/files\/2023\/12\/35-200x200.jpg 200w, https:\/\/wp.ufpel.edu.br\/prograufaurb\/files\/2023\/12\/35-768x768.jpg 768w, https:\/\/wp.ufpel.edu.br\/prograufaurb\/files\/2023\/12\/35-600x600.jpg 600w, https:\/\/wp.ufpel.edu.br\/prograufaurb\/files\/2023\/12\/35-150x150.jpg 150w, https:\/\/wp.ufpel.edu.br\/prograufaurb\/files\/2023\/12\/35.jpg 1080w\" sizes=\"auto, (max-width: 160px) 100vw, 160px\" \/><\/a><\/span><\/h4>\n<\/td>\n<\/tr>\n<tr>\n<td style=\"width: 100%;\">\n<h3><a href=\"https:\/\/pergamum.ufpel.edu.br\/\"><span style=\"font-family: arial, helvetica, sans-serif; font-size: 14pt; color: #ff9900;\"><strong>Pergamum<\/strong><\/span><\/a><\/h3>\n<\/td>\n<\/tr>\n<tr>\n<td style=\"width: 100%;\">\n<p><span style=\"font-family: arial, helvetica, sans-serif; font-size: 12pt; color: #000000;\">Pesquisa geral no acervo de bibliotecas da UFPel.<\/span><\/p>\n<p>&nbsp;<\/td>\n<\/tr>\n<tr>\n<td style=\"width: 100%;\"><\/td>\n<\/tr>\n<tr>\n<td style=\"width: 100%;\"><span style=\"font-family: arial, helvetica, sans-serif; font-size: 12pt; color: #000000;\"><a href=\"https:\/\/guaiaca.ufpel.edu.br\/\"><img loading=\"lazy\" decoding=\"async\" class=\"alignnone wp-image-581\" src=\"https:\/\/wp.ufpel.edu.br\/prograufaurb\/files\/2023\/12\/36-400x400.jpg\" alt=\"\" width=\"160\" height=\"160\" srcset=\"https:\/\/wp.ufpel.edu.br\/prograufaurb\/files\/2023\/12\/36-400x400.jpg 400w, https:\/\/wp.ufpel.edu.br\/prograufaurb\/files\/2023\/12\/36-1024x1024.jpg 1024w, https:\/\/wp.ufpel.edu.br\/prograufaurb\/files\/2023\/12\/36-200x200.jpg 200w, https:\/\/wp.ufpel.edu.br\/prograufaurb\/files\/2023\/12\/36-768x768.jpg 768w, https:\/\/wp.ufpel.edu.br\/prograufaurb\/files\/2023\/12\/36-600x600.jpg 600w, https:\/\/wp.ufpel.edu.br\/prograufaurb\/files\/2023\/12\/36-150x150.jpg 150w, https:\/\/wp.ufpel.edu.br\/prograufaurb\/files\/2023\/12\/36.jpg 1080w\" sizes=\"auto, (max-width: 160px) 100vw, 160px\" \/><\/a><\/span><\/td>\n<\/tr>\n<tr>\n<td style=\"width: 100%;\">\n<h3><span style=\"color: #ff9900;\"><a style=\"color: #ff9900;\" href=\"https:\/\/guaiaca.ufpel.edu.br\/\"><span style=\"font-size: 12pt;\"><span style=\"font-family: arial, helvetica, sans-serif; font-size: 14pt;\"><strong>Guaiaca<\/strong><\/span><\/span><\/a><\/span><\/h3>\n<\/td>\n<\/tr>\n<tr>\n<td style=\"width: 100%;\"><span style=\"font-family: arial, helvetica, sans-serif; font-size: 12pt; color: #000000;\">O Reposit\u00f3rio Institucional da UFPel (Guaiaca) \u00e9 utilizado para o registro e a dissemina\u00e7\u00e3o da produ\u00e7\u00e3o cient\u00edfica formal realizada no \u00e2mbito da Universidade por sua comunidade cient\u00edfica institucional. Nele s\u00e3o depositados os seguintes tipos de materiais, avaliados por pares: artigos de peri\u00f3dicos, livros e cap\u00edtulos, disserta\u00e7\u00f5es, teses e trabalhos apresentados em evento.<\/span><\/td>\n<\/tr>\n<\/tbody>\n<\/table>\n<p>&nbsp;<\/p>\n","protected":false},"excerpt":{"rendered":"<p>Pergamum Pesquisa geral no acervo de bibliotecas da UFPel. &nbsp; Guaiaca O Reposit\u00f3rio Institucional da UFPel (Guaiaca) \u00e9 utilizado para o registro e a dissemina\u00e7\u00e3o da produ\u00e7\u00e3o cient\u00edfica formal realizada no \u00e2mbito da Universidade por sua comunidade cient\u00edfica institucional. Nele s\u00e3o depositados os seguintes tipos de materiais, avaliados por pares: artigos de peri\u00f3dicos, livros e [&hellip;]<\/p>\n","protected":false},"author":1345,"featured_media":0,"parent":0,"menu_order":0,"comment_status":"closed","ping_status":"closed","template":"","meta":{"footnotes":""},"class_list":["post-163","page","type-page","status-publish","hentry"],"_links":{"self":[{"href":"https:\/\/wp.ufpel.edu.br\/prograufaurb\/wp-json\/wp\/v2\/pages\/163","targetHints":{"allow":["GET"]}}],"collection":[{"href":"https:\/\/wp.ufpel.edu.br\/prograufaurb\/wp-json\/wp\/v2\/pages"}],"about":[{"href":"https:\/\/wp.ufpel.edu.br\/prograufaurb\/wp-json\/wp\/v2\/types\/page"}],"author":[{"embeddable":true,"href":"https:\/\/wp.ufpel.edu.br\/prograufaurb\/wp-json\/wp\/v2\/users\/1345"}],"replies":[{"embeddable":true,"href":"https:\/\/wp.ufpel.edu.br\/prograufaurb\/wp-json\/wp\/v2\/comments?post=163"}],"version-history":[{"count":14,"href":"https:\/\/wp.ufpel.edu.br\/prograufaurb\/wp-json\/wp\/v2\/pages\/163\/revisions"}],"predecessor-version":[{"id":1617,"href":"https:\/\/wp.ufpel.edu.br\/prograufaurb\/wp-json\/wp\/v2\/pages\/163\/revisions\/1617"}],"wp:attachment":[{"href":"https:\/\/wp.ufpel.edu.br\/prograufaurb\/wp-json\/wp\/v2\/media?parent=163"}],"curies":[{"name":"wp","href":"https:\/\/api.w.org\/{rel}","templated":true}]}}