{"id":1627,"date":"2024-05-02T11:18:41","date_gmt":"2024-05-02T14:18:41","guid":{"rendered":"https:\/\/wp.ufpel.edu.br\/prograufaurb\/?page_id=1627"},"modified":"2024-06-18T08:50:40","modified_gmt":"2024-06-18T11:50:40","slug":"2024-regular-doutorado","status":"publish","type":"page","link":"https:\/\/wp.ufpel.edu.br\/prograufaurb\/2024-regular-doutorado\/","title":{"rendered":"2024\/regular\/doutorado"},"content":{"rendered":"<p>As inscri\u00e7\u00f5es para sele\u00e7\u00e3o de alunos regulares para o <strong><span style=\"color: #ff9900;\">doutorado<\/span><\/strong> do PROGRAU estar\u00e3o abertas de <span style=\"color: #ff9900;\"><strong>29 de maio \u00e0 26 de julho de 2024<\/strong><\/span>.<\/p>\n<p>O Programa disponibiliza 12 vagas, distribu\u00eddas por linhas de pesquisa.<\/p>\n<p><span style=\"color: #ff9900; font-size: 14pt;\"><strong><a style=\"color: #ff9900;\" href=\"https:\/\/wp.ufpel.edu.br\/prograufaurb\/files\/2024\/05\/Edital-Doutorado-PROGRAU.pdf\">Para acessar o Edital clique aqui<\/a><\/strong><\/span><\/p>\n<p><span style=\"font-size: 14pt;\"><a href=\"https:\/\/wp.ufpel.edu.br\/prograufaurb\/files\/2024\/06\/Edital-de-Retificac\u0327a\u0303o-PRPPG-Doutorado-Prograu-2024.pdf\"><span style=\"color: #ff9900;\"><strong>Edital de Retifica\u00e7\u00e3o N\u00ba 16\/2024<\/strong><\/span><\/a><\/span><\/p>\n<p><a href=\"https:\/\/wp.ufpel.edu.br\/prograufaurb\/files\/2024\/05\/FORMULARIO-DE-INSCRICAO_doutorado-1.doc\"><strong>Formul\u00e1rio de Inscri\u00e7\u00e3o<\/strong><\/a><\/p>\n<p><a href=\"https:\/\/wp.ufpel.edu.br\/prograufaurb\/files\/2024\/04\/ANEXO-A.pdf\"><strong>Anexo A<\/strong><\/a><\/p>\n<p><strong><a href=\"https:\/\/wp.ufpel.edu.br\/prograu\/files\/2022\/12\/Declaracao-de-Etnia-Pos-Graduacao.pdf\" target=\"_blank\" rel=\"noopener\">Autodeclara\u00e7\u00e3o de Etnia<\/a><\/strong><\/p>\n<p><strong><a href=\"https:\/\/wp.ufpel.edu.br\/prograu\/files\/2022\/12\/Autodeclaracao_de_Identidade_de_Genero.pdf\" target=\"_blank\" rel=\"noopener\">Autodeclara\u00e7\u00e3o de Identidade de G\u00eanero<\/a><\/strong><\/p>\n<p><em>O FORMUL\u00c1RIO DE INSCRI\u00c7\u00c3O E OS DEMAIS DOCUMENTOS DEVEM SER ENVIADOS PARA O E-MAIL:<\/em><\/p>\n<p class=\"p1\"><span class=\"s1\" style=\"color: #ff9900;\"><a style=\"color: #ff9900;\" href=\"mailto:selecaoprograudoutorado@gmail.com\"><b>selecaoprograudoutorado@gmail.com<\/b><\/a><\/span><\/p>\n","protected":false},"excerpt":{"rendered":"<p>As inscri\u00e7\u00f5es para sele\u00e7\u00e3o de alunos regulares para o doutorado do PROGRAU estar\u00e3o abertas de 29 de maio \u00e0 26 de julho de 2024. O Programa disponibiliza 12 vagas, distribu\u00eddas por linhas de pesquisa. Para acessar o Edital clique aqui Edital de Retifica\u00e7\u00e3o N\u00ba 16\/2024 Formul\u00e1rio de Inscri\u00e7\u00e3o Anexo A Autodeclara\u00e7\u00e3o de Etnia Autodeclara\u00e7\u00e3o de [&hellip;]<\/p>\n","protected":false},"author":1345,"featured_media":0,"parent":0,"menu_order":0,"comment_status":"closed","ping_status":"closed","template":"","meta":{"footnotes":""},"class_list":["post-1627","page","type-page","status-publish","hentry"],"_links":{"self":[{"href":"https:\/\/wp.ufpel.edu.br\/prograufaurb\/wp-json\/wp\/v2\/pages\/1627","targetHints":{"allow":["GET"]}}],"collection":[{"href":"https:\/\/wp.ufpel.edu.br\/prograufaurb\/wp-json\/wp\/v2\/pages"}],"about":[{"href":"https:\/\/wp.ufpel.edu.br\/prograufaurb\/wp-json\/wp\/v2\/types\/page"}],"author":[{"embeddable":true,"href":"https:\/\/wp.ufpel.edu.br\/prograufaurb\/wp-json\/wp\/v2\/users\/1345"}],"replies":[{"embeddable":true,"href":"https:\/\/wp.ufpel.edu.br\/prograufaurb\/wp-json\/wp\/v2\/comments?post=1627"}],"version-history":[{"count":19,"href":"https:\/\/wp.ufpel.edu.br\/prograufaurb\/wp-json\/wp\/v2\/pages\/1627\/revisions"}],"predecessor-version":[{"id":1746,"href":"https:\/\/wp.ufpel.edu.br\/prograufaurb\/wp-json\/wp\/v2\/pages\/1627\/revisions\/1746"}],"wp:attachment":[{"href":"https:\/\/wp.ufpel.edu.br\/prograufaurb\/wp-json\/wp\/v2\/media?parent=1627"}],"curies":[{"name":"wp","href":"https:\/\/api.w.org\/{rel}","templated":true}]}}