{"id":160,"date":"2023-11-28T12:36:13","date_gmt":"2023-11-28T15:36:13","guid":{"rendered":"https:\/\/wp.ufpel.edu.br\/prograufaurb\/?page_id=160"},"modified":"2025-07-11T09:49:54","modified_gmt":"2025-07-11T12:49:54","slug":"autoavaliacao","status":"publish","type":"page","link":"https:\/\/wp.ufpel.edu.br\/prograufaurb\/autoavaliacao\/","title":{"rendered":"autoavalia\u00e7\u00e3o"},"content":{"rendered":"<p><span style=\"font-family: arial, helvetica, sans-serif;\"><span style=\"color: #ff9900;\"><strong>1. M\u00e9todo<\/strong><\/span> (t\u00e9cnicas, instrumentos, formas de an\u00e1lise, frequ\u00eancia de coleta de dados)<\/span><\/p>\n<p><span style=\"font-family: arial, helvetica, sans-serif;\">A fim de auxiliar o desenvolvimento do processo de autoavalia\u00e7\u00e3o, foi desenvolvida pela Comiss\u00e3o de Autoavalia\u00e7\u00e3o a \u201cFerramenta PROGRAU para Autoavalia\u00e7\u00e3o &#8211; \u00c1rea de Arquitetura, Urbanismo e Design\u201d, baseada na ficha de avalia\u00e7\u00e3o da CAPES &#8211; que se estrutura nos campos PROGRAMA, FORMA\u00c7\u00c3O, IMPACTO NA SOCIEDADE.<\/span><\/p>\n<p><span style=\"font-family: arial, helvetica, sans-serif;\">Essa ferramenta \u00e9 composta por uma tabela geral com as seguintes colunas: Itens de avalia\u00e7\u00e3o, Indicadores de avalia\u00e7\u00e3o, Fonte\/Ferramentas\/Instrumentos (para coleta de dados), Indicadores de desempenho, Resultados e Par\u00e2metros de avalia\u00e7\u00e3o. Complementando a Ferramenta h\u00e1 uma s\u00e9rie de planilhas de organiza\u00e7\u00e3o dos dados coletados <span style=\"color: #ff9900;\"><strong>projeto de autoavalia\u00e7\u00e3o (2021-2023).<\/strong><\/span><\/span><\/p>\n<p><span style=\"font-family: arial, helvetica, sans-serif; color: #ff9900;\"><strong>2. Apresenta\u00e7\u00e3o <\/strong><\/span><\/p>\n<p><span style=\"font-family: arial, helvetica, sans-serif;\">O processo de autoavalia\u00e7\u00e3o do PROGRAU constitui-se como um processo participativo que envolve toda a comunidade acad\u00eamica &#8211; docentes, discentes e funcion\u00e1rios T\u00e9cnico-Administrativos &#8211; assim como os egressos do Programa.<\/span><\/p>\n<p><span style=\"font-family: arial, helvetica, sans-serif;\">\u00c9 proposto um diagn\u00f3stico geral do Programa com fins de consolida\u00e7\u00e3o e incremento de melhorias para responder \u00e0s expectativas em rela\u00e7\u00e3o ao futuro (Vis\u00e3o), seguindo os princ\u00edpios norteadores e compromissos assumidos pelo PROGRAU, que representam as convic\u00e7\u00f5es, a conduta e o comportamento dominante dos seus integrantes (Valores).<\/span><\/p>\n<p><span style=\"font-family: arial, helvetica, sans-serif;\">Alinha-se \u00e0s diretrizes definidas pelo planejamento da Universidade Federal de Pelotas atrav\u00e9s de seu Plano de Desenvolvimento Institucional (PDI 2022-2026) <span style=\"color: #ff9900;\">(<a style=\"color: #ff9900;\" href=\"https:\/\/wp.ufpel.edu.br\/planejamentoufpel\/files\/2022\/06\/PDI-c-Art-21-diag.pdf\">https:\/\/wp.ufpel.edu.br\/planejamentoufpel\/files\/2022\/06\/PDI-c-Art-21-diag.pdf<\/a>).<\/span><\/span><\/p>\n<p><span style=\"font-family: arial, helvetica, sans-serif;\">Do <span style=\"color: #ff9900;\"><strong>Plano de Desenvolvimento Institucional<\/strong><\/span> s\u00e3o incorporados os objetivos b\u00e1sicos ligados \u00e0 p\u00f3s-gradua\u00e7\u00e3o: incrementar e institucionalizar pol\u00edticas de integra\u00e7\u00e3o e interc\u00e2mbio com outras universidades e organiza\u00e7\u00f5es; consolidar as pol\u00edticas de internacionaliza\u00e7\u00e3o na UFPel; valorizar a produ\u00e7\u00e3o e a difus\u00e3o cultural e art\u00edstica; intensificar as rela\u00e7\u00f5es entre a universidade e a sociedade, produzir e disseminar conhecimentos culturais cient\u00edficos e tecnol\u00f3gicos; desenvolver a\u00e7\u00f5es continuadas de qualifica\u00e7\u00e3o dos servidores e expandir a Po\u0301s-Graduac\u0327a\u0303o.<\/span><\/p>\n<p><span style=\"font-family: arial, helvetica, sans-serif;\">A constru\u00e7\u00e3o deste Projeto de Autoavalia\u00e7\u00e3o diz respeito ao primeiro item \u2013 PREPARA\u00c7\u00c3O -, no contexto das defini\u00e7\u00f5es presentes no Documento de Autoavalia\u00e7\u00e3o da DAV\/CAPES, a saber: prepara\u00e7\u00e3o, implementa\u00e7\u00e3o, divulga\u00e7\u00e3o, uso dos resultados\u00a0 e meta-avalia\u00e7\u00e3o.<\/span><\/p>\n<p><span style=\"font-family: arial, helvetica, sans-serif;\">A pol\u00edtica de autoavalia\u00e7\u00e3o com a identifica\u00e7\u00e3o dos princ\u00edpios norteadores e a defini\u00e7\u00e3o, constru\u00e7\u00e3o e compreens\u00e3o do conceito de \u201cqualidade\u201d do PROGRAU ter\u00e1 como base a sua <span style=\"color: #ff9900;\"><strong>Miss\u00e3o<\/strong><a style=\"color: #ff9900;\" href=\"#_ftn1\" name=\"_ftnref1\"><sup>[1]<\/sup><\/a><\/span> que enfatiza: 1) Identidade e impacto regional \u2013 a partir das tem\u00e1ticas estruturais como patrim\u00f4nio e paisagem cultural, rela\u00e7\u00f5es cidade sociedade, qualidade do ambiente constru\u00eddo,\u00a0 inova\u00e7\u00e3o e desenvolvimento tecnol\u00f3gico; 2) Meio ambiente e planejamento sustent\u00e1vel; 3) A\u00e7\u00f5es extensionistas e processos participativos; 4) Integra\u00e7\u00e3o com outras disciplinas (interdisciplinaridade), entre as linhas de pesquisa (inter-\u00e1reas) e entre os n\u00edveis acad\u00eamicos (gradua\u00e7\u00e3o e p\u00f3s-gradua\u00e7\u00e3o); 5) Coopera\u00e7\u00e3o acad\u00eamica nacional e internacional; e 6) Aprimoramento de gest\u00e3o geral do Programa.<\/span><\/p>\n<p><span style=\"font-family: arial, helvetica, sans-serif;\">O processo de autoavalia\u00e7\u00e3o do Programa ser\u00e1 constitu\u00eddo de<span style=\"color: #ff9900;\"><strong> 2 (duas) etapas:<\/strong><\/span><\/span><\/p>\n<p><span style=\"font-family: arial, helvetica, sans-serif;\">&#8211; a primeira, elaborada pelo grupo respons\u00e1vel pela autoavalia\u00e7\u00e3o<u>,<\/u> toma como refer\u00eancia o quadro geral de avalia\u00e7\u00e3o da \u00e1rea de AUD da CAPES, assim como os resultados que o Programa vem obtendo nas avalia\u00e7\u00f5es quadrienais, e observa os aspectos peculiares ao programa.<\/span><\/p>\n<p><span style=\"font-family: arial, helvetica, sans-serif;\">&#8211; a segunda, desenvolvida pelo grande grupo (comunidade PROGRAU) interpreta, aprofunda e amplia os resultados da primeira etapa. A segunda etapa tem um car\u00e1ter mais participativo e de referendum.<\/span><\/p>\n<p><span style=\"font-family: arial, helvetica, sans-serif; color: #ff9900;\"><strong>3. Objetivos<\/strong><\/span><\/p>\n<p><span style=\"font-family: arial, helvetica, sans-serif; color: #ff9900;\"><u>Objetivo Geral <\/u><\/span><\/p>\n<p><span style=\"font-family: arial, helvetica, sans-serif;\">Implementar o processo de autoavalia\u00e7\u00e3o participativo no PROGRAU como um modo de identificar as Oportunidades, Fraquezas, Amea\u00e7as e fortalezas (FOFA), possibilitando a melhoria da qualidade acad\u00eamica e o efetivo desenvolvimento do Programa a partir da coer\u00eancia entre pr\u00e1ticas realizadas e sua Miss\u00e3o.<\/span><\/p>\n<p><span style=\"font-family: arial, helvetica, sans-serif; color: #ff9900;\"><u>Objetivos espec\u00edficos<\/u><\/span><\/p>\n<ol>\n<li><span style=\"font-family: arial, helvetica, sans-serif;\">Disseminar no PROGRAU a cultura de autoavalia\u00e7\u00e3o e seu car\u00e1ter pedag\u00f3gico;<\/span><\/li>\n<li><span style=\"font-family: arial, helvetica, sans-serif;\">Subsidiar os processos de desenvolvimento, reflex\u00e3o e revis\u00e3o do Planejamento Estrat\u00e9gico do PROGRAU;<\/span><\/li>\n<li><span style=\"font-family: arial, helvetica, sans-serif;\">Estruturar e formalizar os processos de circula\u00e7\u00e3o das informa\u00e7\u00f5es relativas a\u0300 autoavalia\u00e7\u00e3o entre os sujeitos envolvidos;<\/span><\/li>\n<li><span style=\"font-family: arial, helvetica, sans-serif;\">Criar e adaptar metodologias, instrumentos, indicadores e padr\u00f5es para utiliza\u00e7\u00e3o nos processos de avalia\u00e7\u00e3o interna;<\/span><\/li>\n<li><span style=\"font-family: arial, helvetica, sans-serif;\">Obter e organizar efetivamente as informa\u00e7\u00f5es e dados espec\u00edficos necess\u00e1rios ao desenvolvimento da avalia\u00e7\u00e3o;<\/span><\/li>\n<li><span style=\"font-family: arial, helvetica, sans-serif;\">Contribuir para a efetiva melhoria das atividades de ensino, pesquisa e extens\u00e3o, bem como para aquelas que lhes d\u00e3o suporte;<\/span><\/li>\n<li><span style=\"font-family: arial, helvetica, sans-serif;\">Elaborar relat\u00f3rios com base nas informa\u00e7\u00f5es e dados levantados e nas a\u00e7\u00f5es decorrentes, disponibilizando-os ao Programa e a\u0300 sociedade\/comunidade como um todo.<\/span><\/li>\n<\/ol>\n<p><span style=\"font-family: arial, helvetica, sans-serif; color: #ff9900;\"><strong>4. Estrat\u00e9gias<\/strong><\/span><\/p>\n<ol>\n<li><span style=\"font-family: arial, helvetica, sans-serif;\">a) Desenvolvimento do Projeto de Avalia\u00e7\u00e3o;<\/span><\/li>\n<li><span style=\"font-family: arial, helvetica, sans-serif;\">\u00a0b)\u00a0 Apresenta\u00e7\u00e3o\/Aprova\u00e7\u00e3o do Projeto de Avalia\u00e7\u00e3o no Colegiado;<\/span><\/li>\n<li><span style=\"font-family: arial, helvetica, sans-serif;\">\u00a0c)\u00a0 Exposi\u00e7\u00e3o e discuss\u00e3o com a comunidade acad\u00eamica;<\/span><\/li>\n<li><span style=\"font-family: arial, helvetica, sans-serif;\">d) Coleta de dados: trabalho com base em 3 grupos tem\u00e1ticos (Programa, Forma\u00e7\u00e3o e\u00a0\u00a0\u00a0\u00a0\u00a0\u00a0 Impacto na Sociedade). Cada grupo formado por 1 professor e 4 a 5 bolsistas.<\/span><\/li>\n<li><span style=\"font-family: arial, helvetica, sans-serif;\">e) Reuni\u00f5es ampliadas de apresenta\u00e7\u00e3o e an\u00e1lise e discuss\u00e3o dos resultados, envolvendo toda a comunidade do PROGRAU.<\/span><\/li>\n<li><span style=\"font-family: arial, helvetica, sans-serif;\">f) Desenvolvimento e aplica\u00e7\u00e3o de metodologias de participa\u00e7\u00e3o para an\u00e1lise e diagn\u00f3stico de indicadores mais ampliados<\/span>: <span style=\"font-family: arial, helvetica, sans-serif;\">Corpo docente, Atua\u00e7\u00e3o docente, Perfil discente, Produ\u00e7\u00e3o discente, Projetos de pesquisa e extens\u00e3o, Disciplinas, Infraestrutura, Defesas disserta\u00e7\u00e3o e teses, Perfil do candidato \u00e0 sele\u00e7\u00e3o do Prograu, Est\u00e1gios de P\u00f3s-doutorado. E, finalmente, uma s\u00e9rie de instrumentos de coleta de dados: planilhas, question\u00e1rios, entrevistas e o m\u00e9todo de diagn\u00f3stico FOFA que analisa o Ambiente interno \u2013 For\u00e7as e Fraquezas \u2013 e o Ambiente externo \u2013 Oportunidades e Amea\u00e7as.<\/span><\/li>\n<\/ol>\n<p><span style=\"font-family: arial, helvetica, sans-serif;\">Para a coleta de dados ser\u00e3o utilizados as seguintes fontes:<\/span><\/p>\n<ul>\n<li><span style=\"font-family: arial, helvetica, sans-serif;\">Cobalto;<\/span><\/li>\n<li><span style=\"font-family: arial, helvetica, sans-serif;\">Plataforma Stela Experta (<span style=\"color: #ff9900;\"><a style=\"color: #ff9900;\" href=\"https:\/\/www.stelaexperta.com.br\/unioeste\/index.html#main\">https:\/\/www.stelaexperta.com.br\/unioeste\/index.html#main<\/a><\/span>);<\/span><\/li>\n<li><span style=\"font-family: arial, helvetica, sans-serif;\">Reposit\u00f3rio Guaica;<\/span><\/li>\n<li><span style=\"font-family: arial, helvetica, sans-serif;\">Plataforma Sucupira;<\/span><\/li>\n<li><span style=\"font-family: arial, helvetica, sans-serif;\">Plataforma Lattes;<\/span><\/li>\n<li><span style=\"font-family: arial, helvetica, sans-serif;\">Proposta APCN 2022;<\/span><\/li>\n<\/ul>\n<p><span style=\"font-family: arial, helvetica, sans-serif;\">\u00a0\u00a0\u00a0\u00a0\u00a0\u00a0 &#8211;\u00a0\u00a0\u00a0\u00a0 A pr\u00f3pria comunidade PROGRAU<\/span><\/p>\n<p><span style=\"font-family: arial, helvetica, sans-serif;\">Para a sistematiza\u00e7\u00e3o das informa\u00e7\u00f5es ser\u00e3o utilizados os programas de gerenciamento de dados &#8211; Power Bi, ATLAS TI entre outros.<\/span><\/p>\n<p><span style=\"font-family: arial, helvetica, sans-serif;\">Obs.: instrumentos e m\u00e9todos devem ser ajustados e\/ou ampliados ao longo do processo de implementa\u00e7\u00e3o da autoavalia\u00e7\u00e3o.<\/span><\/p>\n<p><span style=\"font-family: arial, helvetica, sans-serif;\">A interpreta\u00e7\u00e3o, aprofundamento e amplia\u00e7\u00e3o dos resultados da primeira etapa ser\u00e3o realizados por meio de processos participativos: Diagn\u00f3stico R\u00e1pido Participativo (DRP),\u00a0\u00a0 grupos focais, FOFA, etc.<\/span><\/p>\n<p><span style=\"font-family: arial, helvetica, sans-serif;\">Em princ\u00edpio definiu-se que a autoavalia\u00e7\u00e3o &#8211; mais sistematizada &#8211; do Programa ocorrer\u00e1 a cada dois ano &#8211; supondo que um ano ser\u00e1 para a coleta de dados e diagn\u00f3stico e o segundo ano para a implementa\u00e7\u00e3o dos resultados.<\/span><\/p>\n<p><span style=\"font-family: arial, helvetica, sans-serif;\">Obs.: A primeira aplica\u00e7\u00e3o deste projeto \u2013 que implicava a constru\u00e7\u00e3o de todos os instrumentos de coleta de dados e somou-se ao processo de reestrutura\u00e7\u00e3o do programa a partir da implanta\u00e7\u00e3o do doutorado em 2024 &#8211; estendeu-se por tr\u00eas anos. Estamos prevendo que nas pr\u00f3ximas implanta\u00e7\u00f5es do processo de Autoavalia\u00e7\u00e3o conseguiremos cumprir o per\u00edodo de dois anos como previsto inicialmente.<\/span><\/p>\n<p><span style=\"font-family: arial, helvetica, sans-serif; color: #ff9900;\"><strong>5. Recursos<\/strong><\/span><\/p>\n<p><span style=\"font-family: arial, helvetica, sans-serif;\">&#8211; Capacita\u00e7\u00f5es em Planejamento Estrat\u00e9gico proporcionados pela Pr\u00f3-reitoria de Pesquisa, P\u00f3s-gradua\u00e7\u00e3o e Inova\u00e7\u00e3o;<\/span><\/p>\n<p><span style=\"font-family: arial, helvetica, sans-serif;\">&#8211; Plataformas institucionais &#8211; Cobalto, Plataforma Stela Experta, Reposit\u00f3rio Guaica;<\/span><\/p>\n<p><span style=\"font-family: arial, helvetica, sans-serif;\">&#8211; Recursos humanos \u2013 Comiss\u00e3o de Planejamento Estrat\u00e9gico, formada especificamente para gerenciar o processo de autoavalia\u00e7\u00e3o planejamento; e comunidade acad\u00eamica do Prograu.<\/span><\/p>\n<p><span style=\"font-family: arial, helvetica, sans-serif;\">&#8211; Infraestrutura &#8211; espa\u00e7o f\u00edsico e equipamento para reuni\u00f5es, coleta e processamento e sistematiza\u00e7\u00e3o de dados.<\/span><\/p>\n<p><span style=\"font-family: arial, helvetica, sans-serif; color: #ff9900;\"><strong>6. Equipe de implementa\u00e7\u00e3o<\/strong><\/span><\/p>\n<p><span style=\"font-family: arial, helvetica, sans-serif;\">A Comiss\u00e3o de Autoavalia\u00e7\u00e3o\/Planejamento Estrat\u00e9gico ser\u00e1 constitu\u00edda pelo coordenador e pelo coordenador adjunto do PROGRAU, por um docente representante de cada Linha de Pesquisa (escolhido entre os pares), por um representante discente (escolhido entre os pares), por um dos funcion\u00e1rios TAEs do programa e por um egresso do Curso. Essa comiss\u00e3o est\u00e1 incumbida de coordenar a aplica\u00e7\u00e3o do Projeto de Autoavalia\u00e7\u00e3o assim como coordenar o processo de Planejamento Estrat\u00e9gico do PROGRAU.<\/span><\/p>\n<p><span style=\"font-family: arial, helvetica, sans-serif;\">A comiss\u00e3o ficou assim constitu\u00edda:<\/span><\/p>\n<p><span style=\"font-family: arial, helvetica, sans-serif;\">Aline Montagna da Silveira \u2013 docente (coordenadora suplente)<\/span><\/p>\n<p><span style=\"font-family: arial, helvetica, sans-serif;\">C\u00e9lia Helena Castro Gonsales \u2013 docente (coordenadora)<\/span><\/p>\n<p><span style=\"font-family: arial, helvetica, sans-serif;\">Anderson \u2013 representante discente<\/span><\/p>\n<p><span style=\"font-family: arial, helvetica, sans-serif;\">Cristhian Moreira Brum &#8211; docente<\/span><\/p>\n<p><span style=\"font-family: arial, helvetica, sans-serif;\">Eduardo Grala da Cunha &#8211; docente<\/span><\/p>\n<p><span style=\"font-family: arial, helvetica, sans-serif;\">Luis Ant\u00f4nio dos Santos Franz &#8211; docente<\/span><\/p>\n<p><span style=\"font-family: arial, helvetica, sans-serif;\">Nirce Saffer Medvedovski &#8211; docente<\/span><\/p>\n<p><span style=\"font-family: arial, helvetica, sans-serif;\">Rafaela Bortolini &#8211; docente<\/span><\/p>\n<p><span style=\"font-family: arial, helvetica, sans-serif;\">Renata Silva De Garcia \u2013 t\u00e9cnica administrativa<\/span><\/p>\n<p><span style=\"font-family: arial, helvetica, sans-serif;\">T\u00e1ssia Borges de Vasconselos \u2013 egressa<\/span><\/p>\n<p><span style=\"font-family: arial, helvetica, sans-serif;\">Obs.: Devido \u00e0 reformula\u00e7\u00e3o das Linhas de Pesquisa a partir da implanta\u00e7\u00e3o do Doutorado em 2024, no ano de 2025 a Comiss\u00e3o de Autoavalia\u00e7\u00e3o\/Planejamento Estrat\u00e9gico, ser\u00e1 reformulada e a \u201cFerramenta PROGRAU para Autoavalia\u00e7\u00e3o\u201d adaptada a essa nova estrutura do Programa.<\/span><\/p>\n<p><span style=\"font-family: arial, helvetica, sans-serif; color: #ff9900;\"><strong>7. Formas de divulga\u00e7\u00e3o dos resultados <\/strong><\/span><\/p>\n<p><span style=\"font-family: arial, helvetica, sans-serif;\">Os resultados das avalia\u00e7\u00f5es por temas s\u00e3o apresentados em reuni\u00f5es para discuss\u00e3o e avalia\u00e7\u00e3o.<\/span><\/p>\n<p><span style=\"font-family: arial, helvetica, sans-serif;\">Com base nos resultados dos indicadores de cada um dos quesitos, se produzir\u00e1 documento de apresenta\u00e7\u00e3o dos diagn\u00f3sticos (Relat\u00f3rio de Autoavalia\u00e7\u00e3o), que ser\u00e3o disponibilizados a\u0300 comunidade acad\u00eamica do PROGRAU.<\/span><\/p>\n<p><span style=\"font-family: arial, helvetica, sans-serif;\">Ap\u00f3s o per\u00edodo de disponibiliza\u00e7\u00e3o dos documentos com os resultados das avalia\u00e7\u00f5es, ser\u00e1 realizado o Semin\u00e1rio Integrador para discuss\u00e3o dos resultados apresentados, bem como para ajustar e aprovar propostas de a\u00e7\u00f5es e metas de melhoria ou manuten\u00e7\u00e3o e consolida\u00e7\u00e3o dos resultados.<\/span><\/p>\n<p><span style=\"font-family: arial, helvetica, sans-serif;\">Ap\u00f3s a conclus\u00e3o do processo de autoavalia\u00e7\u00e3o, os resultados e documentos ficar\u00e3o disponibilizados na p\u00e1gina do Programa.<\/span><\/p>\n<p><span style=\"font-family: arial, helvetica, sans-serif; color: #ff9900;\"><strong>8. Proposta de meta avalia\u00e7\u00e3o<\/strong><\/span><\/p>\n<p><span style=\"font-family: arial, helvetica, sans-serif;\">Os principais indicadores definidos devem ser aferidos continuamente pela Comiss\u00e3o de Autoavalia\u00e7\u00e3o, e dever\u00e3o ser apresentados e discutidos no \u00e2mbito do Colegiado do PROGRAU quando necess\u00e1rio.<\/span><\/p>\n<p><span style=\"font-family: arial, helvetica, sans-serif;\">A meta avalia\u00e7\u00e3o ter\u00e1 como base as pr\u00f3prias etapas aqui descritas &#8211; prepara\u00e7\u00e3o, implementa\u00e7\u00e3o, divulga\u00e7\u00e3o, uso dos resultados.<\/span><\/p>\n<p><span style=\"font-family: arial, helvetica, sans-serif;\">Esta etapa dever\u00e1 contar com docentes convidados de outros Programas de P\u00f3s-gradua\u00e7\u00e3o em AUD com nota igual ou superior \u00e0 do PROGRAU.<\/span><\/p>\n<p><span style=\"font-family: arial, helvetica, sans-serif;\">Este projeto estar\u00e1 assim sujeito \u00e0 constante revis\u00e3o e complementa\u00e7\u00e3o.<\/span><\/p>\n<p><span style=\"font-family: arial, helvetica, sans-serif; color: #ff9900;\"><strong>Bibliografia<\/strong><\/span><\/p>\n<p><span style=\"font-family: arial, helvetica, sans-serif;\">Autoavalia\u00e7\u00e3o de Programas de P\u00f3s-gradua\u00e7\u00e3o. Capes, Bras\u00edlia 2019. Dispon\u00edvel em<span style=\"color: #ff9900;\"> <a style=\"color: #ff9900;\" href=\"https:\/\/www.gov.br\/capes\/pt-br\/centrais-de-conteudo\/10062019-autoavaliacao-de-programas-de-pos-graduacao-pdf\">https:\/\/www.gov.br\/capes\/pt-br\/centrais-de-conteudo\/10062019-autoavaliacao-de-programas-de-pos-graduacao-pdf.<\/a><\/span><\/span><\/p>\n<p><span style=\"font-family: arial, helvetica, sans-serif;\">Plano de Desenvolvimento Institucional UFPel (PDI 2022-2026). Dispon\u00edvel em <span style=\"color: #ff9900;\"><a style=\"color: #ff9900;\" href=\"https:\/\/wp.ufpel.edu.br\/planejamentoufpel\/files\/2022\/06\/PDI-c-Art-21-diag.pdf\">https:\/\/wp.ufpel.edu.br\/planejamentoufpel\/files\/2022\/06\/PDI-c-Art-21-diag.pdf.<\/a><\/span><\/span><\/p>\n<p><span style=\"font-family: arial, helvetica, sans-serif;\">Programa Associado UEM \/ UEL de P\u00f3s-Gradua\u00e7\u00e3o em Arquitetura e Urbanismo. Autoavalia\u00e7\u00e3o. Dispon\u00edvel em <span style=\"color: #ff9900;\"><a style=\"color: #ff9900;\" href=\"https:\/\/www.uel.br\/pos\/ppuarqurb_uem_uel\/\">https:\/\/www.uel.br\/pos\/ppuarqurb_uem_uel\/<\/a>.<\/span><\/span><\/p>\n<p><span style=\"color: #ff9900;\"><strong><span style=\"font-family: arial, helvetica, sans-serif;\">Links:<\/span><\/strong><\/span><\/p>\n<p><span style=\"color: #ff9900; font-size: 10pt;\"><strong><span style=\"font-family: arial, helvetica, sans-serif;\"><span style=\"color: #ff6600;\"><a style=\"color: #ff6600;\" href=\"https:\/\/wp.ufpel.edu.br\/prograufaurb\/files\/2025\/03\/planilha-de-autoavaliac\u0327a\u0303o.pdf\" target=\"_blank\" rel=\"noopener\"><span style=\"color: #ff9900;\">Planilha de autoavalia\u00e7\u00e3o<\/span><\/a><\/span><\/span><\/strong><\/span><\/p>\n<p><span style=\"color: #ff9900; font-size: 10pt;\"><strong><span style=\"font-family: arial, helvetica, sans-serif;\"><span style=\"color: #ff9900;\"><a style=\"color: #ff9900;\" href=\"https:\/\/forms.gle\/HaCT9nBTArWcViHX9\" target=\"_blank\" rel=\"noopener\">Question\u00e1rio para egressos<\/a><\/span><\/span><\/strong><\/span><\/p>\n<p><span style=\"font-size: 10pt;\"><span style=\"color: #ff9900;\"><strong><span style=\"font-family: arial, helvetica, sans-serif;\">\u00a0<\/span><\/strong><\/span><strong><span style=\"color: #ff9900; font-family: arial, helvetica, sans-serif;\"><a style=\"color: #ff9900;\" href=\"https:\/\/forms.gle\/eX1Y2TQtb7d89Phk7\" target=\"_blank\" rel=\"noopener\">Question\u00e1rio para alunos matriculados<\/a><\/span><\/strong><\/span><\/p>\n<p><span style=\"color: #ff9900; font-size: 10pt;\"><strong><a style=\"color: #ff9900;\" href=\"https:\/\/forms.gle\/iqdcTHX3DsLqDeLW6\" target=\"_blank\" rel=\"noopener\"><span style=\"font-family: arial, helvetica, sans-serif;\">Question\u00e1rio para candidatos a aluno regular mestrado<\/span><\/a><\/strong><\/span><\/p>\n<p><span style=\"font-size: 10pt;\"><a href=\"https:\/\/docs.google.com\/forms\/d\/e\/1FAIpQLSeVCpwF5utEoB9Dh7Sd6Om8Dw4Fd4Cnv1NPQpGwCDmIB2qeHA\/viewform?usp=sharing&amp;ouid=114046732704390237724\" target=\"_blank\" rel=\"noopener\"><span style=\"font-family: arial, helvetica, sans-serif;\"><strong><span style=\"color: #ff9900;\">Question\u00e1rio para candidatos a aluno regular doutorado<\/span><\/strong><\/span><\/a><\/span><\/p>\n<p>&nbsp;<\/p>\n","protected":false},"excerpt":{"rendered":"<p>1. M\u00e9todo (t\u00e9cnicas, instrumentos, formas de an\u00e1lise, frequ\u00eancia de coleta de dados) A fim de auxiliar o desenvolvimento do processo de autoavalia\u00e7\u00e3o, foi desenvolvida pela Comiss\u00e3o de Autoavalia\u00e7\u00e3o a \u201cFerramenta PROGRAU para Autoavalia\u00e7\u00e3o &#8211; \u00c1rea de Arquitetura, Urbanismo e Design\u201d, baseada na ficha de avalia\u00e7\u00e3o da CAPES &#8211; que se estrutura nos campos PROGRAMA, FORMA\u00c7\u00c3O, [&hellip;]<\/p>\n","protected":false},"author":1345,"featured_media":0,"parent":0,"menu_order":0,"comment_status":"closed","ping_status":"closed","template":"","meta":{"footnotes":""},"class_list":["post-160","page","type-page","status-publish","hentry"],"_links":{"self":[{"href":"https:\/\/wp.ufpel.edu.br\/prograufaurb\/wp-json\/wp\/v2\/pages\/160","targetHints":{"allow":["GET"]}}],"collection":[{"href":"https:\/\/wp.ufpel.edu.br\/prograufaurb\/wp-json\/wp\/v2\/pages"}],"about":[{"href":"https:\/\/wp.ufpel.edu.br\/prograufaurb\/wp-json\/wp\/v2\/types\/page"}],"author":[{"embeddable":true,"href":"https:\/\/wp.ufpel.edu.br\/prograufaurb\/wp-json\/wp\/v2\/users\/1345"}],"replies":[{"embeddable":true,"href":"https:\/\/wp.ufpel.edu.br\/prograufaurb\/wp-json\/wp\/v2\/comments?post=160"}],"version-history":[{"count":13,"href":"https:\/\/wp.ufpel.edu.br\/prograufaurb\/wp-json\/wp\/v2\/pages\/160\/revisions"}],"predecessor-version":[{"id":2817,"href":"https:\/\/wp.ufpel.edu.br\/prograufaurb\/wp-json\/wp\/v2\/pages\/160\/revisions\/2817"}],"wp:attachment":[{"href":"https:\/\/wp.ufpel.edu.br\/prograufaurb\/wp-json\/wp\/v2\/media?parent=160"}],"curies":[{"name":"wp","href":"https:\/\/api.w.org\/{rel}","templated":true}]}}