{"id":153,"date":"2023-11-28T12:34:23","date_gmt":"2023-11-28T15:34:23","guid":{"rendered":"https:\/\/wp.ufpel.edu.br\/prograufaurb\/?page_id=153"},"modified":"2024-04-29T15:11:58","modified_gmt":"2024-04-29T18:11:58","slug":"estrutura-curricular","status":"publish","type":"page","link":"https:\/\/wp.ufpel.edu.br\/prograufaurb\/estrutura-curricular\/","title":{"rendered":"estrutura curricular"},"content":{"rendered":"<p><span style=\"font-family: arial, helvetica, sans-serif; font-size: 12pt; color: #000000;\">O Programa de P\u00f3s-Gradua\u00e7\u00e3o em Arquitetura e Urbanismo da UFPel est\u00e1 organizado como conjunto integrado de disciplinas e atividades de modo a propiciar ao aluno o aprofundamento de sua forma\u00e7\u00e3o acad\u00eamica e a permitir-lhe o desenvolvimento de estudos e pesquisas, de acordo com as linhas de pesquisa definidas pelo Colegiado do Programa.<\/span><\/p>\n<p class=\"p2\">A conclus\u00e3o do <strong><span style=\"color: #ff9900;\">Curso de Mestrado<\/span><\/strong> exige o cumprimento de <strong><span style=\"color: #ff9900;\">vinte e quatro (24)cr\u00e9ditos<\/span><\/strong> e do <strong><span style=\"color: #ff9900;\">Curso de Doutorado<\/span><\/strong>, o cumprimento de <strong><span style=\"color: #ff9900;\">quarenta (40) cr\u00e9ditos<\/span><\/strong><span style=\"color: #ff9900;\"><span style=\"color: #000000;\">.<\/span><\/span><\/p>\n<p><span style=\"font-family: arial, helvetica, sans-serif; font-size: 12pt; color: #000000;\">A estrutura curricular do Programa est\u00e1 dividida em duas partes, a saber:<\/span><\/p>\n<p><span style=\"font-family: arial, helvetica, sans-serif; font-size: 12pt; color: #000000;\"><span style=\"color: #ff9900;\"><strong>I. disciplina e atividades obrigat\u00f3rias<\/strong><span style=\"color: #000000;\">: <\/span><\/span><\/span><span class=\"s1\">Consideram-se atividades obrigat\u00f3rias aquelas que visam subsidiar o processo de<\/span>desenvolvimento, aperfei\u00e7oamento, implementa\u00e7\u00e3o e divulga\u00e7\u00e3o dos projetos de disserta\u00e7\u00e3o e tese.<\/p>\n<p><span style=\"font-family: arial, helvetica, sans-serif; font-size: 12pt; color: #000000;\"><strong><span style=\"color: #ff9900;\">II. disciplinas e atividades eletivas: <\/span><\/strong><\/span>Consideram-se atividades eletivas aquelas que tratam de temas, estudos e discuss\u00f5esespec\u00edficas e complemento ao rol de conhecimentos desenvolvidos na forma\u00e7\u00e3o de mestre e doutor. Incluem semin\u00e1rios, est\u00e1gios, tarefas pr\u00e1ticas e de pesquisa com n\u00famero de cr\u00e9ditos a ser definido pelo Colegiado para cada caso.<\/p>\n<p class=\"p2\">\u00c9 obrigat\u00f3rio o desenvolvimento e a defesa de uma <strong><span style=\"color: #ff9900;\">disserta\u00e7\u00e3o para a obten\u00e7\u00e3o dot\u00edtulo de Mestre<\/span><\/strong> e de uma <strong><span style=\"color: #ff9900;\">tese para a obten\u00e7\u00e3o do t\u00edtulo de Doutor<\/span><\/strong>.<\/p>\n<p>Mais informa\u00e7\u00f5es em:\u00a0<strong><span style=\"color: #ff9900;\"><a style=\"color: #ff9900;\" href=\"https:\/\/wp.ufpel.edu.br\/prograufaurb\/regulamentos-e-regimentos\/\">regulamentos e regimentos<\/a><\/span><\/strong><\/p>\n","protected":false},"excerpt":{"rendered":"<p>O Programa de P\u00f3s-Gradua\u00e7\u00e3o em Arquitetura e Urbanismo da UFPel est\u00e1 organizado como conjunto integrado de disciplinas e atividades de modo a propiciar ao aluno o aprofundamento de sua forma\u00e7\u00e3o acad\u00eamica e a permitir-lhe o desenvolvimento de estudos e pesquisas, de acordo com as linhas de pesquisa definidas pelo Colegiado do Programa. A conclus\u00e3o do [&hellip;]<\/p>\n","protected":false},"author":1345,"featured_media":0,"parent":0,"menu_order":0,"comment_status":"closed","ping_status":"closed","template":"","meta":{"footnotes":""},"class_list":["post-153","page","type-page","status-publish","hentry"],"_links":{"self":[{"href":"https:\/\/wp.ufpel.edu.br\/prograufaurb\/wp-json\/wp\/v2\/pages\/153","targetHints":{"allow":["GET"]}}],"collection":[{"href":"https:\/\/wp.ufpel.edu.br\/prograufaurb\/wp-json\/wp\/v2\/pages"}],"about":[{"href":"https:\/\/wp.ufpel.edu.br\/prograufaurb\/wp-json\/wp\/v2\/types\/page"}],"author":[{"embeddable":true,"href":"https:\/\/wp.ufpel.edu.br\/prograufaurb\/wp-json\/wp\/v2\/users\/1345"}],"replies":[{"embeddable":true,"href":"https:\/\/wp.ufpel.edu.br\/prograufaurb\/wp-json\/wp\/v2\/comments?post=153"}],"version-history":[{"count":11,"href":"https:\/\/wp.ufpel.edu.br\/prograufaurb\/wp-json\/wp\/v2\/pages\/153\/revisions"}],"predecessor-version":[{"id":1606,"href":"https:\/\/wp.ufpel.edu.br\/prograufaurb\/wp-json\/wp\/v2\/pages\/153\/revisions\/1606"}],"wp:attachment":[{"href":"https:\/\/wp.ufpel.edu.br\/prograufaurb\/wp-json\/wp\/v2\/media?parent=153"}],"curies":[{"name":"wp","href":"https:\/\/api.w.org\/{rel}","templated":true}]}}