{"id":152,"date":"2023-11-28T12:34:23","date_gmt":"2023-11-28T15:34:23","guid":{"rendered":"https:\/\/wp.ufpel.edu.br\/prograufaurb\/?page_id=152"},"modified":"2024-01-04T08:08:33","modified_gmt":"2024-01-04T11:08:33","slug":"grupos-e-laboratorios","status":"publish","type":"page","link":"https:\/\/wp.ufpel.edu.br\/prograufaurb\/grupos-e-laboratorios\/","title":{"rendered":"grupos e laborat\u00f3rios"},"content":{"rendered":"<table style=\"border-collapse: collapse; width: 100%;\" border=\"0\">\n<tbody>\n<tr>\n<td style=\"width: 1%;\" colspan=\"4\">\n<h4 style=\"text-align: left;\"><a href=\"https:\/\/wp.ufpel.edu.br\/neab\/\"><img loading=\"lazy\" decoding=\"async\" class=\"alignnone wp-image-556\" src=\"https:\/\/wp.ufpel.edu.br\/prograufaurb\/files\/2023\/12\/29-400x400.jpg\" alt=\"\" width=\"160\" height=\"160\" srcset=\"https:\/\/wp.ufpel.edu.br\/prograufaurb\/files\/2023\/12\/29-400x400.jpg 400w, https:\/\/wp.ufpel.edu.br\/prograufaurb\/files\/2023\/12\/29-1024x1024.jpg 1024w, https:\/\/wp.ufpel.edu.br\/prograufaurb\/files\/2023\/12\/29-200x200.jpg 200w, https:\/\/wp.ufpel.edu.br\/prograufaurb\/files\/2023\/12\/29-768x768.jpg 768w, https:\/\/wp.ufpel.edu.br\/prograufaurb\/files\/2023\/12\/29-600x600.jpg 600w, https:\/\/wp.ufpel.edu.br\/prograufaurb\/files\/2023\/12\/29-150x150.jpg 150w, https:\/\/wp.ufpel.edu.br\/prograufaurb\/files\/2023\/12\/29.jpg 1080w\" sizes=\"auto, (max-width: 160px) 100vw, 160px\" \/><\/a><\/h4>\n<\/td>\n<\/tr>\n<tr>\n<td style=\"width: 1%;\" colspan=\"4\">\n<h3><a href=\"https:\/\/wp.ufpel.edu.br\/neab\/\"><span style=\"font-family: arial, helvetica, sans-serif; font-size: 14pt; color: #ff9900;\"><strong>N\u00facleo de Estudos de Arquitetura Brasileira (NEAB)<\/strong><\/span><\/a><\/h3>\n<p><span style=\"font-family: arial, helvetica, sans-serif; font-size: 12pt; color: #000000;\">O N\u00facleo de Estudos de Arquitetura Brasileira (NEAB) foi institu\u00eddo atrav\u00e9s da Portaria n\u00ba 736\/1992 da UFPel. O NEAB desenvolve atividades de ensino, pesquisa e extens\u00e3o voltadas \u00e0 preserva\u00e7\u00e3o do patrim\u00f4nio cultural da regi\u00e3o sul do Rio Grande do Sul. Essas atividades tiveram in\u00edcio na d\u00e9cada de 1980, com a realiza\u00e7\u00e3o do Invent\u00e1rio do Patrim\u00f4nio de Pelotas (1983).<\/span><\/td>\n<\/tr>\n<tr>\n<td style=\"width: 1%;\" colspan=\"4\"><a href=\"https:\/\/wp.ufpel.edu.br\/cmaisc\/\"><img loading=\"lazy\" decoding=\"async\" class=\"alignnone wp-image-561\" src=\"https:\/\/wp.ufpel.edu.br\/prograufaurb\/files\/2023\/12\/34-400x400.jpg\" alt=\"\" width=\"160\" height=\"160\" srcset=\"https:\/\/wp.ufpel.edu.br\/prograufaurb\/files\/2023\/12\/34-400x400.jpg 400w, https:\/\/wp.ufpel.edu.br\/prograufaurb\/files\/2023\/12\/34-1024x1024.jpg 1024w, https:\/\/wp.ufpel.edu.br\/prograufaurb\/files\/2023\/12\/34-200x200.jpg 200w, https:\/\/wp.ufpel.edu.br\/prograufaurb\/files\/2023\/12\/34-768x768.jpg 768w, https:\/\/wp.ufpel.edu.br\/prograufaurb\/files\/2023\/12\/34-600x600.jpg 600w, https:\/\/wp.ufpel.edu.br\/prograufaurb\/files\/2023\/12\/34-150x150.jpg 150w, https:\/\/wp.ufpel.edu.br\/prograufaurb\/files\/2023\/12\/34.jpg 1080w\" sizes=\"auto, (max-width: 160px) 100vw, 160px\" \/><\/a><\/td>\n<\/tr>\n<tr>\n<td style=\"width: 1%;\" colspan=\"4\">\n<h3><a href=\"https:\/\/wp.ufpel.edu.br\/cmaisc\/\"><span style=\"font-family: arial, helvetica, sans-serif; font-size: 14pt; color: #ff9900;\"><strong>Grupo de Pesquisa Cidade+Contemporaneidade (C+C)<\/strong><\/span><\/a><\/h3>\n<p><span style=\"font-size: 12pt; font-family: arial, helvetica, sans-serif; color: #000000;\">Grupo de pesquisa, ensino e extens\u00e3o; surgido a partir de 2011, procura articular-se em torno da abordagem multidisciplinar de quest\u00f5es te\u00f3ricas e emp\u00edricas relacionadas \u00e0 sociedade contempor\u00e2nea, em especial na rela\u00e7\u00e3o entre a arquitetura e cidade, habitando para isso as fronteiras da filosofia, das artes e da educa\u00e7\u00e3o, a fim de criar a\u00e7\u00f5es projetuais e perceptos para uma est\u00e9tica urbana atual.<\/span><\/td>\n<\/tr>\n<tr>\n<td style=\"width: 1%;\" colspan=\"4\"><span style=\"font-family: arial, helvetica, sans-serif; font-size: 10pt;\"><a href=\"https:\/\/wp.ufpel.edu.br\/gegradi\/\"><img loading=\"lazy\" decoding=\"async\" class=\"alignnone wp-image-559\" src=\"https:\/\/wp.ufpel.edu.br\/prograufaurb\/files\/2023\/12\/32-400x400.jpg\" alt=\"\" width=\"160\" height=\"160\" srcset=\"https:\/\/wp.ufpel.edu.br\/prograufaurb\/files\/2023\/12\/32-400x400.jpg 400w, https:\/\/wp.ufpel.edu.br\/prograufaurb\/files\/2023\/12\/32-1024x1024.jpg 1024w, https:\/\/wp.ufpel.edu.br\/prograufaurb\/files\/2023\/12\/32-200x200.jpg 200w, https:\/\/wp.ufpel.edu.br\/prograufaurb\/files\/2023\/12\/32-768x768.jpg 768w, https:\/\/wp.ufpel.edu.br\/prograufaurb\/files\/2023\/12\/32-600x600.jpg 600w, https:\/\/wp.ufpel.edu.br\/prograufaurb\/files\/2023\/12\/32-150x150.jpg 150w, https:\/\/wp.ufpel.edu.br\/prograufaurb\/files\/2023\/12\/32.jpg 1080w\" sizes=\"auto, (max-width: 160px) 100vw, 160px\" \/><\/a><\/span><\/td>\n<\/tr>\n<tr>\n<td style=\"width: 1%;\" colspan=\"4\">\n<h3><a href=\"https:\/\/wp.ufpel.edu.br\/gegradi\/\"><span style=\"font-family: arial, helvetica, sans-serif; font-size: 14pt; color: #ff9900;\">Grupo de Estudos para o Ensino\/aprendizagem de Gr\u00e1fica Digital (GEGRADI)<\/span><\/a><\/h3>\n<p><span style=\"font-family: arial, helvetica, sans-serif; font-size: 12pt;\">O Grupo de Estudos para o Ensino\/aprendizagem de Gr\u00e1fica Digital, GEGRADI, formalizado junto ao CNPq, em 2002, concentra hoje sua produ\u00e7\u00e3o no estudo de processos de projeto potencializados por tecnologias de representa\u00e7\u00e3o e fabrica\u00e7\u00e3o digitais. Isto envolve o estudo da forma em seus aspectos geom\u00e9tricos, f\u00edsicos e perceptivos, para compreender desempenhos est\u00e9ticos e funcionais, a partir, principalmente, do conceito de parametria. As pesquisas s\u00e3o aplicadas aos seguintes temas: BIM; documenta\u00e7\u00e3o de patrim\u00f4nio cultural (fotogrametria digital, HBIM); inclus\u00e3o cultural (modelos t\u00e1teis, interfaces tang\u00edveis, recursos assistivos e l\u00fadicos); geometrias complexas e modelos performativos da arquitetura; habita\u00e7\u00e3o de interesse social (customiza\u00e7\u00e3o em massa, fabrica\u00e7\u00e3o digital, tecnologias sociais); forma\u00e7\u00e3o docente na \u00e1rea de representa\u00e7\u00e3o gr\u00e1fica e digital (transposi\u00e7\u00e3o did\u00e1tica e objetos de aprendizagem).<\/span><\/td>\n<\/tr>\n<tr>\n<td style=\"width: 1%;\" colspan=\"4\"><span style=\"font-family: arial, helvetica, sans-serif; font-size: 12pt;\"><a href=\"https:\/\/wp.ufpel.edu.br\/labcom\/pt\/\"><img loading=\"lazy\" decoding=\"async\" class=\"alignnone wp-image-552\" src=\"https:\/\/wp.ufpel.edu.br\/prograufaurb\/files\/2023\/12\/25-400x400.jpg\" alt=\"\" width=\"160\" height=\"160\" srcset=\"https:\/\/wp.ufpel.edu.br\/prograufaurb\/files\/2023\/12\/25-400x400.jpg 400w, https:\/\/wp.ufpel.edu.br\/prograufaurb\/files\/2023\/12\/25-1024x1024.jpg 1024w, https:\/\/wp.ufpel.edu.br\/prograufaurb\/files\/2023\/12\/25-200x200.jpg 200w, https:\/\/wp.ufpel.edu.br\/prograufaurb\/files\/2023\/12\/25-768x768.jpg 768w, https:\/\/wp.ufpel.edu.br\/prograufaurb\/files\/2023\/12\/25-600x600.jpg 600w, https:\/\/wp.ufpel.edu.br\/prograufaurb\/files\/2023\/12\/25-150x150.jpg 150w, https:\/\/wp.ufpel.edu.br\/prograufaurb\/files\/2023\/12\/25.jpg 1080w\" sizes=\"auto, (max-width: 160px) 100vw, 160px\" \/><\/a><\/span><\/td>\n<\/tr>\n<tr>\n<td style=\"width: 1%;\" colspan=\"4\">\n<h3><span style=\"font-family: arial, helvetica, sans-serif; font-size: 12pt;\"><a href=\"https:\/\/wp.ufpel.edu.br\/labcom\/pt\/\"><span style=\"color: #ff9900;\"><strong>Laborat\u00f3rio de Estudos Comportamentais (LABCOM)<\/strong><\/span><\/a><\/span><\/h3>\n<p><span style=\"font-family: arial, helvetica, sans-serif; font-size: 12pt; color: #000000;\">O Laborat\u00f3rio de Estudos Comportamentais (LabCom) foi criado em 2016. O LabCom tem interesses interdisciplinares de pesquisa, abrangendo tem\u00e1ticas de desenho e planejamento urbano, arquitetura, psicologia ambiental, pol\u00edtica social, sociologia, filosofia e turismo e conceitos te\u00f3ricos de migra\u00e7\u00e3o e ref\u00fagios, inclus\u00e3o social, desigualdades sociais, sa\u00fade e bem-estar, envelhecimento no local, senso de lugar, resili\u00eancia e patrim\u00f4nio hist\u00f3rico.\u00a0<\/span><\/td>\n<\/tr>\n<tr>\n<td style=\"width: 1%;\" colspan=\"4\"><span style=\"font-family: arial, helvetica, sans-serif; font-size: 12pt;\"><a href=\"wp.ufpel.edu.br\/gecon\/\"><img loading=\"lazy\" decoding=\"async\" class=\"alignnone wp-image-553\" src=\"https:\/\/wp.ufpel.edu.br\/prograufaurb\/files\/2023\/12\/26-400x400.jpg\" alt=\"\" width=\"160\" height=\"160\" srcset=\"https:\/\/wp.ufpel.edu.br\/prograufaurb\/files\/2023\/12\/26-400x400.jpg 400w, https:\/\/wp.ufpel.edu.br\/prograufaurb\/files\/2023\/12\/26-1024x1024.jpg 1024w, https:\/\/wp.ufpel.edu.br\/prograufaurb\/files\/2023\/12\/26-200x200.jpg 200w, https:\/\/wp.ufpel.edu.br\/prograufaurb\/files\/2023\/12\/26-768x768.jpg 768w, https:\/\/wp.ufpel.edu.br\/prograufaurb\/files\/2023\/12\/26-600x600.jpg 600w, https:\/\/wp.ufpel.edu.br\/prograufaurb\/files\/2023\/12\/26-150x150.jpg 150w, https:\/\/wp.ufpel.edu.br\/prograufaurb\/files\/2023\/12\/26.jpg 1080w\" sizes=\"auto, (max-width: 160px) 100vw, 160px\" \/><\/a><\/span><\/td>\n<\/tr>\n<tr>\n<td colspan=\"4\">\n<h3><span style=\"font-family: arial, helvetica, sans-serif; font-size: 12pt;\"><a href=\"http:\/\/wp.ufpel.edu.br\/gecon\/\"><span style=\"color: #ff9900;\">Grupo de Estudos em Gest\u00e3o da Constru\u00e7\u00e3o\u00a0 (GECON)<\/span><\/a><\/span><\/h3>\n<p><span style=\"font-family: arial, helvetica, sans-serif; font-size: 12pt; color: #000000;\">Criado em 2012, as principais atividades do GeCon dizem respeito ao ensino de gradua\u00e7\u00e3o e p\u00f3s-gradua\u00e7\u00e3o, pesquisa e extens\u00e3o relacionadas \u00e0s atividades de Gest\u00e3o da Constru\u00e7\u00e3o em todas as fases do ciclo de vida da edifica\u00e7\u00e3o: (a) concep\u00e7\u00e3o e projeto; (b) produ\u00e7\u00e3o; e (c) uso e manuten\u00e7\u00e3o.<\/span><\/td>\n<\/tr>\n<tr>\n<td colspan=\"4\">\n<h3><span style=\"font-family: arial, helvetica, sans-serif; font-size: 12pt;\"><a href=\"https:\/\/wp.ufpel.edu.br\/laburb\/\"><img loading=\"lazy\" decoding=\"async\" class=\"alignnone wp-image-560\" src=\"https:\/\/wp.ufpel.edu.br\/prograufaurb\/files\/2023\/12\/33-400x400.jpg\" alt=\"\" width=\"160\" height=\"160\" srcset=\"https:\/\/wp.ufpel.edu.br\/prograufaurb\/files\/2023\/12\/33-400x400.jpg 400w, https:\/\/wp.ufpel.edu.br\/prograufaurb\/files\/2023\/12\/33-1024x1024.jpg 1024w, https:\/\/wp.ufpel.edu.br\/prograufaurb\/files\/2023\/12\/33-200x200.jpg 200w, https:\/\/wp.ufpel.edu.br\/prograufaurb\/files\/2023\/12\/33-768x768.jpg 768w, https:\/\/wp.ufpel.edu.br\/prograufaurb\/files\/2023\/12\/33-600x600.jpg 600w, https:\/\/wp.ufpel.edu.br\/prograufaurb\/files\/2023\/12\/33-150x150.jpg 150w, https:\/\/wp.ufpel.edu.br\/prograufaurb\/files\/2023\/12\/33.jpg 1080w\" sizes=\"auto, (max-width: 160px) 100vw, 160px\" \/><\/a><\/span><\/h3>\n<\/td>\n<\/tr>\n<tr>\n<td colspan=\"4\">\n<h3><span style=\"font-family: arial, helvetica, sans-serif; font-size: 12pt;\"><a href=\"https:\/\/wp.ufpel.edu.br\/laburb\/\"><span style=\"color: #ff9900;\">Laborat\u00f3rio de Urbanismo (LABURB)<\/span><\/a><\/span><\/h3>\n<p><span style=\"font-family: arial, helvetica, sans-serif; font-size: 12pt; color: #000000;\">O Laborat\u00f3rio de Urbanismo da FAUrb \u2013 LabUrb pretende reunir e apoiar iniciativas e projetos comprometidos com o conhecimento sobre o urbanismo, em suas diversas escalas e possibilidades tem\u00e1ticas. As atividades de pesquisa est\u00e3o voltadas para estudos de teoria de urbanismo contempor\u00e2neo, morfologia, clima urbano, modelagem, cartografia, SIG, geocomputa\u00e7\u00e3o e recursos de visualiza\u00e7\u00e3o.<\/span><\/td>\n<\/tr>\n<tr>\n<td style=\"width: 1%;\" colspan=\"4\"><span style=\"font-family: arial, helvetica, sans-serif; font-size: 12pt;\"><a href=\"https:\/\/wp.ufpel.edu.br\/labcee\/\"><img loading=\"lazy\" decoding=\"async\" class=\"alignnone wp-image-558\" src=\"https:\/\/wp.ufpel.edu.br\/prograufaurb\/files\/2023\/12\/31-400x400.jpg\" alt=\"\" width=\"160\" height=\"160\" srcset=\"https:\/\/wp.ufpel.edu.br\/prograufaurb\/files\/2023\/12\/31-400x400.jpg 400w, https:\/\/wp.ufpel.edu.br\/prograufaurb\/files\/2023\/12\/31-1024x1024.jpg 1024w, https:\/\/wp.ufpel.edu.br\/prograufaurb\/files\/2023\/12\/31-200x200.jpg 200w, https:\/\/wp.ufpel.edu.br\/prograufaurb\/files\/2023\/12\/31-768x768.jpg 768w, https:\/\/wp.ufpel.edu.br\/prograufaurb\/files\/2023\/12\/31-600x600.jpg 600w, https:\/\/wp.ufpel.edu.br\/prograufaurb\/files\/2023\/12\/31-150x150.jpg 150w, https:\/\/wp.ufpel.edu.br\/prograufaurb\/files\/2023\/12\/31.jpg 1080w\" sizes=\"auto, (max-width: 160px) 100vw, 160px\" \/><\/a><\/span><\/td>\n<\/tr>\n<tr>\n<td style=\"width: 1%;\" colspan=\"4\">\n<h3><span style=\"font-family: arial, helvetica, sans-serif; font-size: 12pt;\"><a href=\"https:\/\/wp.ufpel.edu.br\/labcee\/\"><span style=\"color: #ff9900;\"><strong>Laborat\u00f3rio de Efici\u00eancia Energ\u00e9tica (LABCEE)<\/strong><\/span><\/a><\/span><\/h3>\n<p><span style=\"font-size: 12pt; font-family: arial, helvetica, sans-serif;\">O Laborat\u00f3rio de Conforto e Efici\u00eancia Energ\u00e9tica da FAURB\/UFPEL foi criado a partir de conv\u00eanio firmado entre a UFPEL e a Eletrobr\u00e1s (ECV 937\/03), com o objetivo de instrumentar o estudante e o profissional de arquitetura com os conhecimentos b\u00e1sicos relativos \u00e0s diversas \u00e1reas do Conforto no Ambiente Constru\u00eddo, atrav\u00e9s de experimentos, estudos pr\u00e1ticos e pesquisas, envolvendo os diversos aspectos do conforto ambiental.\u00a0<\/span><\/td>\n<\/tr>\n<tr>\n<td style=\"width: 1%;\" colspan=\"4\"><span style=\"font-family: arial, helvetica, sans-serif; font-size: 12pt;\"><a href=\"dgp.cnpq.br\/dgp\/espelhogrupo\/0259154441033081\"><img loading=\"lazy\" decoding=\"async\" class=\"alignnone wp-image-551\" src=\"https:\/\/wp.ufpel.edu.br\/prograufaurb\/files\/2023\/12\/24-400x400.jpg\" alt=\"\" width=\"160\" height=\"160\" srcset=\"https:\/\/wp.ufpel.edu.br\/prograufaurb\/files\/2023\/12\/24-400x400.jpg 400w, https:\/\/wp.ufpel.edu.br\/prograufaurb\/files\/2023\/12\/24-1024x1024.jpg 1024w, https:\/\/wp.ufpel.edu.br\/prograufaurb\/files\/2023\/12\/24-200x200.jpg 200w, https:\/\/wp.ufpel.edu.br\/prograufaurb\/files\/2023\/12\/24-768x768.jpg 768w, https:\/\/wp.ufpel.edu.br\/prograufaurb\/files\/2023\/12\/24-600x600.jpg 600w, https:\/\/wp.ufpel.edu.br\/prograufaurb\/files\/2023\/12\/24-150x150.jpg 150w, https:\/\/wp.ufpel.edu.br\/prograufaurb\/files\/2023\/12\/24.jpg 1080w\" sizes=\"auto, (max-width: 160px) 100vw, 160px\" \/><\/a><\/span><\/td>\n<\/tr>\n<tr>\n<td style=\"width: 1%;\" colspan=\"4\">\n<h3><span style=\"font-family: arial, helvetica, sans-serif; font-size: 12pt;\"><a href=\"http:\/\/dgp.cnpq.br\/dgp\/espelhogrupo\/0259154441033081\"><span style=\"color: #ff9900;\"><strong>Arquitetura,<b>\u00a0Urbanidade e Cidadania na Sau\u0301de<\/b> (AUCS)<\/strong><\/span><\/a><\/span><\/h3>\n<p><span style=\"font-family: arial, helvetica, sans-serif; font-size: 12pt;\">O Grupo de Estudos tem como objetivo desenvolver pesquisas voltadas a\u0300s pra\u0301ticas de ensino por meio de metodologias participativas coletivas e discusso\u0303es sobre problema\u0301ticas vivenciadas por profissionais em espac\u0327os\/edificac\u0327o\u0303es de sau\u0301de, incentivando a troca de saberes, por meio da interdisciplinaridade e da internacionalizac\u0327a\u0303o como ferramenta de disseminac\u0327a\u0303o do conhecimento produzido, contribuindo para o melhoramento das condic\u0327o\u0303es de sau\u0301de para as pessoas, e, promovendo a cidadania.<\/span><\/td>\n<\/tr>\n<tr>\n<td style=\"width: 1%;\" colspan=\"4\"><span style=\"font-family: arial, helvetica, sans-serif; font-size: 12pt;\"><a href=\"https:\/\/wp.ufpel.edu.br\/naurb\/\"><img loading=\"lazy\" decoding=\"async\" class=\"alignnone wp-image-554\" src=\"https:\/\/wp.ufpel.edu.br\/prograufaurb\/files\/2023\/12\/27-400x400.jpg\" alt=\"\" width=\"160\" height=\"160\" srcset=\"https:\/\/wp.ufpel.edu.br\/prograufaurb\/files\/2023\/12\/27-400x400.jpg 400w, https:\/\/wp.ufpel.edu.br\/prograufaurb\/files\/2023\/12\/27-1024x1024.jpg 1024w, https:\/\/wp.ufpel.edu.br\/prograufaurb\/files\/2023\/12\/27-200x200.jpg 200w, https:\/\/wp.ufpel.edu.br\/prograufaurb\/files\/2023\/12\/27-768x768.jpg 768w, https:\/\/wp.ufpel.edu.br\/prograufaurb\/files\/2023\/12\/27-600x600.jpg 600w, https:\/\/wp.ufpel.edu.br\/prograufaurb\/files\/2023\/12\/27-150x150.jpg 150w, https:\/\/wp.ufpel.edu.br\/prograufaurb\/files\/2023\/12\/27.jpg 1080w\" sizes=\"auto, (max-width: 160px) 100vw, 160px\" \/><\/a><\/span><\/td>\n<\/tr>\n<tr>\n<td style=\"width: 1%;\" colspan=\"4\">\n<h3><span style=\"font-family: arial, helvetica, sans-serif; font-size: 12pt;\"><a href=\"https:\/\/wp.ufpel.edu.br\/naurb\/\"><span style=\"color: #ff9900;\"><strong>N\u00facleo de Pesquisa em Arquitetura e Urbanismo (NAURB)<\/strong><\/span><\/a><\/span><\/h3>\n<p><span style=\"font-family: arial, helvetica, sans-serif; font-size: 12pt; color: #000000;\">O laborat\u00f3rio NAUrb desenvolve projetos de pesquisa, ensino e extens\u00e3o na \u00e1rea de ensino de arquitetura, envolvendo os temas rela\u00e7\u00f5es Ambiente- Comportamento e Habita\u00e7\u00e3o de Interesse Social.<\/span><\/td>\n<\/tr>\n<tr>\n<td style=\"width: 1%;\" colspan=\"4\"><span style=\"font-family: arial, helvetica, sans-serif; font-size: 12pt;\"><a href=\"https:\/\/wp.ufpel.edu.br\/linse\/\"><img loading=\"lazy\" decoding=\"async\" class=\"alignnone wp-image-555\" src=\"https:\/\/wp.ufpel.edu.br\/prograufaurb\/files\/2023\/12\/28-400x400.jpg\" alt=\"\" width=\"160\" height=\"160\" srcset=\"https:\/\/wp.ufpel.edu.br\/prograufaurb\/files\/2023\/12\/28-400x400.jpg 400w, https:\/\/wp.ufpel.edu.br\/prograufaurb\/files\/2023\/12\/28-1024x1024.jpg 1024w, https:\/\/wp.ufpel.edu.br\/prograufaurb\/files\/2023\/12\/28-200x200.jpg 200w, https:\/\/wp.ufpel.edu.br\/prograufaurb\/files\/2023\/12\/28-768x768.jpg 768w, https:\/\/wp.ufpel.edu.br\/prograufaurb\/files\/2023\/12\/28-600x600.jpg 600w, https:\/\/wp.ufpel.edu.br\/prograufaurb\/files\/2023\/12\/28-150x150.jpg 150w, https:\/\/wp.ufpel.edu.br\/prograufaurb\/files\/2023\/12\/28.jpg 1080w\" sizes=\"auto, (max-width: 160px) 100vw, 160px\" \/><\/a><\/span><\/td>\n<\/tr>\n<tr>\n<td style=\"width: 1%;\" colspan=\"4\">\n<h3><span style=\"font-family: arial, helvetica, sans-serif; font-size: 12pt;\"><a href=\"https:\/\/wp.ufpel.edu.br\/linse\/\"><span style=\"color: #ff9900;\"><strong>Laborat\u00f3rio de Estudos Comportamentais (LINSE)<\/strong><\/span><\/a><\/span><\/h3>\n<p><span style=\"font-family: arial, helvetica, sans-serif; font-size: 12pt; color: #000000;\">O LINSE | UFPel foi criado na estrutura da UFPel em 2012, e desde 2014, \u00e9 um Organismo de Inspe\u00e7\u00e3o Acreditado pela CGCRE do INMETRO para emitir a ENCE &#8211; Etiqueta Nacional de Conserva\u00e7\u00e3o de Energia para edifica\u00e7\u00f5es Comercias, de Servi\u00e7os e P\u00fablicas no pa\u00eds, bem como desenvolve outros servi\u00e7os relacionados a efici\u00eancia energ\u00e9tica em edifica\u00e7\u00f5es.<\/span><\/td>\n<\/tr>\n<\/tbody>\n<\/table>\n<p>&nbsp;<\/p>\n<p>&nbsp;<\/p>\n<p>&nbsp;<\/p>\n<p>&nbsp;<\/p>\n","protected":false},"excerpt":{"rendered":"<p>N\u00facleo de Estudos de Arquitetura Brasileira (NEAB) O N\u00facleo de Estudos de Arquitetura Brasileira (NEAB) foi institu\u00eddo atrav\u00e9s da Portaria n\u00ba 736\/1992 da UFPel. O NEAB desenvolve atividades de ensino, pesquisa e extens\u00e3o voltadas \u00e0 preserva\u00e7\u00e3o do patrim\u00f4nio cultural da regi\u00e3o sul do Rio Grande do Sul. Essas atividades tiveram in\u00edcio na d\u00e9cada de 1980, [&hellip;]<\/p>\n","protected":false},"author":1345,"featured_media":0,"parent":0,"menu_order":0,"comment_status":"closed","ping_status":"closed","template":"","meta":{"footnotes":""},"class_list":["post-152","page","type-page","status-publish","hentry"],"_links":{"self":[{"href":"https:\/\/wp.ufpel.edu.br\/prograufaurb\/wp-json\/wp\/v2\/pages\/152","targetHints":{"allow":["GET"]}}],"collection":[{"href":"https:\/\/wp.ufpel.edu.br\/prograufaurb\/wp-json\/wp\/v2\/pages"}],"about":[{"href":"https:\/\/wp.ufpel.edu.br\/prograufaurb\/wp-json\/wp\/v2\/types\/page"}],"author":[{"embeddable":true,"href":"https:\/\/wp.ufpel.edu.br\/prograufaurb\/wp-json\/wp\/v2\/users\/1345"}],"replies":[{"embeddable":true,"href":"https:\/\/wp.ufpel.edu.br\/prograufaurb\/wp-json\/wp\/v2\/comments?post=152"}],"version-history":[{"count":47,"href":"https:\/\/wp.ufpel.edu.br\/prograufaurb\/wp-json\/wp\/v2\/pages\/152\/revisions"}],"predecessor-version":[{"id":1442,"href":"https:\/\/wp.ufpel.edu.br\/prograufaurb\/wp-json\/wp\/v2\/pages\/152\/revisions\/1442"}],"wp:attachment":[{"href":"https:\/\/wp.ufpel.edu.br\/prograufaurb\/wp-json\/wp\/v2\/media?parent=152"}],"curies":[{"name":"wp","href":"https:\/\/api.w.org\/{rel}","templated":true}]}}