{"id":150,"date":"2023-11-28T12:34:23","date_gmt":"2023-11-28T15:34:23","guid":{"rendered":"https:\/\/wp.ufpel.edu.br\/prograufaurb\/?page_id=150"},"modified":"2026-03-27T09:49:31","modified_gmt":"2026-03-27T12:49:31","slug":"colegiado","status":"publish","type":"page","link":"https:\/\/wp.ufpel.edu.br\/prograufaurb\/colegiado\/","title":{"rendered":"colegiado"},"content":{"rendered":"<p><span style=\"font-family: arial, helvetica, sans-serif; font-size: 12pt;\">O Colegiado \u00e9 composto pela Coordenadora do Programa, pela Coordenadora Adjunta, por dois professor@s permanentes representantes de cada Linha de Pesquisa e pela representa\u00e7\u00e3o discente, conforme<strong><a href=\"https:\/\/wp.ufpel.edu.br\/prograufaurb\/files\/2025\/10\/SEI_3191655_Portaria_Interna_31.pdf\" target=\"_blank\" rel=\"noopener\"> <span style=\"color: #ff9900;\">Portaria<\/span><\/a>.<\/strong><\/span><\/p>\n<p><span style=\"color: #ff9900;\"><strong><span style=\"font-family: arial, helvetica, sans-serif; font-size: 12pt;\">coordena\u00e7\u00e3o<\/span><\/strong><\/span><\/p>\n<p><span style=\"font-family: arial, helvetica, sans-serif; font-size: 12pt;\">Profa. Dra. Celina Maria Britto Correa<\/span><\/p>\n<p><span style=\"color: #ff9900;\"><strong><span style=\"font-family: arial, helvetica, sans-serif; font-size: 12pt;\">coordena\u00e7\u00e3o adjunta<\/span><\/strong><\/span><\/p>\n<p><span style=\"font-family: arial, helvetica, sans-serif; font-size: 12pt;\">Profa. Dra. Natalia Naoumova<\/span><\/p>\n<p><span style=\"font-family: arial, helvetica, sans-serif; font-size: 12pt; color: #ff9900;\"><b>representa\u00e7\u00e3o discente mestrado<\/b><\/span><\/p>\n<p style=\"text-align: left;\"><span style=\"font-family: arial, helvetica, sans-serif; font-size: 12pt;\">L\u00edvia Marques Boyle<\/span><\/p>\n<p><span style=\"font-family: arial, helvetica, sans-serif; font-size: 12pt;\">Suplente: Camila Canilhas Campelo<\/span><\/p>\n<p><span style=\"font-family: arial, helvetica, sans-serif; font-size: 12pt; color: #ff9900;\"><b>representa\u00e7\u00e3o discente doutorado<\/b><\/span><\/p>\n<p><span style=\"font-family: arial, helvetica, sans-serif; font-size: 12pt;\">Liege Dias Lannes Soares<\/span><\/p>\n<p><span style=\"font-family: arial, helvetica, sans-serif; font-size: 12pt;\">Suplente: Daniele Behling Luckow<\/span><\/p>\n<p style=\"text-align: left;\"><strong><span style=\"color: #ff9900;\"><a style=\"color: #ff9900;\" href=\"https:\/\/wp.ufpel.edu.br\/prograufaurb\/cidade-e-sociedade\/\"><span style=\"font-family: arial, helvetica, sans-serif; font-size: 12pt;\">1. cidade e sociedade<\/span><\/a><\/span><\/strong><\/p>\n<p style=\"text-align: left;\"><span style=\"font-family: arial, helvetica, sans-serif; font-size: 12pt;\">Prof. Dr. Eduardo Rocha<\/span><\/p>\n<p style=\"text-align: left;\"><span style=\"font-family: arial, helvetica, sans-serif; font-size: 12pt;\">Profa. Dra. Lisandra Fachinello Krebs<\/span><\/p>\n<p style=\"text-align: left;\"><span style=\"font-family: arial, helvetica, sans-serif; font-size: 12pt;\">Suplente: Prof. Dr. Olavo Avalone Neto<\/span><\/p>\n<p style=\"text-align: left;\"><span style=\"color: #ff9900;\"><a style=\"color: #ff9900;\" href=\"https:\/\/wp.ufpel.edu.br\/prograufaurb\/teoria-e-patrimonio-cultural\/\"><span style=\"font-family: arial, helvetica, sans-serif; font-size: 12pt;\"><b>2. teoria e patrim\u00f4nio cultural<\/b><\/span><\/a><\/span><\/p>\n<p style=\"text-align: left;\"><span style=\"font-family: arial, helvetica, sans-serif; font-size: 12pt;\">Profa. Dra. Adriane Borda Almeida da Silva<\/span><\/p>\n<p style=\"text-align: left;\"><span style=\"font-family: arial, helvetica, sans-serif; font-size: 12pt;\">Profa. Dra. Aline Montagna da Silveira<\/span><\/p>\n<p style=\"text-align: left;\"><span style=\"font-family: arial, helvetica, sans-serif; font-size: 12pt;\">Suplente: C\u00e9lia Helena Castro Gonsales<\/span><\/p>\n<p style=\"text-align: left;\"><span style=\"color: #ff9900;\"><a style=\"color: #ff9900;\" href=\"https:\/\/wp.ufpel.edu.br\/prograufaurb\/arquitetura-e-tecnologia\/\"><span style=\"font-family: arial, helvetica, sans-serif; font-size: 12pt;\"><b>3. arquitetura e tecnologia<\/b><\/span><\/a><\/span><\/p>\n<p style=\"text-align: left;\"><span style=\"font-family: arial, helvetica, sans-serif; font-size: 12pt;\">Prof. Dr. Lu\u00eds Ant\u00f4nio dos Santos Franz<\/span><\/p>\n<p style=\"text-align: left;\"><span style=\"font-family: arial, helvetica, sans-serif; font-size: 12pt;\">Prof. Dr. F\u00e1bio Kellermann Schramm<\/span><\/p>\n<p><span style=\"font-family: arial, helvetica, sans-serif; font-size: 12pt;\">Suplente: Janice de Freitas Pires<\/span><\/p>\n","protected":false},"excerpt":{"rendered":"<p>O Colegiado \u00e9 composto pela Coordenadora do Programa, pela Coordenadora Adjunta, por dois professor@s permanentes representantes de cada Linha de Pesquisa e pela representa\u00e7\u00e3o discente, conforme Portaria. coordena\u00e7\u00e3o Profa. Dra. Celina Maria Britto Correa coordena\u00e7\u00e3o adjunta Profa. Dra. Natalia Naoumova representa\u00e7\u00e3o discente mestrado L\u00edvia Marques Boyle Suplente: Camila Canilhas Campelo representa\u00e7\u00e3o discente doutorado Liege Dias [&hellip;]<\/p>\n","protected":false},"author":1345,"featured_media":0,"parent":0,"menu_order":0,"comment_status":"closed","ping_status":"closed","template":"","meta":{"footnotes":""},"class_list":["post-150","page","type-page","status-publish","hentry"],"_links":{"self":[{"href":"https:\/\/wp.ufpel.edu.br\/prograufaurb\/wp-json\/wp\/v2\/pages\/150","targetHints":{"allow":["GET"]}}],"collection":[{"href":"https:\/\/wp.ufpel.edu.br\/prograufaurb\/wp-json\/wp\/v2\/pages"}],"about":[{"href":"https:\/\/wp.ufpel.edu.br\/prograufaurb\/wp-json\/wp\/v2\/types\/page"}],"author":[{"embeddable":true,"href":"https:\/\/wp.ufpel.edu.br\/prograufaurb\/wp-json\/wp\/v2\/users\/1345"}],"replies":[{"embeddable":true,"href":"https:\/\/wp.ufpel.edu.br\/prograufaurb\/wp-json\/wp\/v2\/comments?post=150"}],"version-history":[{"count":4,"href":"https:\/\/wp.ufpel.edu.br\/prograufaurb\/wp-json\/wp\/v2\/pages\/150\/revisions"}],"predecessor-version":[{"id":3409,"href":"https:\/\/wp.ufpel.edu.br\/prograufaurb\/wp-json\/wp\/v2\/pages\/150\/revisions\/3409"}],"wp:attachment":[{"href":"https:\/\/wp.ufpel.edu.br\/prograufaurb\/wp-json\/wp\/v2\/media?parent=150"}],"curies":[{"name":"wp","href":"https:\/\/api.w.org\/{rel}","templated":true}]}}