{"id":134,"date":"2023-11-28T11:38:39","date_gmt":"2023-11-28T14:38:39","guid":{"rendered":"https:\/\/wp.ufpel.edu.br\/prograufaurb\/?page_id=134"},"modified":"2024-04-29T14:09:36","modified_gmt":"2024-04-29T17:09:36","slug":"historico","status":"publish","type":"page","link":"https:\/\/wp.ufpel.edu.br\/prograufaurb\/historico\/","title":{"rendered":"hist\u00f3rico"},"content":{"rendered":"<p><span style=\"font-weight: 400; font-family: arial, helvetica, sans-serif; font-size: 12pt;\">O Programa de P\u00f3s-Gradua\u00e7\u00e3o em Arquitetura e Urbanismo da Universidade Federal de Pelotas foi <strong><span style=\"color: #ff9900;\">credenciado pela CAPES em 2007<\/span> <\/strong>e <strong><span style=\"color: #ff9900;\">iniciou suas atividades em Agosto de 2008<\/span><\/strong>, selecionando naquele ano sua primeira turma para o mestrado.<\/span><\/p>\n<p><span style=\"font-weight: 400; font-family: arial, helvetica, sans-serif; font-size: 12pt;\">Na Avalia\u00e7\u00e3o Quadrienal 2013-2016 realizada pela Comiss\u00e3o de Avalia\u00e7\u00e3o da CAPES, foi atribu\u00eddo conceito Muito Bom \u00e0 proposta do curso de Mestrado do PROGRAU, identificando que \u201ca estrutura do programa manifesta integral articula\u00e7\u00e3o entre as duas \u00e1reas de concentra\u00e7\u00e3o, as linhas de pesquisa, projetos em andamento e proposta curricular\u201d, evidenciando sua maturidade para se habilitar a responder a mais uma forte demanda da regi\u00e3o: a cria\u00e7\u00e3o do Curso de Doutorado em Arquitetura e Urbanismo.\u00a0<\/span><\/p>\n<p class=\"p1\">No come\u00e7o do ano de\u00a0<span class=\"s1\" style=\"color: #ff9900;\"><b>2023 foi aprovada a proposta de doutorado<\/b><\/span>\u00a0na Capes. Uma conquista important\u00edssima para o PROGRAU e o resultado de um trabalho continuado ao longo de 15 anos que construiu um\u00a0\u00a0uma excel\u00eancia na sua produ\u00e7\u00e3o cient\u00edfica, conquistando a nota 5 no \u00faltimo quadri\u00eanio de avalia\u00e7\u00e3o da Capes. Al\u00e9m disso o programa possui um corpo de professores muito qualificado e produtivo e que atua tanto na pesquisa como na extens\u00e3o com projetos de grande impacto regional, nacional e internacional. Em dezembro de<span class=\"s1\"><b>\u00a0<\/b><\/span><a href=\"https:\/\/wp.ufpel.edu.br\/prograufaurb\/files\/2023\/12\/SU%25CC%2581MULA-DE-PARECERES-SU%25CC%2581MULA-DE-PARECERES-DOU-Imprensa-Nacional.pdf\"><span class=\"s1\"><b><span style=\"color: #ff9900;\">2023 foi autorizado o funcionamento do doutorado<\/span><\/b><\/span><\/a>\u00a0pelo Conselho Nacional de Educa\u00e7\u00e3o.<\/p>\n<p><span style=\"color: #ff9900;\"><strong><a style=\"color: #ff9900;\" href=\"https:\/\/photos.app.goo.gl\/qqUkoQz1Yn1JkEA2A\">Clique aqui para ver um \u00e1lbum com fotos hist\u00f3ricas do PROGRAU<\/a><\/strong><\/span><\/p>\n<div style=\"width: 640px;\" class=\"wp-video\"><video class=\"wp-video-shortcode\" id=\"video-134-1\" width=\"640\" height=\"360\" autoplay preload=\"auto\" controls=\"controls\"><source type=\"video\/mp4\" src=\"https:\/\/wp.ufpel.edu.br\/prograufaurb\/files\/2023\/12\/PROGRAU-histo\u0301ria-SD-480p.mp4?_=1\" \/><a href=\"https:\/\/wp.ufpel.edu.br\/prograufaurb\/files\/2023\/12\/PROGRAU-histo\u0301ria-SD-480p.mp4\">https:\/\/wp.ufpel.edu.br\/prograufaurb\/files\/2023\/12\/PROGRAU-histo\u0301ria-SD-480p.mp4<\/a><\/video><\/div>\n","protected":false},"excerpt":{"rendered":"<p>O Programa de P\u00f3s-Gradua\u00e7\u00e3o em Arquitetura e Urbanismo da Universidade Federal de Pelotas foi credenciado pela CAPES em 2007 e iniciou suas atividades em Agosto de 2008, selecionando naquele ano sua primeira turma para o mestrado. Na Avalia\u00e7\u00e3o Quadrienal 2013-2016 realizada pela Comiss\u00e3o de Avalia\u00e7\u00e3o da CAPES, foi atribu\u00eddo conceito Muito Bom \u00e0 proposta do [&hellip;]<\/p>\n","protected":false},"author":1345,"featured_media":0,"parent":0,"menu_order":0,"comment_status":"closed","ping_status":"closed","template":"","meta":{"footnotes":""},"class_list":["post-134","page","type-page","status-publish","hentry"],"_links":{"self":[{"href":"https:\/\/wp.ufpel.edu.br\/prograufaurb\/wp-json\/wp\/v2\/pages\/134","targetHints":{"allow":["GET"]}}],"collection":[{"href":"https:\/\/wp.ufpel.edu.br\/prograufaurb\/wp-json\/wp\/v2\/pages"}],"about":[{"href":"https:\/\/wp.ufpel.edu.br\/prograufaurb\/wp-json\/wp\/v2\/types\/page"}],"author":[{"embeddable":true,"href":"https:\/\/wp.ufpel.edu.br\/prograufaurb\/wp-json\/wp\/v2\/users\/1345"}],"replies":[{"embeddable":true,"href":"https:\/\/wp.ufpel.edu.br\/prograufaurb\/wp-json\/wp\/v2\/comments?post=134"}],"version-history":[{"count":14,"href":"https:\/\/wp.ufpel.edu.br\/prograufaurb\/wp-json\/wp\/v2\/pages\/134\/revisions"}],"predecessor-version":[{"id":1601,"href":"https:\/\/wp.ufpel.edu.br\/prograufaurb\/wp-json\/wp\/v2\/pages\/134\/revisions\/1601"}],"wp:attachment":[{"href":"https:\/\/wp.ufpel.edu.br\/prograufaurb\/wp-json\/wp\/v2\/media?parent=134"}],"curies":[{"name":"wp","href":"https:\/\/api.w.org\/{rel}","templated":true}]}}