{"id":105,"date":"2023-11-28T11:17:16","date_gmt":"2023-11-28T14:17:16","guid":{"rendered":"https:\/\/wp.ufpel.edu.br\/prograufaurb\/?page_id=105"},"modified":"2025-08-05T09:29:47","modified_gmt":"2025-08-05T12:29:47","slug":"contato","status":"publish","type":"page","link":"https:\/\/wp.ufpel.edu.br\/prograufaurb\/contato\/","title":{"rendered":"contato"},"content":{"rendered":"<p><span style=\"font-size: 12pt; font-family: arial, helvetica, sans-serif;\"><span style=\"color: #ff9900;\"><strong>Coordena\u00e7\u00e3o do PROGRAU<br \/>\n<\/strong><\/span>Profa. Dra. Celina Maria Britto Correa \u2013 Coordenadora<\/span><br \/>\n<span style=\"font-size: 12pt; font-family: arial, helvetica, sans-serif;\"><a href=\"celinabrittocorrea@gmail.com\">celinabrittocorrea@gmail.com<\/a><\/span><br \/>\n<span style=\"font-size: 12pt; font-family: arial, helvetica, sans-serif;\">Profa. Dra. Natalia Naoumova \u2013 Coordenadora adjunta<\/span><br \/>\n<span style=\"font-size: 12pt; font-family: arial, helvetica, sans-serif;\"><a href=\"naoumova@gmail.com\">naoumova@gmail.com<\/a><\/span><\/p>\n<p><span style=\"font-size: 12pt; font-family: arial, helvetica, sans-serif; color: #ff9900;\"><strong>Secretaria do PROGRAU<\/strong><\/span><br \/>\n<span style=\"font-size: 16px; font-family: arial, helvetica, sans-serif;\">Cristiane Dittgen Miritz<\/span><br \/>\n<span style=\"font-size: 12pt; font-family: arial, helvetica, sans-serif;\"><a href=\"mailto:prograu.ufpel@gmail.com\">prograu.ufpel@gmail.com<\/a><\/span><\/p>\n<p><span style=\"font-size: 12pt; font-family: arial, helvetica, sans-serif;\">R\u00f3ger Chalmes Braga<\/span><br \/>\n<span style=\"font-size: 12pt; font-family: arial, helvetica, sans-serif;\"><a href=\"mailto:prograu.ufpel@gmail.com\">prograu.ufpel@gmail.com<\/a><\/span><\/p>\n<p><span style=\"font-size: 12pt; font-family: arial, helvetica, sans-serif; color: #ff9900;\"><strong>Programa de P\u00f3s-Gradua\u00e7\u00e3o em Arquitetura e Urbanismo<\/strong><\/span><br \/>\n<span style=\"font-size: 12pt; font-family: arial, helvetica, sans-serif;\">Faculdade de Arquitetura e Urbanismo<\/span><br \/>\n<span style=\"font-size: 12pt; font-family: arial, helvetica, sans-serif;\">Universidade Federal de Pelotas<\/span><br \/>\n<span style=\"font-size: 12pt; font-family: arial, helvetica, sans-serif;\">Rua Benjamin Constant, n. 1359<\/span><br \/>\n<span style=\"font-size: 12pt; font-family: arial, helvetica, sans-serif;\">Pelotas\/ Rio Grande do Sul\/ Brasil<\/span><br \/>\n<span style=\"font-size: 12pt; font-family: arial, helvetica, sans-serif;\">CEP: 96010-020<\/span><br \/>\n<span style=\"font-size: 12pt; font-family: arial, helvetica, sans-serif;\">Telefone: +55 53 32845511<\/span><\/p>\n<p><iframe loading=\"lazy\" src=\"https:\/\/www.google.com\/maps\/d\/embed?mid=1b7uy3ySvqjjbXoajjXwSszn1_eYPoyM&amp;ehbc=2E312F&amp;noprof=1\" width=\"640\" height=\"480\"><\/iframe><\/p>\n","protected":false},"excerpt":{"rendered":"<p>Coordena\u00e7\u00e3o do PROGRAU Profa. Dra. Celina Maria Britto Correa \u2013 Coordenadora celinabrittocorrea@gmail.com Profa. Dra. Natalia Naoumova \u2013 Coordenadora adjunta naoumova@gmail.com Secretaria do PROGRAU Cristiane Dittgen Miritz prograu.ufpel@gmail.com R\u00f3ger Chalmes Braga prograu.ufpel@gmail.com Programa de P\u00f3s-Gradua\u00e7\u00e3o em Arquitetura e Urbanismo Faculdade de Arquitetura e Urbanismo Universidade Federal de Pelotas Rua Benjamin Constant, n. 1359 Pelotas\/ Rio Grande [&hellip;]<\/p>\n","protected":false},"author":1345,"featured_media":0,"parent":0,"menu_order":0,"comment_status":"closed","ping_status":"closed","template":"","meta":{"footnotes":""},"class_list":["post-105","page","type-page","status-publish","hentry"],"_links":{"self":[{"href":"https:\/\/wp.ufpel.edu.br\/prograufaurb\/wp-json\/wp\/v2\/pages\/105","targetHints":{"allow":["GET"]}}],"collection":[{"href":"https:\/\/wp.ufpel.edu.br\/prograufaurb\/wp-json\/wp\/v2\/pages"}],"about":[{"href":"https:\/\/wp.ufpel.edu.br\/prograufaurb\/wp-json\/wp\/v2\/types\/page"}],"author":[{"embeddable":true,"href":"https:\/\/wp.ufpel.edu.br\/prograufaurb\/wp-json\/wp\/v2\/users\/1345"}],"replies":[{"embeddable":true,"href":"https:\/\/wp.ufpel.edu.br\/prograufaurb\/wp-json\/wp\/v2\/comments?post=105"}],"version-history":[{"count":9,"href":"https:\/\/wp.ufpel.edu.br\/prograufaurb\/wp-json\/wp\/v2\/pages\/105\/revisions"}],"predecessor-version":[{"id":2872,"href":"https:\/\/wp.ufpel.edu.br\/prograufaurb\/wp-json\/wp\/v2\/pages\/105\/revisions\/2872"}],"wp:attachment":[{"href":"https:\/\/wp.ufpel.edu.br\/prograufaurb\/wp-json\/wp\/v2\/media?parent=105"}],"curies":[{"name":"wp","href":"https:\/\/api.w.org\/{rel}","templated":true}]}}