{"id":87,"date":"2022-03-08T23:55:08","date_gmt":"2022-03-09T02:55:08","guid":{"rendered":"https:\/\/wp.ufpel.edu.br\/programometro\/?page_id=87"},"modified":"2022-03-09T00:05:44","modified_gmt":"2022-03-09T03:05:44","slug":"canais-de-comunicacao","status":"publish","type":"page","link":"https:\/\/wp.ufpel.edu.br\/programometro\/canais-de-comunicacao\/","title":{"rendered":"Canais de comunica\u00e7\u00e3o"},"content":{"rendered":"<figure id=\"attachment_91\" aria-describedby=\"caption-attachment-91\" style=\"width: 400px\" class=\"wp-caption alignnone\"><img loading=\"lazy\" decoding=\"async\" class=\"wp-image-91 size-medium\" src=\"https:\/\/wp.ufpel.edu.br\/programometro\/files\/2022\/03\/teletrabalho-live-26-400x400.png\" alt=\"\" width=\"400\" height=\"400\" srcset=\"https:\/\/wp.ufpel.edu.br\/programometro\/files\/2022\/03\/teletrabalho-live-26-400x400.png 400w, https:\/\/wp.ufpel.edu.br\/programometro\/files\/2022\/03\/teletrabalho-live-26-1024x1024.png 1024w, https:\/\/wp.ufpel.edu.br\/programometro\/files\/2022\/03\/teletrabalho-live-26-200x200.png 200w, https:\/\/wp.ufpel.edu.br\/programometro\/files\/2022\/03\/teletrabalho-live-26-768x768.png 768w, https:\/\/wp.ufpel.edu.br\/programometro\/files\/2022\/03\/teletrabalho-live-26.png 1421w\" sizes=\"auto, (max-width: 400px) 100vw, 400px\" \/><figcaption id=\"caption-attachment-91\" class=\"wp-caption-text\">Card para divulga\u00e7\u00e3o da live sobre o Teletrabalho.<\/figcaption><\/figure>\n<div style=\"width: 660px;\" class=\"wp-video\"><video class=\"wp-video-shortcode\" id=\"video-87-1\" width=\"660\" height=\"660\" preload=\"metadata\" controls=\"controls\"><source type=\"video\/mp4\" src=\"https:\/\/wp.ufpel.edu.br\/programometro\/files\/2022\/03\/mostra-de-cursos-2021.mp4?_=1\" \/><a href=\"https:\/\/wp.ufpel.edu.br\/programometro\/files\/2022\/03\/mostra-de-cursos-2021.mp4\">https:\/\/wp.ufpel.edu.br\/programometro\/files\/2022\/03\/mostra-de-cursos-2021.mp4<\/a><\/video><\/div>\n<p>&nbsp;<\/p>\n<p><span data-sheets-value=\"{&quot;1&quot;:2,&quot;2&quot;:&quot;26. Aperfei\u00e7oar os processos e canais de comunica\u00e7\u00e3o com os p\u00fablicos externos (local, regional, nacional, internacional, egressos, aposentados, novos estudantes), implementando estrat\u00e9gias de divulga\u00e7\u00e3o e comunica\u00e7\u00e3o de todas as a\u00e7\u00f5es desenvolvidas e propostas pela Universidade, oportunizando maior pertencimento \u00e0 UFPel.&quot;}\" data-sheets-userformat=\"{&quot;2&quot;:10557,&quot;3&quot;:{&quot;1&quot;:0,&quot;3&quot;:1},&quot;5&quot;:{&quot;1&quot;:[{&quot;1&quot;:2,&quot;2&quot;:0,&quot;5&quot;:{&quot;1&quot;:2,&quot;2&quot;:8355711}},{&quot;1&quot;:0,&quot;2&quot;:0,&quot;3&quot;:3},{&quot;1&quot;:1,&quot;2&quot;:0,&quot;4&quot;:1}]},&quot;6&quot;:{&quot;1&quot;:[{&quot;1&quot;:2,&quot;2&quot;:0,&quot;5&quot;:{&quot;1&quot;:2,&quot;2&quot;:8355711}},{&quot;1&quot;:0,&quot;2&quot;:0,&quot;3&quot;:3},{&quot;1&quot;:1,&quot;2&quot;:0,&quot;4&quot;:1}]},&quot;7&quot;:{&quot;1&quot;:[{&quot;1&quot;:2,&quot;2&quot;:0,&quot;5&quot;:{&quot;1&quot;:2,&quot;2&quot;:8355711}},{&quot;1&quot;:0,&quot;2&quot;:0,&quot;3&quot;:3},{&quot;1&quot;:1,&quot;2&quot;:0,&quot;4&quot;:1}]},&quot;8&quot;:{&quot;1&quot;:[{&quot;1&quot;:2,&quot;2&quot;:0,&quot;5&quot;:{&quot;1&quot;:2,&quot;2&quot;:8355711}},{&quot;1&quot;:0,&quot;2&quot;:0,&quot;3&quot;:3},{&quot;1&quot;:1,&quot;2&quot;:0,&quot;4&quot;:1}]},&quot;11&quot;:4,&quot;14&quot;:{&quot;1&quot;:3,&quot;3&quot;:1},&quot;16&quot;:11}\">Variadas foram as a\u00e7\u00f5es ao longo de 2021 para aperfei\u00e7oar os processos e canais de comunica\u00e7\u00e3o com os p\u00fablicos externos (local, regional, nacional, internacional, egressos, aposentados, novos estudantes). Nesse sentido, foram implementadas estrat\u00e9gias de divulga\u00e7\u00e3o e comunica\u00e7\u00e3o para as a\u00e7\u00f5es desenvolvidas e propostas pela Universidade, oportunizando maior pertencimento \u00e0 UFPel.<\/span><\/p>\n<p>Para isso, houve um intensifica\u00e7\u00e3o no uso das redes sociais oficiais da UFPel, com um aumento no n\u00famero de postagens acerca de assuntos sobre ensino, pesquisa e extens\u00e3o.<\/p>\n<p>Como exemplo, o n\u00famero de postagens no Instagram aumento mais 350% em rela\u00e7\u00e3o ao ano de 2020. Tamb\u00e9m foram criadas novas estrat\u00e9gias dentro das m\u00eddias sociais para divulga\u00e7\u00e3o de editais que, normalmente, eram tratados apenas no site na sec\u00e7\u00e3o espec\u00edfica para suas publica\u00e7\u00f5es. Com isso, aumentamos a abrang\u00eancia das informa\u00e7\u00f5es.<\/p>\n","protected":false},"excerpt":{"rendered":"<p>&nbsp; Variadas foram as a\u00e7\u00f5es ao longo de 2021 para aperfei\u00e7oar os processos e canais de comunica\u00e7\u00e3o com os p\u00fablicos externos (local, regional, nacional, internacional, egressos, aposentados, novos estudantes). Nesse sentido, foram implementadas estrat\u00e9gias de divulga\u00e7\u00e3o e comunica\u00e7\u00e3o para as a\u00e7\u00f5es desenvolvidas e propostas pela Universidade, oportunizando maior pertencimento \u00e0 UFPel. Para isso, houve um &hellip; <a href=\"https:\/\/wp.ufpel.edu.br\/programometro\/canais-de-comunicacao\/\" class=\"more-link\">Continuar lendo <span class=\"screen-reader-text\">Canais de comunica\u00e7\u00e3o<\/span><\/a><\/p>\n","protected":false},"author":1143,"featured_media":0,"parent":0,"menu_order":0,"comment_status":"closed","ping_status":"closed","template":"","meta":{"footnotes":""},"class_list":["post-87","page","type-page","status-publish","hentry"],"_links":{"self":[{"href":"https:\/\/wp.ufpel.edu.br\/programometro\/wp-json\/wp\/v2\/pages\/87","targetHints":{"allow":["GET"]}}],"collection":[{"href":"https:\/\/wp.ufpel.edu.br\/programometro\/wp-json\/wp\/v2\/pages"}],"about":[{"href":"https:\/\/wp.ufpel.edu.br\/programometro\/wp-json\/wp\/v2\/types\/page"}],"author":[{"embeddable":true,"href":"https:\/\/wp.ufpel.edu.br\/programometro\/wp-json\/wp\/v2\/users\/1143"}],"replies":[{"embeddable":true,"href":"https:\/\/wp.ufpel.edu.br\/programometro\/wp-json\/wp\/v2\/comments?post=87"}],"version-history":[{"count":4,"href":"https:\/\/wp.ufpel.edu.br\/programometro\/wp-json\/wp\/v2\/pages\/87\/revisions"}],"predecessor-version":[{"id":94,"href":"https:\/\/wp.ufpel.edu.br\/programometro\/wp-json\/wp\/v2\/pages\/87\/revisions\/94"}],"wp:attachment":[{"href":"https:\/\/wp.ufpel.edu.br\/programometro\/wp-json\/wp\/v2\/media?parent=87"}],"curies":[{"name":"wp","href":"https:\/\/api.w.org\/{rel}","templated":true}]}}