{"id":78,"date":"2022-03-08T23:25:27","date_gmt":"2022-03-09T02:25:27","guid":{"rendered":"https:\/\/wp.ufpel.edu.br\/programometro\/?page_id=78"},"modified":"2022-03-08T23:37:36","modified_gmt":"2022-03-09T02:37:36","slug":"deposito-de-patentes","status":"publish","type":"page","link":"https:\/\/wp.ufpel.edu.br\/programometro\/deposito-de-patentes\/","title":{"rendered":"Dep\u00f3sito de patentes"},"content":{"rendered":"<p>Non nnonono nono non non nonon\u00a0 non\u00a0 non non nonoonon ononon nonon non on. Non nnonono nono non non nonon\u00a0 non\u00a0 non non nonoonon ononon nonon non on. Non nnonono nono non non nonon\u00a0 non\u00a0 non non nonoonon ononon nonon non on. Non nnonono nono non non nonon\u00a0 non\u00a0 non non nonoonon ononon nonon non on. Non nnonono nono non non nonon\u00a0 non\u00a0 non non nonoonon ononon nonon non on. Non nnonono nono non non nonon\u00a0 non\u00a0 non non nonoonon ononon nonon non on. Non nnonono nono non non nonon\u00a0 non\u00a0 non non nonoonon ononon nonon non on.<\/p>\n<p><span data-sheets-value=\"{&quot;1&quot;:2,&quot;2&quot;:&quot;INOVA-Vinicius: 1\u00ba lugar em deposito de patentes no RS em 2021; nova resolu\u00e7\u00e3o de propriedade intectual; a propria incubadora de base social; transferencia de tecnologia ampliada; resolu\u00e7\u00e3o de regulamenta\u00e7\u00e3o dos projetos com a funda\u00e7\u00e3o; colocamos o primeiro produto no mercado&quot;}\" data-sheets-userformat=\"{&quot;2&quot;:11069,&quot;3&quot;:{&quot;1&quot;:0},&quot;5&quot;:{&quot;1&quot;:[{&quot;1&quot;:2,&quot;2&quot;:0,&quot;5&quot;:{&quot;1&quot;:2,&quot;2&quot;:8355711}},{&quot;1&quot;:0,&quot;2&quot;:0,&quot;3&quot;:3},{&quot;1&quot;:1,&quot;2&quot;:0,&quot;4&quot;:1}]},&quot;6&quot;:{&quot;1&quot;:[{&quot;1&quot;:2,&quot;2&quot;:0,&quot;5&quot;:{&quot;1&quot;:2,&quot;2&quot;:8355711}},{&quot;1&quot;:0,&quot;2&quot;:0,&quot;3&quot;:3},{&quot;1&quot;:1,&quot;2&quot;:0,&quot;4&quot;:1}]},&quot;7&quot;:{&quot;1&quot;:[{&quot;1&quot;:2,&quot;2&quot;:0,&quot;5&quot;:{&quot;1&quot;:2,&quot;2&quot;:8355711}},{&quot;1&quot;:0,&quot;2&quot;:0,&quot;3&quot;:3},{&quot;1&quot;:1,&quot;2&quot;:0,&quot;4&quot;:1}]},&quot;8&quot;:{&quot;1&quot;:[{&quot;1&quot;:2,&quot;2&quot;:0,&quot;5&quot;:{&quot;1&quot;:2,&quot;2&quot;:8355711}},{&quot;1&quot;:0,&quot;2&quot;:0,&quot;3&quot;:3},{&quot;1&quot;:1,&quot;2&quot;:0,&quot;4&quot;:1}]},&quot;11&quot;:4,&quot;12&quot;:0,&quot;14&quot;:{&quot;1&quot;:3,&quot;3&quot;:1},&quot;16&quot;:11}\">INOVA;: 1\u00ba lugar em deposito de patentes no RS em 2021; nova resolu\u00e7\u00e3o de propriedade intectual; a propria incubadora de base social; transfer\u00eancia de tecnologia ampliada; resolu\u00e7\u00e3o de regulamenta\u00e7\u00e3o dos projetos com a funda\u00e7\u00e3o; colocamos o primeiro produto no mercado<\/span><\/p>\n","protected":false},"excerpt":{"rendered":"<p>Non nnonono nono non non nonon\u00a0 non\u00a0 non non nonoonon ononon nonon non on. Non nnonono nono non non nonon\u00a0 non\u00a0 non non nonoonon ononon nonon non on. Non nnonono nono non non nonon\u00a0 non\u00a0 non non nonoonon ononon nonon non on. Non nnonono nono non non nonon\u00a0 non\u00a0 non non nonoonon ononon nonon non &hellip; <a href=\"https:\/\/wp.ufpel.edu.br\/programometro\/deposito-de-patentes\/\" class=\"more-link\">Continuar lendo <span class=\"screen-reader-text\">Dep\u00f3sito de patentes<\/span><\/a><\/p>\n","protected":false},"author":1143,"featured_media":0,"parent":0,"menu_order":0,"comment_status":"closed","ping_status":"closed","template":"","meta":{"footnotes":""},"class_list":["post-78","page","type-page","status-publish","hentry"],"_links":{"self":[{"href":"https:\/\/wp.ufpel.edu.br\/programometro\/wp-json\/wp\/v2\/pages\/78","targetHints":{"allow":["GET"]}}],"collection":[{"href":"https:\/\/wp.ufpel.edu.br\/programometro\/wp-json\/wp\/v2\/pages"}],"about":[{"href":"https:\/\/wp.ufpel.edu.br\/programometro\/wp-json\/wp\/v2\/types\/page"}],"author":[{"embeddable":true,"href":"https:\/\/wp.ufpel.edu.br\/programometro\/wp-json\/wp\/v2\/users\/1143"}],"replies":[{"embeddable":true,"href":"https:\/\/wp.ufpel.edu.br\/programometro\/wp-json\/wp\/v2\/comments?post=78"}],"version-history":[{"count":2,"href":"https:\/\/wp.ufpel.edu.br\/programometro\/wp-json\/wp\/v2\/pages\/78\/revisions"}],"predecessor-version":[{"id":84,"href":"https:\/\/wp.ufpel.edu.br\/programometro\/wp-json\/wp\/v2\/pages\/78\/revisions\/84"}],"wp:attachment":[{"href":"https:\/\/wp.ufpel.edu.br\/programometro\/wp-json\/wp\/v2\/media?parent=78"}],"curies":[{"name":"wp","href":"https:\/\/api.w.org\/{rel}","templated":true}]}}