{"id":43,"date":"2022-03-08T07:12:47","date_gmt":"2022-03-08T10:12:47","guid":{"rendered":"https:\/\/wp.ufpel.edu.br\/programometro\/?page_id=43"},"modified":"2022-03-09T00:06:18","modified_gmt":"2022-03-09T03:06:18","slug":"ufpel-contemporanea","status":"publish","type":"page","link":"https:\/\/wp.ufpel.edu.br\/programometro\/ufpel-contemporanea\/","title":{"rendered":"UFPel Contempor\u00e2nea"},"content":{"rendered":"<p>Clique sobre cada a\u00e7\u00e3o e sabia mais como ela est\u00e1 sendo desenvolvida.<\/p>\n<p><a href=\"https:\/\/wp.ufpel.edu.br\/programometro\/programa-andorinha\/\"><img loading=\"lazy\" decoding=\"async\" class=\"alignnone wp-image-73\" src=\"https:\/\/wp.ufpel.edu.br\/programometro\/files\/2022\/03\/programomentro-andorinha-2-400x242.png\" alt=\"\" width=\"558\" height=\"337\" srcset=\"https:\/\/wp.ufpel.edu.br\/programometro\/files\/2022\/03\/programomentro-andorinha-2-400x242.png 400w, https:\/\/wp.ufpel.edu.br\/programometro\/files\/2022\/03\/programomentro-andorinha-2-1024x619.png 1024w, https:\/\/wp.ufpel.edu.br\/programometro\/files\/2022\/03\/programomentro-andorinha-2-768x464.png 768w, https:\/\/wp.ufpel.edu.br\/programometro\/files\/2022\/03\/programomentro-andorinha-2-1536x929.png 1536w, https:\/\/wp.ufpel.edu.br\/programometro\/files\/2022\/03\/programomentro-andorinha-2-2048x1238.png 2048w\" sizes=\"auto, (max-width: 558px) 100vw, 558px\" \/><\/a><\/p>\n<p><a href=\"https:\/\/wp.ufpel.edu.br\/programometro\/deposito-de-patentes\/\"><img loading=\"lazy\" decoding=\"async\" class=\"alignnone wp-image-76\" src=\"https:\/\/wp.ufpel.edu.br\/programometro\/files\/2022\/03\/programomentro-patentes-400x238.png\" alt=\"\" width=\"555\" height=\"330\" srcset=\"https:\/\/wp.ufpel.edu.br\/programometro\/files\/2022\/03\/programomentro-patentes-400x238.png 400w, https:\/\/wp.ufpel.edu.br\/programometro\/files\/2022\/03\/programomentro-patentes-1024x608.png 1024w, https:\/\/wp.ufpel.edu.br\/programometro\/files\/2022\/03\/programomentro-patentes-768x456.png 768w, https:\/\/wp.ufpel.edu.br\/programometro\/files\/2022\/03\/programomentro-patentes-1536x912.png 1536w, https:\/\/wp.ufpel.edu.br\/programometro\/files\/2022\/03\/programomentro-patentes-2048x1216.png 2048w\" sizes=\"auto, (max-width: 555px) 100vw, 555px\" \/><\/a><\/p>\n<p><a href=\"https:\/\/wp.ufpel.edu.br\/programometro\/canais-de-comunicacao\/\"><img loading=\"lazy\" decoding=\"async\" class=\"alignnone wp-image-85\" src=\"https:\/\/wp.ufpel.edu.br\/programometro\/files\/2022\/03\/programomentro-canais-de-comunicaA\u00a7Ao-400x238.png\" alt=\"\" width=\"552\" height=\"328\" srcset=\"https:\/\/wp.ufpel.edu.br\/programometro\/files\/2022\/03\/programomentro-canais-de-comunicaA\u00a7Ao-400x238.png 400w, https:\/\/wp.ufpel.edu.br\/programometro\/files\/2022\/03\/programomentro-canais-de-comunicaA\u00a7Ao-1024x608.png 1024w, https:\/\/wp.ufpel.edu.br\/programometro\/files\/2022\/03\/programomentro-canais-de-comunicaA\u00a7Ao-768x456.png 768w, https:\/\/wp.ufpel.edu.br\/programometro\/files\/2022\/03\/programomentro-canais-de-comunicaA\u00a7Ao-1536x912.png 1536w, https:\/\/wp.ufpel.edu.br\/programometro\/files\/2022\/03\/programomentro-canais-de-comunicaA\u00a7Ao-2048x1216.png 2048w\" sizes=\"auto, (max-width: 552px) 100vw, 552px\" \/><\/a><\/p>\n","protected":false},"excerpt":{"rendered":"<p>Clique sobre cada a\u00e7\u00e3o e sabia mais como ela est\u00e1 sendo desenvolvida.<\/p>\n","protected":false},"author":1143,"featured_media":0,"parent":0,"menu_order":0,"comment_status":"closed","ping_status":"closed","template":"","meta":{"footnotes":""},"class_list":["post-43","page","type-page","status-publish","hentry"],"_links":{"self":[{"href":"https:\/\/wp.ufpel.edu.br\/programometro\/wp-json\/wp\/v2\/pages\/43","targetHints":{"allow":["GET"]}}],"collection":[{"href":"https:\/\/wp.ufpel.edu.br\/programometro\/wp-json\/wp\/v2\/pages"}],"about":[{"href":"https:\/\/wp.ufpel.edu.br\/programometro\/wp-json\/wp\/v2\/types\/page"}],"author":[{"embeddable":true,"href":"https:\/\/wp.ufpel.edu.br\/programometro\/wp-json\/wp\/v2\/users\/1143"}],"replies":[{"embeddable":true,"href":"https:\/\/wp.ufpel.edu.br\/programometro\/wp-json\/wp\/v2\/comments?post=43"}],"version-history":[{"count":10,"href":"https:\/\/wp.ufpel.edu.br\/programometro\/wp-json\/wp\/v2\/pages\/43\/revisions"}],"predecessor-version":[{"id":95,"href":"https:\/\/wp.ufpel.edu.br\/programometro\/wp-json\/wp\/v2\/pages\/43\/revisions\/95"}],"wp:attachment":[{"href":"https:\/\/wp.ufpel.edu.br\/programometro\/wp-json\/wp\/v2\/media?parent=43"}],"curies":[{"name":"wp","href":"https:\/\/api.w.org\/{rel}","templated":true}]}}