{"id":9938,"date":"2016-08-26T17:03:59","date_gmt":"2016-08-26T20:03:59","guid":{"rendered":"https:\/\/wp.ufpel.edu.br\/progep\/?page_id=9938"},"modified":"2016-08-26T17:03:59","modified_gmt":"2016-08-26T20:03:59","slug":"ufpel-livre-de-tabaco","status":"publish","type":"page","link":"https:\/\/wp.ufpel.edu.br\/progep\/csqv\/promocao-a-saude\/ufpel-livre-de-tabaco\/","title":{"rendered":"UFPel livre de tabaco"},"content":{"rendered":"<p style=\"text-align: center\"><span style=\"color: #008080;font-size: 24pt\"><span style=\"font-size: 18pt\">29 de agosto<\/span><br \/>\n<\/span><\/p>\n<p style=\"text-align: center\"><span style=\"color: #008080;font-size: 24pt\"> <span style=\"font-size: 18pt\">DIA NACIONAL DE COMBATE AO FUMO<\/span><\/span><\/p>\n<p style=\"text-align: left\"><a href=\"http:\/\/www.inca.gov.br\/wcm\/dncf\/2016\/dia-nacional-de-combate-ao-fumo.asp\"><img class=\"wp-image-9942 aligncenter\" src=\"https:\/\/wp.ufpel.edu.br\/progep\/files\/2016\/08\/MS_CARTAZ_DIA_NACIONAL_DE_COMBATE_AO_FUMO_64x46cm-424x304.jpg\" alt=\"MS_CARTAZ_DIA_NACIONAL_DE_COMBATE_AO_FUMO_64x46cm\" width=\"594\" height=\"426\" srcset=\"https:\/\/wp.ufpel.edu.br\/progep\/files\/2016\/08\/MS_CARTAZ_DIA_NACIONAL_DE_COMBATE_AO_FUMO_64x46cm-424x304.jpg 424w, https:\/\/wp.ufpel.edu.br\/progep\/files\/2016\/08\/MS_CARTAZ_DIA_NACIONAL_DE_COMBATE_AO_FUMO_64x46cm-212x152.jpg 212w, https:\/\/wp.ufpel.edu.br\/progep\/files\/2016\/08\/MS_CARTAZ_DIA_NACIONAL_DE_COMBATE_AO_FUMO_64x46cm-768x551.jpg 768w, https:\/\/wp.ufpel.edu.br\/progep\/files\/2016\/08\/MS_CARTAZ_DIA_NACIONAL_DE_COMBATE_AO_FUMO_64x46cm.jpg 1194w\" sizes=\"(max-width: 594px) 100vw, 594px\" \/><\/a><\/p>\n<p style=\"text-align: left\"><img class=\"wp-image-9958\" src=\"https:\/\/wp.ufpel.edu.br\/progep\/files\/2016\/08\/flyer_frente-224x318.jpg\" alt=\"flyer_frente\" width=\"440\" height=\"624\" srcset=\"https:\/\/wp.ufpel.edu.br\/progep\/files\/2016\/08\/flyer_frente-224x318.jpg 224w, https:\/\/wp.ufpel.edu.br\/progep\/files\/2016\/08\/flyer_frente-112x159.jpg 112w, https:\/\/wp.ufpel.edu.br\/progep\/files\/2016\/08\/flyer_frente-768x1089.jpg 768w, https:\/\/wp.ufpel.edu.br\/progep\/files\/2016\/08\/flyer_frente.jpg 1750w\" sizes=\"(max-width: 440px) 100vw, 440px\" \/><img class=\" wp-image-9959\" src=\"https:\/\/wp.ufpel.edu.br\/progep\/files\/2016\/08\/flyer_verso-424x299.jpg\" alt=\"flyer_verso\" width=\"649\" height=\"458\" srcset=\"https:\/\/wp.ufpel.edu.br\/progep\/files\/2016\/08\/flyer_verso-424x299.jpg 424w, https:\/\/wp.ufpel.edu.br\/progep\/files\/2016\/08\/flyer_verso-212x149.jpg 212w, https:\/\/wp.ufpel.edu.br\/progep\/files\/2016\/08\/flyer_verso-768x541.jpg 768w\" sizes=\"(max-width: 649px) 100vw, 649px\" \/><\/p>\n<p style=\"text-align: center\"><span style=\"font-size: 18pt;color: #008080\"><a style=\"color: #008080\" href=\"https:\/\/wp.ufpel.edu.br\/progep\/files\/2016\/08\/parar_de_fumar.pdf\">Voc\u00ea quer parar de fumar?<\/a><\/span><\/p>\n<p style=\"text-align: center\"><span style=\"color: #008080\"><span style=\"font-size: 10pt\">Servidor da UFPel venha conversar com a Equipe Multiprofissional da Coordena\u00e7\u00e3o de Sa\u00fade e Qualidade de Vida.<\/span><br \/>\n<\/span><\/p>\n<p style=\"text-align: center\">\n<p style=\"text-align: center\">\n<p style=\"text-align: center\">\n<p style=\"text-align: center\">\n","protected":false},"excerpt":{"rendered":"<p>29 de agosto DIA NACIONAL DE COMBATE AO FUMO Voc\u00ea quer parar de fumar? Servidor da UFPel venha conversar com a Equipe Multiprofissional da Coordena\u00e7\u00e3o de Sa\u00fade e Qualidade de Vida.<\/p>\n","protected":false},"author":246,"featured_media":0,"parent":9450,"menu_order":0,"comment_status":"closed","ping_status":"closed","template":"","meta":{"footnotes":""},"class_list":["post-9938","page","type-page","status-publish","hentry"],"_links":{"self":[{"href":"https:\/\/wp.ufpel.edu.br\/progep\/wp-json\/wp\/v2\/pages\/9938","targetHints":{"allow":["GET"]}}],"collection":[{"href":"https:\/\/wp.ufpel.edu.br\/progep\/wp-json\/wp\/v2\/pages"}],"about":[{"href":"https:\/\/wp.ufpel.edu.br\/progep\/wp-json\/wp\/v2\/types\/page"}],"author":[{"embeddable":true,"href":"https:\/\/wp.ufpel.edu.br\/progep\/wp-json\/wp\/v2\/users\/246"}],"replies":[{"embeddable":true,"href":"https:\/\/wp.ufpel.edu.br\/progep\/wp-json\/wp\/v2\/comments?post=9938"}],"version-history":[{"count":33,"href":"https:\/\/wp.ufpel.edu.br\/progep\/wp-json\/wp\/v2\/pages\/9938\/revisions"}],"predecessor-version":[{"id":37039,"href":"https:\/\/wp.ufpel.edu.br\/progep\/wp-json\/wp\/v2\/pages\/9938\/revisions\/37039"}],"up":[{"embeddable":true,"href":"https:\/\/wp.ufpel.edu.br\/progep\/wp-json\/wp\/v2\/pages\/9450"}],"wp:attachment":[{"href":"https:\/\/wp.ufpel.edu.br\/progep\/wp-json\/wp\/v2\/media?parent=9938"}],"curies":[{"name":"wp","href":"https:\/\/api.w.org\/{rel}","templated":true}]}}