{"id":9913,"date":"2016-08-24T10:18:48","date_gmt":"2016-08-24T13:18:48","guid":{"rendered":"https:\/\/wp.ufpel.edu.br\/progep\/?page_id=9913"},"modified":"2025-06-30T13:10:31","modified_gmt":"2025-06-30T16:10:31","slug":"curso-intermediario-de-lingua-brasileira-de-sinais-libras","status":"publish","type":"page","link":"https:\/\/wp.ufpel.edu.br\/progep\/curso-intermediario-de-lingua-brasileira-de-sinais-libras\/","title":{"rendered":"Capacita\u00e7\u00e3o: Curso: Intermedi\u00e1rio de L\u00edngua Brasileira de Sinais \u2013 Libras"},"content":{"rendered":"<p><span style=\"font-size: 12pt\"><strong>Modalidade:<\/strong> presencial<\/span><\/p>\n<p><span style=\"font-size: 12pt\"><strong>Carga Hor\u00e1ria:<\/strong> 63 horas<\/span><\/p>\n<p><span style=\"font-size: 12pt\"><strong>Per\u00edodo:<\/strong> 12\/09 a 08\/12\/2016, conforme seguinte cronograma:<\/span><\/p>\n<p><span style=\"font-size: 12pt\"><span style=\"text-decoration: underline\">Setembro:<\/span> segunda-feira \u2013 12; quinta-feira &#8211; 15, 22.<\/span><br \/>\n<span style=\"font-size: 12pt\"> <span style=\"text-decoration: underline\">Outubro:<\/span> segunda-feira &#8211; 3, 10, 17 e 31; quinta-feira- 6, 13 e 20.<\/span><br \/>\n<span style=\"font-size: 12pt\"> <span style=\"text-decoration: underline\">Novembro:<\/span> segunda-feira &#8211; 7, 14 e 21; quinta-feira \u2013 10 e 24.<\/span><br \/>\n<span style=\"font-size: 12pt\"> <span style=\"text-decoration: underline\">Dezembro:<\/span> segunda-feira &#8211;\u00a05\u00a0 e quinta-feira &#8211; 1 e 8.<\/span><\/p>\n<p><span style=\"font-size: 12pt\"><strong>\u21d2 Cronograma 2017:\u00a0<\/strong><\/span><\/p>\n<p><span style=\"font-size: 12pt\"><span style=\"text-decoration: underline\">Fevereiro<\/span>: 6,12 e 20 (segundas-feiras); 9 e 23 (quintas-feiras)<\/span><\/p>\n<p><span style=\"font-size: 12pt\"><span style=\"text-decoration: underline\">Mar\u00e7o<\/span>: \u00a06 e 13\u00a0(segundas-feiras); 2,9,16 e 23 (quintas-feiras)<\/span><\/p>\n<p><span style=\"font-size: 12pt\"><strong>Hor\u00e1rio:<\/strong> segundas-feiras, das 8h30min \u00e0s 12h, e quintas-feiras, das 14h \u00e0s 17h30min<\/span><\/p>\n<p><span style=\"font-size: 12pt\"><strong>Local:<\/strong> Segundas-feiras &#8211; sala 307 do Campus Anglo, 3\u00ba piso, Bloco B &#8211; Rua Gomes Carneiro n\u00ba 1;<\/span><br \/>\n<span style=\"font-size: 12pt\"> Quintas-feiras &#8211; sala 319 do ICH &#8211; Rua Alberto Rosa n\u00ba 154.<\/span><\/p>\n<p><span style=\"font-size: 12pt\"><strong>Programa:<\/strong>\u00a0Aspectos da lingu\u00edstica:\u00a0\u00a0Sintaxe;\u00a0Morfologia;\u00a0Fonologia;\u00a0Tipos de verbos: verbos com concord\u00e2ncia, verbos sem concord\u00e2ncia e verbos manuais;\u00a0Verbos que dependem do contexto;\u00a0Principais \u00e1reas de vocabul\u00e1rio a serem desenvolvidos (n\u00edvel b\u00e1sico): top\u00f4nimos (continentes; Am\u00e9rica do Sul; Brasil: cidades e estados); valores monet\u00e1rios e moedas;\u00a0Principais \u00e1reas de vocabul\u00e1rio a serem desenvolvidos (n\u00edvel intermedi\u00e1rio): espa\u00e7os urbanos; alimenta\u00e7\u00e3o (verduras e legumes); ambientes dom\u00e9sticos e escolares (objetos); animais selvagens do Brasil; profiss\u00f5es;\u00a0Adv\u00e9rbios de lugar;\u00a0Adjetivos \u2013 sinais de adjetiva\u00e7\u00e3o (ant\u00f4nimos);\u00a0Caracter\u00edsticas de iconicidade e arbitrariedade na Libras.<\/span><\/p>\n<p><span style=\"font-size: 12pt\"><strong>P\u00fablico Alvo: <\/strong>t\u00e9cnico-administrativos e docentes da UFPel que tenham conhecimentos b\u00e1sicos sobre a L\u00edngua Brasileira de Sinais &#8211; LIBRAS.<\/span><\/p>\n<p><span style=\"font-size: 12pt\"><strong>N\u00famero de vagas:<\/strong> 20<\/span><\/p>\n<p><span style=\"font-size: 12pt\"><strong>Ministrante:<\/strong> Ivana Gomes da Silva e Aline de Castro e Kaster<\/span><\/p>\n<p><span style=\"font-size: 12pt\"><strong>Per\u00edodo de inscri\u00e7\u00e3o:<\/strong> 25 de agosto a 6 de setembro de 2016<\/span><\/p>\n<p><span style=\"font-size: 12pt\"><strong>Homologa\u00e7\u00e3o das inscri\u00e7\u00f5es:<\/strong> 8 de setembro de 2016, nesta p\u00e1gina.<\/span><\/p>\n<p><span style=\"font-size: 14pt\"><strong><span style=\"color: #ff6600\"><a style=\"color: #ff6600\" href=\"https:\/\/wp.ufpel.edu.br\/progep\/files\/2016\/08\/homologa_inscritos-5.pdf\">Listagem homologados AQUI!<\/a><\/span><\/strong><\/span><\/p>\n","protected":false},"excerpt":{"rendered":"<p>Modalidade: presencial Carga Hor\u00e1ria: 63 horas Per\u00edodo: 12\/09 a 08\/12\/2016, conforme seguinte cronograma: Setembro: segunda-feira \u2013 12; quinta-feira &#8211; 15, 22. Outubro: segunda-feira &#8211; 3, 10, 17 e 31; quinta-feira- 6, 13 e 20. Novembro: segunda-feira &#8211; 7, 14 e 21; quinta-feira \u2013 10 e 24. Dezembro: segunda-feira &#8211;\u00a05\u00a0 e quinta-feira &#8211; 1 e 8. [&hellip;]<\/p>\n","protected":false},"author":21,"featured_media":0,"parent":0,"menu_order":0,"comment_status":"closed","ping_status":"closed","template":"","meta":{"footnotes":""},"class_list":["post-9913","page","type-page","status-publish","hentry"],"_links":{"self":[{"href":"https:\/\/wp.ufpel.edu.br\/progep\/wp-json\/wp\/v2\/pages\/9913","targetHints":{"allow":["GET"]}}],"collection":[{"href":"https:\/\/wp.ufpel.edu.br\/progep\/wp-json\/wp\/v2\/pages"}],"about":[{"href":"https:\/\/wp.ufpel.edu.br\/progep\/wp-json\/wp\/v2\/types\/page"}],"author":[{"embeddable":true,"href":"https:\/\/wp.ufpel.edu.br\/progep\/wp-json\/wp\/v2\/users\/21"}],"replies":[{"embeddable":true,"href":"https:\/\/wp.ufpel.edu.br\/progep\/wp-json\/wp\/v2\/comments?post=9913"}],"version-history":[{"count":11,"href":"https:\/\/wp.ufpel.edu.br\/progep\/wp-json\/wp\/v2\/pages\/9913\/revisions"}],"predecessor-version":[{"id":33776,"href":"https:\/\/wp.ufpel.edu.br\/progep\/wp-json\/wp\/v2\/pages\/9913\/revisions\/33776"}],"wp:attachment":[{"href":"https:\/\/wp.ufpel.edu.br\/progep\/wp-json\/wp\/v2\/media?parent=9913"}],"curies":[{"name":"wp","href":"https:\/\/api.w.org\/{rel}","templated":true}]}}