{"id":9906,"date":"2016-08-22T11:30:16","date_gmt":"2016-08-22T14:30:16","guid":{"rendered":"https:\/\/wp.ufpel.edu.br\/progep\/?page_id=9906"},"modified":"2025-06-30T13:10:25","modified_gmt":"2025-06-30T16:10:25","slug":"curso-portugues-instrumental-para-surdos-usuarios-de-libras-modulo-ii","status":"publish","type":"page","link":"https:\/\/wp.ufpel.edu.br\/progep\/curso-portugues-instrumental-para-surdos-usuarios-de-libras-modulo-ii\/","title":{"rendered":"Capacita\u00e7\u00e3o: Curso: Portugu\u00eas Instrumental para Surdos Usu\u00e1rios de Libras &#8211; M\u00f3dulo II"},"content":{"rendered":"<p><span style=\"font-family: georgia, palatino, serif;font-size: 12pt;color: #808080\"><strong>Modalidade:<\/strong> presencial<\/span><br \/>\n<span style=\"font-family: georgia, palatino, serif;font-size: 12pt;color: #808080\"> <strong>Carga Hor\u00e1ria:<\/strong> 40 horas<\/span><br \/>\n<span style=\"color: #808080\"> <span style=\"font-family: georgia, palatino, serif;font-size: 12pt\"><strong>Per\u00edodo:<\/strong>\u00a002 de setembro a 04 de novembro de 2016 (somente \u00e0s sextas-feiras, sendo que n\u00e3o haver\u00e1 aula em 30\/9 e 28\/10)<br \/>\n<\/span><span style=\"font-family: georgia, palatino, serif;font-size: 12pt\"><strong>Hor\u00e1rio:<\/strong> das 8 \u00e0s 12 horas<\/span><\/span><br \/>\n<span style=\"font-family: georgia, palatino, serif;font-size: 12pt;color: #808080\"> <strong>Local:<\/strong> Sala 218, 2\u00ba piso, bloco B, Campus Anglo<\/span><br \/>\n<span style=\"font-family: georgia, palatino, serif;font-size: 12pt;color: #808080\"> <strong>Sum\u00e1rio:<\/strong> Leitura e compreens\u00e3o textual; Produ\u00e7\u00e3o escrita de textos para o contexto universit\u00e1rio; Sintaxe da L\u00edngua Portuguesa (LP); Gram\u00e1tica da LP; Vocabul\u00e1rio administrativo e acad\u00eamico em LP; Reflex\u00f5es sobre as semelhan\u00e7as e diferen\u00e7as entre a LP e a Libras; An\u00e1lise de textos em LP.<\/span><br \/>\n<span style=\"font-family: georgia, palatino, serif;font-size: 12pt;color: #808080\"> <strong>P\u00fablico Alvo:<\/strong> servidores surdos, usu\u00e1rios de l\u00edngua de sinais.<\/span><br \/>\n<span style=\"font-family: georgia, palatino, serif;font-size: 12pt;color: #808080\"> <strong>N\u00famero de vagas:<\/strong> 10<\/span><br \/>\n<span style=\"font-family: georgia, palatino, serif;font-size: 12pt;color: #808080\"> <strong>Ministrante:<\/strong> Joseane Maciel Viana<br \/>\n<strong>Per\u00edodo de inscri\u00e7\u00e3o:<\/strong>\u00a022 a 30\/08\/2016<br \/>\n<strong>Divulga\u00e7\u00e3o das inscri\u00e7\u00f5es homologadas:<\/strong>\u00a031\/08\/2016, nesta p\u00e1gina.<\/span><\/p>\n<p><span style=\"text-decoration: underline;color: #808080;font-size: 12pt\"><strong>\u21d2 Informa\u00e7\u00f5es 2017:<\/strong><\/span><\/p>\n<p><span style=\"color: #808080;font-size: 12pt\"><span style=\"text-decoration: underline\">Datas<\/span>: 10, 17 e 24\/02; 03\/03<\/span><br \/>\n<span style=\"color: #808080;font-size: 12pt\"> <span style=\"text-decoration: underline\">Local<\/span>: Sala de Libras (t\u00e9rreo do Campus Anglo)<\/span><\/p>\n<p>&nbsp;<\/p>\n<p><span style=\"font-size: 14pt\"><strong><span style=\"color: #ff6600\"><a style=\"color: #ff6600\" href=\"https:\/\/wp.ufpel.edu.br\/progep\/files\/2016\/08\/homologa_inscritos-4.pdf\">Listagem homologados AQUI!<\/a><\/span><\/strong><\/span><\/p>\n<p>&nbsp;<\/p>\n","protected":false},"excerpt":{"rendered":"<p>Modalidade: presencial Carga Hor\u00e1ria: 40 horas Per\u00edodo:\u00a002 de setembro a 04 de novembro de 2016 (somente \u00e0s sextas-feiras, sendo que n\u00e3o haver\u00e1 aula em 30\/9 e 28\/10) Hor\u00e1rio: das 8 \u00e0s 12 horas Local: Sala 218, 2\u00ba piso, bloco B, Campus Anglo Sum\u00e1rio: Leitura e compreens\u00e3o textual; Produ\u00e7\u00e3o escrita de textos para o contexto universit\u00e1rio; [&hellip;]<\/p>\n","protected":false},"author":21,"featured_media":0,"parent":0,"menu_order":0,"comment_status":"closed","ping_status":"closed","template":"","meta":{"footnotes":""},"class_list":["post-9906","page","type-page","status-publish","hentry"],"_links":{"self":[{"href":"https:\/\/wp.ufpel.edu.br\/progep\/wp-json\/wp\/v2\/pages\/9906","targetHints":{"allow":["GET"]}}],"collection":[{"href":"https:\/\/wp.ufpel.edu.br\/progep\/wp-json\/wp\/v2\/pages"}],"about":[{"href":"https:\/\/wp.ufpel.edu.br\/progep\/wp-json\/wp\/v2\/types\/page"}],"author":[{"embeddable":true,"href":"https:\/\/wp.ufpel.edu.br\/progep\/wp-json\/wp\/v2\/users\/21"}],"replies":[{"embeddable":true,"href":"https:\/\/wp.ufpel.edu.br\/progep\/wp-json\/wp\/v2\/comments?post=9906"}],"version-history":[{"count":11,"href":"https:\/\/wp.ufpel.edu.br\/progep\/wp-json\/wp\/v2\/pages\/9906\/revisions"}],"predecessor-version":[{"id":33775,"href":"https:\/\/wp.ufpel.edu.br\/progep\/wp-json\/wp\/v2\/pages\/9906\/revisions\/33775"}],"wp:attachment":[{"href":"https:\/\/wp.ufpel.edu.br\/progep\/wp-json\/wp\/v2\/media?parent=9906"}],"curies":[{"name":"wp","href":"https:\/\/api.w.org\/{rel}","templated":true}]}}