{"id":9892,"date":"2016-08-18T13:01:48","date_gmt":"2016-08-18T16:01:48","guid":{"rendered":"https:\/\/wp.ufpel.edu.br\/progep\/?page_id=9892"},"modified":"2025-06-30T13:10:17","modified_gmt":"2025-06-30T16:10:17","slug":"curso-capacitacao-para-gestores-refletindo-sobre-o-papel-do-gestor-publico-na-ufpel","status":"publish","type":"page","link":"https:\/\/wp.ufpel.edu.br\/progep\/curso-capacitacao-para-gestores-refletindo-sobre-o-papel-do-gestor-publico-na-ufpel\/","title":{"rendered":"Capacita\u00e7\u00e3o: Curso: Capacita\u00e7\u00e3o para Gestores: refletindo sobre o papel do gestor p\u00fablico na UFPel"},"content":{"rendered":"<p><span style=\"font-size: 12pt\"><strong>Modalidade:<\/strong> presencial<\/span><br \/>\n<span style=\"font-size: 12pt\"> <strong>Carga hor\u00e1ria:<\/strong> 40 horas<\/span><br \/>\n<span style=\"font-size: 12pt\"> <strong>Per\u00edodo:<\/strong> 24 de agosto a 16 de novembro de 2016 (somente\u00a0<span style=\"line-height: 1.5\">\u00e0s quartas-feiras)<br \/>\n<\/span><strong style=\"line-height: 1.5\">Hor\u00e1rio:<\/strong><span style=\"line-height: 1.5\"> das 14 \u00e0s 18 horas<br \/>\n<\/span> <strong>Local:<\/strong> Sala 2 da P\u00f3s-Gradua\u00e7\u00e3o da FAT &#8211; 4\u00ba piso &#8211; bloco B &#8211; Campus Porto<\/span><br \/>\n<span style=\"font-size: 12pt\"> <strong>P\u00fablico alvo:<\/strong> servidores investidos em fun\u00e7\u00f5es de confian\u00e7a ou \u00e0queles interessados pelo tema, indicados pelas pr\u00f3-reitorias.<\/span><br \/>\n<span style=\"font-size: 12pt\"> <strong>Sum\u00e1rio do programa: <\/strong>Autoconhecimento; Compet\u00eancias de um <span class=\"il\">gestor<\/span> mediador; <span class=\"il\">Gestor<\/span> de uma Institui\u00e7\u00e3o de Ensino Superior; Flexibilidade e Comprometimento; Papel do <span class=\"il\">Gestor<\/span> P\u00fablico no desenvolvimento da gest\u00e3o por compet\u00eancias; \u00c9tica no trabalho; Gest\u00e3o de Mudan\u00e7as; Gest\u00e3o de Conflitos; Gest\u00e3o da diversidade.<\/span><br \/>\n<span style=\"font-size: 12pt\"> <strong>Ministrantes:<\/strong> Vanise Valiente (ESAF-RS) e Francielle Molon da Silva (UFPel)<\/span><\/p>\n<p><span style=\"font-size: 12pt\"><strong>\u21d2 <span style=\"text-decoration: underline\">Cronograma 2017:<\/span><\/strong><\/span><\/p>\n<p><span style=\"font-size: 12pt\">Datas: 07 e 21\/02 (ter\u00e7as-feiras &#8211; Vanise); 15 e 22\/02 (quartas-feiras &#8211; Francielle)<\/span><\/p>\n<p><span style=\"color: #ff6600\"><strong><a style=\"color: #ff6600\" href=\"https:\/\/wp.ufpel.edu.br\/progep\/files\/2016\/08\/homologa_inscritos-2.pdf\">Inscri\u00e7\u00f5es homologadas<\/a><\/strong><\/span><\/p>\n","protected":false},"excerpt":{"rendered":"<p>Modalidade: presencial Carga hor\u00e1ria: 40 horas Per\u00edodo: 24 de agosto a 16 de novembro de 2016 (somente\u00a0\u00e0s quartas-feiras) Hor\u00e1rio: das 14 \u00e0s 18 horas Local: Sala 2 da P\u00f3s-Gradua\u00e7\u00e3o da FAT &#8211; 4\u00ba piso &#8211; bloco B &#8211; Campus Porto P\u00fablico alvo: servidores investidos em fun\u00e7\u00f5es de confian\u00e7a ou \u00e0queles interessados pelo tema, indicados pelas [&hellip;]<\/p>\n","protected":false},"author":21,"featured_media":0,"parent":0,"menu_order":0,"comment_status":"closed","ping_status":"closed","template":"","meta":{"footnotes":""},"class_list":["post-9892","page","type-page","status-publish","hentry"],"_links":{"self":[{"href":"https:\/\/wp.ufpel.edu.br\/progep\/wp-json\/wp\/v2\/pages\/9892","targetHints":{"allow":["GET"]}}],"collection":[{"href":"https:\/\/wp.ufpel.edu.br\/progep\/wp-json\/wp\/v2\/pages"}],"about":[{"href":"https:\/\/wp.ufpel.edu.br\/progep\/wp-json\/wp\/v2\/types\/page"}],"author":[{"embeddable":true,"href":"https:\/\/wp.ufpel.edu.br\/progep\/wp-json\/wp\/v2\/users\/21"}],"replies":[{"embeddable":true,"href":"https:\/\/wp.ufpel.edu.br\/progep\/wp-json\/wp\/v2\/comments?post=9892"}],"version-history":[{"count":7,"href":"https:\/\/wp.ufpel.edu.br\/progep\/wp-json\/wp\/v2\/pages\/9892\/revisions"}],"predecessor-version":[{"id":33774,"href":"https:\/\/wp.ufpel.edu.br\/progep\/wp-json\/wp\/v2\/pages\/9892\/revisions\/33774"}],"wp:attachment":[{"href":"https:\/\/wp.ufpel.edu.br\/progep\/wp-json\/wp\/v2\/media?parent=9892"}],"curies":[{"name":"wp","href":"https:\/\/api.w.org\/{rel}","templated":true}]}}