{"id":9785,"date":"2016-07-27T11:23:02","date_gmt":"2016-07-27T14:23:02","guid":{"rendered":"https:\/\/wp.ufpel.edu.br\/progep\/?page_id=9785"},"modified":"2025-06-30T13:09:52","modified_gmt":"2025-06-30T16:09:52","slug":"wordpress-institucional-ufpel","status":"publish","type":"page","link":"https:\/\/wp.ufpel.edu.br\/progep\/wordpress-institucional-ufpel\/","title":{"rendered":"Capacita\u00e7\u00e3o: WordPress Institucional UFPel &#8211; Turma 2"},"content":{"rendered":"<p><span style=\"font-family: georgia, palatino, serif;font-size: 12pt\"><strong>Modalidade<\/strong>: Online, com um encontro presencial\u00a0<\/span><\/p>\n<p><span style=\"font-size: 12pt;font-family: georgia, palatino, serif\"><strong>Carga Hor\u00e1ria<\/strong>: 40 horas<\/span><\/p>\n<p><span style=\"font-size: 12pt;font-family: georgia, palatino, serif\"><strong>Per\u00edodo<\/strong>: 17\/10 a 25\/11\/2016<\/span><\/p>\n<p><span style=\"font-size: 12pt;font-family: georgia, palatino, serif\"><strong>Encontro presencial<\/strong>: 25\/11\/2016<\/span><\/p>\n<p><span style=\"font-size: 12pt;font-family: georgia, palatino, serif\"><strong>Hor\u00e1rio encontro presencial<\/strong>: das 10h \u00e0s 12h<\/span><\/p>\n<p><span style=\"font-size: 12pt;font-family: georgia, palatino, serif\"><strong>Local<\/strong>: Sala 117, Campus Anglo, t\u00e9rreo (laborat\u00f3rio de inform\u00e1tica do CLC)<\/span><\/p>\n<p><span style=\"font-size: 12pt;font-family: georgia, palatino, serif\"><strong>Ementa<\/strong>:\u00a0Introdu\u00e7\u00e3o ao WordPress Institucional;\u00a0Estrutura\u00e7\u00e3o do site &#8211; P\u00e1ginas;\u00a0Posts e categorias;\u00a0Menus personalizados;\u00a0Conte\u00fado multim\u00eddia;\u00a0Widgets;\u00a0Plugins e\u00a0Tema Institucional UFPel.<\/span><\/p>\n<p><span style=\"font-size: 12pt;font-family: georgia, palatino, serif\"><strong>N\u00famero de vagas<\/strong>: 24<\/span><\/p>\n<p><span style=\"font-size: 12pt;font-family: georgia, palatino, serif\"><strong>Ministrantes<\/strong>:\u00a0Henrique Avila Viana, Leandro Weige Dias e Thomas de Aguiar de Oliveira<\/span><\/p>\n<p><strong><span style=\"color: #ff6600\"><a style=\"color: #ff6600\" href=\"https:\/\/wp.ufpel.edu.br\/progep\/files\/2016\/07\/homologa_inscritos_wordpress.pdf\">Listagem inscri\u00e7\u00f5es homologadas AQUI!<\/a><\/span><\/strong><\/p>\n","protected":false},"excerpt":{"rendered":"<p>Modalidade: Online, com um encontro presencial\u00a0 Carga Hor\u00e1ria: 40 horas Per\u00edodo: 17\/10 a 25\/11\/2016 Encontro presencial: 25\/11\/2016 Hor\u00e1rio encontro presencial: das 10h \u00e0s 12h Local: Sala 117, Campus Anglo, t\u00e9rreo (laborat\u00f3rio de inform\u00e1tica do CLC) Ementa:\u00a0Introdu\u00e7\u00e3o ao WordPress Institucional;\u00a0Estrutura\u00e7\u00e3o do site &#8211; P\u00e1ginas;\u00a0Posts e categorias;\u00a0Menus personalizados;\u00a0Conte\u00fado multim\u00eddia;\u00a0Widgets;\u00a0Plugins e\u00a0Tema Institucional UFPel. N\u00famero de vagas: 24 Ministrantes:\u00a0Henrique [&hellip;]<\/p>\n","protected":false},"author":21,"featured_media":0,"parent":0,"menu_order":0,"comment_status":"closed","ping_status":"closed","template":"","meta":{"footnotes":""},"class_list":["post-9785","page","type-page","status-publish","hentry"],"_links":{"self":[{"href":"https:\/\/wp.ufpel.edu.br\/progep\/wp-json\/wp\/v2\/pages\/9785","targetHints":{"allow":["GET"]}}],"collection":[{"href":"https:\/\/wp.ufpel.edu.br\/progep\/wp-json\/wp\/v2\/pages"}],"about":[{"href":"https:\/\/wp.ufpel.edu.br\/progep\/wp-json\/wp\/v2\/types\/page"}],"author":[{"embeddable":true,"href":"https:\/\/wp.ufpel.edu.br\/progep\/wp-json\/wp\/v2\/users\/21"}],"replies":[{"embeddable":true,"href":"https:\/\/wp.ufpel.edu.br\/progep\/wp-json\/wp\/v2\/comments?post=9785"}],"version-history":[{"count":4,"href":"https:\/\/wp.ufpel.edu.br\/progep\/wp-json\/wp\/v2\/pages\/9785\/revisions"}],"predecessor-version":[{"id":33773,"href":"https:\/\/wp.ufpel.edu.br\/progep\/wp-json\/wp\/v2\/pages\/9785\/revisions\/33773"}],"wp:attachment":[{"href":"https:\/\/wp.ufpel.edu.br\/progep\/wp-json\/wp\/v2\/media?parent=9785"}],"curies":[{"name":"wp","href":"https:\/\/api.w.org\/{rel}","templated":true}]}}