{"id":9736,"date":"2016-07-26T10:19:03","date_gmt":"2016-07-26T13:19:03","guid":{"rendered":"https:\/\/wp.ufpel.edu.br\/progep\/?page_id=9736"},"modified":"2025-06-30T13:09:33","modified_gmt":"2025-06-30T16:09:33","slug":"oficina-raciocinio-analitico-e-logico","status":"publish","type":"page","link":"https:\/\/wp.ufpel.edu.br\/progep\/oficina-raciocinio-analitico-e-logico\/","title":{"rendered":"Capacita\u00e7\u00e3o: Oficina: Racioc\u00ednio Anal\u00edtico e L\u00f3gico"},"content":{"rendered":"<p><span style=\"font-family: georgia, palatino, serif\"><strong>Modalidade<\/strong>: Presencial<\/span><\/p>\n<p><span style=\"font-family: georgia, palatino, serif\"><strong>Carga Hor\u00e1ria<\/strong>: 20 horas<\/span><\/p>\n<p><span style=\"font-family: georgia, palatino, serif\"><strong>Per\u00edodo<\/strong>: 15, 22 e 29\/8 e 5 e 12\/9\/2016 (segundas-feiras)<\/span><\/p>\n<p><span style=\"font-family: georgia, palatino, serif\"><strong>Hor\u00e1rio<\/strong>: das 14h \u00e0s 18h<\/span><\/p>\n<p><span style=\"font-family: georgia, palatino, serif\"><strong>Local<\/strong>: Sala 415, Campus Porto, Rua Gomes Carneiro, 01<\/span><\/p>\n<p><span style=\"font-family: georgia, palatino, serif\"><strong>Ementa<\/strong>: L\u00f3gica e Racioc\u00ednio L\u00f3gico; Proposi\u00e7\u00f5es\/Conectivos;\u00a0Opera\u00e7\u00f5es l\u00f3gicas sobre Proposi\u00e7\u00f5es;\u00a0Tabelas-Verdade de Proposi\u00e7\u00f5es Compostas; Tautologias e Contradi\u00e7\u00f5es; Equival\u00eancia L\u00f3gica e Implica\u00e7\u00e3o L\u00f3gica; \u00c1lgebra das proposi\u00e7\u00f5es; Argumentos; Senten\u00e7as Abertas; Opera\u00e7\u00f5es L\u00f3gicas sobre Senten\u00e7as Abertas; Quantificadores; Racioc\u00ednio Anal\u00edtico;<\/span><\/p>\n<p><span style=\"font-family: georgia, palatino, serif\"><strong>P\u00fablico alvo<\/strong>: servidores em geral, sendo que os temas a serem desenvolvidos nessa a\u00e7\u00e3o ter\u00e3o como base o teste da ANPAD, prov\u00e1vel requisito no processo seletivo de ingresso ao PROFIAP \u2013 Mestrado Profissional em Administra\u00e7\u00e3o P\u00fablica.<\/span><\/p>\n<p><span style=\"font-family: georgia, palatino, serif\"><strong>N\u00famero de vagas<\/strong>: 30<\/span><\/p>\n<p><span style=\"font-family: georgia, palatino, serif;font-size: 12pt\"><strong>Ministrante<\/strong>: Samantha Pinto da Silva<\/span><\/p>\n<p><span style=\"font-family: georgia, palatino, serif;font-size: 12pt\"><strong>Per\u00edodo de inscri\u00e7\u00f5es<\/strong>: 26\/07 \u2013 09\/08<\/span><\/p>\n<p><span style=\"font-size: 12pt;font-family: georgia, palatino, serif\"><strong>Divulga\u00e7\u00e3o das inscri\u00e7\u00f5es homologadas<\/strong>: 10\/08<\/span><\/p>\n<p><span style=\"font-size: 14pt\"><strong><span style=\"color: #ff6600\"><a style=\"color: #ff6600\" href=\"https:\/\/wp.ufpel.edu.br\/progep\/files\/2016\/07\/homologa_inscritos-7.pdf\">Listagem homologados AQUI!<\/a><\/span><\/strong><\/span><\/p>\n<p>&nbsp;<\/p>\n<p>&nbsp;<\/p>\n","protected":false},"excerpt":{"rendered":"<p>Modalidade: Presencial Carga Hor\u00e1ria: 20 horas Per\u00edodo: 15, 22 e 29\/8 e 5 e 12\/9\/2016 (segundas-feiras) Hor\u00e1rio: das 14h \u00e0s 18h Local: Sala 415, Campus Porto, Rua Gomes Carneiro, 01 Ementa: L\u00f3gica e Racioc\u00ednio L\u00f3gico; Proposi\u00e7\u00f5es\/Conectivos;\u00a0Opera\u00e7\u00f5es l\u00f3gicas sobre Proposi\u00e7\u00f5es;\u00a0Tabelas-Verdade de Proposi\u00e7\u00f5es Compostas; Tautologias e Contradi\u00e7\u00f5es; Equival\u00eancia L\u00f3gica e Implica\u00e7\u00e3o L\u00f3gica; \u00c1lgebra das proposi\u00e7\u00f5es; Argumentos; Senten\u00e7as [&hellip;]<\/p>\n","protected":false},"author":21,"featured_media":0,"parent":0,"menu_order":0,"comment_status":"closed","ping_status":"closed","template":"","meta":{"footnotes":""},"class_list":["post-9736","page","type-page","status-publish","hentry"],"_links":{"self":[{"href":"https:\/\/wp.ufpel.edu.br\/progep\/wp-json\/wp\/v2\/pages\/9736","targetHints":{"allow":["GET"]}}],"collection":[{"href":"https:\/\/wp.ufpel.edu.br\/progep\/wp-json\/wp\/v2\/pages"}],"about":[{"href":"https:\/\/wp.ufpel.edu.br\/progep\/wp-json\/wp\/v2\/types\/page"}],"author":[{"embeddable":true,"href":"https:\/\/wp.ufpel.edu.br\/progep\/wp-json\/wp\/v2\/users\/21"}],"replies":[{"embeddable":true,"href":"https:\/\/wp.ufpel.edu.br\/progep\/wp-json\/wp\/v2\/comments?post=9736"}],"version-history":[{"count":10,"href":"https:\/\/wp.ufpel.edu.br\/progep\/wp-json\/wp\/v2\/pages\/9736\/revisions"}],"predecessor-version":[{"id":33771,"href":"https:\/\/wp.ufpel.edu.br\/progep\/wp-json\/wp\/v2\/pages\/9736\/revisions\/33771"}],"wp:attachment":[{"href":"https:\/\/wp.ufpel.edu.br\/progep\/wp-json\/wp\/v2\/media?parent=9736"}],"curies":[{"name":"wp","href":"https:\/\/api.w.org\/{rel}","templated":true}]}}