{"id":9731,"date":"2016-07-26T10:09:36","date_gmt":"2016-07-26T13:09:36","guid":{"rendered":"https:\/\/wp.ufpel.edu.br\/progep\/?page_id=9731"},"modified":"2025-06-30T13:09:28","modified_gmt":"2025-06-30T16:09:28","slug":"oficina-ler-e-interpretar-um-olhar-sobre-as-questoes-de-lingua-portuguesa-do-teste-anpad","status":"publish","type":"page","link":"https:\/\/wp.ufpel.edu.br\/progep\/oficina-ler-e-interpretar-um-olhar-sobre-as-questoes-de-lingua-portuguesa-do-teste-anpad\/","title":{"rendered":"Capacita\u00e7\u00e3o: Oficina: Ler e Interpretar: um olhar sobre as quest\u00f5es de l\u00edngua portuguesa do teste ANPAD"},"content":{"rendered":"<p><span style=\"font-family: georgia, palatino, serif;font-size: 12pt\"><strong>Modalidade<\/strong>: Presencial<\/span><\/p>\n<p><span style=\"font-size: 12pt;font-family: georgia, palatino, serif\"><strong>Carga Hor\u00e1ria<\/strong>: 12 horas<\/span><\/p>\n<p><span style=\"font-family: georgia, palatino, serif;font-size: 12pt\"><strong>Per\u00edodo<\/strong>: 16, 18 e 25\/8\/2016<\/span><\/p>\n<p><span style=\"font-family: georgia, palatino, serif;font-size: 12pt\"><strong>Hor\u00e1rio<\/strong>: das 14 \u00e0s 18 horas<\/span><\/p>\n<p><span style=\"font-family: georgia, palatino, serif;font-size: 12pt\"><strong>Local<\/strong>: Sala 210 &#8211; B, Campus Porto, Rua Gomes Carneiro, 01<\/span><\/p>\n<p><span style=\"font-family: georgia, palatino, serif;font-size: 12pt\"><strong>Ementa<\/strong>: An\u00e1lise e interpreta\u00e7\u00e3o de diversos g\u00eaneros textuais; G\u00eaneros textuais: escolha nos concursos p\u00fablicos; Quest\u00f5es de m\u00faltipla escola: como interpretar?; Sem\u00e2ntica (conota\u00e7\u00e3o, denota\u00e7\u00e3o, neologismo); Coes\u00e3o e Coer\u00eancia; Compreens\u00e3o textual: Infer\u00eancia, intertextualidade, extratextualidade; Resumo; Par\u00e1frase.<\/span><\/p>\n<p><span style=\"font-family: georgia, palatino, serif;font-size: 12pt\"><strong>P\u00fablico alvo<\/strong>: servidores em geral, sendo que os temas a serem desenvolvidos nessa a\u00e7\u00e3o ter\u00e3o como base o teste da ANPAD, prov\u00e1vel requisito no processo seletivo de ingresso ao PROFIAP \u2013 Mestrado Profissional em Administra\u00e7\u00e3o P\u00fablica.<\/span><\/p>\n<p><span style=\"font-family: georgia, palatino, serif;font-size: 12pt\"><strong>N\u00famero de vagas<\/strong>: 35<\/span><\/p>\n<p><strong>Ministrante<\/strong>: Vanessa Doumid Damasceno<\/p>\n<p><strong>Per\u00edodo de inscri\u00e7\u00f5es<\/strong>: 26\/07 \u2013 09\/08<\/p>\n<p><strong>Divulga\u00e7\u00e3o das inscri\u00e7\u00f5es homologadas<\/strong>: 10\/08<\/p>\n<p><span style=\"font-size: 14pt;color: #ff6600\"><strong><a style=\"color: #ff6600\" href=\"https:\/\/wp.ufpel.edu.br\/progep\/files\/2016\/07\/homologa_inscritos-4.pdf\">Listagem homologados AQUI!<\/a><\/strong><\/span><\/p>\n<p>&nbsp;<\/p>\n","protected":false},"excerpt":{"rendered":"<p>Modalidade: Presencial Carga Hor\u00e1ria: 12 horas Per\u00edodo: 16, 18 e 25\/8\/2016 Hor\u00e1rio: das 14 \u00e0s 18 horas Local: Sala 210 &#8211; B, Campus Porto, Rua Gomes Carneiro, 01 Ementa: An\u00e1lise e interpreta\u00e7\u00e3o de diversos g\u00eaneros textuais; G\u00eaneros textuais: escolha nos concursos p\u00fablicos; Quest\u00f5es de m\u00faltipla escola: como interpretar?; Sem\u00e2ntica (conota\u00e7\u00e3o, denota\u00e7\u00e3o, neologismo); Coes\u00e3o e Coer\u00eancia; [&hellip;]<\/p>\n","protected":false},"author":21,"featured_media":0,"parent":0,"menu_order":0,"comment_status":"closed","ping_status":"closed","template":"","meta":{"footnotes":""},"class_list":["post-9731","page","type-page","status-publish","hentry"],"_links":{"self":[{"href":"https:\/\/wp.ufpel.edu.br\/progep\/wp-json\/wp\/v2\/pages\/9731","targetHints":{"allow":["GET"]}}],"collection":[{"href":"https:\/\/wp.ufpel.edu.br\/progep\/wp-json\/wp\/v2\/pages"}],"about":[{"href":"https:\/\/wp.ufpel.edu.br\/progep\/wp-json\/wp\/v2\/types\/page"}],"author":[{"embeddable":true,"href":"https:\/\/wp.ufpel.edu.br\/progep\/wp-json\/wp\/v2\/users\/21"}],"replies":[{"embeddable":true,"href":"https:\/\/wp.ufpel.edu.br\/progep\/wp-json\/wp\/v2\/comments?post=9731"}],"version-history":[{"count":7,"href":"https:\/\/wp.ufpel.edu.br\/progep\/wp-json\/wp\/v2\/pages\/9731\/revisions"}],"predecessor-version":[{"id":33770,"href":"https:\/\/wp.ufpel.edu.br\/progep\/wp-json\/wp\/v2\/pages\/9731\/revisions\/33770"}],"wp:attachment":[{"href":"https:\/\/wp.ufpel.edu.br\/progep\/wp-json\/wp\/v2\/media?parent=9731"}],"curies":[{"name":"wp","href":"https:\/\/api.w.org\/{rel}","templated":true}]}}