{"id":9659,"date":"2016-06-27T11:53:40","date_gmt":"2016-06-27T14:53:40","guid":{"rendered":"https:\/\/wp.ufpel.edu.br\/progep\/?page_id=9659"},"modified":"2025-06-30T12:57:48","modified_gmt":"2025-06-30T15:57:48","slug":"curso-sistema-de-concessao-de-diarias-e-passagens-legislacao-e-pratica","status":"publish","type":"page","link":"https:\/\/wp.ufpel.edu.br\/progep\/curso-sistema-de-concessao-de-diarias-e-passagens-legislacao-e-pratica\/","title":{"rendered":"Capacita\u00e7\u00e3o: Curso: Sistema de Concess\u00e3o de Di\u00e1rias e Passagens &#8211; Legisla\u00e7\u00e3o e Pr\u00e1tica"},"content":{"rendered":"<p>Modalidade: presencial <em>(in company)<\/em><\/p>\n<p>Carga hor\u00e1ria: 20 horas<\/p>\n<p>Per\u00edodo: 4\u00a0a 8\u00a0de julho\u00a0de 2016 &#8211; 2 turmas<\/p>\n<p>Hor\u00e1rio: das 8h30min \u00e0s 12 horas e das 13h30min \u00e0s 18h<\/p>\n<p>Local: Laborat\u00f3rio de Inform\u00e1tica &#8211; sala 117 &#8211; Bloco B &#8211; Campus Porto &#8211; Rua Gomes Carneiro n\u00ba 1.<\/p>\n<p>Sum\u00e1rio: Legisla\u00e7\u00e3o;\u00a0Processo de solicita\u00e7\u00e3o de di\u00e1rias e passagens para viagens nacionais: Apresenta\u00e7\u00e3o dos m\u00f3dulos, simula\u00e7\u00e3o de uma Proposta de Concess\u00e3o de Di\u00e1rias e Passagens nacional;\u00a0Execu\u00e7\u00f5es: Ag\u00eancia de Viagem \u2013 emiss\u00e3o do bilhete \u2013, Execu\u00e7\u00e3o financeira \u2013 indica\u00e7\u00e3o do processo, vincula\u00e7\u00e3o e os comandos de AV e OB; SCDP &#8211; Ajustes e Presta\u00e7\u00e3o de Contas; Processo de solicita\u00e7\u00e3o de di\u00e1rias e passagens para viagens internacionais: simula\u00e7\u00e3o de uma Proposta de Concess\u00e3o de Di\u00e1rias e Passagens \u2013 PCDP internacional; Compra Direta de Passagens; Nova funcionalidade conforme Portaria 227\/2014; IN 03\/2015 SLTI\/MPOG.<\/p>\n<p>P\u00fablico alvo: servidores atuantes nas diversas unidades da UFPel, cadastrados como solicitantes de di\u00e1rias e passagens e \u00a0indicados pela PRA.<\/p>\n<p>N\u00famero de vagas: 50 (25 por turma)<\/p>\n<p>Ministrante: Luiz Eduardo Muradas Martins\u00a0&#8211; ESAF-RS<\/p>\n<p><strong><span style=\"color: #ff6600\"><a style=\"color: #ff6600\" href=\"https:\/\/wp.ufpel.edu.br\/progep\/files\/2016\/06\/Inscricoes-homologadas.pdf\">Inscri\u00e7\u00f5es homologadas &#8211; turmas 1 e 2<\/a><\/span><\/strong><\/p>\n<p>&nbsp;<\/p>\n<p>&nbsp;<\/p>\n","protected":false},"excerpt":{"rendered":"<p>Modalidade: presencial (in company) Carga hor\u00e1ria: 20 horas Per\u00edodo: 4\u00a0a 8\u00a0de julho\u00a0de 2016 &#8211; 2 turmas Hor\u00e1rio: das 8h30min \u00e0s 12 horas e das 13h30min \u00e0s 18h Local: Laborat\u00f3rio de Inform\u00e1tica &#8211; sala 117 &#8211; Bloco B &#8211; Campus Porto &#8211; Rua Gomes Carneiro n\u00ba 1. Sum\u00e1rio: Legisla\u00e7\u00e3o;\u00a0Processo de solicita\u00e7\u00e3o de di\u00e1rias e passagens para [&hellip;]<\/p>\n","protected":false},"author":21,"featured_media":0,"parent":0,"menu_order":0,"comment_status":"closed","ping_status":"closed","template":"","meta":{"footnotes":""},"class_list":["post-9659","page","type-page","status-publish","hentry"],"_links":{"self":[{"href":"https:\/\/wp.ufpel.edu.br\/progep\/wp-json\/wp\/v2\/pages\/9659","targetHints":{"allow":["GET"]}}],"collection":[{"href":"https:\/\/wp.ufpel.edu.br\/progep\/wp-json\/wp\/v2\/pages"}],"about":[{"href":"https:\/\/wp.ufpel.edu.br\/progep\/wp-json\/wp\/v2\/types\/page"}],"author":[{"embeddable":true,"href":"https:\/\/wp.ufpel.edu.br\/progep\/wp-json\/wp\/v2\/users\/21"}],"replies":[{"embeddable":true,"href":"https:\/\/wp.ufpel.edu.br\/progep\/wp-json\/wp\/v2\/comments?post=9659"}],"version-history":[{"count":5,"href":"https:\/\/wp.ufpel.edu.br\/progep\/wp-json\/wp\/v2\/pages\/9659\/revisions"}],"predecessor-version":[{"id":33753,"href":"https:\/\/wp.ufpel.edu.br\/progep\/wp-json\/wp\/v2\/pages\/9659\/revisions\/33753"}],"wp:attachment":[{"href":"https:\/\/wp.ufpel.edu.br\/progep\/wp-json\/wp\/v2\/media?parent=9659"}],"curies":[{"name":"wp","href":"https:\/\/api.w.org\/{rel}","templated":true}]}}