{"id":9330,"date":"2016-04-15T13:34:31","date_gmt":"2016-04-15T16:34:31","guid":{"rendered":"https:\/\/wp.ufpel.edu.br\/progep\/?page_id=9330"},"modified":"2025-06-30T12:58:53","modified_gmt":"2025-06-30T15:58:53","slug":"curso-o-novo-acordo-ortografico-naort","status":"publish","type":"page","link":"https:\/\/wp.ufpel.edu.br\/progep\/curso-o-novo-acordo-ortografico-naort\/","title":{"rendered":"Capacita\u00e7\u00e3o: Curso: O Novo Acordo Ortogr\u00e1fico &#8211; NAORT"},"content":{"rendered":"<p><strong>Modalidade:<\/strong> <em>online<\/em><\/p>\n<p><strong>Carga Hor\u00e1ria:<\/strong> 20 horas<\/p>\n<p><strong>Per\u00edodo:<\/strong> 16 de maio a 19 de junho de 2016<\/p>\n<p><strong>Sum\u00e1rio:<\/strong> Breve hist\u00f3rico do Acordo Ortogr\u00e1fico; Inclus\u00e3o das letras K, w e y no alfabeto portugu\u00eas; Trema; H\u00edfen; Acentua\u00e7\u00e3o gr\u00e1fica.<\/p>\n<p><strong>P\u00fablico alvo:<\/strong> servidores em geral.<\/p>\n<p><strong>N\u00famero de vagas:<\/strong> 30<\/p>\n<p><strong>Ministrante:<\/strong> Biolange Oliveira Pi\u00e9gas<\/p>\n<p><strong>Per\u00edodo de inscri\u00e7\u00e3o:<\/strong>\u00a018\/04 a 06\/05\/2016<\/p>\n<p><strong>Divulga\u00e7\u00e3o das inscri\u00e7\u00f5es homologadas:<\/strong>\u00a009\/05\/2016, nesta p\u00e1gina<\/p>\n<p><strong><span style=\"color: #ff6600\"><a style=\"color: #ff6600\" href=\"https:\/\/wp.ufpel.edu.br\/progep\/files\/2016\/04\/homologa_inscritos.pdf\">Listagem homologados AQUI!<\/a><\/span><\/strong><\/p>\n<p><strong><span style=\"color: #ff6600\">\u00a0<\/span><\/strong><\/p>\n","protected":false},"excerpt":{"rendered":"<p>Modalidade: online Carga Hor\u00e1ria: 20 horas Per\u00edodo: 16 de maio a 19 de junho de 2016 Sum\u00e1rio: Breve hist\u00f3rico do Acordo Ortogr\u00e1fico; Inclus\u00e3o das letras K, w e y no alfabeto portugu\u00eas; Trema; H\u00edfen; Acentua\u00e7\u00e3o gr\u00e1fica. P\u00fablico alvo: servidores em geral. N\u00famero de vagas: 30 Ministrante: Biolange Oliveira Pi\u00e9gas Per\u00edodo de inscri\u00e7\u00e3o:\u00a018\/04 a 06\/05\/2016 Divulga\u00e7\u00e3o [&hellip;]<\/p>\n","protected":false},"author":21,"featured_media":0,"parent":0,"menu_order":0,"comment_status":"closed","ping_status":"closed","template":"","meta":{"footnotes":""},"class_list":["post-9330","page","type-page","status-publish","hentry"],"_links":{"self":[{"href":"https:\/\/wp.ufpel.edu.br\/progep\/wp-json\/wp\/v2\/pages\/9330","targetHints":{"allow":["GET"]}}],"collection":[{"href":"https:\/\/wp.ufpel.edu.br\/progep\/wp-json\/wp\/v2\/pages"}],"about":[{"href":"https:\/\/wp.ufpel.edu.br\/progep\/wp-json\/wp\/v2\/types\/page"}],"author":[{"embeddable":true,"href":"https:\/\/wp.ufpel.edu.br\/progep\/wp-json\/wp\/v2\/users\/21"}],"replies":[{"embeddable":true,"href":"https:\/\/wp.ufpel.edu.br\/progep\/wp-json\/wp\/v2\/comments?post=9330"}],"version-history":[{"count":7,"href":"https:\/\/wp.ufpel.edu.br\/progep\/wp-json\/wp\/v2\/pages\/9330\/revisions"}],"predecessor-version":[{"id":33758,"href":"https:\/\/wp.ufpel.edu.br\/progep\/wp-json\/wp\/v2\/pages\/9330\/revisions\/33758"}],"wp:attachment":[{"href":"https:\/\/wp.ufpel.edu.br\/progep\/wp-json\/wp\/v2\/media?parent=9330"}],"curies":[{"name":"wp","href":"https:\/\/api.w.org\/{rel}","templated":true}]}}