{"id":9328,"date":"2016-04-15T13:32:45","date_gmt":"2016-04-15T16:32:45","guid":{"rendered":"https:\/\/wp.ufpel.edu.br\/progep\/?page_id=9328"},"modified":"2025-06-30T12:59:01","modified_gmt":"2025-06-30T15:59:01","slug":"oficina-raciocinios-analitico-e-logico-2a-turma","status":"publish","type":"page","link":"https:\/\/wp.ufpel.edu.br\/progep\/oficina-raciocinios-analitico-e-logico-2a-turma\/","title":{"rendered":"Capacita\u00e7\u00e3o: Oficina: Racioc\u00ednios Anal\u00edtico e L\u00f3gico &#8211; 2\u00aa turma"},"content":{"rendered":"<p><strong>Modalidade:<\/strong> presencial<\/p>\n<p><strong>Carga Hor\u00e1ria:<\/strong> 12 horas<\/p>\n<p><strong>Per\u00edodo:<\/strong> 18, 20 e 25\/05\/2016<\/p>\n<p><strong>Hor\u00e1rio:<\/strong> das 14 \u00e0s 18 horas<\/p>\n<p><strong>Local:<\/strong> sala 21, Rua Alm. Barroso, 1734<\/p>\n<p><strong>Sum\u00e1rio:<\/strong> L\u00f3gica Matem\u00e1tica e Racioc\u00ednio L\u00f3gico; Proposi\u00e7\u00f5es e Opera\u00e7\u00f5es L\u00f3gicas; Equival\u00eancias e Implica\u00e7\u00f5es L\u00f3gicas; Argumentos; Senten\u00e7as Abertas e Opera\u00e7\u00f5es; Quantificadores; Racioc\u00ednio Anal\u00edtico.<\/p>\n<p><strong>P\u00fablico alvo:<\/strong> servidores em geral, sendo que os temas a serem desenvolvidos nessa a\u00e7\u00e3o ter\u00e3o como base o teste da ANPAD, prov\u00e1vel requisito no processo seletivo de ingresso ao PROFIAP \u2013 Mestrado Profissional em Administra\u00e7\u00e3o P\u00fablica.<\/p>\n<p><strong>N\u00famero de vagas:<\/strong> 35<\/p>\n<p><strong>Ministrantes:<\/strong> Neide Pizzolato Angelo e Patricia da Concei\u00e7\u00e3o Fantinel<\/p>\n<p><strong>Per\u00edodo de inscri\u00e7\u00e3o:\u00a0<\/strong>18\/04 a 06\/05\/2016<\/p>\n<p><strong>Divulga\u00e7\u00e3o das inscri\u00e7\u00f5es homologadas:<\/strong>\u00a009\/05\/2016, nesta p\u00e1gina<\/p>\n<p><strong><span style=\"color: #ff6600\"><a style=\"color: #ff6600\" href=\"https:\/\/wp.ufpel.edu.br\/progep\/files\/2016\/04\/homologa_inscritos-correto.pdf\">Listagem homologados AQUI!<\/a><\/span><\/strong><\/p>\n<p>&nbsp;<\/p>\n","protected":false},"excerpt":{"rendered":"<p>Modalidade: presencial Carga Hor\u00e1ria: 12 horas Per\u00edodo: 18, 20 e 25\/05\/2016 Hor\u00e1rio: das 14 \u00e0s 18 horas Local: sala 21, Rua Alm. Barroso, 1734 Sum\u00e1rio: L\u00f3gica Matem\u00e1tica e Racioc\u00ednio L\u00f3gico; Proposi\u00e7\u00f5es e Opera\u00e7\u00f5es L\u00f3gicas; Equival\u00eancias e Implica\u00e7\u00f5es L\u00f3gicas; Argumentos; Senten\u00e7as Abertas e Opera\u00e7\u00f5es; Quantificadores; Racioc\u00ednio Anal\u00edtico. P\u00fablico alvo: servidores em geral, sendo que os temas [&hellip;]<\/p>\n","protected":false},"author":21,"featured_media":0,"parent":0,"menu_order":0,"comment_status":"closed","ping_status":"closed","template":"","meta":{"footnotes":""},"class_list":["post-9328","page","type-page","status-publish","hentry"],"_links":{"self":[{"href":"https:\/\/wp.ufpel.edu.br\/progep\/wp-json\/wp\/v2\/pages\/9328","targetHints":{"allow":["GET"]}}],"collection":[{"href":"https:\/\/wp.ufpel.edu.br\/progep\/wp-json\/wp\/v2\/pages"}],"about":[{"href":"https:\/\/wp.ufpel.edu.br\/progep\/wp-json\/wp\/v2\/types\/page"}],"author":[{"embeddable":true,"href":"https:\/\/wp.ufpel.edu.br\/progep\/wp-json\/wp\/v2\/users\/21"}],"replies":[{"embeddable":true,"href":"https:\/\/wp.ufpel.edu.br\/progep\/wp-json\/wp\/v2\/comments?post=9328"}],"version-history":[{"count":8,"href":"https:\/\/wp.ufpel.edu.br\/progep\/wp-json\/wp\/v2\/pages\/9328\/revisions"}],"predecessor-version":[{"id":33759,"href":"https:\/\/wp.ufpel.edu.br\/progep\/wp-json\/wp\/v2\/pages\/9328\/revisions\/33759"}],"wp:attachment":[{"href":"https:\/\/wp.ufpel.edu.br\/progep\/wp-json\/wp\/v2\/media?parent=9328"}],"curies":[{"name":"wp","href":"https:\/\/api.w.org\/{rel}","templated":true}]}}