{"id":9326,"date":"2016-04-15T13:29:38","date_gmt":"2016-04-15T16:29:38","guid":{"rendered":"https:\/\/wp.ufpel.edu.br\/progep\/?page_id=9326"},"modified":"2025-06-30T12:59:09","modified_gmt":"2025-06-30T15:59:09","slug":"curso-ingles-profissional-para-tecnico-administrativos-em-educacao","status":"publish","type":"page","link":"https:\/\/wp.ufpel.edu.br\/progep\/curso-ingles-profissional-para-tecnico-administrativos-em-educacao\/","title":{"rendered":"Capacita\u00e7\u00e3o: Curso: Ingl\u00eas Profissional para T\u00e9cnico-Administrativos em Educa\u00e7\u00e3o"},"content":{"rendered":"<p><strong>Modalidade:<\/strong> presencial<\/p>\n<p><strong>Carga hor\u00e1ria:<\/strong> 60 horas<\/p>\n<p><strong>Per\u00edodo:<\/strong> 04 de maio a 14 de julho de 2016, \u00e0s quartas e quintas-feiras<\/p>\n<p><strong>Hor\u00e1rio:\u00a0<\/strong>das 9 \u00e0s 12 horas<\/p>\n<p><strong>Local:<\/strong>\u00a0nas quartas-feiras, na sala 246, e nas quintas-feiras, sala 224, ambas no 2\u00ba piso, bloco B, Campus Porto.<\/p>\n<p><strong>Sum\u00e1rio:<\/strong> No\u00e7\u00f5es gramaticais de l\u00edngua inglesa; Uso da l\u00edngua em contextos profissionais: atender o telefone, escrever e-mails formais e neutros, regras culturais de conversa\u00e7\u00e3o.<\/p>\n<p><strong>P\u00fablico alvo:<\/strong> servidores em geral, preferencialmente os que precisam utilizar a l\u00edngua inglesa no exerc\u00edcio de suas atividades profissionais, oralmente e por escrito.<\/p>\n<p><strong>N\u00famero de vagas:<\/strong> 25<\/p>\n<p><strong>Ministrante:<\/strong> Eduardo Marks de Marques<\/p>\n<p><strong>Per\u00edodo de inscri\u00e7\u00e3o:<\/strong>\u00a018\/04 a 29\/04\/2016<br \/>\n<strong>Divulga\u00e7\u00e3o das inscri\u00e7\u00f5es homologadas:<\/strong>\u00a029\/04\/2016, nesta p\u00e1gina<\/p>\n<p><strong><span style=\"color: #ff6600\"><a style=\"color: #ff6600\" href=\"https:\/\/wp.ufpel.edu.br\/progep\/files\/2016\/04\/homologa_inscritos_ingles.pdf\">Listagem de homologados AQUI!<\/a><\/span><\/strong><\/p>\n<p>&nbsp;<\/p>\n","protected":false},"excerpt":{"rendered":"<p>Modalidade: presencial Carga hor\u00e1ria: 60 horas Per\u00edodo: 04 de maio a 14 de julho de 2016, \u00e0s quartas e quintas-feiras Hor\u00e1rio:\u00a0das 9 \u00e0s 12 horas Local:\u00a0nas quartas-feiras, na sala 246, e nas quintas-feiras, sala 224, ambas no 2\u00ba piso, bloco B, Campus Porto. Sum\u00e1rio: No\u00e7\u00f5es gramaticais de l\u00edngua inglesa; Uso da l\u00edngua em contextos profissionais: [&hellip;]<\/p>\n","protected":false},"author":21,"featured_media":0,"parent":0,"menu_order":0,"comment_status":"closed","ping_status":"closed","template":"","meta":{"footnotes":""},"class_list":["post-9326","page","type-page","status-publish","hentry"],"_links":{"self":[{"href":"https:\/\/wp.ufpel.edu.br\/progep\/wp-json\/wp\/v2\/pages\/9326","targetHints":{"allow":["GET"]}}],"collection":[{"href":"https:\/\/wp.ufpel.edu.br\/progep\/wp-json\/wp\/v2\/pages"}],"about":[{"href":"https:\/\/wp.ufpel.edu.br\/progep\/wp-json\/wp\/v2\/types\/page"}],"author":[{"embeddable":true,"href":"https:\/\/wp.ufpel.edu.br\/progep\/wp-json\/wp\/v2\/users\/21"}],"replies":[{"embeddable":true,"href":"https:\/\/wp.ufpel.edu.br\/progep\/wp-json\/wp\/v2\/comments?post=9326"}],"version-history":[{"count":9,"href":"https:\/\/wp.ufpel.edu.br\/progep\/wp-json\/wp\/v2\/pages\/9326\/revisions"}],"predecessor-version":[{"id":33760,"href":"https:\/\/wp.ufpel.edu.br\/progep\/wp-json\/wp\/v2\/pages\/9326\/revisions\/33760"}],"wp:attachment":[{"href":"https:\/\/wp.ufpel.edu.br\/progep\/wp-json\/wp\/v2\/media?parent=9326"}],"curies":[{"name":"wp","href":"https:\/\/api.w.org\/{rel}","templated":true}]}}