{"id":9256,"date":"2016-04-06T16:43:50","date_gmt":"2016-04-06T19:43:50","guid":{"rendered":"https:\/\/wp.ufpel.edu.br\/progep\/?page_id=9256"},"modified":"2018-01-04T10:36:03","modified_gmt":"2018-01-04T12:36:03","slug":"jasouestagiarioa","status":"publish","type":"page","link":"https:\/\/wp.ufpel.edu.br\/progep\/jasouestagiarioa\/","title":{"rendered":"J\u00e1 sou Estagi\u00e1rio(a)"},"content":{"rendered":"<p><a href=\"https:\/\/wp.ufpel.edu.br\/progep\/files\/2018\/01\/Controle-de-frequencia-2018.xls\"><img class=\"alignleft wp-image-9278\" src=\"https:\/\/wp.ufpel.edu.br\/progep\/files\/2016\/04\/controledefrequencia-2-159x159.jpg\" alt=\"\" width=\"236\" height=\"236\" srcset=\"https:\/\/wp.ufpel.edu.br\/progep\/files\/2016\/04\/controledefrequencia-2-159x159.jpg 159w, https:\/\/wp.ufpel.edu.br\/progep\/files\/2016\/04\/controledefrequencia-2-318x318.jpg 318w, https:\/\/wp.ufpel.edu.br\/progep\/files\/2016\/04\/controledefrequencia-2-768x768.jpg 768w, https:\/\/wp.ufpel.edu.br\/progep\/files\/2016\/04\/controledefrequencia-2.jpg 1089w\" sizes=\"(max-width: 236px) 100vw, 236px\" \/><\/a><a href=\"https:\/\/wp.ufpel.edu.br\/progep\/files\/2016\/04\/02-RELATORIO-DE-ATIVIDADES-DE-ESTAGIO-1.pdf\" rel=\"attachment wp-att-9258\"><img class=\"alignleft wp-image-9269\" src=\"https:\/\/wp.ufpel.edu.br\/progep\/files\/2016\/04\/2relatoriodeativ-1-159x159.jpg\" alt=\"\" width=\"236\" height=\"236\" srcset=\"https:\/\/wp.ufpel.edu.br\/progep\/files\/2016\/04\/2relatoriodeativ-1-159x159.jpg 159w, https:\/\/wp.ufpel.edu.br\/progep\/files\/2016\/04\/2relatoriodeativ-1-318x318.jpg 318w, https:\/\/wp.ufpel.edu.br\/progep\/files\/2016\/04\/2relatoriodeativ-1-768x767.jpg 768w, https:\/\/wp.ufpel.edu.br\/progep\/files\/2016\/04\/2relatoriodeativ-1.jpg 1089w\" sizes=\"(max-width: 236px) 100vw, 236px\" \/><\/a><a href=\"https:\/\/wp.ufpel.edu.br\/progep\/files\/2017\/02\/03-FICHA-DE-DESLIGAMENTO.pdf\"><img class=\"alignleft wp-image-9279\" src=\"https:\/\/wp.ufpel.edu.br\/progep\/files\/2016\/04\/3fichadesli-1-159x159.jpg\" width=\"236\" height=\"236\" srcset=\"https:\/\/wp.ufpel.edu.br\/progep\/files\/2016\/04\/3fichadesli-1-159x159.jpg 159w, https:\/\/wp.ufpel.edu.br\/progep\/files\/2016\/04\/3fichadesli-1-318x318.jpg 318w, https:\/\/wp.ufpel.edu.br\/progep\/files\/2016\/04\/3fichadesli-1-768x767.jpg 768w, https:\/\/wp.ufpel.edu.br\/progep\/files\/2016\/04\/3fichadesli-1.jpg 1089w\" sizes=\"(max-width: 236px) 100vw, 236px\" \/><\/a><\/p>\n<p>&nbsp;<\/p>\n<p>&nbsp;<\/p>\n<p>&nbsp;<\/p>\n<p>&nbsp;<\/p>\n<p>&nbsp;<\/p>\n<p>&nbsp;<\/p>\n<p>&nbsp;<\/p>\n<p>A Pr\u00f3-Reitoria de Gest\u00e3o de Pessoas informa que o controle de frequ\u00eancia mensal dos <em>estagi\u00e1rios\u00a0<\/em>poder\u00e1\u00a0ser encaminhado, <strong>com as devidas assinaturas<\/strong>, de forma digitalizada (escaneada) para o email estagios@ufpel.edu.br, ou de forma f\u00edsica \u00e0 PROGEP,\u00a0at\u00e9 os prazos estabelecidos no quadro abaixo, \u00a0a fim de que seja efetivado o pagamento da bolsa-est\u00e1gio e n\u00e3o haja desconto do aux\u00edlio-transporte. O modelo do formul\u00e1rio de frequ\u00eancia\u00a0 encontra-se dispon\u00edvel no\u00a0item 1 (Controle de Frequ\u00eancia de Est\u00e1gio).<\/p>\n<table style=\"height: 371px\" width=\"327\">\n<tbody>\n<tr>\n<td style=\"text-align: center\" width=\"117\"><strong>Frequ\u00eancia de:<\/strong><\/td>\n<td style=\"text-align: center\" width=\"101\"><strong>Data m\u00e1xima:<\/strong><\/td>\n<\/tr>\n<tr>\n<td style=\"text-align: center\">JANEIRO\/2018<\/td>\n<td style=\"text-align: center\">8\/2\/2018<\/td>\n<\/tr>\n<tr>\n<td style=\"text-align: center\">FEVEREIRO\/2018<\/td>\n<td style=\"text-align: center\">7\/3\/2018<\/td>\n<\/tr>\n<tr>\n<td style=\"text-align: center\">MAR\u00c7O\/2018<\/td>\n<td style=\"text-align: center\">6\/4\/2018<\/td>\n<\/tr>\n<tr>\n<td style=\"text-align: center\">ABRIL\/2018<\/td>\n<td style=\"text-align: center\">8\/5\/2018<\/td>\n<\/tr>\n<tr>\n<td style=\"text-align: center\">MAIO\/2018<\/td>\n<td style=\"text-align: center\">7\/6\/2018<\/td>\n<\/tr>\n<tr>\n<td style=\"text-align: center\">JUNHO\/2018<\/td>\n<td style=\"text-align: center\">6\/7\/2018<\/td>\n<\/tr>\n<tr>\n<td style=\"text-align: center\">JULHO\/2018<\/td>\n<td style=\"text-align: center\">7\/8\/2018<\/td>\n<\/tr>\n<tr>\n<td style=\"text-align: center\">AGOSTO\/2018<\/td>\n<td style=\"text-align: center\">10\/9\/2018<\/td>\n<\/tr>\n<tr>\n<td style=\"text-align: center\">SETEMBRO\/2018<\/td>\n<td style=\"text-align: center\">5\/10\/2018<\/td>\n<\/tr>\n<tr>\n<td style=\"text-align: center\">OUTUBRO\/2018<\/td>\n<td style=\"text-align: center\">8\/11\/2018<\/td>\n<\/tr>\n<tr>\n<td style=\"text-align: center\">NOVEMBRO\/2018<\/td>\n<td style=\"text-align: center\">7\/12\/2018<\/td>\n<\/tr>\n<tr>\n<td style=\"text-align: center\">DEZEMBRO\/2018<\/td>\n<td style=\"text-align: center\">8\/1\/2019<\/td>\n<\/tr>\n<\/tbody>\n<\/table>\n<p>&nbsp;<\/p>\n","protected":false},"excerpt":{"rendered":"<p>&nbsp; &nbsp; &nbsp; &nbsp; &nbsp; &nbsp; &nbsp; A Pr\u00f3-Reitoria de Gest\u00e3o de Pessoas informa que o controle de frequ\u00eancia mensal dos estagi\u00e1rios\u00a0poder\u00e1\u00a0ser encaminhado, com as devidas assinaturas, de forma digitalizada (escaneada) para o email estagios@ufpel.edu.br, ou de forma f\u00edsica \u00e0 PROGEP,\u00a0at\u00e9 os prazos estabelecidos no quadro abaixo, \u00a0a fim de que seja efetivado o pagamento [&hellip;]<\/p>\n","protected":false},"author":52,"featured_media":0,"parent":0,"menu_order":0,"comment_status":"closed","ping_status":"closed","template":"","meta":{"footnotes":""},"class_list":["post-9256","page","type-page","status-publish","hentry"],"_links":{"self":[{"href":"https:\/\/wp.ufpel.edu.br\/progep\/wp-json\/wp\/v2\/pages\/9256","targetHints":{"allow":["GET"]}}],"collection":[{"href":"https:\/\/wp.ufpel.edu.br\/progep\/wp-json\/wp\/v2\/pages"}],"about":[{"href":"https:\/\/wp.ufpel.edu.br\/progep\/wp-json\/wp\/v2\/types\/page"}],"author":[{"embeddable":true,"href":"https:\/\/wp.ufpel.edu.br\/progep\/wp-json\/wp\/v2\/users\/52"}],"replies":[{"embeddable":true,"href":"https:\/\/wp.ufpel.edu.br\/progep\/wp-json\/wp\/v2\/comments?post=9256"}],"version-history":[{"count":36,"href":"https:\/\/wp.ufpel.edu.br\/progep\/wp-json\/wp\/v2\/pages\/9256\/revisions"}],"predecessor-version":[{"id":12042,"href":"https:\/\/wp.ufpel.edu.br\/progep\/wp-json\/wp\/v2\/pages\/9256\/revisions\/12042"}],"wp:attachment":[{"href":"https:\/\/wp.ufpel.edu.br\/progep\/wp-json\/wp\/v2\/media?parent=9256"}],"curies":[{"name":"wp","href":"https:\/\/api.w.org\/{rel}","templated":true}]}}