{"id":9240,"date":"2016-04-06T15:08:45","date_gmt":"2016-04-06T18:08:45","guid":{"rendered":"https:\/\/wp.ufpel.edu.br\/progep\/?page_id=9240"},"modified":"2016-09-16T17:40:36","modified_gmt":"2016-09-16T20:40:36","slug":"nao-sou-estagiarioa","status":"publish","type":"page","link":"https:\/\/wp.ufpel.edu.br\/progep\/nao-sou-estagiarioa\/","title":{"rendered":"N\u00e3o sou Estagi\u00e1rio(a)"},"content":{"rendered":"<p>&nbsp;<\/p>\n<p><a href=\"https:\/\/wp.ufpel.edu.br\/progep\/files\/2016\/04\/01-SOLICITACAO-DE-ESTAGIO-1.pdf\" rel=\"attachment wp-att-9306\"><img class=\"alignleft wp-image-9306\" src=\"https:\/\/wp.ufpel.edu.br\/progep\/files\/2016\/04\/1solicitacao.jpg\" alt=\"1solicita\u00e7\u00e3o\" width=\"236\" height=\"236\" srcset=\"https:\/\/wp.ufpel.edu.br\/progep\/files\/2016\/04\/1solicitacao.jpg 1089w, https:\/\/wp.ufpel.edu.br\/progep\/files\/2016\/04\/1solicitacao-159x159.jpg 159w, https:\/\/wp.ufpel.edu.br\/progep\/files\/2016\/04\/1solicitacao-318x318.jpg 318w, https:\/\/wp.ufpel.edu.br\/progep\/files\/2016\/04\/1solicitacao-768x768.jpg 768w\" sizes=\"(max-width: 236px) 100vw, 236px\" \/><\/a><a href=\"https:\/\/wp.ufpel.edu.br\/progep\/files\/2016\/04\/Formulario-Cadastro-de-Dados.doc\" rel=\"attachment wp-att-9307\"><img class=\"alignleft wp-image-9307\" src=\"https:\/\/wp.ufpel.edu.br\/progep\/files\/2016\/04\/2formulariodecadastro.jpg\" alt=\"2formulariodecadastro\" width=\"236\" height=\"236\" srcset=\"https:\/\/wp.ufpel.edu.br\/progep\/files\/2016\/04\/2formulariodecadastro.jpg 1089w, https:\/\/wp.ufpel.edu.br\/progep\/files\/2016\/04\/2formulariodecadastro-159x159.jpg 159w, https:\/\/wp.ufpel.edu.br\/progep\/files\/2016\/04\/2formulariodecadastro-318x318.jpg 318w, https:\/\/wp.ufpel.edu.br\/progep\/files\/2016\/04\/2formulariodecadastro-768x768.jpg 768w\" sizes=\"(max-width: 236px) 100vw, 236px\" \/><\/a><a href=\"https:\/\/wp.ufpel.edu.br\/progep\/files\/2016\/04\/03-PLANO-DE-TRABALHO-1.pdf\" rel=\"attachment wp-att-9305\"><img class=\"alignleft wp-image-9305\" src=\"https:\/\/wp.ufpel.edu.br\/progep\/files\/2016\/04\/3planodetraba.jpg\" alt=\"3planodetraba\" width=\"236\" height=\"236\" srcset=\"https:\/\/wp.ufpel.edu.br\/progep\/files\/2016\/04\/3planodetraba.jpg 1089w, https:\/\/wp.ufpel.edu.br\/progep\/files\/2016\/04\/3planodetraba-159x159.jpg 159w, https:\/\/wp.ufpel.edu.br\/progep\/files\/2016\/04\/3planodetraba-318x318.jpg 318w, https:\/\/wp.ufpel.edu.br\/progep\/files\/2016\/04\/3planodetraba-768x768.jpg 768w\" sizes=\"(max-width: 236px) 100vw, 236px\" \/><\/a><\/p>\n<p>&nbsp;<\/p>\n<p>&nbsp;<\/p>\n<p>&nbsp;<\/p>\n<p>&nbsp;<\/p>\n<p>&nbsp;<\/p>\n<p>4. Documentos necess\u00e1rios para o ingresso:<\/p>\n<p>-Carteira de Identidade;<br \/>\n-CPF;<br \/>\n-T\u00edtulo de Eleitor;<br \/>\n-Comprovante de vota\u00e7\u00e3o\/quita\u00e7\u00e3o eleitoral;<br \/>\n-Documento Militar (SEXO MASCULINO);<br \/>\n-Comprovante de Endere\u00e7o (contrato de loca\u00e7\u00e3o de im\u00f3vel; faturas de concession\u00e1rias de servi\u00e7os (telefonia, energia, \u00e1gua, etc); declara\u00e7\u00e3o de pr\u00f3prio punho;<br \/>\n-Atestado de Matr\u00edcula atualizado;<br \/>\n-Atestado que comprove a vulnerabilidade social (p\/ candidatos selecionados por demanda social)<br \/>\n-Comprovante de dados banc\u00e1rios (extrato banc\u00e1rio; cart\u00e3o magn\u00e9tico; tal\u00e3o de cheques; declara\u00e7\u00e3o de entidade banc\u00e1ria)<br \/>\n-01 foto 3&#215;4;<\/p>\n","protected":false},"excerpt":{"rendered":"<p>&nbsp; &nbsp; &nbsp; &nbsp; &nbsp; &nbsp; 4. Documentos necess\u00e1rios para o ingresso: -Carteira de Identidade; -CPF; -T\u00edtulo de Eleitor; -Comprovante de vota\u00e7\u00e3o\/quita\u00e7\u00e3o eleitoral; -Documento Militar (SEXO MASCULINO); -Comprovante de Endere\u00e7o (contrato de loca\u00e7\u00e3o de im\u00f3vel; faturas de concession\u00e1rias de servi\u00e7os (telefonia, energia, \u00e1gua, etc); declara\u00e7\u00e3o de pr\u00f3prio punho; -Atestado de Matr\u00edcula atualizado; -Atestado que comprove [&hellip;]<\/p>\n","protected":false},"author":52,"featured_media":0,"parent":0,"menu_order":0,"comment_status":"closed","ping_status":"closed","template":"","meta":{"footnotes":""},"class_list":["post-9240","page","type-page","status-publish","hentry"],"_links":{"self":[{"href":"https:\/\/wp.ufpel.edu.br\/progep\/wp-json\/wp\/v2\/pages\/9240","targetHints":{"allow":["GET"]}}],"collection":[{"href":"https:\/\/wp.ufpel.edu.br\/progep\/wp-json\/wp\/v2\/pages"}],"about":[{"href":"https:\/\/wp.ufpel.edu.br\/progep\/wp-json\/wp\/v2\/types\/page"}],"author":[{"embeddable":true,"href":"https:\/\/wp.ufpel.edu.br\/progep\/wp-json\/wp\/v2\/users\/52"}],"replies":[{"embeddable":true,"href":"https:\/\/wp.ufpel.edu.br\/progep\/wp-json\/wp\/v2\/comments?post=9240"}],"version-history":[{"count":12,"href":"https:\/\/wp.ufpel.edu.br\/progep\/wp-json\/wp\/v2\/pages\/9240\/revisions"}],"predecessor-version":[{"id":10258,"href":"https:\/\/wp.ufpel.edu.br\/progep\/wp-json\/wp\/v2\/pages\/9240\/revisions\/10258"}],"wp:attachment":[{"href":"https:\/\/wp.ufpel.edu.br\/progep\/wp-json\/wp\/v2\/media?parent=9240"}],"curies":[{"name":"wp","href":"https:\/\/api.w.org\/{rel}","templated":true}]}}