{"id":9226,"date":"2016-04-06T14:17:12","date_gmt":"2016-04-06T17:17:12","guid":{"rendered":"https:\/\/wp.ufpel.edu.br\/progep\/?page_id=9226"},"modified":"2016-07-05T15:24:48","modified_gmt":"2016-07-05T18:24:48","slug":"legislacao","status":"publish","type":"page","link":"https:\/\/wp.ufpel.edu.br\/progep\/legislacao\/","title":{"rendered":"Legisla\u00e7\u00e3o Est\u00e1gios"},"content":{"rendered":"<p><span style=\"font-family: tahoma, arial, helvetica, sans-serif\"><a href=\"http:\/\/www.planalto.gov.br\/ccivil_03\/_ato2007-2010\/2008\/lei\/l11788.htm\">Lei do Est\u00e1gio 11.788, de 25 de setembro de 2008<\/a><\/span><\/p>\n<p><a href=\"https:\/\/wp.ufpel.edu.br\/progep\/orientacao-normativa-no-2-de-24-de-junho-de-2016\/\"><span style=\"font-family: tahoma, arial, helvetica, sans-serif\">Orienta\u00e7\u00e3o Normativa n\u00ba2, de 24\u00a0de junho de 2016<\/span><\/a><\/p>\n<p><span style=\"font-family: tahoma, arial, helvetica, sans-serif\"><a href=\"https:\/\/wp.ufpel.edu.br\/progep\/files\/2016\/04\/NOTA-TECNICA-111-2014.pdf\" rel=\"attachment wp-att-9229\">Nota T\u00e9cnica n\u00ba 111, de 4 de julho de 2014<\/a><\/span><\/p>\n<p>&nbsp;<\/p>\n","protected":false},"excerpt":{"rendered":"<p>Lei do Est\u00e1gio 11.788, de 25 de setembro de 2008 Orienta\u00e7\u00e3o Normativa n\u00ba2, de 24\u00a0de junho de 2016 Nota T\u00e9cnica n\u00ba 111, de 4 de julho de 2014 &nbsp;<\/p>\n","protected":false},"author":52,"featured_media":0,"parent":0,"menu_order":0,"comment_status":"closed","ping_status":"closed","template":"","meta":{"footnotes":""},"class_list":["post-9226","page","type-page","status-publish","hentry"],"_links":{"self":[{"href":"https:\/\/wp.ufpel.edu.br\/progep\/wp-json\/wp\/v2\/pages\/9226","targetHints":{"allow":["GET"]}}],"collection":[{"href":"https:\/\/wp.ufpel.edu.br\/progep\/wp-json\/wp\/v2\/pages"}],"about":[{"href":"https:\/\/wp.ufpel.edu.br\/progep\/wp-json\/wp\/v2\/types\/page"}],"author":[{"embeddable":true,"href":"https:\/\/wp.ufpel.edu.br\/progep\/wp-json\/wp\/v2\/users\/52"}],"replies":[{"embeddable":true,"href":"https:\/\/wp.ufpel.edu.br\/progep\/wp-json\/wp\/v2\/comments?post=9226"}],"version-history":[{"count":7,"href":"https:\/\/wp.ufpel.edu.br\/progep\/wp-json\/wp\/v2\/pages\/9226\/revisions"}],"predecessor-version":[{"id":9693,"href":"https:\/\/wp.ufpel.edu.br\/progep\/wp-json\/wp\/v2\/pages\/9226\/revisions\/9693"}],"wp:attachment":[{"href":"https:\/\/wp.ufpel.edu.br\/progep\/wp-json\/wp\/v2\/media?parent=9226"}],"curies":[{"name":"wp","href":"https:\/\/api.w.org\/{rel}","templated":true}]}}