{"id":9108,"date":"2016-04-06T14:14:29","date_gmt":"2016-04-06T17:14:29","guid":{"rendered":"https:\/\/wp.ufpel.edu.br\/progep\/?page_id=9108"},"modified":"2018-01-04T09:41:37","modified_gmt":"2018-01-04T11:41:37","slug":"estagiarios","status":"publish","type":"page","link":"https:\/\/wp.ufpel.edu.br\/progep\/administracao-de-pessoal\/estagiarios\/","title":{"rendered":"Estagi\u00e1rios"},"content":{"rendered":"<p><img class=\"alignleft wp-image-9196 size-full\" src=\"https:\/\/wp.ufpel.edu.br\/progep\/files\/2016\/04\/naoobrigatorio-1.jpg\" alt=\"\" width=\"2422\" height=\"159\" srcset=\"https:\/\/wp.ufpel.edu.br\/progep\/files\/2016\/04\/naoobrigatorio-1.jpg 2422w, https:\/\/wp.ufpel.edu.br\/progep\/files\/2016\/04\/naoobrigatorio-1-212x14.jpg 212w, https:\/\/wp.ufpel.edu.br\/progep\/files\/2016\/04\/naoobrigatorio-1-424x28.jpg 424w, https:\/\/wp.ufpel.edu.br\/progep\/files\/2016\/04\/naoobrigatorio-1-768x50.jpg 768w\" sizes=\"(max-width: 2422px) 100vw, 2422px\" \/><\/p>\n<p>&nbsp;<\/p>\n<p>&nbsp;<\/p>\n<p>&nbsp;<\/p>\n<p style=\"text-align: justify\">O objetivo do est\u00e1gio n\u00e3o obrigat\u00f3rio oferecido pela UFPel \u00e9 proporcionar a complementa\u00e7\u00e3o do ensino e da aprendizagem, por meio da participa\u00e7\u00e3o do estudante em situa\u00e7\u00f5es reais de vida e de trabalho, propiciando-lhe conhecimentos te\u00f3ricos e pr\u00e1ticos imprescind\u00edveis \u00e0 sua inser\u00e7\u00e3o no meio profissional, social e cultural.<\/p>\n<p>CONTATOS: (53)32843974 \/ estagios@ufpel.edu.br<\/p>\n<p style=\"text-align: justify\"><a href=\"https:\/\/wp.ufpel.edu.br\/progep\/nao-sou-estagiarioa\/\" rel=\"attachment wp-att-9208\"><img class=\"alignleft wp-image-9208\" src=\"https:\/\/wp.ufpel.edu.br\/progep\/files\/2016\/04\/naosouestagiario.jpg\" alt=\"naosouestagiario\" width=\"355\" height=\"125\" srcset=\"https:\/\/wp.ufpel.edu.br\/progep\/files\/2016\/04\/naosouestagiario.jpg 844w, https:\/\/wp.ufpel.edu.br\/progep\/files\/2016\/04\/naosouestagiario-212x75.jpg 212w, https:\/\/wp.ufpel.edu.br\/progep\/files\/2016\/04\/naosouestagiario-424x149.jpg 424w, https:\/\/wp.ufpel.edu.br\/progep\/files\/2016\/04\/naosouestagiario-768x270.jpg 768w\" sizes=\"(max-width: 355px) 100vw, 355px\" \/><\/a><a href=\"https:\/\/wp.ufpel.edu.br\/progep\/jasouestagiarioa\/\" rel=\"attachment wp-att-9124\"><img class=\"alignleft wp-image-9203\" src=\"https:\/\/wp.ufpel.edu.br\/progep\/files\/2016\/04\/jasouestagiario.jpg\" alt=\"\" width=\"355\" height=\"125\" srcset=\"https:\/\/wp.ufpel.edu.br\/progep\/files\/2016\/04\/jasouestagiario.jpg 845w, https:\/\/wp.ufpel.edu.br\/progep\/files\/2016\/04\/jasouestagiario-212x75.jpg 212w, https:\/\/wp.ufpel.edu.br\/progep\/files\/2016\/04\/jasouestagiario-424x149.jpg 424w, https:\/\/wp.ufpel.edu.br\/progep\/files\/2016\/04\/jasouestagiario-768x270.jpg 768w\" sizes=\"(max-width: 355px) 100vw, 355px\" \/><\/a><\/p>\n<p style=\"text-align: justify\"><a href=\"https:\/\/wp.ufpel.edu.br\/progep\/perguntas-frequentes-estagios\/\" rel=\"attachment wp-att-9175\"><img class=\"alignleft wp-image-9212 size-full\" src=\"https:\/\/wp.ufpel.edu.br\/progep\/files\/2016\/04\/faq-2.jpg\" alt=\"\" width=\"2422\" height=\"159\" srcset=\"https:\/\/wp.ufpel.edu.br\/progep\/files\/2016\/04\/faq-2.jpg 2422w, https:\/\/wp.ufpel.edu.br\/progep\/files\/2016\/04\/faq-2-212x14.jpg 212w, https:\/\/wp.ufpel.edu.br\/progep\/files\/2016\/04\/faq-2-424x28.jpg 424w, https:\/\/wp.ufpel.edu.br\/progep\/files\/2016\/04\/faq-2-768x50.jpg 768w\" sizes=\"(max-width: 2422px) 100vw, 2422px\" \/><\/a><a href=\"https:\/\/wp.ufpel.edu.br\/progep\/editais-estagiarios\/\" rel=\"attachment wp-att-9176\"><img class=\"alignleft wp-image-9200 size-full\" src=\"https:\/\/wp.ufpel.edu.br\/progep\/files\/2016\/04\/editais-1.jpg\" alt=\"\" width=\"2422\" height=\"160\" srcset=\"https:\/\/wp.ufpel.edu.br\/progep\/files\/2016\/04\/editais-1.jpg 2422w, https:\/\/wp.ufpel.edu.br\/progep\/files\/2016\/04\/editais-1-212x14.jpg 212w, https:\/\/wp.ufpel.edu.br\/progep\/files\/2016\/04\/editais-1-424x28.jpg 424w, https:\/\/wp.ufpel.edu.br\/progep\/files\/2016\/04\/editais-1-768x51.jpg 768w\" sizes=\"(max-width: 2422px) 100vw, 2422px\" \/><\/a><a href=\"https:\/\/wp.ufpel.edu.br\/progep\/legislacao\/\" rel=\"attachment wp-att-9174\"><img class=\"alignleft wp-image-9202 size-full\" src=\"https:\/\/wp.ufpel.edu.br\/progep\/files\/2016\/04\/legislacao-1.jpg\" alt=\"\" width=\"2422\" height=\"159\" srcset=\"https:\/\/wp.ufpel.edu.br\/progep\/files\/2016\/04\/legislacao-1.jpg 2422w, https:\/\/wp.ufpel.edu.br\/progep\/files\/2016\/04\/legislacao-1-212x14.jpg 212w, https:\/\/wp.ufpel.edu.br\/progep\/files\/2016\/04\/legislacao-1-424x28.jpg 424w, https:\/\/wp.ufpel.edu.br\/progep\/files\/2016\/04\/legislacao-1-768x50.jpg 768w\" sizes=\"(max-width: 2422px) 100vw, 2422px\" \/><\/a><\/p>\n","protected":false},"excerpt":{"rendered":"<p>&nbsp; &nbsp; &nbsp; O objetivo do est\u00e1gio n\u00e3o obrigat\u00f3rio oferecido pela UFPel \u00e9 proporcionar a complementa\u00e7\u00e3o do ensino e da aprendizagem, por meio da participa\u00e7\u00e3o do estudante em situa\u00e7\u00f5es reais de vida e de trabalho, propiciando-lhe conhecimentos te\u00f3ricos e pr\u00e1ticos imprescind\u00edveis \u00e0 sua inser\u00e7\u00e3o no meio profissional, social e cultural. CONTATOS: (53)32843974 \/ estagios@ufpel.edu.br<\/p>\n","protected":false},"author":52,"featured_media":0,"parent":308,"menu_order":0,"comment_status":"closed","ping_status":"closed","template":"","meta":{"footnotes":""},"class_list":["post-9108","page","type-page","status-publish","hentry"],"_links":{"self":[{"href":"https:\/\/wp.ufpel.edu.br\/progep\/wp-json\/wp\/v2\/pages\/9108","targetHints":{"allow":["GET"]}}],"collection":[{"href":"https:\/\/wp.ufpel.edu.br\/progep\/wp-json\/wp\/v2\/pages"}],"about":[{"href":"https:\/\/wp.ufpel.edu.br\/progep\/wp-json\/wp\/v2\/types\/page"}],"author":[{"embeddable":true,"href":"https:\/\/wp.ufpel.edu.br\/progep\/wp-json\/wp\/v2\/users\/52"}],"replies":[{"embeddable":true,"href":"https:\/\/wp.ufpel.edu.br\/progep\/wp-json\/wp\/v2\/comments?post=9108"}],"version-history":[{"count":83,"href":"https:\/\/wp.ufpel.edu.br\/progep\/wp-json\/wp\/v2\/pages\/9108\/revisions"}],"predecessor-version":[{"id":12039,"href":"https:\/\/wp.ufpel.edu.br\/progep\/wp-json\/wp\/v2\/pages\/9108\/revisions\/12039"}],"up":[{"embeddable":true,"href":"https:\/\/wp.ufpel.edu.br\/progep\/wp-json\/wp\/v2\/pages\/308"}],"wp:attachment":[{"href":"https:\/\/wp.ufpel.edu.br\/progep\/wp-json\/wp\/v2\/media?parent=9108"}],"curies":[{"name":"wp","href":"https:\/\/api.w.org\/{rel}","templated":true}]}}