{"id":9006,"date":"2016-03-16T18:46:25","date_gmt":"2016-03-16T21:46:25","guid":{"rendered":"https:\/\/wp.ufpel.edu.br\/progep\/?page_id=9006"},"modified":"2023-11-21T15:15:54","modified_gmt":"2023-11-21T18:15:54","slug":"prorrogacao-do-afastamento","status":"publish","type":"page","link":"https:\/\/wp.ufpel.edu.br\/progep\/prorrogacao-do-afastamento\/","title":{"rendered":"Prorroga\u00e7\u00e3o do Afastamento"},"content":{"rendered":"<p>Para solicitar a prorroga\u00e7\u00e3o de afastamento, o(a) servidor(a) dever\u00e1 reabrir o processo inicial de afastamento e inserir os documentos conforme descrito na Base de Conhecimento com 30 dias de anteced\u00eancia da data final do afastamento autorizado.<\/p>\n<p style=\"text-align: justify\">Ap\u00f3s, o processo dever\u00e1 ser encaminhado para Se\u00e7\u00e3o de Desenvolvimento na Carreira dos Servidores &#8211; SDCS.<\/p>\n<p><span style=\"color: #ff6600\"><strong>Docente<\/strong><\/span><\/p>\n<ul>\n<li><a href=\"https:\/\/wp.ufpel.edu.br\/progep\/files\/2022\/10\/texto-docente.pdf\">I<span style=\"color: #000000\">nstru\u00e7\u00f5es para prorroga\u00e7\u00e3o de afastamento &#8211; docente<\/span><\/a><\/li>\n<\/ul>\n<p><span style=\"color: #ff6600\"><strong>T\u00e9cnico Administrativo<\/strong><\/span><\/p>\n<ul>\n<li><span style=\"color: #000000\"><a style=\"color: #000000\" href=\"https:\/\/wp.ufpel.edu.br\/progep\/files\/2022\/10\/texto-tae-1.pdf\">Instru\u00e7\u00f5es para prorroga\u00e7\u00e3o de afastamento para TAE<\/a><\/span><\/li>\n<\/ul>\n","protected":false},"excerpt":{"rendered":"<p>Para solicitar a prorroga\u00e7\u00e3o de afastamento, o(a) servidor(a) dever\u00e1 reabrir o processo inicial de afastamento e inserir os documentos conforme descrito na Base de Conhecimento com 30 dias de anteced\u00eancia da data final do afastamento autorizado. Ap\u00f3s, o processo dever\u00e1 ser encaminhado para Se\u00e7\u00e3o de Desenvolvimento na Carreira dos Servidores &#8211; SDCS. Docente Instru\u00e7\u00f5es para [&hellip;]<\/p>\n","protected":false},"author":21,"featured_media":0,"parent":0,"menu_order":0,"comment_status":"closed","ping_status":"closed","template":"","meta":{"footnotes":""},"class_list":["post-9006","page","type-page","status-publish","hentry"],"_links":{"self":[{"href":"https:\/\/wp.ufpel.edu.br\/progep\/wp-json\/wp\/v2\/pages\/9006","targetHints":{"allow":["GET"]}}],"collection":[{"href":"https:\/\/wp.ufpel.edu.br\/progep\/wp-json\/wp\/v2\/pages"}],"about":[{"href":"https:\/\/wp.ufpel.edu.br\/progep\/wp-json\/wp\/v2\/types\/page"}],"author":[{"embeddable":true,"href":"https:\/\/wp.ufpel.edu.br\/progep\/wp-json\/wp\/v2\/users\/21"}],"replies":[{"embeddable":true,"href":"https:\/\/wp.ufpel.edu.br\/progep\/wp-json\/wp\/v2\/comments?post=9006"}],"version-history":[{"count":39,"href":"https:\/\/wp.ufpel.edu.br\/progep\/wp-json\/wp\/v2\/pages\/9006\/revisions"}],"predecessor-version":[{"id":25189,"href":"https:\/\/wp.ufpel.edu.br\/progep\/wp-json\/wp\/v2\/pages\/9006\/revisions\/25189"}],"wp:attachment":[{"href":"https:\/\/wp.ufpel.edu.br\/progep\/wp-json\/wp\/v2\/media?parent=9006"}],"curies":[{"name":"wp","href":"https:\/\/api.w.org\/{rel}","templated":true}]}}