{"id":8902,"date":"2016-03-11T12:47:51","date_gmt":"2016-03-11T15:47:51","guid":{"rendered":"https:\/\/wp.ufpel.edu.br\/progep\/?page_id=8902"},"modified":"2025-06-30T13:03:18","modified_gmt":"2025-06-30T16:03:18","slug":"oficina-compreensao-de-leitura-em-lingua-portuguesa-2a-turma","status":"publish","type":"page","link":"https:\/\/wp.ufpel.edu.br\/progep\/oficina-compreensao-de-leitura-em-lingua-portuguesa-2a-turma\/","title":{"rendered":"Capacita\u00e7\u00e3o: Oficina: Compreens\u00e3o de Leitura em L\u00edngua Portuguesa \u2013 2\u00aa turma"},"content":{"rendered":"<p><span style=\"font-family: georgia,palatino,serif;font-size: 12pt;color: #808080\"><strong>Modalidade:<\/strong> presencial<\/span><br \/>\n<span style=\"font-family: georgia,palatino,serif;font-size: 12pt;color: #808080\"><strong>Carga hor\u00e1ria:<\/strong> 12 horas<\/span><br \/>\n<span style=\"font-family: georgia,palatino,serif;font-size: 12pt;color: #808080\"><strong>Per\u00edodo:<\/strong> 12 a 14 de abril de 2016<\/span><br \/>\n<span style=\"font-family: georgia,palatino,serif;font-size: 12pt;color: #808080\"><strong>Hor\u00e1rio:<\/strong> das 8h30min \u00e0s 12h30min<\/span><br \/>\n<span style=\"font-family: georgia,palatino,serif;font-size: 12pt;color: #808080\"><strong>Local:<\/strong> Audit\u00f3rio da Reitoria \u2013 4\u00ba piso \u2013 Campus Porto<\/span><br \/>\n<span style=\"font-family: georgia,palatino,serif;font-size: 12pt;color: #808080\"><strong>Sum\u00e1rio:<\/strong> Leitura \u2013 compreens\u00e3o e interpreta\u00e7\u00e3o das ideias expressas nos textos lidos, bem como reconhecimento do vocabul\u00e1rio utilizado e identifica\u00e7\u00e3o dos t\u00f3picos frasais e de palavras-chave. Desenvolvimento da capacidade de s\u00edntese. An\u00e1lise da organiza\u00e7\u00e3o textual. Texto argumentativo. <\/span><br \/>\n<span style=\"font-family: georgia,palatino,serif;font-size: 12pt;color: #808080\"><strong>P\u00fablico alvo:<\/strong> servidores em geral, sendo que os temas a serem desenvolvidos nessa a\u00e7\u00e3o poder\u00e3o preparar os servidores para o teste da ANPAD, prov\u00e1vel requisito no processo seletivo de ingresso ao PROFIAP \u2013 Mestrado Profissional em Administra\u00e7\u00e3o P\u00fablica.<\/span><br \/>\n<span style=\"font-family: georgia,palatino,serif;font-size: 12pt;color: #808080\"><strong>N\u00famero de vagas:<\/strong> 35<\/span><br \/>\n<span style=\"font-family: georgia,palatino,serif;font-size: 12pt;color: #808080\"><strong>Ministrante:<\/strong> Cleide Ines Wittke<br \/>\n<strong>Per\u00edodo de inscri\u00e7\u00e3o:<\/strong> 11\/03 a 04\/04\/2016<br \/>\n<strong>Divulga\u00e7\u00e3o das inscri\u00e7\u00f5es homologadas:<\/strong> 06\/04\/2016, nesta p\u00e1gina<\/span><\/p>\n<p><span style=\"color: #ff6600;font-family: georgia, palatino, serif;font-size: 12pt\"><strong><a style=\"color: #ff6600\" href=\"https:\/\/wp.ufpel.edu.br\/progep\/files\/2016\/03\/homologa_inscritos-9.pdf\" rel=\"\">Listagem homologados AQUI!<\/a><\/strong><\/span><\/p>\n<p>&nbsp;<\/p>\n","protected":false},"excerpt":{"rendered":"<p>Modalidade: presencial Carga hor\u00e1ria: 12 horas Per\u00edodo: 12 a 14 de abril de 2016 Hor\u00e1rio: das 8h30min \u00e0s 12h30min Local: Audit\u00f3rio da Reitoria \u2013 4\u00ba piso \u2013 Campus Porto Sum\u00e1rio: Leitura \u2013 compreens\u00e3o e interpreta\u00e7\u00e3o das ideias expressas nos textos lidos, bem como reconhecimento do vocabul\u00e1rio utilizado e identifica\u00e7\u00e3o dos t\u00f3picos frasais e de palavras-chave. [&hellip;]<\/p>\n","protected":false},"author":21,"featured_media":0,"parent":0,"menu_order":0,"comment_status":"closed","ping_status":"closed","template":"","meta":{"footnotes":""},"class_list":["post-8902","page","type-page","status-publish","hentry"],"_links":{"self":[{"href":"https:\/\/wp.ufpel.edu.br\/progep\/wp-json\/wp\/v2\/pages\/8902","targetHints":{"allow":["GET"]}}],"collection":[{"href":"https:\/\/wp.ufpel.edu.br\/progep\/wp-json\/wp\/v2\/pages"}],"about":[{"href":"https:\/\/wp.ufpel.edu.br\/progep\/wp-json\/wp\/v2\/types\/page"}],"author":[{"embeddable":true,"href":"https:\/\/wp.ufpel.edu.br\/progep\/wp-json\/wp\/v2\/users\/21"}],"replies":[{"embeddable":true,"href":"https:\/\/wp.ufpel.edu.br\/progep\/wp-json\/wp\/v2\/comments?post=8902"}],"version-history":[{"count":8,"href":"https:\/\/wp.ufpel.edu.br\/progep\/wp-json\/wp\/v2\/pages\/8902\/revisions"}],"predecessor-version":[{"id":33768,"href":"https:\/\/wp.ufpel.edu.br\/progep\/wp-json\/wp\/v2\/pages\/8902\/revisions\/33768"}],"wp:attachment":[{"href":"https:\/\/wp.ufpel.edu.br\/progep\/wp-json\/wp\/v2\/media?parent=8902"}],"curies":[{"name":"wp","href":"https:\/\/api.w.org\/{rel}","templated":true}]}}