{"id":8892,"date":"2016-03-11T12:38:23","date_gmt":"2016-03-11T15:38:23","guid":{"rendered":"https:\/\/wp.ufpel.edu.br\/progep\/?page_id=8892"},"modified":"2025-06-30T13:02:49","modified_gmt":"2025-06-30T16:02:49","slug":"curso-libreoffice-base-basico","status":"publish","type":"page","link":"https:\/\/wp.ufpel.edu.br\/progep\/curso-libreoffice-base-basico\/","title":{"rendered":"Capacita\u00e7\u00e3o: Curso: LibreOffice Base \u2013 B\u00e1sico"},"content":{"rendered":"<p><span style=\"font-family: georgia,palatino,serif;font-size: 12pt;color: #808080\"><strong>Modalidade:<\/strong> online<\/span><br \/>\n<span style=\"font-family: georgia,palatino,serif;font-size: 12pt;color: #808080\"><strong>Carga Hor\u00e1ria:<\/strong> 20 horas<\/span><br \/>\n<span style=\"font-family: georgia,palatino,serif;font-size: 12pt;color: #808080\"><strong>Per\u00edodo:<\/strong> 05\/04 a 05\/05\/2016<\/span><br \/>\n<span style=\"font-family: georgia,palatino,serif;font-size: 12pt;color: #808080\"><strong>Sum\u00e1rio:<\/strong> Apresentar as principais ferramentas e recursos dispon\u00edveis do LibreOffice Base como aplicativo modelo para o ensino dos seguintes conceitos: Ambiente de trabalho; Cria\u00e7\u00e3o e manipula\u00e7\u00e3o de bancos de dados; Ferramentas; Relat\u00f3rios; Consultas com a linguagem SQL.<\/span><br \/>\n<span style=\"font-family: georgia,palatino,serif;font-size: 12pt;color: #808080\"><strong>P\u00fablico alvo:<\/strong> servidores em geral.<\/span><br \/>\n<span style=\"font-family: georgia,palatino,serif;font-size: 12pt;color: #808080\"><strong>N\u00famero de vagas:<\/strong> 40<\/span><br \/>\n<span style=\"font-family: georgia,palatino,serif;font-size: 12pt;color: #808080\"><strong>Ministrante:<\/strong> Cau\u00ea Duarte<br \/>\n<strong>Per\u00edodo de inscri\u00e7\u00e3o:<\/strong> 11\/03 a 31\/03\/2016<br \/>\n<strong>Divulga\u00e7\u00e3o das inscri\u00e7\u00f5es homologadas:<\/strong>\u00a01\u00ba\/04\/2016, nesta p\u00e1gina<\/p>\n<p><span style=\"color: #ff6600\"><strong><a style=\"color: #ff6600\" href=\"https:\/\/wp.ufpel.edu.br\/progep\/files\/2016\/03\/homologa_inscritos-5.pdf\" rel=\"\">Listagem Inscri\u00e7\u00f5es homologadas AQUI!<\/a><\/strong><br \/>\n<\/span><\/span><\/p>\n<p>&nbsp;<\/p>\n","protected":false},"excerpt":{"rendered":"<p>Modalidade: online Carga Hor\u00e1ria: 20 horas Per\u00edodo: 05\/04 a 05\/05\/2016 Sum\u00e1rio: Apresentar as principais ferramentas e recursos dispon\u00edveis do LibreOffice Base como aplicativo modelo para o ensino dos seguintes conceitos: Ambiente de trabalho; Cria\u00e7\u00e3o e manipula\u00e7\u00e3o de bancos de dados; Ferramentas; Relat\u00f3rios; Consultas com a linguagem SQL. P\u00fablico alvo: servidores em geral. N\u00famero de vagas: [&hellip;]<\/p>\n","protected":false},"author":21,"featured_media":0,"parent":0,"menu_order":0,"comment_status":"closed","ping_status":"closed","template":"","meta":{"footnotes":""},"class_list":["post-8892","page","type-page","status-publish","hentry"],"_links":{"self":[{"href":"https:\/\/wp.ufpel.edu.br\/progep\/wp-json\/wp\/v2\/pages\/8892","targetHints":{"allow":["GET"]}}],"collection":[{"href":"https:\/\/wp.ufpel.edu.br\/progep\/wp-json\/wp\/v2\/pages"}],"about":[{"href":"https:\/\/wp.ufpel.edu.br\/progep\/wp-json\/wp\/v2\/types\/page"}],"author":[{"embeddable":true,"href":"https:\/\/wp.ufpel.edu.br\/progep\/wp-json\/wp\/v2\/users\/21"}],"replies":[{"embeddable":true,"href":"https:\/\/wp.ufpel.edu.br\/progep\/wp-json\/wp\/v2\/comments?post=8892"}],"version-history":[{"count":7,"href":"https:\/\/wp.ufpel.edu.br\/progep\/wp-json\/wp\/v2\/pages\/8892\/revisions"}],"predecessor-version":[{"id":33763,"href":"https:\/\/wp.ufpel.edu.br\/progep\/wp-json\/wp\/v2\/pages\/8892\/revisions\/33763"}],"wp:attachment":[{"href":"https:\/\/wp.ufpel.edu.br\/progep\/wp-json\/wp\/v2\/media?parent=8892"}],"curies":[{"name":"wp","href":"https:\/\/api.w.org\/{rel}","templated":true}]}}