{"id":8890,"date":"2016-03-11T12:34:46","date_gmt":"2016-03-11T15:34:46","guid":{"rendered":"https:\/\/wp.ufpel.edu.br\/progep\/?page_id=8890"},"modified":"2025-06-30T13:02:44","modified_gmt":"2025-06-30T16:02:44","slug":"curso-libreoffice-calc-basico","status":"publish","type":"page","link":"https:\/\/wp.ufpel.edu.br\/progep\/curso-libreoffice-calc-basico\/","title":{"rendered":"Capacita\u00e7\u00e3o: Curso: Libreoffice Calc \u2013 B\u00e1sico"},"content":{"rendered":"<p><span style=\"font-family: georgia,palatino,serif;font-size: 12pt;color: #808080\"><strong>Modalidade:<\/strong> online<\/span><br \/>\n<span style=\"font-family: georgia,palatino,serif;font-size: 12pt;color: #808080\"><strong>Carga Hor\u00e1ria:<\/strong> 25 horas<\/span><br \/>\n<span style=\"font-family: georgia,palatino,serif;font-size: 12pt;color: #808080\"><strong>Per\u00edodo:<\/strong> 11\/04 a 12\/05\/2016<\/span><br \/>\n<span style=\"font-family: georgia,palatino,serif;font-size: 12pt;color: #808080\"><strong>Sum\u00e1rio:<\/strong> Obtendo, instalando e configurando o LibreOffice Calc; Conhecendo os recursos do LibreOffice Calc; Inser\u00e7\u00e3o de dados e formata\u00e7\u00e3o b\u00e1sica; Classifica\u00e7\u00e3o de dados; Introdu\u00e7\u00e3o ao uso de fun\u00e7\u00f5es; Gera\u00e7\u00e3o de gr\u00e1fico.<\/span><br \/>\n<span style=\"font-family: georgia,palatino,serif;font-size: 12pt;color: #808080\"><strong>P\u00fablico alvo:<\/strong> servidores em geral <\/span><br \/>\n<span style=\"font-family: georgia,palatino,serif;font-size: 12pt;color: #808080\"><strong>N\u00famero de vagas:<\/strong> 40<\/span><br \/>\n<span style=\"font-family: georgia,palatino,serif;font-size: 12pt;color: #808080\"><strong>Ministrante:<\/strong> C\u00e1ssio Soares Carvalho<br \/>\n<strong>Per\u00edodo de inscri\u00e7\u00e3o:<\/strong> 11\/03 a 04\/04\/2016<br \/>\n<strong>Divulga\u00e7\u00e3o das inscri\u00e7\u00f5es homologadas:<\/strong> 06\/04\/2016, nesta p\u00e1gina<\/span><\/p>\n<p><span style=\"font-family: georgia, palatino, serif;font-size: 12pt\"><strong><span style=\"color: #ff6600\"><a style=\"color: #ff6600\" href=\"https:\/\/wp.ufpel.edu.br\/progep\/files\/2016\/03\/homologa_inscritos-8.pdf\" rel=\"\">Listagem de homologados AQUI!<\/a><\/span><\/strong><\/span><\/p>\n<p>&nbsp;<\/p>\n","protected":false},"excerpt":{"rendered":"<p>Modalidade: online Carga Hor\u00e1ria: 25 horas Per\u00edodo: 11\/04 a 12\/05\/2016 Sum\u00e1rio: Obtendo, instalando e configurando o LibreOffice Calc; Conhecendo os recursos do LibreOffice Calc; Inser\u00e7\u00e3o de dados e formata\u00e7\u00e3o b\u00e1sica; Classifica\u00e7\u00e3o de dados; Introdu\u00e7\u00e3o ao uso de fun\u00e7\u00f5es; Gera\u00e7\u00e3o de gr\u00e1fico. P\u00fablico alvo: servidores em geral N\u00famero de vagas: 40 Ministrante: C\u00e1ssio Soares Carvalho Per\u00edodo [&hellip;]<\/p>\n","protected":false},"author":21,"featured_media":0,"parent":0,"menu_order":0,"comment_status":"closed","ping_status":"closed","template":"","meta":{"footnotes":""},"class_list":["post-8890","page","type-page","status-publish","hentry"],"_links":{"self":[{"href":"https:\/\/wp.ufpel.edu.br\/progep\/wp-json\/wp\/v2\/pages\/8890","targetHints":{"allow":["GET"]}}],"collection":[{"href":"https:\/\/wp.ufpel.edu.br\/progep\/wp-json\/wp\/v2\/pages"}],"about":[{"href":"https:\/\/wp.ufpel.edu.br\/progep\/wp-json\/wp\/v2\/types\/page"}],"author":[{"embeddable":true,"href":"https:\/\/wp.ufpel.edu.br\/progep\/wp-json\/wp\/v2\/users\/21"}],"replies":[{"embeddable":true,"href":"https:\/\/wp.ufpel.edu.br\/progep\/wp-json\/wp\/v2\/comments?post=8890"}],"version-history":[{"count":7,"href":"https:\/\/wp.ufpel.edu.br\/progep\/wp-json\/wp\/v2\/pages\/8890\/revisions"}],"predecessor-version":[{"id":33762,"href":"https:\/\/wp.ufpel.edu.br\/progep\/wp-json\/wp\/v2\/pages\/8890\/revisions\/33762"}],"wp:attachment":[{"href":"https:\/\/wp.ufpel.edu.br\/progep\/wp-json\/wp\/v2\/media?parent=8890"}],"curies":[{"name":"wp","href":"https:\/\/api.w.org\/{rel}","templated":true}]}}