{"id":8886,"date":"2016-03-11T12:29:52","date_gmt":"2016-03-11T15:29:52","guid":{"rendered":"https:\/\/wp.ufpel.edu.br\/progep\/?page_id=8886"},"modified":"2016-04-08T13:41:59","modified_gmt":"2016-04-08T16:41:59","slug":"curso-seguranca-digital-uma-abordagem-pratica-para-protecao-do-seu-ambiente-de-trabalho-e-da-sua-vida-pessoal","status":"publish","type":"page","link":"https:\/\/wp.ufpel.edu.br\/progep\/curso-seguranca-digital-uma-abordagem-pratica-para-protecao-do-seu-ambiente-de-trabalho-e-da-sua-vida-pessoal\/","title":{"rendered":"Curso: Seguran\u00e7a Digital: uma abordagem pr\u00e1tica para prote\u00e7\u00e3o do seu ambiente de trabalho  e da sua vida pessoal"},"content":{"rendered":"<p><span style=\"color: #808080;font-family: georgia,palatino,serif;font-size: 12pt\"><strong>Modalidade:<\/strong> semipresencial<\/span><br \/>\n<span style=\"color: #808080;font-family: georgia,palatino,serif;font-size: 12pt\"><strong>Carga hor\u00e1ria:<\/strong> 32 horas, sendo 16 h online<\/span><br \/>\n<span style=\"color: #808080;font-family: georgia,palatino,serif;font-size: 12pt\"><strong>Per\u00edodo aulas presenciais:<\/strong> 19\/04, 26\/04, 03\/05 e 10\/05\/2016<\/span><br \/>\n<span style=\"color: #808080;font-family: georgia,palatino,serif;font-size: 12pt\"><strong>Hor\u00e1rio das aulas presenciais:<\/strong> das 13h30min\u00a0\u00e0s 17 horas<\/span><br \/>\n<span style=\"color: #808080;font-family: georgia,palatino,serif;font-size: 12pt\"><strong>Local:<\/strong> sala 117, Laborat\u00f3rio de Inform\u00e1tica, t\u00e9rreo, Bloco B, Campus Porto<\/span><br \/>\n<span style=\"color: #808080;font-family: georgia,palatino,serif;font-size: 12pt\"><strong>Sum\u00e1rio:<\/strong>\u00a0<span style=\"font-weight: 400\">Discuss\u00e3o sobre os riscos da Internet \u00a0para adultos, crian\u00e7as e adolescentes. Dicas e demonstra\u00e7\u00e3o pr\u00e1tica em laborat\u00f3rio de como se proteger das amea\u00e7as cibern\u00e9ticas. Ensinando filhos e alunos a navegarem com seguran\u00e7a. Compras e transa\u00e7\u00f5es banc\u00e1rias seguras. Utiliza\u00e7\u00e3o consciente das redes sociais.<\/span><\/span><br \/>\n<span style=\"color: #808080;font-family: georgia,palatino,serif;font-size: 12pt\"><strong>P\u00fablico alvo:<\/strong> servidores em geral<\/span><br \/>\n<span style=\"color: #808080;font-family: georgia,palatino,serif;font-size: 12pt\"><strong>N\u00famero de vagas:<\/strong> 25<\/span><br \/>\n<span style=\"color: #808080;font-family: georgia,palatino,serif;font-size: 12pt\"><strong>Ministrantes:<\/strong> Ricardo Borges Almeida e Diorgenes Yuri Leal da Rosa<br \/>\n<strong>Per\u00edodo de inscri\u00e7\u00e3o:<\/strong> 11\/03 a 11\/04\/2016<br \/>\n<strong>Divulga\u00e7\u00e3o das inscri\u00e7\u00f5es homologadas:<\/strong> 13\/04\/2016, nesta p\u00e1gina<\/span><\/p>\n<p><strong><span style=\"color: #ff6600\"><a style=\"color: #ff6600\" href=\"https:\/\/wp.ufpel.edu.br\/progep\/files\/2016\/03\/homologa_inscritos-10.pdf\" rel=\"\">Listagem de inscri\u00e7\u00f5es homologadas AQUI!<\/a><\/span><\/strong><\/p>\n<p>&nbsp;<\/p>\n<p>&nbsp;<\/p>\n","protected":false},"excerpt":{"rendered":"<p>Modalidade: semipresencial Carga hor\u00e1ria: 32 horas, sendo 16 h online Per\u00edodo aulas presenciais: 19\/04, 26\/04, 03\/05 e 10\/05\/2016 Hor\u00e1rio das aulas presenciais: das 13h30min\u00a0\u00e0s 17 horas Local: sala 117, Laborat\u00f3rio de Inform\u00e1tica, t\u00e9rreo, Bloco B, Campus Porto Sum\u00e1rio:\u00a0Discuss\u00e3o sobre os riscos da Internet \u00a0para adultos, crian\u00e7as e adolescentes. Dicas e demonstra\u00e7\u00e3o pr\u00e1tica em laborat\u00f3rio de [&hellip;]<\/p>\n","protected":false},"author":21,"featured_media":0,"parent":0,"menu_order":0,"comment_status":"closed","ping_status":"closed","template":"","meta":{"footnotes":""},"class_list":["post-8886","page","type-page","status-publish","hentry"],"_links":{"self":[{"href":"https:\/\/wp.ufpel.edu.br\/progep\/wp-json\/wp\/v2\/pages\/8886","targetHints":{"allow":["GET"]}}],"collection":[{"href":"https:\/\/wp.ufpel.edu.br\/progep\/wp-json\/wp\/v2\/pages"}],"about":[{"href":"https:\/\/wp.ufpel.edu.br\/progep\/wp-json\/wp\/v2\/types\/page"}],"author":[{"embeddable":true,"href":"https:\/\/wp.ufpel.edu.br\/progep\/wp-json\/wp\/v2\/users\/21"}],"replies":[{"embeddable":true,"href":"https:\/\/wp.ufpel.edu.br\/progep\/wp-json\/wp\/v2\/comments?post=8886"}],"version-history":[{"count":10,"href":"https:\/\/wp.ufpel.edu.br\/progep\/wp-json\/wp\/v2\/pages\/8886\/revisions"}],"predecessor-version":[{"id":9298,"href":"https:\/\/wp.ufpel.edu.br\/progep\/wp-json\/wp\/v2\/pages\/8886\/revisions\/9298"}],"wp:attachment":[{"href":"https:\/\/wp.ufpel.edu.br\/progep\/wp-json\/wp\/v2\/media?parent=8886"}],"curies":[{"name":"wp","href":"https:\/\/api.w.org\/{rel}","templated":true}]}}