{"id":8884,"date":"2016-03-11T12:28:13","date_gmt":"2016-03-11T15:28:13","guid":{"rendered":"https:\/\/wp.ufpel.edu.br\/progep\/?page_id=8884"},"modified":"2025-05-16T09:52:49","modified_gmt":"2025-05-16T12:52:49","slug":"ciclo-de-cinema-capacitando-pela-setima-arte","status":"publish","type":"page","link":"https:\/\/wp.ufpel.edu.br\/progep\/ciclo-de-cinema-capacitando-pela-setima-arte\/","title":{"rendered":"Capacita\u00e7\u00e3o: Ciclo de Cinema: Capacitando Servidores pela S\u00e9tima Arte"},"content":{"rendered":"<p><span style=\"font-size: 12pt;color: #808080\"><strong>Modalidade:<\/strong> presencial<\/span><br \/>\n<span style=\"font-size: 12pt;color: #808080\"><strong>Carga Hor\u00e1ria:<\/strong> 4 horas por sess\u00e3o, totalizando 20 horas (5 sess\u00f5es)<\/span><br \/>\n<span style=\"font-size: 12pt;color: #808080\"><strong>Pr\u00f3xima sess\u00e3o:<\/strong>\u00a022 de fevereiro de 2017<\/span><br \/>\n<span style=\"font-size: 12pt;color: #808080\"><strong>Hor\u00e1rio:<\/strong> das 14h \u00e0s 17h30min<\/span><br \/>\n<span style=\"font-size: 12pt;color: #808080\"><strong>Local:<\/strong> Cine PREC UFPel \u2013 Rua Lobo da Costa n\u00ba 447 (*)<\/span><br \/>\n<span style=\"color: #808080\"><span style=\"font-size: 12pt\"><strong>Filme &#8211; 5\u00aa sess\u00e3o:<\/strong> \u201cUM SENHOR ESTAGI\u00c1RIO\u201d. A proje\u00e7\u00e3o ser\u00e1 seguida de um debate, buscando <\/span><span style=\"font-size: 12pt\">uma reflex\u00e3o associada as nossas rela\u00e7\u00f5es cotidianas, tanto de trabalho como de vida pessoal.<br \/>\n<\/span><strong>Sinopse do filme:\u00a0<\/strong>Jules Ostin (Anne Hathaway) \u00e9 a criadora de um bem-sucedido site de venda de roupas que, apesar de ter apenas 18 meses, j\u00e1 tem mais de duas centenas de funcion\u00e1rios. Ela leva uma vida bastante atarefada, devido \u00e0s exig\u00eancias do cargo e ao fato de gostar de manter contato com o p\u00fablico. Quando sua empresa inicia um projeto de contratar idosos como estagi\u00e1rios, em uma tentativa de coloc\u00e1-los de volta \u00e0 ativa, cabe a ela trabalhar com o vi\u00favo Ben Whittaker (Robert De Niro). Aos 70 anos, Ben leva uma vida mon\u00f3tona e v\u00ea o est\u00e1gio como uma oportunidade de se reinventar. Por mais que enfrente o inevit\u00e1vel choque de gera\u00e7\u00f5es, logo ele conquista os colegas de trabalho e se aproxima cada vez mais de Jules, que passa a v\u00ea-lo como um amigo. Dire\u00e7\u00e3o: Nancy Meyers<\/span><br \/>\n<span style=\"font-size: 12pt;color: #808080\"><strong>P\u00fablico alvo:<\/strong> servidores em geral.<\/span><br \/>\n<span style=\"font-size: 12pt;color: #808080\"><strong>N\u00famero de vagas:<\/strong>\u00a070<\/span><br \/>\n<span style=\"font-size: 12pt;color: #808080\"><strong>Facilitadora:<\/strong> Maria Angelica Scheidemandel Sieburger<br \/>\n<strong>Per\u00edodo de Inscri\u00e7\u00f5es:<\/strong>\u00a010 a 17 de fevereiro de\u00a02017<br \/>\n<strong>Divulga\u00e7\u00e3o das inscri\u00e7\u00f5es homologadas:<\/strong>\u00a020\/02\/2017, nesta p\u00e1gina.<\/span><\/p>\n<p><span style=\"font-size: 12pt;color: #808080\">(*) N\u00e3o \u00e9 permitida a entrada de qualquer tipo de alimento (s\u00f3lidos nem l\u00edquidos) na sala.<br \/>\n<\/span><\/p>\n<p><span style=\"font-size: 12pt;color: #0000ff\"><strong><a style=\"color: #0000ff\" href=\"https:\/\/wp.ufpel.edu.br\/progep\/files\/2016\/03\/homologa_inscritos-18.pdf\">Listagem homologados AQUI!<\/a><\/strong><\/span><\/p>\n<p><span style=\"color: #ff6600\"><a style=\"color: #ff6600\" href=\"https:\/\/wp.ufpel.edu.br\/progep\/inscricoes-para-curso\/\"><strong>Inscri\u00e7\u00f5es AQUI!<\/strong><\/a><\/span><\/p>\n<p><span style=\"font-size: 12pt\"><strong><span style=\"color: #ff6600\">\u00a0<\/span><\/strong><\/span><\/p>\n<p><strong><span style=\"color: #ff6600;font-family: georgia,palatino,serif;font-size: 12pt\">\u00a0<\/span><\/strong><\/p>\n","protected":false},"excerpt":{"rendered":"<p>Modalidade: presencial Carga Hor\u00e1ria: 4 horas por sess\u00e3o, totalizando 20 horas (5 sess\u00f5es) Pr\u00f3xima sess\u00e3o:\u00a022 de fevereiro de 2017 Hor\u00e1rio: das 14h \u00e0s 17h30min Local: Cine PREC UFPel \u2013 Rua Lobo da Costa n\u00ba 447 (*) Filme &#8211; 5\u00aa sess\u00e3o: \u201cUM SENHOR ESTAGI\u00c1RIO\u201d. A proje\u00e7\u00e3o ser\u00e1 seguida de um debate, buscando uma reflex\u00e3o associada as [&hellip;]<\/p>\n","protected":false},"author":21,"featured_media":0,"parent":0,"menu_order":0,"comment_status":"closed","ping_status":"closed","template":"","meta":{"footnotes":""},"class_list":["post-8884","page","type-page","status-publish","hentry"],"_links":{"self":[{"href":"https:\/\/wp.ufpel.edu.br\/progep\/wp-json\/wp\/v2\/pages\/8884","targetHints":{"allow":["GET"]}}],"collection":[{"href":"https:\/\/wp.ufpel.edu.br\/progep\/wp-json\/wp\/v2\/pages"}],"about":[{"href":"https:\/\/wp.ufpel.edu.br\/progep\/wp-json\/wp\/v2\/types\/page"}],"author":[{"embeddable":true,"href":"https:\/\/wp.ufpel.edu.br\/progep\/wp-json\/wp\/v2\/users\/21"}],"replies":[{"embeddable":true,"href":"https:\/\/wp.ufpel.edu.br\/progep\/wp-json\/wp\/v2\/comments?post=8884"}],"version-history":[{"count":36,"href":"https:\/\/wp.ufpel.edu.br\/progep\/wp-json\/wp\/v2\/pages\/8884\/revisions"}],"predecessor-version":[{"id":32585,"href":"https:\/\/wp.ufpel.edu.br\/progep\/wp-json\/wp\/v2\/pages\/8884\/revisions\/32585"}],"wp:attachment":[{"href":"https:\/\/wp.ufpel.edu.br\/progep\/wp-json\/wp\/v2\/media?parent=8884"}],"curies":[{"name":"wp","href":"https:\/\/api.w.org\/{rel}","templated":true}]}}