{"id":8882,"date":"2016-03-11T12:18:52","date_gmt":"2016-03-11T15:18:52","guid":{"rendered":"https:\/\/wp.ufpel.edu.br\/progep\/?page_id=8882"},"modified":"2025-06-30T12:49:17","modified_gmt":"2025-06-30T15:49:17","slug":"curso-introducao-a-libras","status":"publish","type":"page","link":"https:\/\/wp.ufpel.edu.br\/progep\/curso-introducao-a-libras\/","title":{"rendered":"Capacita\u00e7\u00e3o:  Curso: Introdu\u00e7\u00e3o \u00e0 Libras"},"content":{"rendered":"<p><span style=\"font-family: georgia,palatino,serif;font-size: 12pt;color: #808080\"><strong>Modalidade:<\/strong> presencial (com algumas atividades online)<br \/>\n<\/span><span style=\"font-family: georgia,palatino,serif;font-size: 12pt;color: #808080\"><strong>Carga Hor\u00e1ria:<\/strong> 62 horas<br \/>\n<\/span><span style=\"font-family: georgia,palatino,serif;font-size: 12pt;color: #808080\"><strong>Per\u00edodo:<\/strong> 25\/04 a 30\/06\/2016<br \/>\n<\/span><span style=\"font-family: georgia,palatino,serif;font-size: 12pt;color: #808080\"><strong>Hor\u00e1rio:<\/strong> segundas-feiras, das 8h30min \u00e0s 12h, e quintas-feiras, das 14h \u00e0s 17h30min<br \/>\n<\/span><span style=\"font-family: georgia,palatino,serif;font-size: 12pt;color: #808080\"><strong>Local:<\/strong> Sala 21 \u2013 Rua Alm. Barroso n\u00ba 1734 (esquina Rua Lobo da Costa)<br \/>\n<\/span><span style=\"font-family: georgia,palatino,serif;font-size: 12pt;color: #808080\"><strong>Sum\u00e1rio:<\/strong> Alfabeto Manual; N\u00fameros; Sauda\u00e7\u00f5es; Fam\u00edlia; Calend\u00e1rio; Documentos; Ambientes Escolares; Espa\u00e7os Urbanos; Verbos cotidianos; Cinco Par\u00e2metros da Libras; Gram\u00e1tica da Libras; Hist\u00f3ria de Educa\u00e7\u00e3o de Surdos; Conversa\u00e7\u00f5es e Di\u00e1logos.<br \/>\n<\/span><span style=\"font-family: georgia,palatino,serif;font-size: 12pt;color: #808080\"><strong>P\u00fablico Alvo:<\/strong> servidores em geral.<br \/>\n<\/span><span style=\"font-family: georgia,palatino,serif;font-size: 12pt;color: #808080\"><strong>N\u00famero de vagas:<\/strong> 20<br \/>\n<\/span><span style=\"font-family: georgia,palatino,serif;font-size: 12pt;color: #808080\"><strong>Ministrante:<\/strong> Ivana Gomes da Silva e Aline de Castro e Kaster<br \/>\n<strong>Per\u00edodo de inscri\u00e7\u00e3o:<\/strong> 11\/03 a 13\/04\/2016<br \/>\n<strong>Divulga\u00e7\u00e3o das inscri\u00e7\u00f5es homologadas:<\/strong> 18\/04\/2016, nesta p\u00e1gina<\/span><\/p>\n<p><span style=\"font-size: 12pt;font-family: georgia, palatino, serif\"><strong><span style=\"color: #ff6600\"><a style=\"color: #ff6600\" href=\"https:\/\/wp.ufpel.edu.br\/progep\/files\/2016\/03\/homologa_inscritos-13.pdf\" rel=\"\">Listagem homologados AQUI!<\/a><\/span><\/strong><\/span><\/p>\n","protected":false},"excerpt":{"rendered":"<p>Modalidade: presencial (com algumas atividades online) Carga Hor\u00e1ria: 62 horas Per\u00edodo: 25\/04 a 30\/06\/2016 Hor\u00e1rio: segundas-feiras, das 8h30min \u00e0s 12h, e quintas-feiras, das 14h \u00e0s 17h30min Local: Sala 21 \u2013 Rua Alm. Barroso n\u00ba 1734 (esquina Rua Lobo da Costa) Sum\u00e1rio: Alfabeto Manual; N\u00fameros; Sauda\u00e7\u00f5es; Fam\u00edlia; Calend\u00e1rio; Documentos; Ambientes Escolares; Espa\u00e7os Urbanos; Verbos cotidianos; Cinco [&hellip;]<\/p>\n","protected":false},"author":21,"featured_media":0,"parent":0,"menu_order":0,"comment_status":"closed","ping_status":"closed","template":"","meta":{"footnotes":""},"class_list":["post-8882","page","type-page","status-publish","hentry"],"_links":{"self":[{"href":"https:\/\/wp.ufpel.edu.br\/progep\/wp-json\/wp\/v2\/pages\/8882","targetHints":{"allow":["GET"]}}],"collection":[{"href":"https:\/\/wp.ufpel.edu.br\/progep\/wp-json\/wp\/v2\/pages"}],"about":[{"href":"https:\/\/wp.ufpel.edu.br\/progep\/wp-json\/wp\/v2\/types\/page"}],"author":[{"embeddable":true,"href":"https:\/\/wp.ufpel.edu.br\/progep\/wp-json\/wp\/v2\/users\/21"}],"replies":[{"embeddable":true,"href":"https:\/\/wp.ufpel.edu.br\/progep\/wp-json\/wp\/v2\/comments?post=8882"}],"version-history":[{"count":6,"href":"https:\/\/wp.ufpel.edu.br\/progep\/wp-json\/wp\/v2\/pages\/8882\/revisions"}],"predecessor-version":[{"id":33745,"href":"https:\/\/wp.ufpel.edu.br\/progep\/wp-json\/wp\/v2\/pages\/8882\/revisions\/33745"}],"wp:attachment":[{"href":"https:\/\/wp.ufpel.edu.br\/progep\/wp-json\/wp\/v2\/media?parent=8882"}],"curies":[{"name":"wp","href":"https:\/\/api.w.org\/{rel}","templated":true}]}}