{"id":8878,"date":"2016-03-11T12:03:51","date_gmt":"2016-03-11T15:03:51","guid":{"rendered":"https:\/\/wp.ufpel.edu.br\/progep\/?page_id=8878"},"modified":"2025-06-30T12:50:58","modified_gmt":"2025-06-30T15:50:58","slug":"curso-tesouro-gerencial","status":"publish","type":"page","link":"https:\/\/wp.ufpel.edu.br\/progep\/curso-tesouro-gerencial\/","title":{"rendered":"Capacita\u00e7\u00e3o: Curso: Tesouro Gerencial"},"content":{"rendered":"<p><span style=\"font-family: georgia,palatino,serif;font-size: 12pt;color: #808080\"><strong>Modalidade:<\/strong> presencial &#8211; in company<\/span><br \/>\n<span style=\"font-family: georgia,palatino,serif;font-size: 12pt;color: #808080\"><strong>Carga Hor\u00e1ria:<\/strong> 8 horas <\/span><br \/>\n<span style=\"font-family: georgia,palatino,serif;font-size: 12pt;color: #808080\"><strong>Data:<\/strong> 12\/04\/2016<\/span><br \/>\n<span style=\"font-family: georgia,palatino,serif;font-size: 12pt;color: #808080\"><strong>Hor\u00e1rio:<\/strong> das 8h \u00e0s 12 horas e das 13h \u00e0s 17 horas<\/span><br \/>\n<span style=\"font-family: georgia,palatino,serif;font-size: 12pt;color: #808080\"><strong>Local:<\/strong> Laborat\u00f3rio 117 (do Centro de Letras e Comunica\u00e7\u00e3o), t\u00e9rreo, bloco B, Campus Porto<\/span><br \/>\n<span style=\"font-family: georgia,palatino,serif;font-size: 12pt;color: #808080\"><strong>Sum\u00e1rio:<\/strong> Diferen\u00e7as entre SIAFI Gerencial e Tesouro Gerencial; Consulta constru\u00edda; Novo <\/span><span style=\"font-family: georgia,palatino,serif;font-size: 12pt;color: #808080\">Plano de Contas Aplicado ao Setor P\u00fablico \u2013 transa\u00e7\u00e3o CONORIGEM; Equival\u00eancia de alguns <\/span><span style=\"font-family: georgia,palatino,serif;font-size: 12pt;color: #808080\">conceitos SIAFI Gerencial x Tesouro Gerencial; Apresenta\u00e7\u00e3o do Sistema; Op\u00e7\u00e3o CRIAR; <\/span><span style=\"font-family: georgia,palatino,serif;font-size: 12pt;color: #808080\">Ferramentas\/Funcionalidades das Consultas; Op\u00e7\u00f5es de Pesquisas; Objetos do Relat\u00f3rio x <\/span><span style=\"font-family: georgia,palatino,serif;font-size: 12pt;color: #808080\">Objetos da Planilha; Qualificar x Selecionar; Lista de Hist\u00f3rico; Criar: Prompt, Filtros, Grupos <\/span><span style=\"font-family: georgia,palatino,serif;font-size: 12pt;color: #808080\">Personalizados, Relat\u00f3rios; Estudo de Casos.<\/span><br \/>\n<span style=\"font-family: georgia,palatino,serif;font-size: 12pt;color: #808080\"><strong>P\u00fablico Alvo:<\/strong> servidores da PROPLAN, PRA e PROGEP, indicados pelas Unidades.<\/span><br \/>\n<span style=\"font-family: georgia,palatino,serif;font-size: 12pt;color: #808080\"><strong>N\u00famero de vagas:<\/strong> 25<\/span><br \/>\n<span style=\"font-family: georgia,palatino,serif;font-size: 12pt;color: #808080\"><strong>Ministrante:<\/strong> Escola de Administra\u00e7\u00e3o Fazend\u00e1ria \u2013 CENTRESAF-RS<\/span><\/p>\n<p>&nbsp;<\/p>\n","protected":false},"excerpt":{"rendered":"<p>Modalidade: presencial &#8211; in company Carga Hor\u00e1ria: 8 horas Data: 12\/04\/2016 Hor\u00e1rio: das 8h \u00e0s 12 horas e das 13h \u00e0s 17 horas Local: Laborat\u00f3rio 117 (do Centro de Letras e Comunica\u00e7\u00e3o), t\u00e9rreo, bloco B, Campus Porto Sum\u00e1rio: Diferen\u00e7as entre SIAFI Gerencial e Tesouro Gerencial; Consulta constru\u00edda; Novo Plano de Contas Aplicado ao Setor P\u00fablico [&hellip;]<\/p>\n","protected":false},"author":21,"featured_media":0,"parent":0,"menu_order":0,"comment_status":"closed","ping_status":"closed","template":"","meta":{"_crdt_document":"","footnotes":""},"class_list":["post-8878","page","type-page","status-publish","hentry"],"_links":{"self":[{"href":"https:\/\/wp.ufpel.edu.br\/progep\/wp-json\/wp\/v2\/pages\/8878","targetHints":{"allow":["GET"]}}],"collection":[{"href":"https:\/\/wp.ufpel.edu.br\/progep\/wp-json\/wp\/v2\/pages"}],"about":[{"href":"https:\/\/wp.ufpel.edu.br\/progep\/wp-json\/wp\/v2\/types\/page"}],"author":[{"embeddable":true,"href":"https:\/\/wp.ufpel.edu.br\/progep\/wp-json\/wp\/v2\/users\/21"}],"replies":[{"embeddable":true,"href":"https:\/\/wp.ufpel.edu.br\/progep\/wp-json\/wp\/v2\/comments?post=8878"}],"version-history":[{"count":7,"href":"https:\/\/wp.ufpel.edu.br\/progep\/wp-json\/wp\/v2\/pages\/8878\/revisions"}],"predecessor-version":[{"id":33751,"href":"https:\/\/wp.ufpel.edu.br\/progep\/wp-json\/wp\/v2\/pages\/8878\/revisions\/33751"}],"wp:attachment":[{"href":"https:\/\/wp.ufpel.edu.br\/progep\/wp-json\/wp\/v2\/media?parent=8878"}],"curies":[{"name":"wp","href":"https:\/\/api.w.org\/{rel}","templated":true}]}}