{"id":8872,"date":"2016-03-11T11:16:13","date_gmt":"2016-03-11T14:16:13","guid":{"rendered":"https:\/\/wp.ufpel.edu.br\/progep\/?page_id=8872"},"modified":"2025-05-16T09:53:55","modified_gmt":"2025-05-16T12:53:55","slug":"ciclo-de-palestras-2016-palestra-a-principal-chamada-aprendizagem-de-si","status":"publish","type":"page","link":"https:\/\/wp.ufpel.edu.br\/progep\/ciclo-de-palestras-2016-palestra-a-principal-chamada-aprendizagem-de-si\/","title":{"rendered":"Capacita\u00e7\u00e3o: CICLO DE PALESTRAS 2016 PALESTRA: &#8220;A Principal Chamada: aprendizagem de si&#8221;"},"content":{"rendered":"<p><strong>Data:<\/strong>\u00a017 de mar\u00e7o de 2016<br \/>\n<strong>Credenciamento:<\/strong>\u00a013h30min<br \/>\n<strong>In\u00edcio do evento:<\/strong>\u00a014 horas<br \/>\n<strong>Local<\/strong>: Audit\u00f3rio 2 do Centro de Artes &#8211; Rua \u00c1lvaro Chaves, 65<br \/>\n<strong>Palestrantes:<\/strong>\u00a0Mauricio Torrada e Vanise Valiente<br \/>\n<strong>Divulga\u00e7\u00e3o das inscri\u00e7\u00f5es homologadas:<\/strong> 15\/03\/2016, nesta p\u00e1gina<\/p>\n<p><span style=\"text-decoration: underline\"><span style=\"color: #ff6600\"><strong><a style=\"color: #ff6600;text-decoration: underline\" href=\"https:\/\/wp.ufpel.edu.br\/progep\/files\/2016\/03\/homologa_inscritos_aprincipalchamada.pdf\" rel=\"\">Listagem inscri\u00e7\u00f5es homologadas AQUI!<\/a><\/strong><\/span><\/span><\/p>\n<p><span style=\"color: #ff6600\">Obs.:<\/span> Informamos que diante da impossibilidade de realiza\u00e7\u00e3o das palestras previstas no Ciclo de 2015 por motivo do movimento grevista, os servidores que assim desejarem poder\u00e3o complementar as 20 horas no Ciclo 2016 ou, participando do novo, auferir carga hor\u00e1ria aumentada conforme a participa\u00e7\u00e3o na programa\u00e7\u00e3o no ano corrente. A certifica\u00e7\u00e3o ser\u00e1 emitida conforme a necessidade do servidor.<\/p>\n<p>&nbsp;<\/p>\n","protected":false},"excerpt":{"rendered":"<p>Data:\u00a017 de mar\u00e7o de 2016 Credenciamento:\u00a013h30min In\u00edcio do evento:\u00a014 horas Local: Audit\u00f3rio 2 do Centro de Artes &#8211; Rua \u00c1lvaro Chaves, 65 Palestrantes:\u00a0Mauricio Torrada e Vanise Valiente Divulga\u00e7\u00e3o das inscri\u00e7\u00f5es homologadas: 15\/03\/2016, nesta p\u00e1gina Listagem inscri\u00e7\u00f5es homologadas AQUI! Obs.: Informamos que diante da impossibilidade de realiza\u00e7\u00e3o das palestras previstas no Ciclo de 2015 por motivo [&hellip;]<\/p>\n","protected":false},"author":21,"featured_media":0,"parent":0,"menu_order":0,"comment_status":"closed","ping_status":"closed","template":"","meta":{"footnotes":""},"class_list":["post-8872","page","type-page","status-publish","hentry"],"_links":{"self":[{"href":"https:\/\/wp.ufpel.edu.br\/progep\/wp-json\/wp\/v2\/pages\/8872","targetHints":{"allow":["GET"]}}],"collection":[{"href":"https:\/\/wp.ufpel.edu.br\/progep\/wp-json\/wp\/v2\/pages"}],"about":[{"href":"https:\/\/wp.ufpel.edu.br\/progep\/wp-json\/wp\/v2\/types\/page"}],"author":[{"embeddable":true,"href":"https:\/\/wp.ufpel.edu.br\/progep\/wp-json\/wp\/v2\/users\/21"}],"replies":[{"embeddable":true,"href":"https:\/\/wp.ufpel.edu.br\/progep\/wp-json\/wp\/v2\/comments?post=8872"}],"version-history":[{"count":4,"href":"https:\/\/wp.ufpel.edu.br\/progep\/wp-json\/wp\/v2\/pages\/8872\/revisions"}],"predecessor-version":[{"id":32593,"href":"https:\/\/wp.ufpel.edu.br\/progep\/wp-json\/wp\/v2\/pages\/8872\/revisions\/32593"}],"wp:attachment":[{"href":"https:\/\/wp.ufpel.edu.br\/progep\/wp-json\/wp\/v2\/media?parent=8872"}],"curies":[{"name":"wp","href":"https:\/\/api.w.org\/{rel}","templated":true}]}}