{"id":8834,"date":"2016-03-15T12:30:31","date_gmt":"2016-03-15T15:30:31","guid":{"rendered":"https:\/\/wp.ufpel.edu.br\/progep\/?page_id=8834"},"modified":"2016-03-15T12:30:31","modified_gmt":"2016-03-15T15:30:31","slug":"relatorio-semestral-pos-graduacao","status":"publish","type":"page","link":"https:\/\/wp.ufpel.edu.br\/progep\/relatorio-semestral-pos-graduacao\/","title":{"rendered":"Relat\u00f3rio Semestral P\u00f3s-Gradua\u00e7\u00e3o"},"content":{"rendered":"\n<div class=\"wpcf7 no-js\" id=\"wpcf7-f8819-o1\" lang=\"pt-BR\" dir=\"ltr\" data-wpcf7-id=\"8819\">\n<div class=\"screen-reader-response\"><p role=\"status\" aria-live=\"polite\" aria-atomic=\"true\"><\/p> <ul><\/ul><\/div>\n<form action=\"\/progep\/wp-json\/wp\/v2\/pages\/8834#wpcf7-f8819-o1\" method=\"post\" class=\"wpcf7-form init\" aria-label=\"Formul\u00e1rios de contato\" enctype=\"multipart\/form-data\" novalidate=\"novalidate\" data-status=\"init\">\n<fieldset class=\"hidden-fields-container\"><input type=\"hidden\" name=\"_wpcf7\" value=\"8819\" \/><input type=\"hidden\" name=\"_wpcf7_version\" value=\"6.1.4\" \/><input type=\"hidden\" name=\"_wpcf7_locale\" value=\"pt_BR\" \/><input type=\"hidden\" name=\"_wpcf7_unit_tag\" value=\"wpcf7-f8819-o1\" \/><input type=\"hidden\" name=\"_wpcf7_container_post\" value=\"0\" \/><input type=\"hidden\" name=\"_wpcf7_posted_data_hash\" value=\"\" \/>\n<\/fieldset>\n<p>Seu nome\n<\/p>\n<p><span class=\"wpcf7-form-control-wrap\" data-name=\"nome\"><input size=\"40\" maxlength=\"400\" class=\"wpcf7-form-control wpcf7-text wpcf7-validates-as-required\" aria-required=\"true\" aria-invalid=\"false\" value=\"\" type=\"text\" name=\"nome\" \/><\/span>\n<\/p>\n<p>Seu e-mail\n<\/p>\n<p><span class=\"wpcf7-form-control-wrap\" data-name=\"email\"><input size=\"40\" maxlength=\"400\" class=\"wpcf7-form-control wpcf7-email wpcf7-validates-as-required wpcf7-text wpcf7-validates-as-email\" aria-required=\"true\" aria-invalid=\"false\" value=\"\" type=\"email\" name=\"email\" \/><\/span>\n<\/p>\n<p>Telefone\n<\/p>\n<p><span class=\"wpcf7-form-control-wrap\" data-name=\"telefone\"><input size=\"40\" maxlength=\"400\" class=\"wpcf7-form-control wpcf7-tel wpcf7-validates-as-required wpcf7-text wpcf7-validates-as-tel\" aria-required=\"true\" aria-invalid=\"false\" value=\"\" type=\"tel\" name=\"telefone\" \/><\/span>\n<\/p>\n<p>Institui\u00e7\u00e3o de estudo\n<\/p>\n<p><span class=\"wpcf7-form-control-wrap\" data-name=\"instituicao-estudo\"><input size=\"40\" maxlength=\"400\" class=\"wpcf7-form-control wpcf7-text wpcf7-validates-as-required\" aria-required=\"true\" aria-invalid=\"false\" value=\"\" type=\"text\" name=\"instituicao-estudo\" \/><\/span>\n<\/p>\n<p>Orientador \/ Coordenador\n<\/p>\n<p><span class=\"wpcf7-form-control-wrap\" data-name=\"orientador-coordenador\"><input size=\"40\" maxlength=\"400\" class=\"wpcf7-form-control wpcf7-text wpcf7-validates-as-required\" aria-required=\"true\" aria-invalid=\"false\" value=\"\" type=\"text\" name=\"orientador-coordenador\" \/><\/span>\n<\/p>\n<p>Ano do relat\u00f3rio\n<\/p>\n<p><span class=\"wpcf7-form-control-wrap\" data-name=\"ano-relatorio\"><input size=\"40\" maxlength=\"400\" class=\"wpcf7-form-control wpcf7-text wpcf7-validates-as-required\" aria-required=\"true\" aria-invalid=\"false\" value=\"\" type=\"text\" name=\"ano-relatorio\" \/><\/span>\n<\/p>\n<p>Semestre do relat\u00f3rio\n<\/p>\n<p><span class=\"wpcf7-form-control-wrap\" data-name=\"semestre\"><select class=\"wpcf7-form-control wpcf7-select wpcf7-validates-as-required\" aria-required=\"true\" aria-invalid=\"false\" name=\"semestre\"><option value=\"1\u00ba Semestre\">1\u00ba Semestre<\/option><option value=\"2\u00ba Semestre\">2\u00ba Semestre<\/option><\/select><\/span>\n<\/p>\n<div style=\" background-color: #fdd; border: 2px solid #c00; padding: 10px; margin: 30px 0;\">\n\t<p style=\" color: #c00; font-weight: bold; !importart\"> Orienta\u00e7\u00f5es:\n\t<\/p>\n\t<ul style=\"color: #000;\">\n\t\t<li>\n\t\t\t<p>Os comprovantes devem estar com <strong>timbre da institui\u00e7\u00e3o<\/strong> e <strong>assinatura do respons\u00e1vel<\/strong>.\n\t\t\t<\/p>\n\t\t<\/li>\n\t\t<li>\n\t\t\t<p>O teor e a integridade dos documentos digitalizados s\u00e3o de responsabilidade do interessado, que responder\u00e1 nos termos da legisla\u00e7\u00e3o civil, penal e administrativamente por eventuais fraudes, conforme Decreto n\u00ba 8.539\/2015.\n\t\t\t<\/p>\n\t\t<\/li>\n\t\t<li>\n\t\t\t<p>Documentos de institui\u00e7\u00f5es estrangeiras, devem ser enviados com tradu\u00e7\u00e3o (conforme Lei n\u00ba 9784\/99).\n\t\t\t<\/p>\n\t\t<\/li>\n\t<\/ul>\n<\/div>\n<p>Atestado de notas\/frequ\u00eancia\n<\/p>\n<p><span class=\"wpcf7-form-control-wrap\" data-name=\"notas-frequencia\"><input size=\"40\" class=\"wpcf7-form-control wpcf7-file wpcf7-validates-as-required\" accept=\"audio\/*,video\/*,image\/*\" aria-required=\"true\" aria-invalid=\"false\" type=\"file\" name=\"notas-frequencia\" \/><\/span>\n<\/p>\n<p>Parecer do Orientador\n<\/p>\n<p><span class=\"wpcf7-form-control-wrap\" data-name=\"parecer-orientador\"><input size=\"40\" class=\"wpcf7-form-control wpcf7-file wpcf7-validates-as-required\" accept=\"audio\/*,video\/*,image\/*\" aria-required=\"true\" aria-invalid=\"false\" type=\"file\" name=\"parecer-orientador\" \/><\/span>\n<\/p>\n<p>Parecer da unidade de lota\u00e7\u00e3o\n<\/p>\n<p><span class=\"wpcf7-form-control-wrap\" data-name=\"parecer-unidade\"><input size=\"40\" class=\"wpcf7-form-control wpcf7-file wpcf7-validates-as-required\" accept=\"audio\/*,video\/*,image\/*\" aria-required=\"true\" aria-invalid=\"false\" type=\"file\" name=\"parecer-unidade\" \/><\/span>\n<\/p>\n<p>Anexe documentos adicionais nos campos abaixo (opcional)\n<\/p>\n<p><span class=\"wpcf7-form-control-wrap\" data-name=\"documento-extra-1\"><input size=\"40\" class=\"wpcf7-form-control wpcf7-file\" accept=\"audio\/*,video\/*,image\/*\" aria-invalid=\"false\" type=\"file\" name=\"documento-extra-1\" \/><\/span>\n<\/p>\n<p><input class=\"wpcf7-form-control wpcf7-submit has-spinner\" type=\"submit\" value=\"Enviar\" \/>\n<\/p><p style=\"display: none !important;\" class=\"akismet-fields-container\" data-prefix=\"_wpcf7_ak_\"><label>&#916;<textarea name=\"_wpcf7_ak_hp_textarea\" cols=\"45\" rows=\"8\" maxlength=\"100\"><\/textarea><\/label><input type=\"hidden\" id=\"ak_js_1\" name=\"_wpcf7_ak_js\" value=\"133\"\/><script>document.getElementById( \"ak_js_1\" ).setAttribute( \"value\", ( new Date() ).getTime() );<\/script><\/p><div class=\"wpcf7-response-output\" aria-hidden=\"true\"><\/div>\n<\/form>\n<\/div>\n\n","protected":false},"excerpt":{"rendered":"","protected":false},"author":296,"featured_media":0,"parent":0,"menu_order":0,"comment_status":"closed","ping_status":"closed","template":"","meta":{"footnotes":""},"class_list":["post-8834","page","type-page","status-publish","hentry"],"_links":{"self":[{"href":"https:\/\/wp.ufpel.edu.br\/progep\/wp-json\/wp\/v2\/pages\/8834","targetHints":{"allow":["GET"]}}],"collection":[{"href":"https:\/\/wp.ufpel.edu.br\/progep\/wp-json\/wp\/v2\/pages"}],"about":[{"href":"https:\/\/wp.ufpel.edu.br\/progep\/wp-json\/wp\/v2\/types\/page"}],"author":[{"embeddable":true,"href":"https:\/\/wp.ufpel.edu.br\/progep\/wp-json\/wp\/v2\/users\/296"}],"replies":[{"embeddable":true,"href":"https:\/\/wp.ufpel.edu.br\/progep\/wp-json\/wp\/v2\/comments?post=8834"}],"version-history":[{"count":1,"href":"https:\/\/wp.ufpel.edu.br\/progep\/wp-json\/wp\/v2\/pages\/8834\/revisions"}],"predecessor-version":[{"id":8836,"href":"https:\/\/wp.ufpel.edu.br\/progep\/wp-json\/wp\/v2\/pages\/8834\/revisions\/8836"}],"wp:attachment":[{"href":"https:\/\/wp.ufpel.edu.br\/progep\/wp-json\/wp\/v2\/media?parent=8834"}],"curies":[{"name":"wp","href":"https:\/\/api.w.org\/{rel}","templated":true}]}}