{"id":8687,"date":"2015-12-18T13:58:37","date_gmt":"2015-12-18T15:58:37","guid":{"rendered":"https:\/\/wp.ufpel.edu.br\/progep\/?page_id=8687"},"modified":"2015-12-18T13:58:37","modified_gmt":"2015-12-18T15:58:37","slug":"selecao-de-estagiarios-02-2015","status":"publish","type":"page","link":"https:\/\/wp.ufpel.edu.br\/progep\/administracao-de-pessoal\/selecao-de-estagiarios-02-2015\/","title":{"rendered":"Sele\u00e7\u00e3o de estagi\u00e1rios 02-2015"},"content":{"rendered":"<p><strong><span style=\"font-size: 14pt;color: #ff0000\"><a href=\"https:\/\/wp.ufpel.edu.br\/progep\/files\/2015\/12\/resultado-final-02-2015.pdf\">RESULTADO FINAL &#8211; Edital 02\/2015<\/a>\u00a0<\/span><\/strong><span style=\"font-size: 14pt;color: #ff0000\"><span style=\"color: #999999;font-size: 10pt\">Publicado em: 16\/12\/2015\u00a014:23<\/span><\/span><\/p>\n<p><span style=\"font-size: 12pt\"><span style=\"color: #000000\"><a style=\"color: #000000\" href=\"https:\/\/wp.ufpel.edu.br\/progep\/files\/2015\/12\/Inscricoes-Homologadas-022015-Retificacao.pdf\">Homologa\u00e7\u00e3o das Inscri\u00e7\u00f5es &#8211; RETIFICA\u00c7\u00c3O<\/a><\/span>\u00a0<span style=\"color: #999999;font-size: 10pt\">Publicado em: 04\/12\/2015\u00a016:55<\/span><\/span><\/p>\n<p><span style=\"font-size: 12pt\"><a href=\"https:\/\/wp.ufpel.edu.br\/progep\/files\/2015\/12\/Inscricoes-Homologadas-022015.pdf\"><span style=\"color: #ff0000\"><span style=\"color: #000000\">Homologa\u00e7\u00e3o das Inscri\u00e7\u00f5es &#8211; Edital 02\/2015<\/span><\/span><strong><span style=\"color: #ff0000\">\u00a0<\/span><\/strong><\/a><span style=\"color: #999999;font-size: 10pt\">Publicado em: 04\/12\/2015 09:20<\/span><\/span><\/p>\n<p><span style=\"font-size: 12pt;color: #000000\"><a style=\"color: #000000\" href=\"https:\/\/wp.ufpel.edu.br\/progep\/files\/2015\/11\/EDITAL-022015.pdf\">Edital de Sele\u00e7\u00e3o de Estagi\u00e1rio 02\/2015<\/a><\/span><\/p>\n<p><span style=\"font-size: 12pt;color: #000000\"><a style=\"color: #000000\" href=\"https:\/\/wp.ufpel.edu.br\/progep\/files\/2015\/11\/ANEXO-I-EDITAL-022015.pdf\">Anexo I &#8211; Edital 02\/2015<\/a><\/span><\/p>\n","protected":false},"excerpt":{"rendered":"<p>RESULTADO FINAL &#8211; Edital 02\/2015\u00a0Publicado em: 16\/12\/2015\u00a014:23 Homologa\u00e7\u00e3o das Inscri\u00e7\u00f5es &#8211; RETIFICA\u00c7\u00c3O\u00a0Publicado em: 04\/12\/2015\u00a016:55 Homologa\u00e7\u00e3o das Inscri\u00e7\u00f5es &#8211; Edital 02\/2015\u00a0Publicado em: 04\/12\/2015 09:20 Edital de Sele\u00e7\u00e3o de Estagi\u00e1rio 02\/2015 Anexo I &#8211; Edital 02\/2015<\/p>\n","protected":false},"author":52,"featured_media":0,"parent":308,"menu_order":0,"comment_status":"closed","ping_status":"closed","template":"","meta":{"footnotes":""},"class_list":["post-8687","page","type-page","status-publish","hentry"],"_links":{"self":[{"href":"https:\/\/wp.ufpel.edu.br\/progep\/wp-json\/wp\/v2\/pages\/8687","targetHints":{"allow":["GET"]}}],"collection":[{"href":"https:\/\/wp.ufpel.edu.br\/progep\/wp-json\/wp\/v2\/pages"}],"about":[{"href":"https:\/\/wp.ufpel.edu.br\/progep\/wp-json\/wp\/v2\/types\/page"}],"author":[{"embeddable":true,"href":"https:\/\/wp.ufpel.edu.br\/progep\/wp-json\/wp\/v2\/users\/52"}],"replies":[{"embeddable":true,"href":"https:\/\/wp.ufpel.edu.br\/progep\/wp-json\/wp\/v2\/comments?post=8687"}],"version-history":[{"count":1,"href":"https:\/\/wp.ufpel.edu.br\/progep\/wp-json\/wp\/v2\/pages\/8687\/revisions"}],"predecessor-version":[{"id":8688,"href":"https:\/\/wp.ufpel.edu.br\/progep\/wp-json\/wp\/v2\/pages\/8687\/revisions\/8688"}],"up":[{"embeddable":true,"href":"https:\/\/wp.ufpel.edu.br\/progep\/wp-json\/wp\/v2\/pages\/308"}],"wp:attachment":[{"href":"https:\/\/wp.ufpel.edu.br\/progep\/wp-json\/wp\/v2\/media?parent=8687"}],"curies":[{"name":"wp","href":"https:\/\/api.w.org\/{rel}","templated":true}]}}