{"id":7643,"date":"2015-03-31T17:15:22","date_gmt":"2015-03-31T20:15:22","guid":{"rendered":"https:\/\/wp.ufpel.edu.br\/progep\/?page_id=7643"},"modified":"2025-06-30T12:50:18","modified_gmt":"2025-06-30T15:50:18","slug":"licitacoes-e-contratos-2","status":"publish","type":"page","link":"https:\/\/wp.ufpel.edu.br\/progep\/licitacoes-e-contratos-2\/","title":{"rendered":"Capacita\u00e7\u00e3o: LICITA\u00c7\u00d5ES E CONTRATOS"},"content":{"rendered":"<p style=\"line-height: 16.35pt\"><strong><span style=\"font-family: 'Georgia','serif';color: #ff6600\">Curso:\u00a0LICITA\u00c7\u00d5ES E CONTRATOS<\/span><\/strong><\/p>\n<p style=\"line-height: 16.35pt\"><strong><span style=\"font-family: 'Georgia','serif';color: #333333\">Modalidade:<\/span><\/strong><span class=\"apple-converted-space\"><span style=\"font-family: 'Georgia','serif';color: #333333\">\u00a0<\/span><\/span><span style=\"font-family: 'Georgia','serif';color: #333333\">presencial<span class=\"apple-converted-space\">\u00a0<\/span><em><span style=\"font-family: 'Georgia','serif'\">in company<\/span><\/em><\/span><\/p>\n<p style=\"line-height: 16.35pt\"><strong><span style=\"font-family: 'Georgia','serif';color: #333333\">Carga hor\u00e1ria:<\/span><\/strong><span class=\"apple-converted-space\"><span style=\"font-family: 'Georgia','serif';color: #333333\">\u00a0<\/span><\/span><span style=\"font-family: 'Georgia','serif';color: #333333\">30 horas<\/span><\/p>\n<p style=\"line-height: 16.35pt\"><strong><span style=\"font-family: 'Georgia','serif';color: #333333\">N\u00famero de Vagas<\/span><\/strong><span style=\"font-family: 'Georgia','serif';color: #333333\">: 30<\/span><\/p>\n<p style=\"text-align: justify\"><strong>S\u00famula do Programa:<\/strong><span style=\"font-style: inherit;font-weight: inherit\">\u00a0<\/span>LICITA\u00c7\u00d5ES \u2013 Legisla\u00e7\u00e3o; Princ\u00edpios; Conceito de licita\u00e7\u00e3o; Inexigibilidade de\u00a0licita\u00e7\u00e3o; Dispensa de licita\u00e7\u00e3o; Modalidades de licita\u00e7\u00e3o; Sistema de Registro de Pre\u00e7os; Tipos de\u00a0licita\u00e7\u00e3o; Regimes de execu\u00e7\u00e3o; Habilita\u00e7\u00e3o; Licita\u00e7\u00f5es sustent\u00e1veis; Comiss\u00e3o de licita\u00e7\u00e3o; FASE\u00a0INTERNA \u2013 Autua\u00e7\u00e3o de processo; Defini\u00e7\u00e3o do objeto; Especifica\u00e7\u00e3o; Procedimentos e\u00a0inexigibilidade e dispensa de licita\u00e7\u00e3o; Parcelamento do objeto\/formas de julgamento; Registro da\u00a0licita\u00e7\u00e3o no SIASG. FASE EXTERNA \u2013 Divulga\u00e7\u00e3o do Edital; Habilita\u00e7\u00e3o; Recursos; Julgamento das\u00a0propostas de pre\u00e7os; Homologa\u00e7\u00e3o e adjudica\u00e7\u00e3o; Contrata\u00e7\u00e3o; Desfazimento do processo licitat\u00f3rio;\u00a0Crimes nas licita\u00e7\u00f5es; CONTRATOS ADMINISTRATIVOS: Conte\u00fado; Dura\u00e7\u00e3o e prorroga\u00e7\u00f5es;\u00a0Formaliza\u00e7\u00e3o e altera\u00e7\u00f5es; Reequil\u00edbrio contratual; Fiscaliza\u00e7\u00e3o; Rescis\u00e3o dos contratos; Penalidades\u00a0administrativas. \u00a0Estudo de casos.<\/p>\n<p style=\"line-height: 16.35pt\"><span style=\"font-family: georgia, palatino\"><strong><span style=\"color: #333333\">P\u00fablico alvo:<\/span><\/strong><span class=\"apple-converted-space\"><span style=\"color: #333333\">\u00a0<\/span><\/span><span style=\"color: #333333\">servidores da Coordena\u00e7\u00e3o de Material e Patrim\u00f4nio<\/span><\/span><\/p>\n<p style=\"line-height: 16.35pt\"><strong><span style=\"font-family: 'Georgia','serif';color: #333333\">Per\u00edodo:<\/span><\/strong><span class=\"apple-converted-space\"><span style=\"font-family: 'Georgia','serif';color: #333333\">\u00a0<\/span><\/span><span style=\"font-family: 'Georgia','serif';color: #333333\">25 a 28 de maio de 2015<\/span><\/p>\n<p style=\"line-height: 16.35pt\"><strong><span style=\"font-family: 'Georgia','serif';color: #333333\">Hor\u00e1rio:<\/span><\/strong><span class=\"apple-converted-space\"><span style=\"font-family: 'Georgia','serif';color: #333333\">\u00a0<\/span><\/span><span style=\"font-family: 'Georgia','serif';color: #333333\">das 8 \u00e0s 12 horas e das 14 \u00e0s 18 horas<\/span><\/p>\n<p style=\"line-height: 16.35pt\"><strong><span style=\"font-family: 'Georgia','serif';color: #333333\">Local:<\/span><\/strong><span class=\"apple-converted-space\"><span style=\"font-family: 'Georgia','serif';color: #333333\">\u00a0<\/span><\/span><span style=\"font-family: 'Georgia','serif';color: #333333\">Audit\u00f3rio da Reitoria<\/span><\/p>\n<p style=\"line-height: 16.35pt\"><strong>Inscri\u00e7\u00f5es:<\/strong> Curso fechado\/p\u00fablico espec\u00edfico.<\/p>\n","protected":false},"excerpt":{"rendered":"<p>Curso:\u00a0LICITA\u00c7\u00d5ES E CONTRATOS Modalidade:\u00a0presencial\u00a0in company Carga hor\u00e1ria:\u00a030 horas N\u00famero de Vagas: 30 S\u00famula do Programa:\u00a0LICITA\u00c7\u00d5ES \u2013 Legisla\u00e7\u00e3o; Princ\u00edpios; Conceito de licita\u00e7\u00e3o; Inexigibilidade de\u00a0licita\u00e7\u00e3o; Dispensa de licita\u00e7\u00e3o; Modalidades de licita\u00e7\u00e3o; Sistema de Registro de Pre\u00e7os; Tipos de\u00a0licita\u00e7\u00e3o; Regimes de execu\u00e7\u00e3o; Habilita\u00e7\u00e3o; Licita\u00e7\u00f5es sustent\u00e1veis; Comiss\u00e3o de licita\u00e7\u00e3o; FASE\u00a0INTERNA \u2013 Autua\u00e7\u00e3o de processo; Defini\u00e7\u00e3o do objeto; Especifica\u00e7\u00e3o; Procedimentos [&hellip;]<\/p>\n","protected":false},"author":21,"featured_media":0,"parent":0,"menu_order":0,"comment_status":"closed","ping_status":"closed","template":"","meta":{"footnotes":""},"class_list":["post-7643","page","type-page","status-publish","hentry"],"_links":{"self":[{"href":"https:\/\/wp.ufpel.edu.br\/progep\/wp-json\/wp\/v2\/pages\/7643","targetHints":{"allow":["GET"]}}],"collection":[{"href":"https:\/\/wp.ufpel.edu.br\/progep\/wp-json\/wp\/v2\/pages"}],"about":[{"href":"https:\/\/wp.ufpel.edu.br\/progep\/wp-json\/wp\/v2\/types\/page"}],"author":[{"embeddable":true,"href":"https:\/\/wp.ufpel.edu.br\/progep\/wp-json\/wp\/v2\/users\/21"}],"replies":[{"embeddable":true,"href":"https:\/\/wp.ufpel.edu.br\/progep\/wp-json\/wp\/v2\/comments?post=7643"}],"version-history":[{"count":2,"href":"https:\/\/wp.ufpel.edu.br\/progep\/wp-json\/wp\/v2\/pages\/7643\/revisions"}],"predecessor-version":[{"id":33749,"href":"https:\/\/wp.ufpel.edu.br\/progep\/wp-json\/wp\/v2\/pages\/7643\/revisions\/33749"}],"wp:attachment":[{"href":"https:\/\/wp.ufpel.edu.br\/progep\/wp-json\/wp\/v2\/media?parent=7643"}],"curies":[{"name":"wp","href":"https:\/\/api.w.org\/{rel}","templated":true}]}}