{"id":7611,"date":"2015-03-31T16:26:34","date_gmt":"2015-03-31T19:26:34","guid":{"rendered":"https:\/\/wp.ufpel.edu.br\/progep\/?page_id=7611"},"modified":"2025-06-30T12:48:10","modified_gmt":"2025-06-30T15:48:10","slug":"capacitacao-para-atualizacao-dos-recursos-oferecidos-pelo-portal-de-periodicos-capes","status":"publish","type":"page","link":"https:\/\/wp.ufpel.edu.br\/progep\/capacitacao-para-atualizacao-dos-recursos-oferecidos-pelo-portal-de-periodicos-capes\/","title":{"rendered":"Capacita\u00e7\u00e3o: CAPACITA\u00c7\u00c3O PARA  ATUALIZA\u00c7\u00c3O DOS RECURSOS OFERECIDOS PELO PORTAL DE PERI\u00d3DICOS CAPES"},"content":{"rendered":"<p><span style=\"color: #ff6600\"><strong>Oficina: CAPACITA\u00c7\u00c3O PARA \u00a0ATUALIZA\u00c7\u00c3O DOS RECURSOS OFERECIDOS PELO PORTAL DE PERI\u00d3DICOS CAPES<\/strong><\/span><\/p>\n<p><strong>Modalidade:<\/strong><span class=\"apple-converted-space\">\u00a0<\/span>presencial<\/p>\n<p><strong>Carga hor\u00e1ria:<\/strong><span class=\"apple-converted-space\">\u00a0<\/span>4 horas<\/p>\n<p><strong>N\u00famero de vagas:<\/strong><span class=\"apple-converted-space\">\u00a0<\/span>30<\/p>\n<p><strong>S\u00famula do Programa:<\/strong><span class=\"apple-converted-space\">\u00a0<\/span>Portal de Peri\u00f3dicos da Capes e seus recursos para a pesquisa cient\u00edfica:\u00a0metabusca, busca por base e por peri\u00f3dico.<\/p>\n<p><strong>P\u00fablico alvo:<\/strong><span class=\"apple-converted-space\">\u00a0Preferencialmente servidores que necessitam lidar com os recursos dispon\u00edveis no Portal de Peri\u00f3dicos da CAPES.<\/span><\/p>\n<p><strong>Data:<\/strong><span class=\"apple-converted-space\">\u00a0<\/span>29 de abril de 2015<\/p>\n<p><strong>Hor\u00e1rio:<\/strong><span class=\"apple-converted-space\">\u00a0<\/span>das 16 \u00e0s 20 horas<\/p>\n<p><strong>Local:<\/strong><span class=\"apple-converted-space\">\u00a0<\/span>Audit\u00f3rio da Coordena\u00e7\u00e3o de Bibliotecas<\/p>\n<p><strong>Ministrante:<\/strong><span class=\"apple-converted-space\">\u00a0<\/span>Patr\u00edcia de Borba Pereira<\/p>\n<p><strong>Inscri\u00e7\u00f5es: <\/strong>23 a 27 de abril de 2015<\/p>\n<p><strong>Homologa\u00e7\u00e3o dos selecionados:<\/strong> 28 de abril de 2015<\/p>\n<p><span style=\"color: #0000ff\"><strong><a style=\"color: #0000ff\" href=\"https:\/\/wp.ufpel.edu.br\/progep\/files\/2014\/04\/homologa_inscritos.pdf\">Inscri\u00e7\u00f5es homologadas<\/a><\/strong><\/span><\/p>\n<p>&nbsp;<\/p>\n","protected":false},"excerpt":{"rendered":"<p>Oficina: CAPACITA\u00c7\u00c3O PARA \u00a0ATUALIZA\u00c7\u00c3O DOS RECURSOS OFERECIDOS PELO PORTAL DE PERI\u00d3DICOS CAPES Modalidade:\u00a0presencial Carga hor\u00e1ria:\u00a04 horas N\u00famero de vagas:\u00a030 S\u00famula do Programa:\u00a0Portal de Peri\u00f3dicos da Capes e seus recursos para a pesquisa cient\u00edfica:\u00a0metabusca, busca por base e por peri\u00f3dico. P\u00fablico alvo:\u00a0Preferencialmente servidores que necessitam lidar com os recursos dispon\u00edveis no Portal de Peri\u00f3dicos da CAPES. [&hellip;]<\/p>\n","protected":false},"author":21,"featured_media":0,"parent":0,"menu_order":0,"comment_status":"closed","ping_status":"closed","template":"","meta":{"footnotes":""},"class_list":["post-7611","page","type-page","status-publish","hentry"],"_links":{"self":[{"href":"https:\/\/wp.ufpel.edu.br\/progep\/wp-json\/wp\/v2\/pages\/7611","targetHints":{"allow":["GET"]}}],"collection":[{"href":"https:\/\/wp.ufpel.edu.br\/progep\/wp-json\/wp\/v2\/pages"}],"about":[{"href":"https:\/\/wp.ufpel.edu.br\/progep\/wp-json\/wp\/v2\/types\/page"}],"author":[{"embeddable":true,"href":"https:\/\/wp.ufpel.edu.br\/progep\/wp-json\/wp\/v2\/users\/21"}],"replies":[{"embeddable":true,"href":"https:\/\/wp.ufpel.edu.br\/progep\/wp-json\/wp\/v2\/comments?post=7611"}],"version-history":[{"count":8,"href":"https:\/\/wp.ufpel.edu.br\/progep\/wp-json\/wp\/v2\/pages\/7611\/revisions"}],"predecessor-version":[{"id":33740,"href":"https:\/\/wp.ufpel.edu.br\/progep\/wp-json\/wp\/v2\/pages\/7611\/revisions\/33740"}],"wp:attachment":[{"href":"https:\/\/wp.ufpel.edu.br\/progep\/wp-json\/wp\/v2\/media?parent=7611"}],"curies":[{"name":"wp","href":"https:\/\/api.w.org\/{rel}","templated":true}]}}