{"id":7603,"date":"2015-03-31T16:22:26","date_gmt":"2015-03-31T19:22:26","guid":{"rendered":"https:\/\/wp.ufpel.edu.br\/progep\/?page_id=7603"},"modified":"2025-06-30T12:48:40","modified_gmt":"2025-06-30T15:48:40","slug":"gestao-de-documentos-arquivos-e-classificacao-de-informacoes","status":"publish","type":"page","link":"https:\/\/wp.ufpel.edu.br\/progep\/gestao-de-documentos-arquivos-e-classificacao-de-informacoes\/","title":{"rendered":"Capacita\u00e7\u00e3o: GEST\u00c3O DE DOCUMENTOS, ARQUIVOS E CLASSIFICA\u00c7\u00c3O DE INFORMA\u00c7\u00d5ES"},"content":{"rendered":"<p><span style=\"color: #ff6600\"><strong>Palestra: \u00a0GEST\u00c3O DE DOCUMENTOS, ARQUIVOS E CLASSIFICA\u00c7\u00c3O DE INFORMA\u00c7\u00d5ES<\/strong><\/span><\/p>\n<p><strong>Modalidade:<\/strong><span class=\"apple-converted-space\">\u00a0<\/span>presencial<\/p>\n<p><strong>Carga hor\u00e1ria:<\/strong><span class=\"apple-converted-space\">\u00a0<\/span>4 horas<\/p>\n<p><strong>N\u00famero de vagas<\/strong>: 80<\/p>\n<p><strong>Ementa:<\/strong><span class=\"apple-converted-space\">\u00a0<\/span>Sistema Nacional de Arquivos \u2013 SINAR. Normativas do Sistema de gest\u00e3o de documentos de\u00a0arquivo da Administra\u00e7\u00e3o P\u00fablica Federal \u2013 SIGA. Lei de Acesso \u00e0 Informa\u00e7\u00e3o. Gest\u00e3o documental. O\u00a0Sistema Protocolo Integrado e a utiliza\u00e7\u00e3o do N\u00famero \u00danico de Protocolo &#8211; NUP no \u00e2mbito dos \u00f3rg\u00e3os\u00a0e Entidades da Administra\u00e7\u00e3o P\u00fablica Federal. Moderniza\u00e7\u00e3o das atividades de comunica\u00e7\u00f5es\u00a0administrativas, visando al\u00e9m da agilidade a preserva\u00e7\u00e3o do patrim\u00f4nio documental arquiv\u00edstico.<\/p>\n<p><strong>P\u00fablico alvo:<\/strong><span class=\"apple-converted-space\">\u00a0<\/span>Pr\u00f3-Reitores, Assessores, Coordenadores, Diretores de Unidades e Secret\u00e1rios<\/p>\n<p><strong>Data:<\/strong><span class=\"apple-converted-space\">\u00a0<\/span>16 de abril de 2015<\/p>\n<p><strong>Hor\u00e1rio:<\/strong><span class=\"apple-converted-space\">\u00a0<\/span>das 14 \u00e0s 18 horas<\/p>\n<p><strong>Local:<\/strong><span class=\"apple-converted-space\">\u00a0<\/span>Audit\u00f3rio Acad\u00eamico &#8211; 4\u00ba andar &#8211; Bloco B &#8211; Campus Anglo<\/p>\n<p><strong>Inscri\u00e7\u00f5es: <\/strong>Curso fechado\/p\u00fablico espec\u00edfico.<\/p>\n<p><strong>Homologa\u00e7\u00e3o dos selecionados:<\/strong> 14 de abril de 2015<\/p>\n<p><a href=\"https:\/\/wp.ufpel.edu.br\/progep\/files\/2014\/04\/homologacao-inscritos-Gestao-de-doc.-2015.pdf\">Inscri\u00e7\u00f5es homologadas<\/a><\/p>\n","protected":false},"excerpt":{"rendered":"<p>Palestra: \u00a0GEST\u00c3O DE DOCUMENTOS, ARQUIVOS E CLASSIFICA\u00c7\u00c3O DE INFORMA\u00c7\u00d5ES Modalidade:\u00a0presencial Carga hor\u00e1ria:\u00a04 horas N\u00famero de vagas: 80 Ementa:\u00a0Sistema Nacional de Arquivos \u2013 SINAR. Normativas do Sistema de gest\u00e3o de documentos de\u00a0arquivo da Administra\u00e7\u00e3o P\u00fablica Federal \u2013 SIGA. Lei de Acesso \u00e0 Informa\u00e7\u00e3o. Gest\u00e3o documental. O\u00a0Sistema Protocolo Integrado e a utiliza\u00e7\u00e3o do N\u00famero \u00danico de Protocolo [&hellip;]<\/p>\n","protected":false},"author":21,"featured_media":0,"parent":0,"menu_order":0,"comment_status":"closed","ping_status":"closed","template":"","meta":{"footnotes":""},"class_list":["post-7603","page","type-page","status-publish","hentry"],"_links":{"self":[{"href":"https:\/\/wp.ufpel.edu.br\/progep\/wp-json\/wp\/v2\/pages\/7603","targetHints":{"allow":["GET"]}}],"collection":[{"href":"https:\/\/wp.ufpel.edu.br\/progep\/wp-json\/wp\/v2\/pages"}],"about":[{"href":"https:\/\/wp.ufpel.edu.br\/progep\/wp-json\/wp\/v2\/types\/page"}],"author":[{"embeddable":true,"href":"https:\/\/wp.ufpel.edu.br\/progep\/wp-json\/wp\/v2\/users\/21"}],"replies":[{"embeddable":true,"href":"https:\/\/wp.ufpel.edu.br\/progep\/wp-json\/wp\/v2\/comments?post=7603"}],"version-history":[{"count":11,"href":"https:\/\/wp.ufpel.edu.br\/progep\/wp-json\/wp\/v2\/pages\/7603\/revisions"}],"predecessor-version":[{"id":33743,"href":"https:\/\/wp.ufpel.edu.br\/progep\/wp-json\/wp\/v2\/pages\/7603\/revisions\/33743"}],"wp:attachment":[{"href":"https:\/\/wp.ufpel.edu.br\/progep\/wp-json\/wp\/v2\/media?parent=7603"}],"curies":[{"name":"wp","href":"https:\/\/api.w.org\/{rel}","templated":true}]}}