{"id":7600,"date":"2015-03-31T16:20:31","date_gmt":"2015-03-31T19:20:31","guid":{"rendered":"https:\/\/wp.ufpel.edu.br\/progep\/?page_id=7600"},"modified":"2025-06-30T12:47:24","modified_gmt":"2025-06-30T15:47:24","slug":"libreoffice-base-basico","status":"publish","type":"page","link":"https:\/\/wp.ufpel.edu.br\/progep\/libreoffice-base-basico\/","title":{"rendered":"Capacita\u00e7\u00e3o: LIBREOFFICE BASE &#8211; B\u00c1SICO"},"content":{"rendered":"<p style=\"line-height: 16.35pt\"><strong><span style=\"font-family: 'Georgia','serif';color: #ff6600\">Curso: LIBREOFFICE BASE &#8211; B\u00c1SICO<\/span><\/strong><\/p>\n<p style=\"line-height: 16.35pt\"><strong><span style=\"font-family: 'Georgia','serif';color: #333333\">Modalidade:<\/span><\/strong><span class=\"apple-converted-space\"><span style=\"font-family: 'Georgia','serif';color: #333333\">\u00a0<\/span><\/span><span style=\"font-family: 'Georgia','serif';color: #333333\">online<\/span><\/p>\n<p style=\"line-height: 16.35pt\"><strong><span style=\"font-family: 'Georgia','serif';color: #333333\">Carga Hor\u00e1ria<\/span><\/strong><span style=\"font-family: 'Georgia','serif';color: #333333\">: 20 horas<\/span><\/p>\n<p style=\"line-height: 16.35pt\"><strong><span style=\"font-family: 'Georgia','serif';color: #333333\">N\u00famero de vagas<\/span><\/strong><span style=\"font-family: 'Georgia','serif';color: #333333\">: 40<\/span><\/p>\n<p style=\"line-height: 16.35pt\"><strong><span style=\"font-family: 'Georgia','serif';color: #333333\">S\u00famula do Programa:<\/span><\/strong><span class=\"apple-converted-space\"><span style=\"font-family: 'Georgia','serif';color: #333333\">\u00a0<\/span><\/span><span style=\"font-family: 'Georgia','serif';color: #333333\">Sobre o LibreOffice Base. Cria\u00e7\u00e3o e manipula\u00e7\u00e3o de banco de dados.\u00a0Ferramentas. Relat\u00f3rios.\u00a0<\/span><\/p>\n<p style=\"line-height: 16.35pt\"><strong><span style=\"font-family: 'Georgia','serif';color: #333333\">P\u00fablico alvo:<\/span><\/strong><span class=\"apple-converted-space\"><span style=\"font-family: 'Georgia','serif';color: #333333\">\u00a0<\/span><\/span><span style=\"font-family: 'Georgia','serif';color: #333333\">servidores em geral.<\/span><\/p>\n<p style=\"line-height: 16.35pt\"><strong><span style=\"font-family: 'Georgia','serif';color: #333333\">Per\u00edodo:<\/span><\/strong><span class=\"apple-converted-space\"><span style=\"font-family: 'Georgia','serif';color: #333333\">\u00a0<\/span><\/span><span style=\"font-family: 'Georgia','serif';color: #333333\">15 de abril a 15 de maio de 2015<\/span><\/p>\n<p style=\"line-height: 16.35pt\"><strong><span style=\"font-family: 'Georgia','serif';color: #333333\">Ministrante<\/span><\/strong><span style=\"font-family: 'Georgia','serif';color: #333333\">: Cau\u00ea Duarte<\/span><\/p>\n<p><strong>Prazo de inscri\u00e7\u00f5es:<\/strong> 17 de mar\u00e7o a 30 de mar\u00e7o de 2015<\/p>\n<p><strong>Homologa\u00e7\u00e3o dos selecionados:<\/strong> 31 de mar\u00e7o de 2015<\/p>\n<p><span style=\"font-size: 8pt\"><strong>Obs.:<\/strong> Os c<i>ursos na modalidade <\/i><i>online utilizam o\u00a0<\/i><i>ambiente virtual de aprendizagem (AVA). A partir de uma apresenta\u00e7\u00e3o de conte\u00fados, realizada pelos ministrantes, ser\u00e3o solicitadas atividades aos alunos, as quais dever\u00e3o ser realizadas <\/i><i>online <\/i><i>e postadas no AVA.<\/i>\u00a0<\/span><\/p>\n<p><span style=\"color: #0000ff\"><strong><a style=\"color: #0000ff\" href=\"https:\/\/wp.ufpel.edu.br\/progep\/files\/2014\/04\/homologa_inscritos_base_2015.pdf\">Inscri\u00e7\u00f5es homologadas<\/a><\/strong><\/span><\/p>\n","protected":false},"excerpt":{"rendered":"<p>Curso: LIBREOFFICE BASE &#8211; B\u00c1SICO Modalidade:\u00a0online Carga Hor\u00e1ria: 20 horas N\u00famero de vagas: 40 S\u00famula do Programa:\u00a0Sobre o LibreOffice Base. Cria\u00e7\u00e3o e manipula\u00e7\u00e3o de banco de dados.\u00a0Ferramentas. Relat\u00f3rios.\u00a0 P\u00fablico alvo:\u00a0servidores em geral. Per\u00edodo:\u00a015 de abril a 15 de maio de 2015 Ministrante: Cau\u00ea Duarte Prazo de inscri\u00e7\u00f5es: 17 de mar\u00e7o a 30 de mar\u00e7o de [&hellip;]<\/p>\n","protected":false},"author":21,"featured_media":0,"parent":0,"menu_order":0,"comment_status":"closed","ping_status":"closed","template":"","meta":{"footnotes":""},"class_list":["post-7600","page","type-page","status-publish","hentry"],"_links":{"self":[{"href":"https:\/\/wp.ufpel.edu.br\/progep\/wp-json\/wp\/v2\/pages\/7600","targetHints":{"allow":["GET"]}}],"collection":[{"href":"https:\/\/wp.ufpel.edu.br\/progep\/wp-json\/wp\/v2\/pages"}],"about":[{"href":"https:\/\/wp.ufpel.edu.br\/progep\/wp-json\/wp\/v2\/types\/page"}],"author":[{"embeddable":true,"href":"https:\/\/wp.ufpel.edu.br\/progep\/wp-json\/wp\/v2\/users\/21"}],"replies":[{"embeddable":true,"href":"https:\/\/wp.ufpel.edu.br\/progep\/wp-json\/wp\/v2\/comments?post=7600"}],"version-history":[{"count":2,"href":"https:\/\/wp.ufpel.edu.br\/progep\/wp-json\/wp\/v2\/pages\/7600\/revisions"}],"predecessor-version":[{"id":33737,"href":"https:\/\/wp.ufpel.edu.br\/progep\/wp-json\/wp\/v2\/pages\/7600\/revisions\/33737"}],"wp:attachment":[{"href":"https:\/\/wp.ufpel.edu.br\/progep\/wp-json\/wp\/v2\/media?parent=7600"}],"curies":[{"name":"wp","href":"https:\/\/api.w.org\/{rel}","templated":true}]}}