{"id":7582,"date":"2015-03-31T15:48:03","date_gmt":"2015-03-31T18:48:03","guid":{"rendered":"https:\/\/wp.ufpel.edu.br\/progep\/?page_id=7582"},"modified":"2025-05-16T11:05:18","modified_gmt":"2025-05-16T14:05:18","slug":"7582-2","status":"publish","type":"page","link":"https:\/\/wp.ufpel.edu.br\/progep\/7582-2\/","title":{"rendered":"Capacita\u00e7\u00e3o: Conhecendo a carreira do servidor t\u00e9cnico-administrativo"},"content":{"rendered":"<p><span style=\"color: #ff6600\"><strong>Oficina: CONHECENDO A CARREIRA DO SERVIDOR T\u00c9CNICO-ADMINISTRATIVO (LEI N\u00ba11091\/2005)\u00a0<\/strong><\/span><\/p>\n<p><strong>Modalidade<\/strong>: presencial<\/p>\n<p><strong>Carga hor\u00e1ria:<\/strong> 20 horas<\/p>\n<p><strong>N\u00famero de vagas:<\/strong> 60<\/p>\n<p><strong>P\u00fablico alvo:<\/strong> servidores t\u00e9cnico-administrativos<\/p>\n<p><strong>Ementa:<\/strong> Hist\u00f3rico; No\u00e7\u00e3o e forma da Lei 11091\/2005; Atribui\u00e7\u00f5es dos cargos, Ingresso no Cargo e formas de desenvolvimento; Estrutura da Carreira; O Plano de Desenvolvimento dos integrantes do Plano de Carreira; Comiss\u00e3o Nacional de supervis\u00e3o da Carreira, Comiss\u00e3o Interna de Supervis\u00e3o da Carreira. Debates.<\/p>\n<p><strong>Per\u00edodo:<\/strong> 9, 14, 16, 23 e 28 de abril de 2015<\/p>\n<p><strong>Hor\u00e1rio:<\/strong> das 8 \u00e0s 12 horas<\/p>\n<p><strong>Local:<\/strong> Audit\u00f3rio da ASUFPel \u2013 Sindicato<\/p>\n<p><strong>Ministrantes:<\/strong> Maria Tereza Tavares Fujii, S\u00e9rgio Batista Christino e Hilbert David de Oliveira Sousa<\/p>\n<p><strong>Inscri\u00e7\u00f5es: <\/strong>30 de mar\u00e7o a 07 de abril de 2015<\/p>\n<p><strong>Homologa\u00e7\u00e3o dos selecionados:<\/strong>\u00a08 de abril de 2015<\/p>\n<p><a href=\"https:\/\/wp.ufpel.edu.br\/progep\/files\/2014\/04\/homologa_inscritos_PCCTAE_2015.pdf\">Inscri\u00e7\u00f5es homologadas<\/a><\/p>\n","protected":false},"excerpt":{"rendered":"<p>Oficina: CONHECENDO A CARREIRA DO SERVIDOR T\u00c9CNICO-ADMINISTRATIVO (LEI N\u00ba11091\/2005)\u00a0 Modalidade: presencial Carga hor\u00e1ria: 20 horas N\u00famero de vagas: 60 P\u00fablico alvo: servidores t\u00e9cnico-administrativos Ementa: Hist\u00f3rico; No\u00e7\u00e3o e forma da Lei 11091\/2005; Atribui\u00e7\u00f5es dos cargos, Ingresso no Cargo e formas de desenvolvimento; Estrutura da Carreira; O Plano de Desenvolvimento dos integrantes do Plano de Carreira; Comiss\u00e3o [&hellip;]<\/p>\n","protected":false},"author":21,"featured_media":0,"parent":0,"menu_order":0,"comment_status":"closed","ping_status":"closed","template":"","meta":{"footnotes":""},"class_list":["post-7582","page","type-page","status-publish","hentry"],"_links":{"self":[{"href":"https:\/\/wp.ufpel.edu.br\/progep\/wp-json\/wp\/v2\/pages\/7582","targetHints":{"allow":["GET"]}}],"collection":[{"href":"https:\/\/wp.ufpel.edu.br\/progep\/wp-json\/wp\/v2\/pages"}],"about":[{"href":"https:\/\/wp.ufpel.edu.br\/progep\/wp-json\/wp\/v2\/types\/page"}],"author":[{"embeddable":true,"href":"https:\/\/wp.ufpel.edu.br\/progep\/wp-json\/wp\/v2\/users\/21"}],"replies":[{"embeddable":true,"href":"https:\/\/wp.ufpel.edu.br\/progep\/wp-json\/wp\/v2\/comments?post=7582"}],"version-history":[{"count":8,"href":"https:\/\/wp.ufpel.edu.br\/progep\/wp-json\/wp\/v2\/pages\/7582\/revisions"}],"predecessor-version":[{"id":32617,"href":"https:\/\/wp.ufpel.edu.br\/progep\/wp-json\/wp\/v2\/pages\/7582\/revisions\/32617"}],"wp:attachment":[{"href":"https:\/\/wp.ufpel.edu.br\/progep\/wp-json\/wp\/v2\/media?parent=7582"}],"curies":[{"name":"wp","href":"https:\/\/api.w.org\/{rel}","templated":true}]}}