{"id":756,"date":"2010-05-21T16:50:04","date_gmt":"2010-05-21T19:50:04","guid":{"rendered":"https:\/\/wp.ufpel.edu.br\/prgrh\/?page_id=756"},"modified":"2025-08-20T10:23:15","modified_gmt":"2025-08-20T13:23:15","slug":"inscricoes-para-curso","status":"publish","type":"page","link":"https:\/\/wp.ufpel.edu.br\/progep\/inscricoes-para-curso\/","title":{"rendered":"Inscri\u00e7\u00f5es"},"content":{"rendered":"\n<div class=\"wp-block-group\"><div class=\"wp-block-group__inner-container is-layout-constrained wp-block-group-is-layout-constrained\">\n<div class=\"logoTituloModelStyle\"><img class=\"size-medium wp-image-27184 alignleft\" src=\"https:\/\/wp.ufpel.edu.br\/progep\/files\/2025\/03\/logo-progep_atualizacao-nome_AZUL.png\" alt=\"\" \/><\/p>\n<div><strong>Inscri\u00e7\u00f5es<\/strong><\/div>\n<\/div>\n<hr class=\"hrModelStyle\" \/>\n<div class=\"descriptionModelStyle\">Fa\u00e7a sua inscri\u00e7\u00e3o preenchendo todos os campos do formul\u00e1rio abaixo. Ap\u00f3s, <em>clique<\/em> em enviar. <span style=\"color: #000000\"><strong>IMPORTANTE<\/strong> <\/span>ler o <span style=\"color: #155dfc\"><a style=\"color: #155dfc\" href=\"https:\/\/wp.ufpel.edu.br\/progep\/files\/2016\/03\/TERMO-DE-CIENCIA_ficha-de-inscricao.pdf\"><strong>TERMO DE CI\u00caNCIA<\/strong><\/a> <\/span>antes de confirmar a inscri\u00e7\u00e3o. <strong>\u00c9 de responsabilidade do candidato<\/strong> confirmar se sua inscri\u00e7\u00e3<span style=\"color: #000000\">o foi h<\/span>omologada na divulga\u00e7\u00e3o dos selecionados, conforme prazos divulgados em <span style=\"color: #000000\"><span style=\"color: #155dfc\"><strong><a style=\"color: #155dfc\" href=\"https:\/\/wp.ufpel.edu.br\/progep\/acoes-internas-2025\/\" target=\"_blank\" rel=\"noopener\">A\u00e7\u00f5es Internas<\/a><\/strong><\/span>.<\/div>\n<\/div><\/div>\n\n\n\n<div class=\"inscricoesForms\">\n<div class=\"wpcf7 no-js\" id=\"wpcf7-f29159-o1\" lang=\"pt-BR\" dir=\"ltr\" data-wpcf7-id=\"29159\">\n<div class=\"screen-reader-response\"><p role=\"status\" aria-live=\"polite\" aria-atomic=\"true\"><\/p> <ul><\/ul><\/div>\n<form action=\"\/progep\/wp-json\/wp\/v2\/pages\/756#wpcf7-f29159-o1\" method=\"post\" class=\"wpcf7-form init\" aria-label=\"Formul\u00e1rios de contato\" novalidate=\"novalidate\" data-status=\"init\">\n<fieldset class=\"hidden-fields-container\"><input type=\"hidden\" name=\"_wpcf7\" value=\"29159\" \/><input type=\"hidden\" name=\"_wpcf7_version\" value=\"6.1.4\" \/><input type=\"hidden\" name=\"_wpcf7_locale\" value=\"pt_BR\" \/><input type=\"hidden\" name=\"_wpcf7_unit_tag\" value=\"wpcf7-f29159-o1\" \/><input type=\"hidden\" name=\"_wpcf7_container_post\" value=\"0\" \/><input type=\"hidden\" name=\"_wpcf7_posted_data_hash\" value=\"\" \/>\n<\/fieldset>\n<p class=\"inscricoesStyle\">Selecione um Curso\/Capacita\u00e7\u00e3o:\n<\/p>\n<p><span class=\"wpcf7-form-control-wrap\" data-name=\"curso\"><select class=\"wpcf7-form-control wpcf7-select wpcf7-validates-as-required\" aria-required=\"true\" aria-invalid=\"false\" name=\"curso\"><option value=\"\">&#8212;Escolha uma op\u00e7\u00e3o&#8212;<\/option><option value=\"10-04 Identificando os riscos psicossociais do trabalho\">10-04 Identificando os riscos psicossociais do trabalho<\/option><option value=\"14-04 Capacita\u00e7\u00e3o em Primeiros Socorros para Servidores\/as da UFPEL\">14-04 Capacita\u00e7\u00e3o em Primeiros Socorros para Servidores\/as da UFPEL<\/option><option value=\"23-04 Inform\u00e1tica \u00c1gil: Facilitando o Uso do Computador\">23-04 Inform\u00e1tica \u00c1gil: Facilitando o Uso do Computador<\/option><option value=\"27-04 Educa\u00e7\u00e3o Financeira: Planejamento, Consumo e Prepara\u00e7\u00e3o para Investimentos\">27-04 Educa\u00e7\u00e3o Financeira: Planejamento, Consumo e Prepara\u00e7\u00e3o para Investimentos<\/option><option value=\"28-04 Seguran\u00e7a na Pr\u00e1tica: Primeiros Socorros em Acidentes de Trabalho\">28-04 Seguran\u00e7a na Pr\u00e1tica: Primeiros Socorros em Acidentes de Trabalho<\/option><\/select><\/span>\n<\/p>\n<p class=\"inscricoesStyle\">Nome:\n<\/p>\n<p><span class=\"wpcf7-form-control-wrap\" data-name=\"nome\"><input size=\"40\" maxlength=\"400\" class=\"wpcf7-form-control wpcf7-text wpcf7-validates-as-required\" aria-required=\"true\" aria-invalid=\"false\" placeholder=\"Insira seu nome e sobrenome\" value=\"\" type=\"text\" name=\"nome\" \/><\/span>\n<\/p>\n<p class=\"inscricoesStyle\">CPF:\n<\/p>\n<p><span class=\"wpcf7-form-control-wrap\" data-name=\"cpf\"><input size=\"40\" maxlength=\"14\" minlength=\"11\" class=\"wpcf7-form-control wpcf7-tel wpcf7-validates-as-required wpcf7-text wpcf7-validates-as-tel input-cpf\" aria-required=\"true\" aria-invalid=\"false\" placeholder=\"Insira seu CPF 000.000.000-00\" value=\"\" type=\"tel\" name=\"cpf\" \/><\/span>\n<\/p>\n<p class=\"inscricoesStyle\">SIAPE:\n<\/p>\n<p><span class=\"wpcf7-form-control-wrap\" data-name=\"siape\"><input size=\"40\" maxlength=\"7\" minlength=\"7\" class=\"wpcf7-form-control wpcf7-tel wpcf7-validates-as-required wpcf7-text wpcf7-validates-as-tel\" aria-required=\"true\" aria-invalid=\"false\" placeholder=\"0000000\" value=\"\" type=\"tel\" name=\"siape\" \/><\/span>\n<\/p>\n<p>Servidor:<br \/>\n<span class=\"wpcf7-form-control-wrap\" data-name=\"servidor\"><span class=\"wpcf7-form-control wpcf7-checkbox wpcf7-validates-as-required\" id=\"servidor\"><span class=\"wpcf7-list-item first\"><label><input type=\"checkbox\" name=\"servidor[]\" value=\"T\u00e9cnico Administrativo\" \/><span class=\"wpcf7-list-item-label\">T\u00e9cnico Administrativo<\/span><\/label><\/span><span class=\"wpcf7-list-item\"><label><input type=\"checkbox\" name=\"servidor[]\" value=\"Docente\" \/><span class=\"wpcf7-list-item-label\">Docente<\/span><\/label><\/span><span class=\"wpcf7-list-item last\"><label><input type=\"checkbox\" name=\"servidor[]\" value=\"Terceirizado\" \/><span class=\"wpcf7-list-item-label\">Terceirizado<\/span><\/label><\/span><\/span><\/span>\n<\/p>\n<p>Cargo:\n<\/p>\n<p><span class=\"wpcf7-form-control-wrap\" data-name=\"cargo\"><input size=\"40\" maxlength=\"400\" class=\"wpcf7-form-control wpcf7-text wpcf7-validates-as-required\" aria-required=\"true\" aria-invalid=\"false\" placeholder=\"Insira seu cargo\" value=\"\" type=\"text\" name=\"cargo\" \/><\/span>\n<\/p>\n<p>Atua como gestor ou assessor? <span class=\"wpcf7-form-control-wrap\" data-name=\"FG\"><span class=\"wpcf7-form-control wpcf7-radio\"><span class=\"wpcf7-list-item first\"><input type=\"radio\" name=\"FG\" value=\"Sim\" \/><span class=\"wpcf7-list-item-label\">Sim<\/span><\/span><span class=\"wpcf7-list-item last\"><input type=\"radio\" name=\"FG\" value=\"N\u00e3o\" \/><span class=\"wpcf7-list-item-label\">N\u00e3o<\/span><\/span><\/span><\/span>\n<\/p>\n<p class=\"inscricoesStyle\">Unidade Acad\u00eamica\/ Administrativa:\n<\/p>\n<p><span class=\"wpcf7-form-control-wrap\" data-name=\"unidade\"><select class=\"wpcf7-form-control wpcf7-select wpcf7-validates-as-required\" aria-required=\"true\" aria-invalid=\"false\" name=\"unidade\"><option value=\"\">&#8212;Escolha uma op\u00e7\u00e3o&#8212;<\/option><option value=\"Ag\u00eancia da Lagoa Mirim\">Ag\u00eancia da Lagoa Mirim<\/option><option value=\"Auditoria Interna\">Auditoria Interna<\/option><option value=\"Centro de Artes\">Centro de Artes<\/option><option value=\"Centro de Ci\u00eancias Qu\u00edmicas, Farmac\u00eauticas e de Alimentos\">Centro de Ci\u00eancias Qu\u00edmicas, Farmac\u00eauticas e de Alimentos<\/option><option value=\"Centro de Ci\u00eancias Socio-Organizacionais\">Centro de Ci\u00eancias Socio-Organizacionais<\/option><option value=\"Centro de Desenvolvimento Tecnol\u00f3gico\">Centro de Desenvolvimento Tecnol\u00f3gico<\/option><option value=\"Centro de Engenharias\">Centro de Engenharias<\/option><option value=\"Centro de Integra\u00e7\u00e3o do Mercosul\">Centro de Integra\u00e7\u00e3o do Mercosul<\/option><option value=\"Centro de Letras e Comunica\u00e7\u00e3o\">Centro de Letras e Comunica\u00e7\u00e3o<\/option><option value=\"Comiss\u00e3o Permanente de Processos Administrativos Disciplinares\">Comiss\u00e3o Permanente de Processos Administrativos Disciplinares<\/option><option value=\"Coordena\u00e7\u00e3o de Bibliotecas\">Coordena\u00e7\u00e3o de Bibliotecas<\/option><option value=\"Coordena\u00e7\u00e3o de Comunica\u00e7\u00e3o Social\">Coordena\u00e7\u00e3o de Comunica\u00e7\u00e3o Social<\/option><option value=\"Coordena\u00e7\u00e3o de Rela\u00e7\u00f5es Internacionais\">Coordena\u00e7\u00e3o de Rela\u00e7\u00f5es Internacionais<\/option><option value=\"Coordena\u00e7\u00e3o de Pol\u00edticas e Tecnologias para EaD\">Coordena\u00e7\u00e3o de Pol\u00edticas e Tecnologias para EaD<\/option><option value=\"Escola Superior de Educa\u00e7\u00e3o F\u00edsica\">Escola Superior de Educa\u00e7\u00e3o F\u00edsica<\/option><option value=\"Faculdade de Agronomia Eliseu Maciel\">Faculdade de Agronomia Eliseu Maciel<\/option><option value=\"Faculdade de Arquitetura e Urbanismo\">Faculdade de Arquitetura e Urbanismo<\/option><option value=\"Faculdade de Direito\">Faculdade de Direito<\/option><option value=\"Faculdade de Educa\u00e7\u00e3o\">Faculdade de Educa\u00e7\u00e3o<\/option><option value=\"Faculdade de Enfermagem\">Faculdade de Enfermagem<\/option><option value=\"Faculdade de Medicina\">Faculdade de Medicina<\/option><option value=\"Faculdade de Meteorologia\">Faculdade de Meteorologia<\/option><option value=\"Faculdade de Nutri\u00e7\u00e3o\">Faculdade de Nutri\u00e7\u00e3o<\/option><option value=\"Faculdade de Odontologia\">Faculdade de Odontologia<\/option><option value=\"Faculdade de Veterin\u00e1ria\">Faculdade de Veterin\u00e1ria<\/option><option value=\"Gabinete da Reitoria\">Gabinete da Reitoria<\/option><option value=\"Gabinete da Vice-Reitoria\">Gabinete da Vice-Reitoria<\/option><option value=\"Hospital Escola\">Hospital Escola<\/option><option value=\"Instituto de Biologia\">Instituto de Biologia<\/option><option value=\"Instituto de Ci\u00eancias Humanas\">Instituto de Ci\u00eancias Humanas<\/option><option value=\"Instituto de Filosofia, Sociologia e Pol\u00edtica\">Instituto de Filosofia, Sociologia e Pol\u00edtica<\/option><option value=\"Instituto de F\u00edsica e Matem\u00e1tica\">Instituto de F\u00edsica e Matem\u00e1tica<\/option><option value=\"Ouvidoria\">Ouvidoria<\/option><option value=\"Pr\u00f3-Reitoria de A\u00e7\u00f5es Afirmativas e Equidade\">Pr\u00f3-Reitoria de A\u00e7\u00f5es Afirmativas e Equidade<\/option><option value=\"Pr\u00f3-Reitoria de Assuntos Estudantis\">Pr\u00f3-Reitoria de Assuntos Estudantis<\/option><option value=\"Pr\u00f3-Reitoria de Ensino\">Pr\u00f3-Reitoria de Ensino<\/option><option value=\"Pr\u00f3-Reitoria de Extens\u00e3o e Cultura\">Pr\u00f3-Reitoria de Extens\u00e3o e Cultura<\/option><option value=\"Pr\u00f3-Reitoria de Gest\u00e3o com Pessoas\">Pr\u00f3-Reitoria de Gest\u00e3o com Pessoas<\/option><option value=\"Pr\u00f3-Reitoria de Pesquisa, P\u00f3s-Gradua\u00e7\u00e3o e Inova\u00e7\u00e3o\">Pr\u00f3-Reitoria de Pesquisa, P\u00f3s-Gradua\u00e7\u00e3o e Inova\u00e7\u00e3o<\/option><option value=\"Pr\u00f3-Reitoria de Planejamento e Desenvolvimento\">Pr\u00f3-Reitoria de Planejamento e Desenvolvimento<\/option><option value=\"Pr\u00f3-Reitoria de Administra\u00e7\u00e3o\">Pr\u00f3-Reitoria de Administra\u00e7\u00e3o<\/option><option value=\"Procuradoria Federal\">Procuradoria Federal<\/option><option value=\"Reitoria\">Reitoria<\/option><option value=\"Superintend\u00eancia de Inova\u00e7\u00e3o e Desenvolvimento Interinstitucional\">Superintend\u00eancia de Inova\u00e7\u00e3o e Desenvolvimento Interinstitucional<\/option><option value=\"Superintend\u00eancia do Campus Cap\u00e3o do Le\u00e3o\">Superintend\u00eancia do Campus Cap\u00e3o do Le\u00e3o<\/option><option value=\"Superintend\u00eancia de Gest\u00e3o Administrativa\">Superintend\u00eancia de Gest\u00e3o Administrativa<\/option><option value=\"Superintend\u00eancia de Gest\u00e3o de Tecnologia da Informa\u00e7\u00e3o e Comunica\u00e7\u00e3o\">Superintend\u00eancia de Gest\u00e3o de Tecnologia da Informa\u00e7\u00e3o e Comunica\u00e7\u00e3o<\/option><option value=\"Superintend\u00eancia de Infraestrutura\">Superintend\u00eancia de Infraestrutura<\/option><option value=\"Outra\">Outra<\/option><\/select><\/span>\n<\/p>\n<p class=\"inscricoesStyle\">Grau de instru\u00e7\u00e3o:\n<\/p>\n<p><span class=\"wpcf7-form-control-wrap\" data-name=\"instrucao\"><select class=\"wpcf7-form-control wpcf7-select wpcf7-validates-as-required\" aria-required=\"true\" aria-invalid=\"false\" name=\"instrucao\"><option value=\"\">&#8212;Escolha uma op\u00e7\u00e3o&#8212;<\/option><option value=\"Ensino Fundamental\">Ensino Fundamental<\/option><option value=\"Ensino M\u00e9dio\">Ensino M\u00e9dio<\/option><option value=\"Ensino T\u00e9cnico\">Ensino T\u00e9cnico<\/option><option value=\"Graduando\/a\">Graduando\/a<\/option><option value=\"Graduado\/a\">Graduado\/a<\/option><option value=\"Especializa\u00e7\u00e3o\">Especializa\u00e7\u00e3o<\/option><option value=\"P\u00f3s-Graduando\/a\">P\u00f3s-Graduando\/a<\/option><option value=\"P\u00f3s-Graduado\/a\">P\u00f3s-Graduado\/a<\/option><option value=\"Mestrando\/a\">Mestrando\/a<\/option><option value=\"Mestre\/a\">Mestre\/a<\/option><option value=\"Doutorando\/a\">Doutorando\/a<\/option><option value=\"Doutor\/a\">Doutor\/a<\/option><option value=\"P\u00f3s-Doutor\/a\">P\u00f3s-Doutor\/a<\/option><\/select><\/span>\n<\/p>\n<p>Necessita Tradutor e Int\u00e9rprete em L\u00edngua de Sinais?\n<\/p>\n<p><span class=\"wpcf7-form-control-wrap\" data-name=\"Tradutor\"><span class=\"wpcf7-form-control wpcf7-radio\"><span class=\"wpcf7-list-item first\"><input type=\"radio\" name=\"Tradutor\" value=\"Sim\" \/><span class=\"wpcf7-list-item-label\">Sim<\/span><\/span><span class=\"wpcf7-list-item last\"><input type=\"radio\" name=\"Tradutor\" value=\"N\u00e3o\" \/><span class=\"wpcf7-list-item-label\">N\u00e3o<\/span><\/span><\/span><\/span>\n<\/p>\n<p class=\"inscricoesStyle\">Telefone:\n<\/p>\n<p><span class=\"wpcf7-form-control-wrap\" data-name=\"fone\"><input size=\"40\" maxlength=\"14\" minlength=\"10\" class=\"wpcf7-form-control wpcf7-tel wpcf7-validates-as-required wpcf7-text wpcf7-validates-as-tel\" aria-required=\"true\" aria-invalid=\"false\" placeholder=\"Informe seu n\u00famero de telefone\" value=\"\" type=\"tel\" name=\"fone\" \/><\/span>\n<\/p>\n<p class=\"inscricoesStyle\">Celular:\n<\/p>\n<p><span class=\"wpcf7-form-control-wrap\" data-name=\"celular\"><input size=\"40\" maxlength=\"15\" minlength=\"11\" class=\"wpcf7-form-control wpcf7-tel wpcf7-validates-as-required wpcf7-text wpcf7-validates-as-tel\" aria-required=\"true\" aria-invalid=\"false\" placeholder=\"Informe seu n\u00famero de celular\" value=\"\" type=\"tel\" name=\"celular\" \/><\/span>\n<\/p>\n<p class=\"inscricoesStyle\">E-mail:\n<\/p>\n<p><span class=\"wpcf7-form-control-wrap\" data-name=\"email\"><input size=\"40\" maxlength=\"400\" class=\"wpcf7-form-control wpcf7-email wpcf7-validates-as-required wpcf7-text wpcf7-validates-as-email\" aria-required=\"true\" aria-invalid=\"false\" placeholder=\"Informe seu e-mail\" value=\"\" type=\"email\" name=\"email\" \/><\/span>\n<\/p>\n<p class=\"inscricoesStyle\">Por qual meio de comunica\u00e7\u00e3o voc\u00ea tomou conhecimento da capacita\u00e7\u00e3o?\n<\/p>\n<p><span class=\"wpcf7-form-control-wrap\" data-name=\"meio_comunicacao\"><select class=\"wpcf7-form-control wpcf7-select wpcf7-validates-as-required\" aria-required=\"true\" aria-invalid=\"false\" name=\"meio_comunicacao\"><option value=\"\">&#8212;Escolha uma op\u00e7\u00e3o&#8212;<\/option><option value=\"Site da PROGEP\">Site da PROGEP<\/option><option value=\"Instagram da PROGEP\">Instagram da PROGEP<\/option><option value=\"Memorando Circular SEI\">Memorando Circular SEI<\/option><option value=\"E-mail\">E-mail<\/option><option value=\"Cobalto - Informa UFPel\">Cobalto - Informa UFPel<\/option><option value=\"Outro\">Outro<\/option><\/select><\/span>\n<\/p>\n<p class=\"inscricoesStyle\">Qual meio de comunica\u00e7\u00e3o voc\u00ea gostaria de tomar conhecimento das capacita\u00e7\u00f5es?\n<\/p>\n<p><span class=\"wpcf7-form-control-wrap\" data-name=\"meio_desejado\"><select class=\"wpcf7-form-control wpcf7-select wpcf7-validates-as-required\" aria-required=\"true\" aria-invalid=\"false\" name=\"meio_desejado\"><option value=\"\">&#8212;Escolha uma op\u00e7\u00e3o&#8212;<\/option><option value=\"Site da PROGEP\">Site da PROGEP<\/option><option value=\"Instagram da PROGEP\">Instagram da PROGEP<\/option><option value=\"Memorando Circular SEI\">Memorando Circular SEI<\/option><option value=\"E-mail\">E-mail<\/option><option value=\"Cobalto - Informa UFPel\">Cobalto - Informa UFPel<\/option><option value=\"Outro\">Outro<\/option><\/select><\/span>\n<\/p>\n<p class=\"inscricoesStyle\"><a href=\"https:\/\/wp.ufpel.edu.br\/progep\/files\/2016\/03\/TERMO-DE-CIENCIA_ficha-de-inscricao.pdf\">Acesse o Termo de Ci\u00eancia<\/a>\n<\/p>\n<p><span class=\"wpcf7-form-control-wrap\" data-name=\"termo\"><span class=\"wpcf7-form-control wpcf7-acceptance\"><span class=\"wpcf7-list-item\"><input type=\"checkbox\" name=\"termo\" value=\"1\" aria-invalid=\"false\" \/><\/span><\/span><\/span> Li e aceito o Termo de Ci\u00eancia\n<\/p>\n<p><input class=\"wpcf7-form-control wpcf7-submit has-spinner\" type=\"submit\" value=\"Enviar\" \/>\n<\/p><p style=\"display: none !important;\" class=\"akismet-fields-container\" data-prefix=\"_wpcf7_ak_\"><label>&#916;<textarea name=\"_wpcf7_ak_hp_textarea\" cols=\"45\" rows=\"8\" maxlength=\"100\"><\/textarea><\/label><input type=\"hidden\" id=\"ak_js_1\" name=\"_wpcf7_ak_js\" value=\"19\"\/><script>document.getElementById( \"ak_js_1\" ).setAttribute( \"value\", ( new Date() ).getTime() );<\/script><\/p><div class=\"wpcf7-response-output\" aria-hidden=\"true\"><\/div>\n<\/form>\n<\/div>\n<\/div>","protected":false},"excerpt":{"rendered":"<p>Inscri\u00e7\u00f5es Fa\u00e7a sua inscri\u00e7\u00e3o preenchendo todos os campos do formul\u00e1rio abaixo. Ap\u00f3s, clique em enviar. IMPORTANTE ler o TERMO DE CI\u00caNCIA antes de confirmar a inscri\u00e7\u00e3o. \u00c9 de responsabilidade do candidato confirmar se sua inscri\u00e7\u00e3o foi homologada na divulga\u00e7\u00e3o dos selecionados, conforme prazos divulgados em A\u00e7\u00f5es Internas.<\/p>\n","protected":false},"author":1,"featured_media":0,"parent":0,"menu_order":0,"comment_status":"closed","ping_status":"closed","template":"","meta":{"footnotes":""},"class_list":["post-756","page","type-page","status-publish","hentry"],"_links":{"self":[{"href":"https:\/\/wp.ufpel.edu.br\/progep\/wp-json\/wp\/v2\/pages\/756","targetHints":{"allow":["GET"]}}],"collection":[{"href":"https:\/\/wp.ufpel.edu.br\/progep\/wp-json\/wp\/v2\/pages"}],"about":[{"href":"https:\/\/wp.ufpel.edu.br\/progep\/wp-json\/wp\/v2\/types\/page"}],"author":[{"embeddable":true,"href":"https:\/\/wp.ufpel.edu.br\/progep\/wp-json\/wp\/v2\/users\/1"}],"replies":[{"embeddable":true,"href":"https:\/\/wp.ufpel.edu.br\/progep\/wp-json\/wp\/v2\/comments?post=756"}],"version-history":[{"count":3,"href":"https:\/\/wp.ufpel.edu.br\/progep\/wp-json\/wp\/v2\/pages\/756\/revisions"}],"predecessor-version":[{"id":31243,"href":"https:\/\/wp.ufpel.edu.br\/progep\/wp-json\/wp\/v2\/pages\/756\/revisions\/31243"}],"wp:attachment":[{"href":"https:\/\/wp.ufpel.edu.br\/progep\/wp-json\/wp\/v2\/media?parent=756"}],"curies":[{"name":"wp","href":"https:\/\/api.w.org\/{rel}","templated":true}]}}