{"id":7481,"date":"2015-03-19T17:05:08","date_gmt":"2015-03-19T20:05:08","guid":{"rendered":"https:\/\/wp.ufpel.edu.br\/progep\/?page_id=7481"},"modified":"2015-05-08T17:01:47","modified_gmt":"2015-05-08T20:01:47","slug":"selecao-para-estagio-ufpel","status":"publish","type":"page","link":"https:\/\/wp.ufpel.edu.br\/progep\/administracao-de-pessoal\/selecao-para-estagio-ufpel\/","title":{"rendered":"Sele\u00e7\u00e3o para est\u00e1gio &#8211; UFPel"},"content":{"rendered":"<p><strong><span style=\"color: #ff0000;font-size: 14pt\"><a style=\"color: #ff0000\" href=\"https:\/\/wp.ufpel.edu.br\/progep\/files\/2015\/05\/Resultado-Final-Edital-01_2015-Selecao-de-Estagiarios.pdf\">Resultado Final &#8211; Edital 01\/2015<\/a><\/span><\/strong><\/p>\n<p><span style=\"font-size: 12pt;color: #000000\"><a style=\"color: #000000\" href=\"https:\/\/wp.ufpel.edu.br\/progep\/files\/2015\/04\/LIG.pdf\">Resultado 1\u00aa etapa &#8211; Edital 01\/2015 &#8211; Vaga:\u00a0LIG<\/a><\/span><\/p>\n<p><span style=\"font-size: 12pt;color: #000000\"><a style=\"color: #000000\" href=\"https:\/\/wp.ufpel.edu.br\/progep\/files\/2015\/04\/UA.pdf\">Resultado 1\u00aa etapa &#8211; Edital 01\/2015 &#8211; Vaga:\u00a0UA<\/a><\/span><\/p>\n<p><span style=\"font-size: 12pt;color: #000000\"><a style=\"color: #000000\" href=\"https:\/\/wp.ufpel.edu.br\/progep\/files\/2015\/04\/SCS.pdf\">Resultado 1\u00aa etapa &#8211; Edital 01\/2015 &#8211; Vaga:\u00a0SCS<\/a><\/span><\/p>\n<p><span style=\"font-size: 12pt;color: #000000\"><a style=\"color: #000000\" href=\"https:\/\/wp.ufpel.edu.br\/progep\/files\/2015\/04\/PROPLAN-D.pdf\">Resultado 1\u00aa etapa &#8211; Edital 01\/2015 &#8211; Vaga:\u00a0PROPLAN-D<\/a><\/span><\/p>\n<p><span style=\"font-size: 12pt;color: #000000\"><a style=\"color: #000000\" href=\"https:\/\/wp.ufpel.edu.br\/progep\/files\/2015\/04\/PROPLAN-C.pdf\">Resultado 1\u00aa etapa &#8211; Edital 01\/2015 &#8211; Vaga:\u00a0PROPLAN-C<\/a><\/span><\/p>\n<p><span style=\"font-size: 12pt;color: #000000\"><a style=\"color: #000000\" href=\"https:\/\/wp.ufpel.edu.br\/progep\/files\/2015\/04\/PROPLAN-B.pdf\">Resultado 1\u00aa etapa &#8211; Edital 01\/2015 &#8211; Vaga:\u00a0PROPLAN-B<\/a><\/span><\/p>\n<p><span style=\"font-size: 12pt;color: #000000\"><a style=\"color: #000000\" href=\"https:\/\/wp.ufpel.edu.br\/progep\/files\/2015\/04\/PROPLAN-A-3.pdf\">Resultado 1\u00aa etapa &#8211; Edital 01\/2015 &#8211; Vaga:\u00a0PROPLAN-A\u00a0(retificado)<\/a><\/span><\/p>\n<p><span style=\"font-size: 12pt;color: #000000\"><a style=\"color: #000000\" href=\"https:\/\/wp.ufpel.edu.br\/progep\/files\/2015\/04\/PRPPG-B.pdf\">Resultado 1\u00aa etapa &#8211; Edital 01\/2015 &#8211; Vaga:\u00a0PRPPG-B<\/a><\/span><\/p>\n<p><span style=\"font-size: 12pt;color: #000000\"><a style=\"color: #000000\" href=\"https:\/\/wp.ufpel.edu.br\/progep\/files\/2015\/04\/PRPPG-A.pdf\">Resultado 1\u00aa etapa &#8211; Edital 01\/2015 &#8211; Vaga:\u00a0PRPPG-A<\/a><\/span><\/p>\n<p><span style=\"font-size: 12pt;color: #000000\"><a style=\"color: #000000\" href=\"https:\/\/wp.ufpel.edu.br\/progep\/files\/2015\/04\/PRG-D1.pdf\">Resultado 1\u00aa etapa &#8211; Edital 01\/2015 &#8211; Vaga:\u00a0PRG-D<\/a><\/span><\/p>\n<p><span style=\"font-size: 12pt;color: #000000\"><a style=\"color: #000000\" href=\"https:\/\/wp.ufpel.edu.br\/progep\/files\/2015\/04\/PRG-C.pdf\">Resultado 1\u00aa etapa &#8211; Edital 01\/2015 &#8211; Vaga:\u00a0PRG-C<\/a><\/span><\/p>\n<p><span style=\"font-size: 12pt;color: #000000\"><a style=\"color: #000000\" href=\"https:\/\/wp.ufpel.edu.br\/progep\/files\/2015\/04\/PRG-B.pdf\">Resultado 1\u00aa etapa &#8211; Edital 01\/2015 &#8211; Vaga:\u00a0PRG-B<\/a><\/span><\/p>\n<p><span style=\"font-size: 12pt;color: #000000\"><a style=\"color: #000000\" href=\"https:\/\/wp.ufpel.edu.br\/progep\/files\/2015\/04\/PRG-A.pdf\">Resultado 1\u00aa etapa &#8211; Edital 01\/2015 &#8211; Vaga:\u00a0PRG-A<\/a><\/span><\/p>\n<p><span style=\"font-size: 12pt;color: #000000\"><a style=\"color: #000000\" href=\"https:\/\/wp.ufpel.edu.br\/progep\/files\/2015\/04\/PROGEP-C.pdf\">Resultado 1\u00aa etapa &#8211; Edital 01\/2015 &#8211; Vaga:\u00a0PROGEP-C<\/a><\/span><\/p>\n<p><span style=\"font-size: 12pt;color: #000000\"><a style=\"color: #000000\" href=\"https:\/\/wp.ufpel.edu.br\/progep\/files\/2015\/04\/PROGEP-B.pdf\">Resultado 1\u00aa etapa &#8211; Edital 01\/2015 &#8211; Vaga:\u00a0PROGEP-B<\/a><\/span><\/p>\n<p><span style=\"font-size: 12pt;color: #000000\"><a style=\"color: #000000\" href=\"https:\/\/wp.ufpel.edu.br\/progep\/files\/2015\/04\/PROGEP-A.pdf\">Resultado 1\u00aa etapa &#8211; Edital 01\/2015 &#8211; Vaga:\u00a0PROGEP-A<\/a><\/span><\/p>\n<p><span style=\"font-size: 12pt;color: #000000\"><a style=\"color: #000000\" href=\"https:\/\/wp.ufpel.edu.br\/progep\/files\/2015\/04\/PREC-D.pdf\">Resultado 1\u00aa etapa &#8211; Edital 01\/2015 &#8211; Vaga: PREC-D<\/a><\/span><\/p>\n<p><span style=\"font-size: 12pt;color: #000000\"><a style=\"color: #000000\" href=\"https:\/\/wp.ufpel.edu.br\/progep\/files\/2015\/04\/PREC-C.pdf\">Resultado 1\u00aa etapa &#8211; Edital 01\/2015 &#8211; Vaga: PREC-C<\/a><\/span><\/p>\n<p><span style=\"font-size: 12pt;color: #000000\"><a style=\"color: #000000\" href=\"https:\/\/wp.ufpel.edu.br\/progep\/files\/2015\/04\/PREC-B.pdf\">Resultado 1\u00aa etapa &#8211; Edital 01\/2015 &#8211; Vaga: PREC-B<\/a><\/span><\/p>\n<p><span style=\"font-size: 12pt;color: #000000\"><a style=\"color: #000000\" href=\"https:\/\/wp.ufpel.edu.br\/progep\/files\/2015\/04\/PREC-A.pdf\">Resultado 1\u00aa etapa &#8211; Edital 01\/2015 &#8211; Vaga: PREC-A<\/a><\/span><\/p>\n<p><span style=\"font-size: 12pt;color: #000000\"><a style=\"color: #000000\" href=\"https:\/\/wp.ufpel.edu.br\/progep\/files\/2015\/04\/PRAE-B.pdf\">Resultado 1\u00aa etapa &#8211; Edital 01\/2015 &#8211; Vaga: PRAE-B<\/a><\/span><\/p>\n<p><span style=\"font-size: 12pt;color: #000000\"><a style=\"color: #000000\" href=\"https:\/\/wp.ufpel.edu.br\/progep\/files\/2015\/04\/PRAE-A.pdf\">Resultado 1\u00aa etapa &#8211; Edital 01\/2015 &#8211; Vaga: PRAE-A<\/a><\/span><\/p>\n<p><span style=\"font-size: 12pt;color: #000000\"><a style=\"color: #000000\" href=\"https:\/\/wp.ufpel.edu.br\/progep\/files\/2015\/04\/PRA-C.pdf\">Resultado 1\u00aa etapa &#8211; Edital 01\/2015 &#8211; Vaga: PRA-C<\/a><\/span><\/p>\n<p><span style=\"font-size: 12pt;color: #000000\"><a style=\"color: #000000\" href=\"https:\/\/wp.ufpel.edu.br\/progep\/files\/2015\/04\/PRA-B-2.pdf\">Resultado 1\u00aa etapa &#8211; Edital 01\/2015 &#8211; Vaga: PRA-B\u00a0(retificado)\u00a0<\/a><\/span><\/p>\n<p><span style=\"font-size: 12pt;color: #000000\"><a style=\"color: #000000\" href=\"https:\/\/wp.ufpel.edu.br\/progep\/files\/2015\/04\/PRA-A-2.pdf\">Resultado 1\u00aa etapa &#8211; Edital 01\/2015 &#8211; Vaga: PRA-A <\/a>(retificado)\u00a0<\/span><\/p>\n<p><span style=\"font-size: 12pt;color: #000000\"><a style=\"color: #000000\" href=\"https:\/\/wp.ufpel.edu.br\/progep\/files\/2015\/04\/PRAINFRA-E.pdf\">Resultado 1\u00aa etapa &#8211; Edital 01\/2015 &#8211; Vaga:\u00a0PRAINFRA-E<\/a><\/span><\/p>\n<p><span style=\"font-size: 12pt;color: #000000\"><a style=\"color: #000000\" href=\"https:\/\/wp.ufpel.edu.br\/progep\/files\/2015\/04\/PRAINFRA-D.pdf\">Resultado 1\u00aa etapa &#8211; Edital 01\/2015 &#8211; Vaga:\u00a0PRAINFRA-D<\/a><\/span><\/p>\n<p><span style=\"font-size: 12pt;color: #000000\"><a style=\"color: #000000\" href=\"https:\/\/wp.ufpel.edu.br\/progep\/files\/2015\/04\/PRAINFRA-C.pdf\">Resultado 1\u00aa etapa &#8211; Edital 01\/2015 &#8211; Vaga:\u00a0PRAINFRA-C<\/a><\/span><\/p>\n<p><span style=\"font-size: 12pt;color: #000000\"><a style=\"color: #000000\" href=\"https:\/\/wp.ufpel.edu.br\/progep\/files\/2015\/04\/PRAINFRA-B.pdf\">Resultado 1\u00aa etapa &#8211; Edital 01\/2015 &#8211; Vaga:\u00a0PRAINFRA-B<\/a><\/span><\/p>\n<p><span style=\"font-size: 12pt;color: #000000\"><a style=\"color: #000000\" href=\"https:\/\/wp.ufpel.edu.br\/progep\/files\/2015\/04\/PRAINFRA-A.pdf\">Resultado 1\u00aa etapa &#8211; Edital 01\/2015 &#8211; Vaga: PRAINFRA-A<\/a><\/span><\/p>\n<p><span style=\"font-size: 12pt;color: #000000\"><a style=\"color: #000000\" href=\"https:\/\/wp.ufpel.edu.br\/progep\/files\/2015\/04\/Ouv.pdf\">Resultado 1\u00aa etapa &#8211; Edital 01\/2015 &#8211; Vaga:\u00a0Ouv<\/a><\/span><\/p>\n<p><span style=\"font-size: 12pt;color: #000000\"><a style=\"color: #000000\" href=\"https:\/\/wp.ufpel.edu.br\/progep\/files\/2015\/04\/GR-2.pdf\">Resultado 1\u00aa etapa &#8211; Edital 01\/2015 &#8211; Vaga:\u00a0GR<\/a>\u00a0(retificado)<\/span><\/p>\n<p><span style=\"font-size: 12pt;color: #000000\"><a style=\"color: #000000\" href=\"https:\/\/wp.ufpel.edu.br\/progep\/files\/2015\/04\/Edit-B.pdf\">Resultado 1\u00aa etapa &#8211; Edital 01\/2015 &#8211; Vaga:\u00a0Edit-B<\/a>\u00a0ATEN\u00c7\u00c3O: Local das entrevistas: Casar\u00e3o 08<\/span><\/p>\n<p><span style=\"font-size: 12pt;color: #000000\"><a style=\"color: #000000\" href=\"https:\/\/wp.ufpel.edu.br\/progep\/files\/2015\/04\/Edit-A.pdf\">Resultado 1\u00aa etapa &#8211; Edital 01\/2015 &#8211; Vaga:\u00a0Edit-A<\/a><\/span><\/p>\n<p><span style=\"font-size: 12pt;color: #000000\"><a style=\"color: #000000\" href=\"https:\/\/wp.ufpel.edu.br\/progep\/files\/2015\/04\/CTI-F.pdf\">Resultado 1\u00aa etapa &#8211; Edital 01\/2015 &#8211; Vaga:\u00a0CTI-F<\/a><\/span><\/p>\n<p><span style=\"font-size: 12pt;color: #000000\"><a style=\"color: #000000\" href=\"https:\/\/wp.ufpel.edu.br\/progep\/files\/2015\/04\/CTI-E.pdf\">Resultado 1\u00aa etapa &#8211; Edital 01\/2015 &#8211; Vaga:\u00a0CTI-E<\/a><\/span><\/p>\n<p><span style=\"font-size: 12pt;color: #000000\"><a style=\"color: #000000\" href=\"https:\/\/wp.ufpel.edu.br\/progep\/files\/2015\/04\/CTI-D.pdf\">Resultado 1\u00aa etapa &#8211; Edital 01\/2015 &#8211; Vaga:\u00a0CTI-D<\/a><\/span><\/p>\n<p><span style=\"font-size: 12pt;color: #000000\"><a style=\"color: #000000\" href=\"https:\/\/wp.ufpel.edu.br\/progep\/files\/2015\/04\/CTI-C.pdf\">Resultado 1\u00aa etapa &#8211; Edital 01\/2015 &#8211; Vaga:\u00a0CTI-C<\/a><\/span><\/p>\n<p><span style=\"font-size: 12pt;color: #000000\"><a style=\"color: #000000\" href=\"https:\/\/wp.ufpel.edu.br\/progep\/files\/2015\/04\/CTI-B.pdf\">Resultado 1\u00aa etapa &#8211; Edital 01\/2015 &#8211; Vaga:\u00a0CTI-B<\/a><\/span><\/p>\n<p><span style=\"font-size: 12pt;color: #000000\"><a style=\"color: #000000\" href=\"https:\/\/wp.ufpel.edu.br\/progep\/files\/2015\/04\/CTI-A.pdf\">Resultado 1\u00aa etapa &#8211; Edital 01\/2015 &#8211; Vaga:\u00a0CTI-A<\/a><\/span><\/p>\n<p><span style=\"font-size: 12pt;color: #000000\"><a style=\"color: #000000\" href=\"https:\/\/wp.ufpel.edu.br\/progep\/files\/2015\/04\/CRINTER.pdf\">Resultado 1\u00aa etapa &#8211; Edital 01\/2015 &#8211; Vaga:\u00a0CRInter\u00a0<\/a><\/span><\/p>\n<p><span style=\"font-size: 12pt;color: #000000\"><a style=\"color: #000000\" href=\"https:\/\/wp.ufpel.edu.br\/progep\/files\/2015\/04\/CPSI.pdf\">Resultado 1\u00aa etapa &#8211; Edital 01\/2015 &#8211; Vaga:\u00a0CPSI<\/a><\/span><\/p>\n<p><span style=\"font-size: 12pt;color: #000000\"><a style=\"color: #000000\" href=\"https:\/\/wp.ufpel.edu.br\/progep\/files\/2015\/04\/Conv.pdf\">Resultado 1\u00aa etapa &#8211; Edital 01\/2015 &#8211; Vaga:\u00a0Conv<\/a><\/span><\/p>\n<p><span style=\"font-size: 12pt;color: #000000\"><a style=\"color: #000000\" href=\"https:\/\/wp.ufpel.edu.br\/progep\/files\/2015\/04\/CCS-F.pdf\">Resultado 1\u00aa etapa &#8211; Edital 01\/2015 &#8211; Vaga:\u00a0CCS-F<\/a><\/span><\/p>\n<p><span style=\"font-size: 12pt;color: #000000\"><a style=\"color: #000000\" href=\"https:\/\/wp.ufpel.edu.br\/progep\/files\/2015\/04\/CCS-E.pdf\">Resultado 1\u00aa etapa &#8211; Edital 01\/2015 &#8211; Vaga:\u00a0CCS-E<\/a><\/span><\/p>\n<p><span style=\"font-size: 12pt;color: #000000\"><a style=\"color: #000000\" href=\"https:\/\/wp.ufpel.edu.br\/progep\/files\/2015\/04\/CCS-D-2.pdf\">Resultado 1\u00aa etapa &#8211; Edital 01\/2015 &#8211; Vaga:\u00a0CCS-D<\/a><\/span><\/p>\n<p><span style=\"font-size: 12pt;color: #000000\"><a style=\"color: #000000\" href=\"https:\/\/wp.ufpel.edu.br\/progep\/files\/2015\/04\/CCS-C.pdf\">Resultado 1\u00aa etapa &#8211; Edital 01\/2015 &#8211; Vaga:\u00a0CCS-C<\/a><\/span><\/p>\n<p><span style=\"font-size: 12pt;color: #000000\"><a style=\"color: #000000\" href=\"https:\/\/wp.ufpel.edu.br\/progep\/files\/2015\/04\/CCS-B-2.pdf\">Resultado 1\u00aa etapa &#8211; Edital 01\/2015 &#8211; Vaga:\u00a0CCS-B<\/a><\/span><\/p>\n<p><span style=\"font-size: 12pt;color: #000000\"><a style=\"color: #000000\" href=\"https:\/\/wp.ufpel.edu.br\/progep\/files\/2015\/04\/CCS-A.pdf\">Resultado 1\u00aa etapa &#8211; Edital 01\/2015 &#8211; Vaga:\u00a0CCS-A<\/a><\/span><\/p>\n<p><span style=\"font-size: 12pt;color: #000000\"><a style=\"color: #000000\" href=\"https:\/\/wp.ufpel.edu.br\/progep\/files\/2015\/04\/CBib-G-2.pdf\">Resultado 1\u00aa etapa &#8211; Edital 01\/2015 &#8211; Vaga:\u00a0CBib-G<\/a><\/span><\/p>\n<p><span style=\"font-size: 12pt;color: #000000\"><a style=\"color: #000000\" href=\"https:\/\/wp.ufpel.edu.br\/progep\/files\/2015\/04\/CBib-F.pdf\">Resultado 1\u00aa etapa &#8211; Edital 01\/2015 &#8211; Vaga:\u00a0CBib-F<\/a><\/span><\/p>\n<p><span style=\"font-size: 12pt;color: #000000\"><a style=\"color: #000000\" href=\"https:\/\/wp.ufpel.edu.br\/progep\/files\/2015\/04\/CBib-E.pdf\">Resultado 1\u00aa etapa &#8211; Edital 01\/2015 &#8211; Vaga:\u00a0CBib-E<\/a><\/span><\/p>\n<p><span style=\"font-size: 12pt;color: #000000\"><a style=\"color: #000000\" href=\"\/\/wp.ufpel.edu.br\/progep\/files\/2015\/04\/CBib-D-2.pdf\">Resultado 1\u00aa etapa &#8211; Edital 01\/2015 &#8211; Vaga:\u00a0CBib-D<\/a> (retificado)<\/span><\/p>\n<p><span style=\"font-size: 12pt;color: #000000\"><a style=\"color: #000000\" href=\"https:\/\/wp.ufpel.edu.br\/progep\/files\/2015\/04\/CBib-C.pdf\">Resultado 1\u00aa etapa &#8211; Edital 01\/2015 &#8211; Vaga:\u00a0CBib-C<\/a><\/span><\/p>\n<p><span style=\"font-size: 12pt;color: #000000\"><a style=\"color: #000000\" href=\"https:\/\/wp.ufpel.edu.br\/progep\/files\/2015\/04\/CBib-B.pdf\">Resultado 1\u00aa etapa &#8211; Edital 01\/2015 &#8211; Vaga:\u00a0CBib-B<\/a><\/span><\/p>\n<p><span style=\"font-size: 12pt;color: #000000\"><a style=\"color: #000000\" href=\"https:\/\/wp.ufpel.edu.br\/progep\/files\/2015\/04\/CBib-A.pdf\">Resultado 1\u00aa etapa &#8211; Edital 01\/2015 &#8211; Vaga:\u00a0CBib-A<\/a>\u00a0(matr\u00edculas 15101901 e 14101157 &#8211; candidatos PNE)<\/span><\/p>\n<p><span style=\"font-size: 12pt;color: #000000\"><a style=\"color: #000000\" href=\"https:\/\/wp.ufpel.edu.br\/progep\/files\/2015\/04\/CPPAD.pdf\">Resultado 1\u00aa etapa &#8211; Edital 01\/2015 &#8211; Vaga:\u00a0CPPAD<\/a><\/span><\/p>\n<p><span style=\"font-size: 12pt;color: #000000\"><a style=\"color: #000000\" href=\"https:\/\/wp.ufpel.edu.br\/progep\/files\/2015\/04\/CPPD.pdf\">Resultado 1\u00aa etapa &#8211; Edital 01\/2015 &#8211; Vaga:\u00a0CPPD<\/a><\/span><\/p>\n<p><span style=\"font-size: 12pt;color: #000000\"><a style=\"color: #000000\" href=\"https:\/\/wp.ufpel.edu.br\/progep\/files\/2015\/04\/CAP-2.pdf\">Resultado 1\u00aa etapa &#8211; Edital 01\/2015 &#8211; Vaga:\u00a0CAP<\/a><\/span><\/p>\n<p><span style=\"font-size: 12pt;color: #000000\"><a style=\"color: #000000\" href=\"https:\/\/wp.ufpel.edu.br\/progep\/files\/2015\/04\/AudIn.pdf\">Resultado 1\u00aa etapa &#8211; Edital 01\/2015 &#8211; Vaga: AudIn<\/a><\/span><\/p>\n<p><span style=\"color: #000000;font-size: 12pt\"><a style=\"color: #000000\" href=\"https:\/\/wp.ufpel.edu.br\/progep\/files\/2015\/04\/EDITAL-01-2015.pdf\">Acesse o Edital 01\/2015 aqui<\/a><\/span><\/p>\n<p><span style=\"color: #000000;font-size: 12pt\"><a style=\"color: #000000\" href=\"https:\/\/wp.ufpel.edu.br\/progep\/files\/2015\/04\/Anexo-I.pdf\">Acesse o ANEXO I do Edital 01\/2015 aqui<\/a><\/span><\/p>\n<p><span style=\"color: #000000;font-size: 12pt\"><a style=\"color: #000000\" href=\"https:\/\/wp.ufpel.edu.br\/progep\/files\/2015\/04\/alteracao-do-cronograma.pdf\">Altera\u00e7\u00e3o do cronograma &#8211; Edital 01\/2015<\/a><\/span><\/p>\n<p><span style=\"color: #000000;font-size: 12pt\"><a style=\"color: #000000\" href=\"https:\/\/wp.ufpel.edu.br\/progep\/files\/2015\/04\/retificacao-edital.pdf\">Retifica\u00e7\u00e3o Edital &#8211; item 6.2 &#8211; Edital 01\/2015<\/a><\/span><\/p>\n<p><span style=\"color: #000000;font-size: 12pt\"><a style=\"color: #000000\" href=\"https:\/\/wp.ufpel.edu.br\/progep\/files\/2015\/04\/retificacao-anexo-i.pdf\">Retifica\u00e7\u00e3o &#8211; ANEXO I &#8211; Edital 01\/2015<\/a><\/span><\/p>\n<p>&nbsp;<\/p>\n<p><a href=\"http:\/\/www.planalto.gov.br\/ccivil_03\/_ato2007-2010\/2008\/lei\/l11788.htm\">Lei do Est\u00e1gio, de 25 de setembro de 2008<\/a><\/p>\n<p><a href=\"https:\/\/wp.ufpel.edu.br\/progep\/files\/2014\/08\/ORIENTACAO-NORMATIVA-4-2014.pdf\">Orienta\u00e7\u00e3o Normativa N\u00ba4, de 04 de julho de 2014<\/a><\/p>\n<p>&nbsp;<\/p>\n","protected":false},"excerpt":{"rendered":"<p>Resultado Final &#8211; Edital 01\/2015 Resultado 1\u00aa etapa &#8211; Edital 01\/2015 &#8211; Vaga:\u00a0LIG Resultado 1\u00aa etapa &#8211; Edital 01\/2015 &#8211; Vaga:\u00a0UA Resultado 1\u00aa etapa &#8211; Edital 01\/2015 &#8211; Vaga:\u00a0SCS Resultado 1\u00aa etapa &#8211; Edital 01\/2015 &#8211; Vaga:\u00a0PROPLAN-D Resultado 1\u00aa etapa &#8211; Edital 01\/2015 &#8211; Vaga:\u00a0PROPLAN-C Resultado 1\u00aa etapa &#8211; Edital 01\/2015 &#8211; Vaga:\u00a0PROPLAN-B Resultado 1\u00aa [&hellip;]<\/p>\n","protected":false},"author":52,"featured_media":0,"parent":308,"menu_order":0,"comment_status":"closed","ping_status":"closed","template":"","meta":{"footnotes":""},"class_list":["post-7481","page","type-page","status-publish","hentry"],"_links":{"self":[{"href":"https:\/\/wp.ufpel.edu.br\/progep\/wp-json\/wp\/v2\/pages\/7481","targetHints":{"allow":["GET"]}}],"collection":[{"href":"https:\/\/wp.ufpel.edu.br\/progep\/wp-json\/wp\/v2\/pages"}],"about":[{"href":"https:\/\/wp.ufpel.edu.br\/progep\/wp-json\/wp\/v2\/types\/page"}],"author":[{"embeddable":true,"href":"https:\/\/wp.ufpel.edu.br\/progep\/wp-json\/wp\/v2\/users\/52"}],"replies":[{"embeddable":true,"href":"https:\/\/wp.ufpel.edu.br\/progep\/wp-json\/wp\/v2\/comments?post=7481"}],"version-history":[{"count":49,"href":"https:\/\/wp.ufpel.edu.br\/progep\/wp-json\/wp\/v2\/pages\/7481\/revisions"}],"predecessor-version":[{"id":27580,"href":"https:\/\/wp.ufpel.edu.br\/progep\/wp-json\/wp\/v2\/pages\/7481\/revisions\/27580"}],"up":[{"embeddable":true,"href":"https:\/\/wp.ufpel.edu.br\/progep\/wp-json\/wp\/v2\/pages\/308"}],"wp:attachment":[{"href":"https:\/\/wp.ufpel.edu.br\/progep\/wp-json\/wp\/v2\/media?parent=7481"}],"curies":[{"name":"wp","href":"https:\/\/api.w.org\/{rel}","templated":true}]}}